{"id":9049,"date":"2024-11-22T22:06:22","date_gmt":"2024-11-22T22:06:22","guid":{"rendered":"https:\/\/www.hww.ca\/?page_id=9049"},"modified":"2024-12-16T21:31:17","modified_gmt":"2024-12-16T21:31:17","slug":"la-nature-et-toi","status":"publish","type":"page","link":"https:\/\/www.hww.ca\/fr\/les-curieux-de-nature\/la-nature-et-toi\/","title":{"rendered":"La nature et toi"},"content":{"rendered":"\n<p>Es-tu d\u00e9j\u00e0 tomb\u00e9 face-\u00e0-face avec un raton laveur ratoureux? As-tu d\u00e9j\u00e0 fait un super beau bricolage d\u2019oiseau? Ou dessin\u00e9 une magnifique tortue? Peut-\u00eatre as-tu d\u00e9j\u00e0 mont\u00e9 un excellent projet sur un animal canadien \u00e0 l\u2019\u00e9cole?\u00a0<a href=\"https:\/\/www.hww.ca\/fr\/contactez-nous\/\">Raconte-nous \u00e7a, ou envoie-nous une photo ou une vid\u00e9o<\/a>. Nous mettrons ce que tu nous enverras juste ici!<\/p>\n\n\n\n<p><\/p>\n","protected":false},"excerpt":{"rendered":"<p>Es-tu d\u00e9j\u00e0 tomb\u00e9 face-\u00e0-face avec un raton laveur ratoureux? As-tu d\u00e9j\u00e0 fait un super beau bricolage d\u2019oiseau? Ou dessin\u00e9 une magnifique tortue? Peut-\u00eatre as-tu d\u00e9j\u00e0 mont\u00e9 un excellent projet sur un animal canadien \u00e0 l\u2019\u00e9cole?\u00a0Raconte-nous \u00e7a, ou envoie-nous une photo ou une vid\u00e9o. Nous mettrons ce que tu nous enverras juste ici!<\/p>\n","protected":false},"author":1,"featured_media":0,"parent":2302,"menu_order":0,"comment_status":"closed","ping_status":"closed","template":"","meta":{"_acf_changed":false,"_relevanssi_hide_post":"","_relevanssi_hide_content":"","_relevanssi_pin_for_all":"","_relevanssi_pin_keywords":"","_relevanssi_unpin_keywords":"","_relevanssi_related_keywords":"","_relevanssi_related_include_ids":"","_relevanssi_related_exclude_ids":"","_relevanssi_related_no_append":"","_relevanssi_related_not_related":"","_relevanssi_related_posts":"","_relevanssi_noindex_reason":"","footnotes":""},"class_list":["post-9049","page","type-page","status-publish","hentry"],"acf":[],"yoast_head":"<!-- This site is optimized with the Yoast SEO plugin v24.0 - https:\/\/yoast.com\/wordpress\/plugins\/seo\/ -->\n<title>La nature et toi - Faune et Flore du Pays<\/title>\n<meta name=\"robots\" content=\"index, follow, max-snippet:-1, max-image-preview:large, max-video-preview:-1\" \/>\n<link rel=\"canonical\" href=\"https:\/\/www.hww.ca\/fr\/les-curieux-de-nature\/la-nature-et-toi\/\" \/>\n<meta property=\"og:locale\" content=\"fr_FR\" \/>\n<meta property=\"og:type\" content=\"article\" \/>\n<meta property=\"og:title\" content=\"La nature et toi - Faune et Flore du Pays\" \/>\n<meta property=\"og:description\" content=\"Es-tu d\u00e9j\u00e0 tomb\u00e9 face-\u00e0-face avec un raton laveur ratoureux? As-tu d\u00e9j\u00e0 fait un super beau bricolage d\u2019oiseau? Ou dessin\u00e9 une magnifique tortue? Peut-\u00eatre as-tu d\u00e9j\u00e0 mont\u00e9 un excellent projet sur un animal canadien \u00e0 l\u2019\u00e9cole?\u00a0Raconte-nous \u00e7a, ou envoie-nous une photo ou une vid\u00e9o. Nous mettrons ce que tu nous enverras juste ici!\" \/>\n<meta property=\"og:url\" content=\"https:\/\/www.hww.ca\/fr\/les-curieux-de-nature\/la-nature-et-toi\/\" \/>\n<meta property=\"og:site_name\" content=\"Faune et Flore du Pays\" \/>\n<meta property=\"article:modified_time\" content=\"2024-12-16T21:31:17+00:00\" \/>\n<meta name=\"twitter:card\" content=\"summary_large_image\" \/>\n<meta name=\"twitter:label1\" content=\"Est. reading time\" \/>\n\t<meta name=\"twitter:data1\" content=\"1 minute\" \/>\n<script type=\"application\/ld+json\" class=\"yoast-schema-graph\">{\"@context\":\"https:\/\/schema.org\",\"@graph\":[{\"@type\":\"WebPage\",\"@id\":\"https:\/\/www.hww.ca\/fr\/les-curieux-de-nature\/la-nature-et-toi\/\",\"url\":\"https:\/\/www.hww.ca\/fr\/les-curieux-de-nature\/la-nature-et-toi\/\",\"name\":\"La nature et toi - Faune et Flore du Pays\",\"isPartOf\":{\"@id\":\"https:\/\/www.hww.ca\/fr\/#website\"},\"datePublished\":\"2024-11-22T22:06:22+00:00\",\"dateModified\":\"2024-12-16T21:31:17+00:00\",\"breadcrumb\":{\"@id\":\"https:\/\/www.hww.ca\/fr\/les-curieux-de-nature\/la-nature-et-toi\/#breadcrumb\"},\"inLanguage\":\"fr-FR\",\"potentialAction\":[{\"@type\":\"ReadAction\",\"target\":[\"https:\/\/www.hww.ca\/fr\/les-curieux-de-nature\/la-nature-et-toi\/\"]}]},{\"@type\":\"BreadcrumbList\",\"@id\":\"https:\/\/www.hww.ca\/fr\/les-curieux-de-nature\/la-nature-et-toi\/#breadcrumb\",\"itemListElement\":[{\"@type\":\"ListItem\",\"position\":1,\"name\":\"accueil\",\"item\":\"https:\/\/www.hww.ca\/fr\/\"},{\"@type\":\"ListItem\",\"position\":2,\"name\":\"Les curieux de nature\",\"item\":\"https:\/\/www.hww.ca\/fr\/les-curieux-de-nature\/\"},{\"@type\":\"ListItem\",\"position\":3,\"name\":\"La nature et toi\"}]},{\"@type\":\"WebSite\",\"@id\":\"https:\/\/www.hww.ca\/fr\/#website\",\"url\":\"https:\/\/www.hww.ca\/fr\/\",\"name\":\"Faune et Flore du Pays\",\"description\":\"\",\"potentialAction\":[{\"@type\":\"SearchAction\",\"target\":{\"@type\":\"EntryPoint\",\"urlTemplate\":\"https:\/\/www.hww.ca\/fr\/?s={search_term_string}\"},\"query-input\":{\"@type\":\"PropertyValueSpecification\",\"valueRequired\":true,\"valueName\":\"search_term_string\"}}],\"inLanguage\":\"fr-FR\"}]}<\/script>\n<!-- \/ Yoast SEO plugin. -->","yoast_head_json":{"title":"La nature et toi - Faune et Flore du Pays","robots":{"index":"index","follow":"follow","max-snippet":"max-snippet:-1","max-image-preview":"max-image-preview:large","max-video-preview":"max-video-preview:-1"},"canonical":"https:\/\/www.hww.ca\/fr\/les-curieux-de-nature\/la-nature-et-toi\/","og_locale":"fr_FR","og_type":"article","og_title":"La nature et toi - Faune et Flore du Pays","og_description":"Es-tu d\u00e9j\u00e0 tomb\u00e9 face-\u00e0-face avec un raton laveur ratoureux? As-tu d\u00e9j\u00e0 fait un super beau bricolage d\u2019oiseau? Ou dessin\u00e9 une magnifique tortue? Peut-\u00eatre as-tu d\u00e9j\u00e0 mont\u00e9 un excellent projet sur un animal canadien \u00e0 l\u2019\u00e9cole?\u00a0Raconte-nous \u00e7a, ou envoie-nous une photo ou une vid\u00e9o. Nous mettrons ce que tu nous enverras juste ici!","og_url":"https:\/\/www.hww.ca\/fr\/les-curieux-de-nature\/la-nature-et-toi\/","og_site_name":"Faune et Flore du Pays","article_modified_time":"2024-12-16T21:31:17+00:00","twitter_card":"summary_large_image","twitter_misc":{"Est. reading time":"1 minute"},"schema":{"@context":"https:\/\/schema.org","@graph":[{"@type":"WebPage","@id":"https:\/\/www.hww.ca\/fr\/les-curieux-de-nature\/la-nature-et-toi\/","url":"https:\/\/www.hww.ca\/fr\/les-curieux-de-nature\/la-nature-et-toi\/","name":"La nature et toi - Faune et Flore du Pays","isPartOf":{"@id":"https:\/\/www.hww.ca\/fr\/#website"},"datePublished":"2024-11-22T22:06:22+00:00","dateModified":"2024-12-16T21:31:17+00:00","breadcrumb":{"@id":"https:\/\/www.hww.ca\/fr\/les-curieux-de-nature\/la-nature-et-toi\/#breadcrumb"},"inLanguage":"fr-FR","potentialAction":[{"@type":"ReadAction","target":["https:\/\/www.hww.ca\/fr\/les-curieux-de-nature\/la-nature-et-toi\/"]}]},{"@type":"BreadcrumbList","@id":"https:\/\/www.hww.ca\/fr\/les-curieux-de-nature\/la-nature-et-toi\/#breadcrumb","itemListElement":[{"@type":"ListItem","position":1,"name":"accueil","item":"https:\/\/www.hww.ca\/fr\/"},{"@type":"ListItem","position":2,"name":"Les curieux de nature","item":"https:\/\/www.hww.ca\/fr\/les-curieux-de-nature\/"},{"@type":"ListItem","position":3,"name":"La nature et toi"}]},{"@type":"WebSite","@id":"https:\/\/www.hww.ca\/fr\/#website","url":"https:\/\/www.hww.ca\/fr\/","name":"Faune et Flore du Pays","description":"","potentialAction":[{"@type":"SearchAction","target":{"@type":"EntryPoint","urlTemplate":"https:\/\/www.hww.ca\/fr\/?s={search_term_string}"},"query-input":{"@type":"PropertyValueSpecification","valueRequired":true,"valueName":"search_term_string"}}],"inLanguage":"fr-FR"}]}},"_links":{"self":[{"href":"https:\/\/www.hww.ca\/fr\/wp-json\/wp\/v2\/pages\/9049","targetHints":{"allow":["GET"]}}],"collection":[{"href":"https:\/\/www.hww.ca\/fr\/wp-json\/wp\/v2\/pages"}],"about":[{"href":"https:\/\/www.hww.ca\/fr\/wp-json\/wp\/v2\/types\/page"}],"author":[{"embeddable":true,"href":"https:\/\/www.hww.ca\/fr\/wp-json\/wp\/v2\/users\/1"}],"replies":[{"embeddable":true,"href":"https:\/\/www.hww.ca\/fr\/wp-json\/wp\/v2\/comments?post=9049"}],"version-history":[{"count":3,"href":"https:\/\/www.hww.ca\/fr\/wp-json\/wp\/v2\/pages\/9049\/revisions"}],"predecessor-version":[{"id":10572,"href":"https:\/\/www.hww.ca\/fr\/wp-json\/wp\/v2\/pages\/9049\/revisions\/10572"}],"up":[{"embeddable":true,"href":"https:\/\/www.hww.ca\/fr\/wp-json\/wp\/v2\/pages\/2302"}],"wp:attachment":[{"href":"https:\/\/www.hww.ca\/fr\/wp-json\/wp\/v2\/media?parent=9049"}],"curies":[{"name":"wp","href":"https:\/\/api.w.org\/{rel}","templated":true}]}}