{"id":8608,"date":"2024-11-20T15:55:30","date_gmt":"2024-11-20T15:55:30","guid":{"rendered":"https:\/\/www.hww.ca\/nouveaux-arrivants\/arabe\/%d9%84%d9%82%d8%b1%d9%82%d9%81-%d8%a3%d8%b3%d9%88%d8%af-%d8%a7%d9%84%d8%b1%d8%a3%d8%b3\/"},"modified":"2024-11-20T19:59:33","modified_gmt":"2024-11-20T19:59:33","slug":"black-capped-chickadee","status":"publish","type":"page","link":"https:\/\/www.hww.ca\/fr\/nouveaux-arrivants\/arabe\/black-capped-chickadee\/","title":{"rendered":"\u0644\u0642\u0631\u0642\u0641 \u0623\u0633\u0648\u062f \u0627\u0644\u0631\u0623\u0633"},"content":{"rendered":"","protected":false},"excerpt":{"rendered":"","protected":false},"author":1,"featured_media":294,"parent":8551,"menu_order":0,"comment_status":"closed","ping_status":"closed","template":"","meta":{"_acf_changed":false,"_relevanssi_hide_post":"","_relevanssi_hide_content":"","_relevanssi_pin_for_all":"","_relevanssi_pin_keywords":"","_relevanssi_unpin_keywords":"","_relevanssi_related_keywords":"","_relevanssi_related_include_ids":"","_relevanssi_related_exclude_ids":"","_relevanssi_related_no_append":"","_relevanssi_related_not_related":"","_relevanssi_related_posts":"","_relevanssi_noindex_reason":"","footnotes":""},"class_list":["post-8608","page","type-page","status-publish","has-post-thumbnail","hentry"],"acf":[],"yoast_head":"<!-- This site is optimized with the Yoast SEO plugin v24.0 - https:\/\/yoast.com\/wordpress\/plugins\/seo\/ -->\n<title>\u0644\u0642\u0631\u0642\u0641 \u0623\u0633\u0648\u062f \u0627\u0644\u0631\u0623\u0633 - Faune et Flore du Pays<\/title>\n<meta name=\"robots\" content=\"index, follow, max-snippet:-1, max-image-preview:large, max-video-preview:-1\" \/>\n<link rel=\"canonical\" href=\"https:\/\/www.hww.ca\/fr\/nouveaux-arrivants\/arabe\/black-capped-chickadee\/\" \/>\n<meta property=\"og:locale\" content=\"fr_FR\" \/>\n<meta property=\"og:type\" content=\"article\" \/>\n<meta property=\"og:title\" content=\"\u0644\u0642\u0631\u0642\u0641 \u0623\u0633\u0648\u062f \u0627\u0644\u0631\u0623\u0633 - Faune et Flore du Pays\" \/>\n<meta property=\"og:url\" content=\"https:\/\/www.hww.ca\/fr\/nouveaux-arrivants\/arabe\/black-capped-chickadee\/\" \/>\n<meta property=\"og:site_name\" content=\"Faune et Flore du Pays\" \/>\n<meta property=\"article:modified_time\" content=\"2024-11-20T19:59:33+00:00\" \/>\n<meta property=\"og:image\" content=\"https:\/\/www.hww.ca\/wp-content\/uploads\/2014\/11\/Black-capped-Chickadee.jpg\" \/>\n\t<meta property=\"og:image:width\" content=\"960\" \/>\n\t<meta property=\"og:image:height\" content=\"615\" \/>\n\t<meta property=\"og:image:type\" content=\"image\/jpeg\" \/>\n<meta name=\"twitter:card\" content=\"summary_large_image\" \/>\n<meta name=\"twitter:label1\" content=\"Est. reading time\" \/>\n\t<meta name=\"twitter:data1\" content=\"1 minute\" \/>\n<script type=\"application\/ld+json\" class=\"yoast-schema-graph\">{\"@context\":\"https:\/\/schema.org\",\"@graph\":[{\"@type\":\"WebPage\",\"@id\":\"https:\/\/www.hww.ca\/fr\/nouveaux-arrivants\/arabe\/black-capped-chickadee\/\",\"url\":\"https:\/\/www.hww.ca\/fr\/nouveaux-arrivants\/arabe\/black-capped-chickadee\/\",\"name\":\"\u0644\u0642\u0631\u0642\u0641 \u0623\u0633\u0648\u062f \u0627\u0644\u0631\u0623\u0633 - Faune et Flore du Pays\",\"isPartOf\":{\"@id\":\"https:\/\/www.hww.ca\/fr\/#website\"},\"primaryImageOfPage\":{\"@id\":\"https:\/\/www.hww.ca\/fr\/nouveaux-arrivants\/arabe\/black-capped-chickadee\/#primaryimage\"},\"image\":{\"@id\":\"https:\/\/www.hww.ca\/fr\/nouveaux-arrivants\/arabe\/black-capped-chickadee\/#primaryimage\"},\"thumbnailUrl\":\"https:\/\/www.hww.ca\/wp-content\/uploads\/2014\/11\/Black-capped-Chickadee.jpg\",\"datePublished\":\"2024-11-20T15:55:30+00:00\",\"dateModified\":\"2024-11-20T19:59:33+00:00\",\"breadcrumb\":{\"@id\":\"https:\/\/www.hww.ca\/fr\/nouveaux-arrivants\/arabe\/black-capped-chickadee\/#breadcrumb\"},\"inLanguage\":\"fr-FR\",\"potentialAction\":[{\"@type\":\"ReadAction\",\"target\":[\"https:\/\/www.hww.ca\/fr\/nouveaux-arrivants\/arabe\/black-capped-chickadee\/\"]}]},{\"@type\":\"ImageObject\",\"inLanguage\":\"fr-FR\",\"@id\":\"https:\/\/www.hww.ca\/fr\/nouveaux-arrivants\/arabe\/black-capped-chickadee\/#primaryimage\",\"url\":\"https:\/\/www.hww.ca\/wp-content\/uploads\/2014\/11\/Black-capped-Chickadee.jpg\",\"contentUrl\":\"https:\/\/www.hww.ca\/wp-content\/uploads\/2014\/11\/Black-capped-Chickadee.jpg\",\"width\":960,\"height\":615,\"caption\":\"la M\u00e9sange \u00e0 t\u00eate noire\"},{\"@type\":\"BreadcrumbList\",\"@id\":\"https:\/\/www.hww.ca\/fr\/nouveaux-arrivants\/arabe\/black-capped-chickadee\/#breadcrumb\",\"itemListElement\":[{\"@type\":\"ListItem\",\"position\":1,\"name\":\"accueil\",\"item\":\"https:\/\/www.hww.ca\/fr\/\"},{\"@type\":\"ListItem\",\"position\":2,\"name\":\"Nouveaux arrivants\",\"item\":\"https:\/\/www.hww.ca\/fr\/nouveaux-arrivants\/\"},{\"@type\":\"ListItem\",\"position\":3,\"name\":\"Arabe\",\"item\":\"https:\/\/www.hww.ca\/fr\/nouveaux-arrivants\/arabe\/\"},{\"@type\":\"ListItem\",\"position\":4,\"name\":\"\u0644\u0642\u0631\u0642\u0641 \u0623\u0633\u0648\u062f \u0627\u0644\u0631\u0623\u0633\"}]},{\"@type\":\"WebSite\",\"@id\":\"https:\/\/www.hww.ca\/fr\/#website\",\"url\":\"https:\/\/www.hww.ca\/fr\/\",\"name\":\"Faune et Flore du Pays\",\"description\":\"\",\"potentialAction\":[{\"@type\":\"SearchAction\",\"target\":{\"@type\":\"EntryPoint\",\"urlTemplate\":\"https:\/\/www.hww.ca\/fr\/?s={search_term_string}\"},\"query-input\":{\"@type\":\"PropertyValueSpecification\",\"valueRequired\":true,\"valueName\":\"search_term_string\"}}],\"inLanguage\":\"fr-FR\"}]}<\/script>\n<!-- \/ Yoast SEO plugin. -->","yoast_head_json":{"title":"\u0644\u0642\u0631\u0642\u0641 \u0623\u0633\u0648\u062f \u0627\u0644\u0631\u0623\u0633 - Faune et Flore du Pays","robots":{"index":"index","follow":"follow","max-snippet":"max-snippet:-1","max-image-preview":"max-image-preview:large","max-video-preview":"max-video-preview:-1"},"canonical":"https:\/\/www.hww.ca\/fr\/nouveaux-arrivants\/arabe\/black-capped-chickadee\/","og_locale":"fr_FR","og_type":"article","og_title":"\u0644\u0642\u0631\u0642\u0641 \u0623\u0633\u0648\u062f \u0627\u0644\u0631\u0623\u0633 - Faune et Flore du Pays","og_url":"https:\/\/www.hww.ca\/fr\/nouveaux-arrivants\/arabe\/black-capped-chickadee\/","og_site_name":"Faune et Flore du Pays","article_modified_time":"2024-11-20T19:59:33+00:00","og_image":[{"width":960,"height":615,"url":"https:\/\/www.hww.ca\/wp-content\/uploads\/2014\/11\/Black-capped-Chickadee.jpg","type":"image\/jpeg"}],"twitter_card":"summary_large_image","twitter_misc":{"Est. reading time":"1 minute"},"schema":{"@context":"https:\/\/schema.org","@graph":[{"@type":"WebPage","@id":"https:\/\/www.hww.ca\/fr\/nouveaux-arrivants\/arabe\/black-capped-chickadee\/","url":"https:\/\/www.hww.ca\/fr\/nouveaux-arrivants\/arabe\/black-capped-chickadee\/","name":"\u0644\u0642\u0631\u0642\u0641 \u0623\u0633\u0648\u062f \u0627\u0644\u0631\u0623\u0633 - Faune et Flore du Pays","isPartOf":{"@id":"https:\/\/www.hww.ca\/fr\/#website"},"primaryImageOfPage":{"@id":"https:\/\/www.hww.ca\/fr\/nouveaux-arrivants\/arabe\/black-capped-chickadee\/#primaryimage"},"image":{"@id":"https:\/\/www.hww.ca\/fr\/nouveaux-arrivants\/arabe\/black-capped-chickadee\/#primaryimage"},"thumbnailUrl":"https:\/\/www.hww.ca\/wp-content\/uploads\/2014\/11\/Black-capped-Chickadee.jpg","datePublished":"2024-11-20T15:55:30+00:00","dateModified":"2024-11-20T19:59:33+00:00","breadcrumb":{"@id":"https:\/\/www.hww.ca\/fr\/nouveaux-arrivants\/arabe\/black-capped-chickadee\/#breadcrumb"},"inLanguage":"fr-FR","potentialAction":[{"@type":"ReadAction","target":["https:\/\/www.hww.ca\/fr\/nouveaux-arrivants\/arabe\/black-capped-chickadee\/"]}]},{"@type":"ImageObject","inLanguage":"fr-FR","@id":"https:\/\/www.hww.ca\/fr\/nouveaux-arrivants\/arabe\/black-capped-chickadee\/#primaryimage","url":"https:\/\/www.hww.ca\/wp-content\/uploads\/2014\/11\/Black-capped-Chickadee.jpg","contentUrl":"https:\/\/www.hww.ca\/wp-content\/uploads\/2014\/11\/Black-capped-Chickadee.jpg","width":960,"height":615,"caption":"la M\u00e9sange \u00e0 t\u00eate noire"},{"@type":"BreadcrumbList","@id":"https:\/\/www.hww.ca\/fr\/nouveaux-arrivants\/arabe\/black-capped-chickadee\/#breadcrumb","itemListElement":[{"@type":"ListItem","position":1,"name":"accueil","item":"https:\/\/www.hww.ca\/fr\/"},{"@type":"ListItem","position":2,"name":"Nouveaux arrivants","item":"https:\/\/www.hww.ca\/fr\/nouveaux-arrivants\/"},{"@type":"ListItem","position":3,"name":"Arabe","item":"https:\/\/www.hww.ca\/fr\/nouveaux-arrivants\/arabe\/"},{"@type":"ListItem","position":4,"name":"\u0644\u0642\u0631\u0642\u0641 \u0623\u0633\u0648\u062f \u0627\u0644\u0631\u0623\u0633"}]},{"@type":"WebSite","@id":"https:\/\/www.hww.ca\/fr\/#website","url":"https:\/\/www.hww.ca\/fr\/","name":"Faune et Flore du Pays","description":"","potentialAction":[{"@type":"SearchAction","target":{"@type":"EntryPoint","urlTemplate":"https:\/\/www.hww.ca\/fr\/?s={search_term_string}"},"query-input":{"@type":"PropertyValueSpecification","valueRequired":true,"valueName":"search_term_string"}}],"inLanguage":"fr-FR"}]}},"_links":{"self":[{"href":"https:\/\/www.hww.ca\/fr\/wp-json\/wp\/v2\/pages\/8608","targetHints":{"allow":["GET"]}}],"collection":[{"href":"https:\/\/www.hww.ca\/fr\/wp-json\/wp\/v2\/pages"}],"about":[{"href":"https:\/\/www.hww.ca\/fr\/wp-json\/wp\/v2\/types\/page"}],"author":[{"embeddable":true,"href":"https:\/\/www.hww.ca\/fr\/wp-json\/wp\/v2\/users\/1"}],"replies":[{"embeddable":true,"href":"https:\/\/www.hww.ca\/fr\/wp-json\/wp\/v2\/comments?post=8608"}],"version-history":[{"count":4,"href":"https:\/\/www.hww.ca\/fr\/wp-json\/wp\/v2\/pages\/8608\/revisions"}],"predecessor-version":[{"id":8770,"href":"https:\/\/www.hww.ca\/fr\/wp-json\/wp\/v2\/pages\/8608\/revisions\/8770"}],"up":[{"embeddable":true,"href":"https:\/\/www.hww.ca\/fr\/wp-json\/wp\/v2\/pages\/8551"}],"wp:featuredmedia":[{"embeddable":true,"href":"https:\/\/www.hww.ca\/fr\/wp-json\/wp\/v2\/media\/294"}],"wp:attachment":[{"href":"https:\/\/www.hww.ca\/fr\/wp-json\/wp\/v2\/media?parent=8608"}],"curies":[{"name":"wp","href":"https:\/\/api.w.org\/{rel}","templated":true}]}}