{"id":3751,"date":"2011-10-19T21:49:00","date_gmt":"2011-10-19T21:49:00","guid":{"rendered":"https:\/\/www.hww.ca\/passez-a-laction\/action-et-sensibilisation\/plantez-une-zone-tampon-a-la-lisiere-dune-foret\/"},"modified":"2024-11-18T20:46:37","modified_gmt":"2024-11-18T20:46:37","slug":"plantez-une-zone-tampon-a-la-lisiere-dune-foret","status":"publish","type":"page","link":"https:\/\/www.hww.ca\/fr\/passez-a-laction\/action-et-sensibilisation\/plantez-une-zone-tampon-a-la-lisiere-dune-foret\/","title":{"rendered":"Plantez une zone tampon \u00e0 la lisi\u00e8re d&#8217;une for\u00eat"},"content":{"rendered":"<p>Pour revitaliser une for&ecirc;t fragment&eacute;e, am&eacute;liorez sa lisi&egrave;re au moyen de plantes indig&egrave;nes &agrave; fruits, &agrave; noix et &agrave; graines. Cette v&eacute;g&eacute;tation luxuriante servira &agrave; la fois de buffet pour les oiseaux chanteurs et de zone tampon pour les vachers, les pr&eacute;dateurs et autres menaces. L&rsquo;am&eacute;lioration des lisi&egrave;res des for&ecirc;ts cr&eacute;era un &laquo; effet de haie &raquo; &mdash; s&eacute;parant les habitats &agrave; l&rsquo;int&eacute;rieur et &agrave; l&rsquo;ext&eacute;rieur de la for&ecirc;t tout en formant un troisi&egrave;me habitat distinct o&ugrave; ils convergent. Diff&eacute;rentes esp&egrave;ces s&rsquo;installeront dans chacun de ces habitats.<\/p>\n<ul>\n<li>&Eacute;laborez votre strat&eacute;gie en fonction de la quantit&eacute; et de la qualit&eacute; de la v&eacute;g&eacute;tation disparue. Demandez conseil aupr&egrave;s d&rsquo;un expert en sylviculture. En principe, plus la lisi&egrave;re est large, plus elle sera utile &agrave; titre de zone tampon et de syst&egrave;me de survie.<\/li>\n<li>Rappelez-vous que les lisi&egrave;res naturelles sont irr&eacute;guli&egrave;res, et non droites. Une lisi&egrave;re typique a un aspect superpos&eacute; et se compose d&rsquo;arbres dont les troncs sont recouverts de vignes grimpantes, puis d&rsquo;un rang d&rsquo;arbrisseaux et d&rsquo;arbustes, suivi d&rsquo;un champ ou d&rsquo;une aire d&eacute;gag&eacute;e.<\/li>\n<li>Choisissez une vari&eacute;t&eacute; de plantes indig&egrave;nes pour chaque couche, tenant compte du besoin des esp&egrave;ces en mati&egrave;re de soleil, de sol et d&rsquo;humidit&eacute; (les lisi&egrave;res des for&ecirc;ts sont habituellement des endroits ensoleill&eacute;s). L&rsquo;&eacute;rable, le ch&ecirc;ne, le cerisier tardif, le sapin baumier, le caryer et l&rsquo;h&ecirc;tre &agrave; grandes feuilles sont tr&egrave;s recherch&eacute;s par les oiseaux chanteurs. Le raisin sauvage, la cl&eacute;matite de Virginie, le c&eacute;lastre, la vigne vierge commune et le ch&egrave;vrefeuille de Virginie sont des vignes grimpantes qui offrent &agrave; la fois nourriture et abri. Quelques petits arbres et arbustes qui offrent un g&eacute;n&eacute;reux festin comprennent le m&ucirc;rier blanc, l&rsquo;aub&eacute;pine, la pommier odorant, le gen&eacute;vrier commun, l&rsquo;airelle &agrave; corymbe, le vinaigrier, le houx verticill&eacute;, le sureau, le cerisier de Virginie, le groseillier &agrave; fleur et le sorbier.<\/li>\n<li>Si c&rsquo;est possible, arrosez les arbres, les arbustes et les vignes durant les p&eacute;riodes s&egrave;ches et enlevez les plantes ind&eacute;sirables au cours des premi&egrave;res ann&eacute;es.<\/li>\n<\/ul>\n","protected":false},"excerpt":{"rendered":"<p>Pour revitaliser une for&ecirc;t fragment&eacute;e, am&eacute;liorez sa lisi&egrave;re au moyen de plantes indig&egrave;nes &agrave; fruits, &agrave; noix et &agrave; graines. Cette v&eacute;g&eacute;tation luxuriante servira &agrave; la fois de buffet pour les oiseaux chanteurs et de zone tampon pour les vachers, les pr&eacute;dateurs et autres menaces. L&rsquo;am&eacute;lioration des lisi&egrave;res des for&ecirc;ts cr&eacute;era un &laquo; effet de [&hellip;]<\/p>\n","protected":false},"author":1,"featured_media":335,"parent":2277,"menu_order":0,"comment_status":"closed","ping_status":"closed","template":"","meta":{"_acf_changed":false,"_relevanssi_hide_post":"","_relevanssi_hide_content":"","_relevanssi_pin_for_all":"","_relevanssi_pin_keywords":"","_relevanssi_unpin_keywords":"","_relevanssi_related_keywords":"","_relevanssi_related_include_ids":"","_relevanssi_related_exclude_ids":"","_relevanssi_related_no_append":"","_relevanssi_related_not_related":"","_relevanssi_related_posts":"","_relevanssi_noindex_reason":"","footnotes":""},"class_list":["post-3751","page","type-page","status-publish","has-post-thumbnail","hentry"],"acf":[],"yoast_head":"<!-- This site is optimized with the Yoast SEO plugin v24.0 - https:\/\/yoast.com\/wordpress\/plugins\/seo\/ -->\n<title>Plantez une zone tampon \u00e0 la lisi\u00e8re d&#039;une for\u00eat - Faune et Flore du Pays<\/title>\n<meta name=\"robots\" content=\"index, follow, max-snippet:-1, max-image-preview:large, max-video-preview:-1\" \/>\n<link rel=\"canonical\" href=\"https:\/\/www.hww.ca\/fr\/passez-a-laction\/action-et-sensibilisation\/plantez-une-zone-tampon-a-la-lisiere-dune-foret\/\" \/>\n<meta property=\"og:locale\" content=\"fr_FR\" \/>\n<meta property=\"og:type\" content=\"article\" \/>\n<meta property=\"og:title\" content=\"Plantez une zone tampon \u00e0 la lisi\u00e8re d&#039;une for\u00eat - Faune et Flore du Pays\" \/>\n<meta property=\"og:description\" content=\"Pour revitaliser une for&ecirc;t fragment&eacute;e, am&eacute;liorez sa lisi&egrave;re au moyen de plantes indig&egrave;nes &agrave; fruits, &agrave; noix et &agrave; graines. Cette v&eacute;g&eacute;tation luxuriante servira &agrave; la fois de buffet pour les oiseaux chanteurs et de zone tampon pour les vachers, les pr&eacute;dateurs et autres menaces. L&rsquo;am&eacute;lioration des lisi&egrave;res des for&ecirc;ts cr&eacute;era un &laquo; effet de [&hellip;]\" \/>\n<meta property=\"og:url\" content=\"https:\/\/www.hww.ca\/fr\/passez-a-laction\/action-et-sensibilisation\/plantez-une-zone-tampon-a-la-lisiere-dune-foret\/\" \/>\n<meta property=\"og:site_name\" content=\"Faune et Flore du Pays\" \/>\n<meta property=\"article:modified_time\" content=\"2024-11-18T20:46:37+00:00\" \/>\n<meta property=\"og:image\" content=\"https:\/\/www.hww.ca\/wp-content\/uploads\/2014\/11\/Blue-Jay.jpg\" \/>\n\t<meta property=\"og:image:width\" content=\"960\" \/>\n\t<meta property=\"og:image:height\" content=\"615\" \/>\n\t<meta property=\"og:image:type\" content=\"image\/jpeg\" \/>\n<meta name=\"twitter:card\" content=\"summary_large_image\" \/>\n<meta name=\"twitter:label1\" content=\"Est. reading time\" \/>\n\t<meta name=\"twitter:data1\" content=\"2 minutes\" \/>\n<script type=\"application\/ld+json\" class=\"yoast-schema-graph\">{\"@context\":\"https:\/\/schema.org\",\"@graph\":[{\"@type\":\"WebPage\",\"@id\":\"https:\/\/www.hww.ca\/fr\/passez-a-laction\/action-et-sensibilisation\/plantez-une-zone-tampon-a-la-lisiere-dune-foret\/\",\"url\":\"https:\/\/www.hww.ca\/fr\/passez-a-laction\/action-et-sensibilisation\/plantez-une-zone-tampon-a-la-lisiere-dune-foret\/\",\"name\":\"Plantez une zone tampon \u00e0 la lisi\u00e8re d'une for\u00eat - Faune et Flore du Pays\",\"isPartOf\":{\"@id\":\"https:\/\/www.hww.ca\/fr\/#website\"},\"primaryImageOfPage\":{\"@id\":\"https:\/\/www.hww.ca\/fr\/passez-a-laction\/action-et-sensibilisation\/plantez-une-zone-tampon-a-la-lisiere-dune-foret\/#primaryimage\"},\"image\":{\"@id\":\"https:\/\/www.hww.ca\/fr\/passez-a-laction\/action-et-sensibilisation\/plantez-une-zone-tampon-a-la-lisiere-dune-foret\/#primaryimage\"},\"thumbnailUrl\":\"https:\/\/www.hww.ca\/wp-content\/uploads\/2014\/11\/Blue-Jay.jpg\",\"datePublished\":\"2011-10-19T21:49:00+00:00\",\"dateModified\":\"2024-11-18T20:46:37+00:00\",\"breadcrumb\":{\"@id\":\"https:\/\/www.hww.ca\/fr\/passez-a-laction\/action-et-sensibilisation\/plantez-une-zone-tampon-a-la-lisiere-dune-foret\/#breadcrumb\"},\"inLanguage\":\"fr-FR\",\"potentialAction\":[{\"@type\":\"ReadAction\",\"target\":[\"https:\/\/www.hww.ca\/fr\/passez-a-laction\/action-et-sensibilisation\/plantez-une-zone-tampon-a-la-lisiere-dune-foret\/\"]}]},{\"@type\":\"ImageObject\",\"inLanguage\":\"fr-FR\",\"@id\":\"https:\/\/www.hww.ca\/fr\/passez-a-laction\/action-et-sensibilisation\/plantez-une-zone-tampon-a-la-lisiere-dune-foret\/#primaryimage\",\"url\":\"https:\/\/www.hww.ca\/wp-content\/uploads\/2014\/11\/Blue-Jay.jpg\",\"contentUrl\":\"https:\/\/www.hww.ca\/wp-content\/uploads\/2014\/11\/Blue-Jay.jpg\",\"width\":960,\"height\":615,\"caption\":\"Blue Jay\"},{\"@type\":\"BreadcrumbList\",\"@id\":\"https:\/\/www.hww.ca\/fr\/passez-a-laction\/action-et-sensibilisation\/plantez-une-zone-tampon-a-la-lisiere-dune-foret\/#breadcrumb\",\"itemListElement\":[{\"@type\":\"ListItem\",\"position\":1,\"name\":\"accueil\",\"item\":\"https:\/\/www.hww.ca\/fr\/\"},{\"@type\":\"ListItem\",\"position\":2,\"name\":\"Passez \u00e0 l\u2019action\",\"item\":\"https:\/\/www.hww.ca\/fr\/passez-a-laction\/\"},{\"@type\":\"ListItem\",\"position\":3,\"name\":\"Action et sensibilisation\",\"item\":\"https:\/\/www.hww.ca\/fr\/passez-a-laction\/action-et-sensibilisation\/\"},{\"@type\":\"ListItem\",\"position\":4,\"name\":\"Plantez une zone tampon \u00e0 la lisi\u00e8re d&#8217;une for\u00eat\"}]},{\"@type\":\"WebSite\",\"@id\":\"https:\/\/www.hww.ca\/fr\/#website\",\"url\":\"https:\/\/www.hww.ca\/fr\/\",\"name\":\"Faune et Flore du Pays\",\"description\":\"\",\"potentialAction\":[{\"@type\":\"SearchAction\",\"target\":{\"@type\":\"EntryPoint\",\"urlTemplate\":\"https:\/\/www.hww.ca\/fr\/?s={search_term_string}\"},\"query-input\":{\"@type\":\"PropertyValueSpecification\",\"valueRequired\":true,\"valueName\":\"search_term_string\"}}],\"inLanguage\":\"fr-FR\"}]}<\/script>\n<!-- \/ Yoast SEO plugin. -->","yoast_head_json":{"title":"Plantez une zone tampon \u00e0 la lisi\u00e8re d'une for\u00eat - Faune et Flore du Pays","robots":{"index":"index","follow":"follow","max-snippet":"max-snippet:-1","max-image-preview":"max-image-preview:large","max-video-preview":"max-video-preview:-1"},"canonical":"https:\/\/www.hww.ca\/fr\/passez-a-laction\/action-et-sensibilisation\/plantez-une-zone-tampon-a-la-lisiere-dune-foret\/","og_locale":"fr_FR","og_type":"article","og_title":"Plantez une zone tampon \u00e0 la lisi\u00e8re d'une for\u00eat - Faune et Flore du Pays","og_description":"Pour revitaliser une for&ecirc;t fragment&eacute;e, am&eacute;liorez sa lisi&egrave;re au moyen de plantes indig&egrave;nes &agrave; fruits, &agrave; noix et &agrave; graines. Cette v&eacute;g&eacute;tation luxuriante servira &agrave; la fois de buffet pour les oiseaux chanteurs et de zone tampon pour les vachers, les pr&eacute;dateurs et autres menaces. L&rsquo;am&eacute;lioration des lisi&egrave;res des for&ecirc;ts cr&eacute;era un &laquo; effet de [&hellip;]","og_url":"https:\/\/www.hww.ca\/fr\/passez-a-laction\/action-et-sensibilisation\/plantez-une-zone-tampon-a-la-lisiere-dune-foret\/","og_site_name":"Faune et Flore du Pays","article_modified_time":"2024-11-18T20:46:37+00:00","og_image":[{"width":960,"height":615,"url":"https:\/\/www.hww.ca\/wp-content\/uploads\/2014\/11\/Blue-Jay.jpg","type":"image\/jpeg"}],"twitter_card":"summary_large_image","twitter_misc":{"Est. reading time":"2 minutes"},"schema":{"@context":"https:\/\/schema.org","@graph":[{"@type":"WebPage","@id":"https:\/\/www.hww.ca\/fr\/passez-a-laction\/action-et-sensibilisation\/plantez-une-zone-tampon-a-la-lisiere-dune-foret\/","url":"https:\/\/www.hww.ca\/fr\/passez-a-laction\/action-et-sensibilisation\/plantez-une-zone-tampon-a-la-lisiere-dune-foret\/","name":"Plantez une zone tampon \u00e0 la lisi\u00e8re d'une for\u00eat - Faune et Flore du Pays","isPartOf":{"@id":"https:\/\/www.hww.ca\/fr\/#website"},"primaryImageOfPage":{"@id":"https:\/\/www.hww.ca\/fr\/passez-a-laction\/action-et-sensibilisation\/plantez-une-zone-tampon-a-la-lisiere-dune-foret\/#primaryimage"},"image":{"@id":"https:\/\/www.hww.ca\/fr\/passez-a-laction\/action-et-sensibilisation\/plantez-une-zone-tampon-a-la-lisiere-dune-foret\/#primaryimage"},"thumbnailUrl":"https:\/\/www.hww.ca\/wp-content\/uploads\/2014\/11\/Blue-Jay.jpg","datePublished":"2011-10-19T21:49:00+00:00","dateModified":"2024-11-18T20:46:37+00:00","breadcrumb":{"@id":"https:\/\/www.hww.ca\/fr\/passez-a-laction\/action-et-sensibilisation\/plantez-une-zone-tampon-a-la-lisiere-dune-foret\/#breadcrumb"},"inLanguage":"fr-FR","potentialAction":[{"@type":"ReadAction","target":["https:\/\/www.hww.ca\/fr\/passez-a-laction\/action-et-sensibilisation\/plantez-une-zone-tampon-a-la-lisiere-dune-foret\/"]}]},{"@type":"ImageObject","inLanguage":"fr-FR","@id":"https:\/\/www.hww.ca\/fr\/passez-a-laction\/action-et-sensibilisation\/plantez-une-zone-tampon-a-la-lisiere-dune-foret\/#primaryimage","url":"https:\/\/www.hww.ca\/wp-content\/uploads\/2014\/11\/Blue-Jay.jpg","contentUrl":"https:\/\/www.hww.ca\/wp-content\/uploads\/2014\/11\/Blue-Jay.jpg","width":960,"height":615,"caption":"Blue Jay"},{"@type":"BreadcrumbList","@id":"https:\/\/www.hww.ca\/fr\/passez-a-laction\/action-et-sensibilisation\/plantez-une-zone-tampon-a-la-lisiere-dune-foret\/#breadcrumb","itemListElement":[{"@type":"ListItem","position":1,"name":"accueil","item":"https:\/\/www.hww.ca\/fr\/"},{"@type":"ListItem","position":2,"name":"Passez \u00e0 l\u2019action","item":"https:\/\/www.hww.ca\/fr\/passez-a-laction\/"},{"@type":"ListItem","position":3,"name":"Action et sensibilisation","item":"https:\/\/www.hww.ca\/fr\/passez-a-laction\/action-et-sensibilisation\/"},{"@type":"ListItem","position":4,"name":"Plantez une zone tampon \u00e0 la lisi\u00e8re d&#8217;une for\u00eat"}]},{"@type":"WebSite","@id":"https:\/\/www.hww.ca\/fr\/#website","url":"https:\/\/www.hww.ca\/fr\/","name":"Faune et Flore du Pays","description":"","potentialAction":[{"@type":"SearchAction","target":{"@type":"EntryPoint","urlTemplate":"https:\/\/www.hww.ca\/fr\/?s={search_term_string}"},"query-input":{"@type":"PropertyValueSpecification","valueRequired":true,"valueName":"search_term_string"}}],"inLanguage":"fr-FR"}]}},"_links":{"self":[{"href":"https:\/\/www.hww.ca\/fr\/wp-json\/wp\/v2\/pages\/3751","targetHints":{"allow":["GET"]}}],"collection":[{"href":"https:\/\/www.hww.ca\/fr\/wp-json\/wp\/v2\/pages"}],"about":[{"href":"https:\/\/www.hww.ca\/fr\/wp-json\/wp\/v2\/types\/page"}],"author":[{"embeddable":true,"href":"https:\/\/www.hww.ca\/fr\/wp-json\/wp\/v2\/users\/1"}],"replies":[{"embeddable":true,"href":"https:\/\/www.hww.ca\/fr\/wp-json\/wp\/v2\/comments?post=3751"}],"version-history":[{"count":1,"href":"https:\/\/www.hww.ca\/fr\/wp-json\/wp\/v2\/pages\/3751\/revisions"}],"predecessor-version":[{"id":3752,"href":"https:\/\/www.hww.ca\/fr\/wp-json\/wp\/v2\/pages\/3751\/revisions\/3752"}],"up":[{"embeddable":true,"href":"https:\/\/www.hww.ca\/fr\/wp-json\/wp\/v2\/pages\/2277"}],"wp:featuredmedia":[{"embeddable":true,"href":"https:\/\/www.hww.ca\/fr\/wp-json\/wp\/v2\/media\/335"}],"wp:attachment":[{"href":"https:\/\/www.hww.ca\/fr\/wp-json\/wp\/v2\/media?parent=3751"}],"curies":[{"name":"wp","href":"https:\/\/api.w.org\/{rel}","templated":true}]}}