{"id":3747,"date":"2011-10-19T21:49:00","date_gmt":"2011-10-19T21:49:00","guid":{"rendered":"https:\/\/www.hww.ca\/passez-a-laction\/action-et-sensibilisation\/prenez-soin-des-forets-arrivees-a-maturite\/"},"modified":"2024-11-18T20:46:37","modified_gmt":"2024-11-18T20:46:37","slug":"prenez-soin-des-forets-arrivees-a-maturite","status":"publish","type":"page","link":"https:\/\/www.hww.ca\/fr\/passez-a-laction\/action-et-sensibilisation\/prenez-soin-des-forets-arrivees-a-maturite\/","title":{"rendered":"Prenez soin des for\u00eats arriv\u00e9es \u00e0 maturit\u00e9"},"content":{"rendered":"<p>Plusieurs esp&egrave;ces ne peuvent survivre que dans des habitats tr&egrave;s particuliers. La population de Terre-Neuve de la martre d&rsquo;Am&eacute;rique, par exemple, aime les for&ecirc;ts arriv&eacute;es &agrave; maturit&eacute; dont le sol est couvert de branches cass&eacute;es, de feuilles pourries et de souches. Les nouvelles for&ecirc;ts am&eacute;nag&eacute;es apr&egrave;s coupe ne r&eacute;pondent pas aux besoins de cette esp&egrave;ce, les clairi&egrave;res non plus. Pr&egrave;s de 70 pour cent de l&rsquo;habitat de cette martre est d&eacute;j&agrave; disparu &agrave; cause de la coupe foresti&egrave;re.<\/p>\n<p>Bien que l&rsquo;on retrouve la martre dans d&rsquo;autres provinces et territoires canadiens, on ne retrouve la sous-esp&egrave;ce observ&eacute;e &agrave; Terre-Neuve nulle part ailleurs dans le monde. Une &eacute;quipe de r&eacute;tablissement travaille &agrave; l&rsquo;&eacute;laboration d&rsquo;un plan pour assurer la survie de cette population.<\/p>\n<p>Aimeriez-vous prendre soin d&rsquo;une for&ecirc;t arriv&eacute;e &agrave; maturit&eacute;? Communiquez avec votre minist&egrave;re des For&ecirc;ts pour savoir s&rsquo;il y a une telle for&ecirc;t pr&egrave;s de chez-vous. Informez-vous au sujet des esp&egrave;ces qui y volent, sautent, hurlent, crient et fleurissent. Visitez la r&eacute;gion et apprenez &agrave; conna&icirc;tre cet habitat sensationnel. En combine d&rsquo;ann&eacute;es s&rsquo;est-il constitu&eacute;? Est-il prot&eacute;g&eacute;? Les humains y ont-ils pr&eacute;vu des activit&eacute;s ou des am&eacute;nagements? Pourriez-vous prot&eacute;ger la for&ecirc;t en &eacute;crivant des lettres ou en pr&eacute;sentant des expos&eacute;s? Plusieurs personnes ne savent pas &agrave; quel point il est important de prendre soin de nos for&ecirc;ts anciennes. Allez-y, voici votre chance de les informer !<\/p>\n","protected":false},"excerpt":{"rendered":"<p>Plusieurs esp&egrave;ces ne peuvent survivre que dans des habitats tr&egrave;s particuliers. La population de Terre-Neuve de la martre d&rsquo;Am&eacute;rique, par exemple, aime les for&ecirc;ts arriv&eacute;es &agrave; maturit&eacute; dont le sol est couvert de branches cass&eacute;es, de feuilles pourries et de souches. Les nouvelles for&ecirc;ts am&eacute;nag&eacute;es apr&egrave;s coupe ne r&eacute;pondent pas aux besoins de cette esp&egrave;ce, [&hellip;]<\/p>\n","protected":false},"author":1,"featured_media":723,"parent":2277,"menu_order":0,"comment_status":"closed","ping_status":"closed","template":"","meta":{"_acf_changed":false,"_relevanssi_hide_post":"","_relevanssi_hide_content":"","_relevanssi_pin_for_all":"","_relevanssi_pin_keywords":"","_relevanssi_unpin_keywords":"","_relevanssi_related_keywords":"","_relevanssi_related_include_ids":"","_relevanssi_related_exclude_ids":"","_relevanssi_related_no_append":"","_relevanssi_related_not_related":"","_relevanssi_related_posts":"","_relevanssi_noindex_reason":"","footnotes":""},"class_list":["post-3747","page","type-page","status-publish","has-post-thumbnail","hentry"],"acf":[],"yoast_head":"<!-- This site is optimized with the Yoast SEO plugin v24.0 - https:\/\/yoast.com\/wordpress\/plugins\/seo\/ -->\n<title>Prenez soin des for\u00eats arriv\u00e9es \u00e0 maturit\u00e9 - Faune et Flore du Pays<\/title>\n<meta name=\"robots\" content=\"index, follow, max-snippet:-1, max-image-preview:large, max-video-preview:-1\" \/>\n<link rel=\"canonical\" href=\"https:\/\/www.hww.ca\/fr\/passez-a-laction\/action-et-sensibilisation\/prenez-soin-des-forets-arrivees-a-maturite\/\" \/>\n<meta property=\"og:locale\" content=\"fr_FR\" \/>\n<meta property=\"og:type\" content=\"article\" \/>\n<meta property=\"og:title\" content=\"Prenez soin des for\u00eats arriv\u00e9es \u00e0 maturit\u00e9 - Faune et Flore du Pays\" \/>\n<meta property=\"og:description\" content=\"Plusieurs esp&egrave;ces ne peuvent survivre que dans des habitats tr&egrave;s particuliers. La population de Terre-Neuve de la martre d&rsquo;Am&eacute;rique, par exemple, aime les for&ecirc;ts arriv&eacute;es &agrave; maturit&eacute; dont le sol est couvert de branches cass&eacute;es, de feuilles pourries et de souches. Les nouvelles for&ecirc;ts am&eacute;nag&eacute;es apr&egrave;s coupe ne r&eacute;pondent pas aux besoins de cette esp&egrave;ce, [&hellip;]\" \/>\n<meta property=\"og:url\" content=\"https:\/\/www.hww.ca\/fr\/passez-a-laction\/action-et-sensibilisation\/prenez-soin-des-forets-arrivees-a-maturite\/\" \/>\n<meta property=\"og:site_name\" content=\"Faune et Flore du Pays\" \/>\n<meta property=\"article:modified_time\" content=\"2024-11-18T20:46:37+00:00\" \/>\n<meta property=\"og:image\" content=\"https:\/\/www.hww.ca\/wp-content\/uploads\/2014\/11\/Coastal-Rainforest.jpg\" \/>\n\t<meta property=\"og:image:width\" content=\"960\" \/>\n\t<meta property=\"og:image:height\" content=\"615\" \/>\n\t<meta property=\"og:image:type\" content=\"image\/jpeg\" \/>\n<meta name=\"twitter:card\" content=\"summary_large_image\" \/>\n<meta name=\"twitter:label1\" content=\"Est. reading time\" \/>\n\t<meta name=\"twitter:data1\" content=\"2 minutes\" \/>\n<script type=\"application\/ld+json\" class=\"yoast-schema-graph\">{\"@context\":\"https:\/\/schema.org\",\"@graph\":[{\"@type\":\"WebPage\",\"@id\":\"https:\/\/www.hww.ca\/fr\/passez-a-laction\/action-et-sensibilisation\/prenez-soin-des-forets-arrivees-a-maturite\/\",\"url\":\"https:\/\/www.hww.ca\/fr\/passez-a-laction\/action-et-sensibilisation\/prenez-soin-des-forets-arrivees-a-maturite\/\",\"name\":\"Prenez soin des for\u00eats arriv\u00e9es \u00e0 maturit\u00e9 - Faune et Flore du Pays\",\"isPartOf\":{\"@id\":\"https:\/\/www.hww.ca\/fr\/#website\"},\"primaryImageOfPage\":{\"@id\":\"https:\/\/www.hww.ca\/fr\/passez-a-laction\/action-et-sensibilisation\/prenez-soin-des-forets-arrivees-a-maturite\/#primaryimage\"},\"image\":{\"@id\":\"https:\/\/www.hww.ca\/fr\/passez-a-laction\/action-et-sensibilisation\/prenez-soin-des-forets-arrivees-a-maturite\/#primaryimage\"},\"thumbnailUrl\":\"https:\/\/www.hww.ca\/wp-content\/uploads\/2014\/11\/Coastal-Rainforest.jpg\",\"datePublished\":\"2011-10-19T21:49:00+00:00\",\"dateModified\":\"2024-11-18T20:46:37+00:00\",\"breadcrumb\":{\"@id\":\"https:\/\/www.hww.ca\/fr\/passez-a-laction\/action-et-sensibilisation\/prenez-soin-des-forets-arrivees-a-maturite\/#breadcrumb\"},\"inLanguage\":\"fr-FR\",\"potentialAction\":[{\"@type\":\"ReadAction\",\"target\":[\"https:\/\/www.hww.ca\/fr\/passez-a-laction\/action-et-sensibilisation\/prenez-soin-des-forets-arrivees-a-maturite\/\"]}]},{\"@type\":\"ImageObject\",\"inLanguage\":\"fr-FR\",\"@id\":\"https:\/\/www.hww.ca\/fr\/passez-a-laction\/action-et-sensibilisation\/prenez-soin-des-forets-arrivees-a-maturite\/#primaryimage\",\"url\":\"https:\/\/www.hww.ca\/wp-content\/uploads\/2014\/11\/Coastal-Rainforest.jpg\",\"contentUrl\":\"https:\/\/www.hww.ca\/wp-content\/uploads\/2014\/11\/Coastal-Rainforest.jpg\",\"width\":960,\"height\":615,\"caption\":\"For\u00eats pluviales c\u00f4ti\u00e8res\"},{\"@type\":\"BreadcrumbList\",\"@id\":\"https:\/\/www.hww.ca\/fr\/passez-a-laction\/action-et-sensibilisation\/prenez-soin-des-forets-arrivees-a-maturite\/#breadcrumb\",\"itemListElement\":[{\"@type\":\"ListItem\",\"position\":1,\"name\":\"accueil\",\"item\":\"https:\/\/www.hww.ca\/fr\/\"},{\"@type\":\"ListItem\",\"position\":2,\"name\":\"Passez \u00e0 l\u2019action\",\"item\":\"https:\/\/www.hww.ca\/fr\/passez-a-laction\/\"},{\"@type\":\"ListItem\",\"position\":3,\"name\":\"Action et sensibilisation\",\"item\":\"https:\/\/www.hww.ca\/fr\/passez-a-laction\/action-et-sensibilisation\/\"},{\"@type\":\"ListItem\",\"position\":4,\"name\":\"Prenez soin des for\u00eats arriv\u00e9es \u00e0 maturit\u00e9\"}]},{\"@type\":\"WebSite\",\"@id\":\"https:\/\/www.hww.ca\/fr\/#website\",\"url\":\"https:\/\/www.hww.ca\/fr\/\",\"name\":\"Faune et Flore du Pays\",\"description\":\"\",\"potentialAction\":[{\"@type\":\"SearchAction\",\"target\":{\"@type\":\"EntryPoint\",\"urlTemplate\":\"https:\/\/www.hww.ca\/fr\/?s={search_term_string}\"},\"query-input\":{\"@type\":\"PropertyValueSpecification\",\"valueRequired\":true,\"valueName\":\"search_term_string\"}}],\"inLanguage\":\"fr-FR\"}]}<\/script>\n<!-- \/ Yoast SEO plugin. -->","yoast_head_json":{"title":"Prenez soin des for\u00eats arriv\u00e9es \u00e0 maturit\u00e9 - Faune et Flore du Pays","robots":{"index":"index","follow":"follow","max-snippet":"max-snippet:-1","max-image-preview":"max-image-preview:large","max-video-preview":"max-video-preview:-1"},"canonical":"https:\/\/www.hww.ca\/fr\/passez-a-laction\/action-et-sensibilisation\/prenez-soin-des-forets-arrivees-a-maturite\/","og_locale":"fr_FR","og_type":"article","og_title":"Prenez soin des for\u00eats arriv\u00e9es \u00e0 maturit\u00e9 - Faune et Flore du Pays","og_description":"Plusieurs esp&egrave;ces ne peuvent survivre que dans des habitats tr&egrave;s particuliers. La population de Terre-Neuve de la martre d&rsquo;Am&eacute;rique, par exemple, aime les for&ecirc;ts arriv&eacute;es &agrave; maturit&eacute; dont le sol est couvert de branches cass&eacute;es, de feuilles pourries et de souches. Les nouvelles for&ecirc;ts am&eacute;nag&eacute;es apr&egrave;s coupe ne r&eacute;pondent pas aux besoins de cette esp&egrave;ce, [&hellip;]","og_url":"https:\/\/www.hww.ca\/fr\/passez-a-laction\/action-et-sensibilisation\/prenez-soin-des-forets-arrivees-a-maturite\/","og_site_name":"Faune et Flore du Pays","article_modified_time":"2024-11-18T20:46:37+00:00","og_image":[{"width":960,"height":615,"url":"https:\/\/www.hww.ca\/wp-content\/uploads\/2014\/11\/Coastal-Rainforest.jpg","type":"image\/jpeg"}],"twitter_card":"summary_large_image","twitter_misc":{"Est. reading time":"2 minutes"},"schema":{"@context":"https:\/\/schema.org","@graph":[{"@type":"WebPage","@id":"https:\/\/www.hww.ca\/fr\/passez-a-laction\/action-et-sensibilisation\/prenez-soin-des-forets-arrivees-a-maturite\/","url":"https:\/\/www.hww.ca\/fr\/passez-a-laction\/action-et-sensibilisation\/prenez-soin-des-forets-arrivees-a-maturite\/","name":"Prenez soin des for\u00eats arriv\u00e9es \u00e0 maturit\u00e9 - Faune et Flore du Pays","isPartOf":{"@id":"https:\/\/www.hww.ca\/fr\/#website"},"primaryImageOfPage":{"@id":"https:\/\/www.hww.ca\/fr\/passez-a-laction\/action-et-sensibilisation\/prenez-soin-des-forets-arrivees-a-maturite\/#primaryimage"},"image":{"@id":"https:\/\/www.hww.ca\/fr\/passez-a-laction\/action-et-sensibilisation\/prenez-soin-des-forets-arrivees-a-maturite\/#primaryimage"},"thumbnailUrl":"https:\/\/www.hww.ca\/wp-content\/uploads\/2014\/11\/Coastal-Rainforest.jpg","datePublished":"2011-10-19T21:49:00+00:00","dateModified":"2024-11-18T20:46:37+00:00","breadcrumb":{"@id":"https:\/\/www.hww.ca\/fr\/passez-a-laction\/action-et-sensibilisation\/prenez-soin-des-forets-arrivees-a-maturite\/#breadcrumb"},"inLanguage":"fr-FR","potentialAction":[{"@type":"ReadAction","target":["https:\/\/www.hww.ca\/fr\/passez-a-laction\/action-et-sensibilisation\/prenez-soin-des-forets-arrivees-a-maturite\/"]}]},{"@type":"ImageObject","inLanguage":"fr-FR","@id":"https:\/\/www.hww.ca\/fr\/passez-a-laction\/action-et-sensibilisation\/prenez-soin-des-forets-arrivees-a-maturite\/#primaryimage","url":"https:\/\/www.hww.ca\/wp-content\/uploads\/2014\/11\/Coastal-Rainforest.jpg","contentUrl":"https:\/\/www.hww.ca\/wp-content\/uploads\/2014\/11\/Coastal-Rainforest.jpg","width":960,"height":615,"caption":"For\u00eats pluviales c\u00f4ti\u00e8res"},{"@type":"BreadcrumbList","@id":"https:\/\/www.hww.ca\/fr\/passez-a-laction\/action-et-sensibilisation\/prenez-soin-des-forets-arrivees-a-maturite\/#breadcrumb","itemListElement":[{"@type":"ListItem","position":1,"name":"accueil","item":"https:\/\/www.hww.ca\/fr\/"},{"@type":"ListItem","position":2,"name":"Passez \u00e0 l\u2019action","item":"https:\/\/www.hww.ca\/fr\/passez-a-laction\/"},{"@type":"ListItem","position":3,"name":"Action et sensibilisation","item":"https:\/\/www.hww.ca\/fr\/passez-a-laction\/action-et-sensibilisation\/"},{"@type":"ListItem","position":4,"name":"Prenez soin des for\u00eats arriv\u00e9es \u00e0 maturit\u00e9"}]},{"@type":"WebSite","@id":"https:\/\/www.hww.ca\/fr\/#website","url":"https:\/\/www.hww.ca\/fr\/","name":"Faune et Flore du Pays","description":"","potentialAction":[{"@type":"SearchAction","target":{"@type":"EntryPoint","urlTemplate":"https:\/\/www.hww.ca\/fr\/?s={search_term_string}"},"query-input":{"@type":"PropertyValueSpecification","valueRequired":true,"valueName":"search_term_string"}}],"inLanguage":"fr-FR"}]}},"_links":{"self":[{"href":"https:\/\/www.hww.ca\/fr\/wp-json\/wp\/v2\/pages\/3747","targetHints":{"allow":["GET"]}}],"collection":[{"href":"https:\/\/www.hww.ca\/fr\/wp-json\/wp\/v2\/pages"}],"about":[{"href":"https:\/\/www.hww.ca\/fr\/wp-json\/wp\/v2\/types\/page"}],"author":[{"embeddable":true,"href":"https:\/\/www.hww.ca\/fr\/wp-json\/wp\/v2\/users\/1"}],"replies":[{"embeddable":true,"href":"https:\/\/www.hww.ca\/fr\/wp-json\/wp\/v2\/comments?post=3747"}],"version-history":[{"count":1,"href":"https:\/\/www.hww.ca\/fr\/wp-json\/wp\/v2\/pages\/3747\/revisions"}],"predecessor-version":[{"id":3748,"href":"https:\/\/www.hww.ca\/fr\/wp-json\/wp\/v2\/pages\/3747\/revisions\/3748"}],"up":[{"embeddable":true,"href":"https:\/\/www.hww.ca\/fr\/wp-json\/wp\/v2\/pages\/2277"}],"wp:featuredmedia":[{"embeddable":true,"href":"https:\/\/www.hww.ca\/fr\/wp-json\/wp\/v2\/media\/723"}],"wp:attachment":[{"href":"https:\/\/www.hww.ca\/fr\/wp-json\/wp\/v2\/media?parent=3747"}],"curies":[{"name":"wp","href":"https:\/\/api.w.org\/{rel}","templated":true}]}}