{"id":3637,"date":"2010-02-22T18:54:00","date_gmt":"2010-02-22T18:54:00","guid":{"rendered":"https:\/\/www.hww.ca\/passez-a-laction\/action-et-sensibilisation\/de-lespoir-pour-le-grand-heron\/"},"modified":"2024-12-02T17:40:20","modified_gmt":"2024-12-02T17:40:20","slug":"de-lespoir-pour-le-grand-heron","status":"publish","type":"page","link":"https:\/\/www.hww.ca\/fr\/passez-a-laction\/action-et-sensibilisation\/de-lespoir-pour-le-grand-heron\/","title":{"rendered":"De l&#8217;espoir . . . pour le grand h\u00e9ron"},"content":{"rendered":"<p>Le grand h\u00e9ron, un de nos plus gros et plus majestueux migrateur aviaire, mesure plus d\u2019un m\u00e8tre de haut. Il se reproduit, du d\u00e9but de mars au mois de mai, dans le sud du Canada et apr\u00e8s avoir parcouru de 3 000 \u00e0 4 000 km du Texas, de la Floride, du Mexique ou de l\u2019Am\u00e9rique du Sud. Le h\u00e9ron niche en colonies de 20 \u00e0 40 oiseaux au fa\u00eete des arbres sur des \u00eeles, des p\u00e9ninsules, des rivages et des \u00e9tangs \u00e0 castors. Il abandonne ces sites \u00e0 mesure que les arbres disparaissent.<\/p>\n<p>Vous pouvez retarder ou mettre un frein au d\u00e9clin d\u2019une colonie. Prot\u00e9gez les nids \u00e9rig\u00e9s dans les arbres vivants en enroulant de la t\u00f4le autour de la base des troncs pour emp\u00eacher qu\u2019ils soient coup\u00e9s par les castors. \u00c0 mesure que les arbres se d\u00e9composent et tombent, remplacez-les par des plates-formes de nidification, qui peuvent prolonger \u00e9norm\u00e9ment la vie d\u2019une colonie. Le bihoreau \u00e0 couronne noire et le cormoran \u00e0 aigrettes se serviront \u00e9galement de la structure de nidification suivante.<\/p>\n<ul>\n<li>Choisissez un site pr\u00e8s d\u2019une colonie existante, o\u00f9 l\u2019eau n\u2019a pas plus de 1,5 m de profond. \u00c9rigez les plates-formes de janvier \u00e0 mars, avant que le retour des h\u00e9rons.<\/li>\n<li>Obtenez des poteaux de c\u00e8dre usag\u00e9s ou neufs (30 pi de long et de 8 \u00e0 10 po de diam\u00e8tre \u00e0 la base) aupr\u00e8s du service local de t\u00e9l\u00e9phone ou d\u2019\u00e9lectricit\u00e9.<\/li>\n<li>Construisez trois plates-formes de nidification pour chaque poteau. Coupez les mat\u00e9riaux, percez les trous pour les boulons et assemblez les plates-formes avant de vous rendre sur les lieux.<\/li>\n<li>Clouez le support ext\u00e9rieur du nid (A) \u00e0 la courte entretoise (B) et \u00e0 la longue entretoise (C), en calculant une distance de 53 cm entre les points de clouage. L\u2019extr\u00e9mit\u00e9 du support ext\u00e9rieur (A) d\u00e9passera l\u2019entretoise courte (B) et servira de perchoir. Il en sera de m\u00eame pour l\u2019extr\u00e9mit\u00e9 de la longue entretoise. Clouez les supports int\u00e9rieurs du nid (D, E, et F) aux entretoises (B et C).<\/li>\n<li>Boulonnez un support lat\u00e9ral (G) \u00e0 la longue entretoise (C), puis l\u2019autre support lat\u00e9ral (H) \u00e0 la courte entretoise (B).<\/li>\n<li>Terminez l\u2019ouvrage sur les lieux, sur la glace. (Veillez \u00e0 la s\u00e9curit\u00e9 des \u00e9tudiants en obtenant l\u2019aide du personnel des parcs, d\u2019un groupe local de conservation ou d\u2019un service public.) Fixez les entretoises (B et C) et les supports lat\u00e9raux (G et H) au poteau (I) \u00e0 l\u2019aide de tire-fond. Fixez chaque plate-forme l\u00e9g\u00e8rement inclin\u00e9e vers le haut pour cr\u00e9er un nid.<\/li>\n<li>Placez la premi\u00e8re plate-forme sur le dessus du poteau, la seconde \u00e0 1,2 m en dessous, puis la troisi\u00e8me \u00e0 1,2 m en dessous. Pointez la deuxi\u00e8me plate-forme en direction oppos\u00e9e \u00e0 la premi\u00e8re et \u00e0 la troisi\u00e8me. Fixez quelques branches \u00e0 chaque plate-forme, au moyen de fil de fer.<\/li>\n<li>Utilisez une tron\u00e7onneuse pour tailler un trou de 60 cm de diam\u00e8tre dans la glace.<\/li>\n<li>Percez un trou de 2 m de profond dans le sol \u00e0 l\u2019aide d\u2019une tari\u00e8re \u00e0 moteur de 20 cm. Placez fermement le Poteau dans le trou.<\/li>\n<li>V\u00e9rifiez la structure \u00e0 la fin de chaque saison de nidification pour vous assurer qu\u2019il n\u2019y a aucun dommage.<\/li>\n<\/ul>\n<p><img decoding=\"async\" src=\"https:\/\/www.hww.ca\/wp-content\/uploads\/2011\/11\/HomeForHerons_f.jpg\" alt=\"Sch\u00e9ma d'une plate-forme de nidification\" border=\"0\" \/><\/p>\n<p><strong>Mat\u00e9riaux<\/strong> (vendus en mesures imp\u00e9riales)<\/p>\n<p>A 1 po sur 2 po sur 40 po E 1 po sur 1 po sur 19 po<br \/>\nB 2 po sur 2 po sur 30 po F 1 po sur 1 po sur 18 po<br \/>\nC 2 po sur 2 po sur 7 pi G\/H 1 po sur 2 po sur 27 po<br \/>\nD 1 po sur 1 po sur 20 po I 30 pi de long sur 8 \u00e0 10 po de diam\u00e8tre<\/p>\n","protected":false},"excerpt":{"rendered":"<p>Le grand h\u00e9ron, un de nos plus gros et plus majestueux migrateur aviaire, mesure plus d\u2019un m\u00e8tre de haut. Il se reproduit, du d\u00e9but de mars au mois de mai, dans le sud du Canada et apr\u00e8s avoir parcouru de 3 000 \u00e0 4 000 km du Texas, de la Floride, du Mexique ou de [&hellip;]<\/p>\n","protected":false},"author":1,"featured_media":349,"parent":2277,"menu_order":0,"comment_status":"closed","ping_status":"closed","template":"","meta":{"_acf_changed":false,"_relevanssi_hide_post":"","_relevanssi_hide_content":"","_relevanssi_pin_for_all":"","_relevanssi_pin_keywords":"","_relevanssi_unpin_keywords":"","_relevanssi_related_keywords":"","_relevanssi_related_include_ids":"","_relevanssi_related_exclude_ids":"","_relevanssi_related_no_append":"","_relevanssi_related_not_related":"","_relevanssi_related_posts":"2144,2153,2146,10125","_relevanssi_noindex_reason":"","footnotes":""},"class_list":["post-3637","page","type-page","status-publish","has-post-thumbnail","hentry"],"acf":[],"yoast_head":"<!-- This site is optimized with the Yoast SEO plugin v24.0 - https:\/\/yoast.com\/wordpress\/plugins\/seo\/ -->\n<title>De l&#039;espoir . . . pour le grand h\u00e9ron - Faune et Flore du Pays<\/title>\n<meta name=\"robots\" content=\"index, follow, max-snippet:-1, max-image-preview:large, max-video-preview:-1\" \/>\n<link rel=\"canonical\" href=\"https:\/\/www.hww.ca\/fr\/passez-a-laction\/action-et-sensibilisation\/de-lespoir-pour-le-grand-heron\/\" \/>\n<meta property=\"og:locale\" content=\"fr_FR\" \/>\n<meta property=\"og:type\" content=\"article\" \/>\n<meta property=\"og:title\" content=\"De l&#039;espoir . . . pour le grand h\u00e9ron - Faune et Flore du Pays\" \/>\n<meta property=\"og:description\" content=\"Le grand h\u00e9ron, un de nos plus gros et plus majestueux migrateur aviaire, mesure plus d\u2019un m\u00e8tre de haut. Il se reproduit, du d\u00e9but de mars au mois de mai, dans le sud du Canada et apr\u00e8s avoir parcouru de 3 000 \u00e0 4 000 km du Texas, de la Floride, du Mexique ou de [&hellip;]\" \/>\n<meta property=\"og:url\" content=\"https:\/\/www.hww.ca\/fr\/passez-a-laction\/action-et-sensibilisation\/de-lespoir-pour-le-grand-heron\/\" \/>\n<meta property=\"og:site_name\" content=\"Faune et Flore du Pays\" \/>\n<meta property=\"article:modified_time\" content=\"2024-12-02T17:40:20+00:00\" \/>\n<meta property=\"og:image\" content=\"https:\/\/www.hww.ca\/wp-content\/uploads\/2014\/11\/Great-Blue-Heron.jpg\" \/>\n\t<meta property=\"og:image:width\" content=\"960\" \/>\n\t<meta property=\"og:image:height\" content=\"615\" \/>\n\t<meta property=\"og:image:type\" content=\"image\/jpeg\" \/>\n<meta name=\"twitter:card\" content=\"summary_large_image\" \/>\n<meta name=\"twitter:label1\" content=\"Est. reading time\" \/>\n\t<meta name=\"twitter:data1\" content=\"4 minutes\" \/>\n<script type=\"application\/ld+json\" class=\"yoast-schema-graph\">{\"@context\":\"https:\/\/schema.org\",\"@graph\":[{\"@type\":\"WebPage\",\"@id\":\"https:\/\/www.hww.ca\/fr\/passez-a-laction\/action-et-sensibilisation\/de-lespoir-pour-le-grand-heron\/\",\"url\":\"https:\/\/www.hww.ca\/fr\/passez-a-laction\/action-et-sensibilisation\/de-lespoir-pour-le-grand-heron\/\",\"name\":\"De l'espoir . . . pour le grand h\u00e9ron - Faune et Flore du Pays\",\"isPartOf\":{\"@id\":\"https:\/\/www.hww.ca\/fr\/#website\"},\"primaryImageOfPage\":{\"@id\":\"https:\/\/www.hww.ca\/fr\/passez-a-laction\/action-et-sensibilisation\/de-lespoir-pour-le-grand-heron\/#primaryimage\"},\"image\":{\"@id\":\"https:\/\/www.hww.ca\/fr\/passez-a-laction\/action-et-sensibilisation\/de-lespoir-pour-le-grand-heron\/#primaryimage\"},\"thumbnailUrl\":\"https:\/\/www.hww.ca\/wp-content\/uploads\/2014\/11\/Great-Blue-Heron.jpg\",\"datePublished\":\"2010-02-22T18:54:00+00:00\",\"dateModified\":\"2024-12-02T17:40:20+00:00\",\"breadcrumb\":{\"@id\":\"https:\/\/www.hww.ca\/fr\/passez-a-laction\/action-et-sensibilisation\/de-lespoir-pour-le-grand-heron\/#breadcrumb\"},\"inLanguage\":\"fr-FR\",\"potentialAction\":[{\"@type\":\"ReadAction\",\"target\":[\"https:\/\/www.hww.ca\/fr\/passez-a-laction\/action-et-sensibilisation\/de-lespoir-pour-le-grand-heron\/\"]}]},{\"@type\":\"ImageObject\",\"inLanguage\":\"fr-FR\",\"@id\":\"https:\/\/www.hww.ca\/fr\/passez-a-laction\/action-et-sensibilisation\/de-lespoir-pour-le-grand-heron\/#primaryimage\",\"url\":\"https:\/\/www.hww.ca\/wp-content\/uploads\/2014\/11\/Great-Blue-Heron.jpg\",\"contentUrl\":\"https:\/\/www.hww.ca\/wp-content\/uploads\/2014\/11\/Great-Blue-Heron.jpg\",\"width\":960,\"height\":615,\"caption\":\"Great Blue Heron\"},{\"@type\":\"BreadcrumbList\",\"@id\":\"https:\/\/www.hww.ca\/fr\/passez-a-laction\/action-et-sensibilisation\/de-lespoir-pour-le-grand-heron\/#breadcrumb\",\"itemListElement\":[{\"@type\":\"ListItem\",\"position\":1,\"name\":\"accueil\",\"item\":\"https:\/\/www.hww.ca\/fr\/\"},{\"@type\":\"ListItem\",\"position\":2,\"name\":\"Passez \u00e0 l\u2019action\",\"item\":\"https:\/\/www.hww.ca\/fr\/passez-a-laction\/\"},{\"@type\":\"ListItem\",\"position\":3,\"name\":\"Action et sensibilisation\",\"item\":\"https:\/\/www.hww.ca\/fr\/passez-a-laction\/action-et-sensibilisation\/\"},{\"@type\":\"ListItem\",\"position\":4,\"name\":\"De l&#8217;espoir . . . pour le grand h\u00e9ron\"}]},{\"@type\":\"WebSite\",\"@id\":\"https:\/\/www.hww.ca\/fr\/#website\",\"url\":\"https:\/\/www.hww.ca\/fr\/\",\"name\":\"Faune et Flore du Pays\",\"description\":\"\",\"potentialAction\":[{\"@type\":\"SearchAction\",\"target\":{\"@type\":\"EntryPoint\",\"urlTemplate\":\"https:\/\/www.hww.ca\/fr\/?s={search_term_string}\"},\"query-input\":{\"@type\":\"PropertyValueSpecification\",\"valueRequired\":true,\"valueName\":\"search_term_string\"}}],\"inLanguage\":\"fr-FR\"}]}<\/script>\n<!-- \/ Yoast SEO plugin. -->","yoast_head_json":{"title":"De l'espoir . . . pour le grand h\u00e9ron - Faune et Flore du Pays","robots":{"index":"index","follow":"follow","max-snippet":"max-snippet:-1","max-image-preview":"max-image-preview:large","max-video-preview":"max-video-preview:-1"},"canonical":"https:\/\/www.hww.ca\/fr\/passez-a-laction\/action-et-sensibilisation\/de-lespoir-pour-le-grand-heron\/","og_locale":"fr_FR","og_type":"article","og_title":"De l'espoir . . . pour le grand h\u00e9ron - Faune et Flore du Pays","og_description":"Le grand h\u00e9ron, un de nos plus gros et plus majestueux migrateur aviaire, mesure plus d\u2019un m\u00e8tre de haut. Il se reproduit, du d\u00e9but de mars au mois de mai, dans le sud du Canada et apr\u00e8s avoir parcouru de 3 000 \u00e0 4 000 km du Texas, de la Floride, du Mexique ou de [&hellip;]","og_url":"https:\/\/www.hww.ca\/fr\/passez-a-laction\/action-et-sensibilisation\/de-lespoir-pour-le-grand-heron\/","og_site_name":"Faune et Flore du Pays","article_modified_time":"2024-12-02T17:40:20+00:00","og_image":[{"width":960,"height":615,"url":"https:\/\/www.hww.ca\/wp-content\/uploads\/2014\/11\/Great-Blue-Heron.jpg","type":"image\/jpeg"}],"twitter_card":"summary_large_image","twitter_misc":{"Est. reading time":"4 minutes"},"schema":{"@context":"https:\/\/schema.org","@graph":[{"@type":"WebPage","@id":"https:\/\/www.hww.ca\/fr\/passez-a-laction\/action-et-sensibilisation\/de-lespoir-pour-le-grand-heron\/","url":"https:\/\/www.hww.ca\/fr\/passez-a-laction\/action-et-sensibilisation\/de-lespoir-pour-le-grand-heron\/","name":"De l'espoir . . . pour le grand h\u00e9ron - Faune et Flore du Pays","isPartOf":{"@id":"https:\/\/www.hww.ca\/fr\/#website"},"primaryImageOfPage":{"@id":"https:\/\/www.hww.ca\/fr\/passez-a-laction\/action-et-sensibilisation\/de-lespoir-pour-le-grand-heron\/#primaryimage"},"image":{"@id":"https:\/\/www.hww.ca\/fr\/passez-a-laction\/action-et-sensibilisation\/de-lespoir-pour-le-grand-heron\/#primaryimage"},"thumbnailUrl":"https:\/\/www.hww.ca\/wp-content\/uploads\/2014\/11\/Great-Blue-Heron.jpg","datePublished":"2010-02-22T18:54:00+00:00","dateModified":"2024-12-02T17:40:20+00:00","breadcrumb":{"@id":"https:\/\/www.hww.ca\/fr\/passez-a-laction\/action-et-sensibilisation\/de-lespoir-pour-le-grand-heron\/#breadcrumb"},"inLanguage":"fr-FR","potentialAction":[{"@type":"ReadAction","target":["https:\/\/www.hww.ca\/fr\/passez-a-laction\/action-et-sensibilisation\/de-lespoir-pour-le-grand-heron\/"]}]},{"@type":"ImageObject","inLanguage":"fr-FR","@id":"https:\/\/www.hww.ca\/fr\/passez-a-laction\/action-et-sensibilisation\/de-lespoir-pour-le-grand-heron\/#primaryimage","url":"https:\/\/www.hww.ca\/wp-content\/uploads\/2014\/11\/Great-Blue-Heron.jpg","contentUrl":"https:\/\/www.hww.ca\/wp-content\/uploads\/2014\/11\/Great-Blue-Heron.jpg","width":960,"height":615,"caption":"Great Blue Heron"},{"@type":"BreadcrumbList","@id":"https:\/\/www.hww.ca\/fr\/passez-a-laction\/action-et-sensibilisation\/de-lespoir-pour-le-grand-heron\/#breadcrumb","itemListElement":[{"@type":"ListItem","position":1,"name":"accueil","item":"https:\/\/www.hww.ca\/fr\/"},{"@type":"ListItem","position":2,"name":"Passez \u00e0 l\u2019action","item":"https:\/\/www.hww.ca\/fr\/passez-a-laction\/"},{"@type":"ListItem","position":3,"name":"Action et sensibilisation","item":"https:\/\/www.hww.ca\/fr\/passez-a-laction\/action-et-sensibilisation\/"},{"@type":"ListItem","position":4,"name":"De l&#8217;espoir . . . pour le grand h\u00e9ron"}]},{"@type":"WebSite","@id":"https:\/\/www.hww.ca\/fr\/#website","url":"https:\/\/www.hww.ca\/fr\/","name":"Faune et Flore du Pays","description":"","potentialAction":[{"@type":"SearchAction","target":{"@type":"EntryPoint","urlTemplate":"https:\/\/www.hww.ca\/fr\/?s={search_term_string}"},"query-input":{"@type":"PropertyValueSpecification","valueRequired":true,"valueName":"search_term_string"}}],"inLanguage":"fr-FR"}]}},"_links":{"self":[{"href":"https:\/\/www.hww.ca\/fr\/wp-json\/wp\/v2\/pages\/3637","targetHints":{"allow":["GET"]}}],"collection":[{"href":"https:\/\/www.hww.ca\/fr\/wp-json\/wp\/v2\/pages"}],"about":[{"href":"https:\/\/www.hww.ca\/fr\/wp-json\/wp\/v2\/types\/page"}],"author":[{"embeddable":true,"href":"https:\/\/www.hww.ca\/fr\/wp-json\/wp\/v2\/users\/1"}],"replies":[{"embeddable":true,"href":"https:\/\/www.hww.ca\/fr\/wp-json\/wp\/v2\/comments?post=3637"}],"version-history":[{"count":2,"href":"https:\/\/www.hww.ca\/fr\/wp-json\/wp\/v2\/pages\/3637\/revisions"}],"predecessor-version":[{"id":10385,"href":"https:\/\/www.hww.ca\/fr\/wp-json\/wp\/v2\/pages\/3637\/revisions\/10385"}],"up":[{"embeddable":true,"href":"https:\/\/www.hww.ca\/fr\/wp-json\/wp\/v2\/pages\/2277"}],"wp:featuredmedia":[{"embeddable":true,"href":"https:\/\/www.hww.ca\/fr\/wp-json\/wp\/v2\/media\/349"}],"wp:attachment":[{"href":"https:\/\/www.hww.ca\/fr\/wp-json\/wp\/v2\/media?parent=3637"}],"curies":[{"name":"wp","href":"https:\/\/api.w.org\/{rel}","templated":true}]}}