{"id":3557,"date":"2010-02-22T17:01:00","date_gmt":"2010-02-22T17:01:00","guid":{"rendered":"https:\/\/www.hww.ca\/passez-a-laction\/action-et-sensibilisation\/installation-dune-boite-a-chauves-souris\/"},"modified":"2024-12-02T17:43:11","modified_gmt":"2024-12-02T17:43:11","slug":"installation-dune-boite-a-chauves-souris","status":"publish","type":"page","link":"https:\/\/www.hww.ca\/fr\/passez-a-laction\/action-et-sensibilisation\/installation-dune-boite-a-chauves-souris\/","title":{"rendered":"Installation d&#8217;une bo\u00eete \u00e0 chauves-souris"},"content":{"rendered":"<p><strong>Installation d\u2019une bo\u00eete \u00e0 chauves-souris<\/strong><\/p>\n<p>La raret\u00e9 d\u2019habitations convenables menace la survie des chauves-souris. L\u2019installation d\u2019une ou deux bo\u00eetes \u00e0 chauves-souris est un excellent moyen d\u2019aider les populations de chauves-souris. Pour augmenter vos chances d\u2019attirer des locataires, respectez les conseils suivants :<\/p>\n<ul>\n<li>La temp\u00e9rature est un facteur d\u00e9cisif dans le choix d\u2019une habitation. Au Canada, les bo\u00eetes \u00e0 chauves-souris devraient recevoir au moins dix heures d\u2019ensoleillement direct par jour, et m\u00eame davantage.<\/li>\n<li>Fixez les bo\u00eetes \u00e0 chauve-souris sur des poteaux ou sur le c\u00f4t\u00e9 d\u2019un b\u00e2timent, au moins \u00e0 4 m\u00e8tres du sol. Les bo\u00eetes fix\u00e9es aux arbres sont plus difficiles \u00e0 rep\u00e9rer par les chauves-souris et plus vuln\u00e9rables aux pr\u00e9dateurs.<\/li>\n<li>Les chauves-souris ont besoin de boire de l\u2019eau chaque soir, donc les bo\u00eetes situ\u00e9es \u00e0 moins de 400 m\u00e8tres d\u2019une source d\u2019eau comme un ruisseau, une rivi\u00e8re ou un lac ont de meilleures chances d\u2019attirer des locataires.<\/li>\n<li>Les chauves-souris ont besoin d\u2019une zone d\u2019approche d\u00e9gag\u00e9e pour entrer et sortir, alors \u00e9vitez de placer la bo\u00eete dans un endroit o\u00f9 il y a beaucoup d\u2019obstacles comme des branches d\u2019arbres.<\/li>\n<li>Le fait de placer deux bo\u00eetes ou plus dans un m\u00eame endroit permet aux chauves-souris de mieux r\u00e9agir aux changements de temp\u00e9rature en leur permettant de se d\u00e9placer d\u2019un abri \u00e0 l\u2019autre, au besoin.<\/li>\n<li>N\u2019installez pas les bo\u00eetes \u00e0 chauves-souris pr\u00e8s d\u2019\u00e9clairages puissants.<\/li>\n<li>Comme le climat canadien est froid, peinturez l\u2019ext\u00e9rieur de la bo\u00eete en noir ou en brun fonc\u00e9 pour augmenter la chaleur int\u00e9rieure. Utilisez de la peinture ou de la teinture \u00e0 base d\u2019eau, et non \u00e0 base d\u2019huile. Appliquez-en trois couches.<\/li>\n<li>N\u2019utilisez que du bois non trait\u00e9 pour construire l\u2019abri, car le bois trait\u00e9 sous pression pourrait contenir des produits chimiques toxiques pour les chauves-souris.<\/li>\n<li>Les surfaces internes doivent \u00eatre rugueuses pour offrir une bonne prise aux chauves-souris. Pratiquez des rainures horizontales, et non verticales, de 1 \u00e0 1,5 mm de profondeur et espac\u00e9es de 13 mm. Une autre solution est de fixer un grillage \u2014 n\u2019utilisez pas un grillage m\u00e9tallique, mais seulement un grillage de plastique tendu fermement sur les parois int\u00e9rieures pour \u00e9viter de blesser les chauves-souris.<\/li>\n<li>Calfeutrez tous les joints, en particulier autour du toit, pour \u00e9viter les courants d\u2019air et maintenir des temp\u00e9ratures stables.<\/li>\n<li>Servez-vous de vis con\u00e7ues pour emploi ext\u00e9rieur ou galvanis\u00e9es, et non de clous.<\/li>\n<li>Si apr\u00e8s deux ann\u00e9es la bo\u00eete demeure vacante, changez-la de place.<\/li>\n<\/ul>\n<p><strong><img loading=\"lazy\" decoding=\"async\" src=\"https:\/\/www.hww.ca\/wp-content\/uploads\/2011\/11\/bat_house_fr.gif\" alt=\"Diagramme d'une bo\u00eete \u00e0 chauve-souris\" width=\"187\" height=\"560\" align=\"right\" border=\"0\" \/>Bo\u00eete \u00ab Rocket \u00bb \u00e0 deux chambres<\/strong><\/p>\n<p><strong>Liste des mat\u00e9riaux<\/strong><\/p>\n<ul>\n<li>Un poteau de m\u00e9tal d\u2019un diam\u00e8tre int\u00e9rieur de 5 cm (2 po) (diam\u00e8tre ext\u00e9rieur de 6,4 cm (2 1\/2 po)), 6 m\u00e8tres (20 pi) de long.<\/li>\n<li>Deux planches de c\u00e8dre ou de pin mesurant 1 po sur 10 po sur 8 pi (2,4 m) (dimensions finies 3\/4 po sur 9 1\/4 po sur 8 pi). Coupez chaque planche en deux longueurs de 90 cm (36 po). Utilisez le reste pour le toit int\u00e9rieur.<\/li>\n<li>Deux planches de c\u00e8dre ou de pin mesurant 1 po sur 8 po sur 8 pi (2,4 m) (dimensions finies 3\/4 po sur 7 1\/2 po sur 8 pi). R\u00e9duisez la largeur \u00e0 6 1\/4 po. (Conservez les retailles pour les pi\u00e8ces d\u2019espacement). Coupez chaque planche en deux longueurs de 105 cm (42 po).<\/li>\n<li>Deux planches de c\u00e8dre ou de pin mesurant 1 po sur 4 po sur 8 pi (2,4 m) (dimensions finies 3\/4 po sur 3 1\/2 po sur 8 pi). R\u00e9duisez la largeur \u00e0 3 1\/4 po. Coupez chaque planche en deux longueurs de 112 cm (45 po).<\/li>\n<li>Une bo\u00eete de 100 vis \u00e0 t\u00eate plate (Robertson) \u2014 taille 8 x 3,1 cm (1-1\/4 po)<\/li>\n<li>Une bo\u00eete de 100 vis \u00e0 t\u00eate plate (Robertson) \u2014 taille 6 x 4 cm (1-5\/8 po)<\/li>\n<li>Un tube de calfeutrant d\u2019ext\u00e9rieur au latex (pouvant \u00eatre peintur\u00e9)<\/li>\n<li>Deux pintes de peinture mate au latex pour l\u2019ext\u00e9rieur, en noir ou brun fonc\u00e9<\/li>\n<li>Un toit en t\u00f4le (illustr\u00e9) ou un capuchon d\u2019\u00e9vent de toit carr\u00e9 en plastique (plus \u00e9conomique et plus facile \u00e0 trouver)<\/li>\n<li>Un attache de cl\u00f4ture pour fixer le poteau<\/li>\n<li>Quatre vis de 5 cm (2 po)<\/li>\n<\/ul>\n<p><strong>Instructions<\/strong><\/p>\n<ul>\n<li>Les bo\u00eetes \u00ab Rocket \u00bb ont \u00e9t\u00e9 con\u00e7ues pour \u00eatre fix\u00e9es \u00e0 un poteau de bois (non trait\u00e9) de 10 cm sur 10 cm (4 po sur 4 po). Pour augmenter la durabilit\u00e9, le poteau de bois a \u00e9t\u00e9 remplac\u00e9 ici par un manchon de bois fix\u00e9 \u00e0 un poteau de m\u00e9tal.<\/li>\n<li>Si vous fixez cette bo\u00eete \u00e0 un b\u00e2timent, placez-la du c\u00f4t\u00e9 sud ou sud-est pour l\u2019exposer au soleil. Utilisez des<br \/>\nretailles pour fermer le bas du manchon de poteau, afin d\u2019\u00e9viter que des gu\u00eapes n\u2019y fassent leur nid.<\/li>\n<li>La bo\u00eete \u00ab Rocket \u00bb \u00e0 deux chambres comporte deux modules et un manchon de poteau (voir l\u2019illustration). Les prolongements du module interne et du manchon de poteau servent de surface<br \/>\nd\u2019atterrissage aux chauves-souris. Chaque module forme un carr\u00e9 parfait.<\/li>\n<li>Les hauteurs indiqu\u00e9es pour les trois modules sont des mesures minimales. La bo\u00eete peut \u00eatre plus haute.<\/li>\n<li>Vous devez utiliser du bois d\u2019oeuvre d\u2019une \u00e9paisseur finie de 20 mm (3\/4 po) car un espacement de 20 mm (3\/4 po) est essentiel pour les chambres de l\u2019abri. Si vous utilisez du bois d\u2019oeuvre d\u2019une \u00e9paisseur diff\u00e9rente, ajustez les dimensions en cons\u00e9quence.<\/li>\n<\/ul>\n<p><strong>Manchon de poteau<\/strong><\/p>\n<ul>\n<li>Assemblez les quatre planches de 112 cm pour former une bo\u00eete, utilisant des vis \u00e0 t\u00eate plate de 4 cm, et appliquez du calfeutrant.<\/li>\n<li>Ciselez des rainures horizontales sur les quatre surfaces ext\u00e9rieures. (Voir \u00ab Installation d\u2019une bo\u00eete \u00e0 chauves-souris \u00bb)<\/li>\n<li>Coupez 40 pi\u00e8ces d\u2019espacement d\u2019environ 7,5 cm de long, en utilisant les retailles des planches de 20 mm d\u2019\u00e9paisseur. (Conseil pratique : lorsque vous marquez le bois pour le scier, indiquez quel c\u00f4t\u00e9 doit \u00eatre fix\u00e9 \u00e0 la bo\u00eete pour que l\u2019espacement de la chambre soit de 20 mm.)<\/li>\n<li><img loading=\"lazy\" decoding=\"async\" src=\"https:\/\/www.hww.ca\/wp-content\/uploads\/2011\/11\/bat_house_fr_interior.gif\" alt=\"Diagramme d'une bo\u00eete \u00e0 chauve-souris\" width=\"176\" height=\"181\" align=\"right\" border=\"0\" hspace=\"0\" \/>Coupez 8 pi\u00e8ces d\u2019espacement d\u2019environ 15 cm de long, en utilisant les retailles des planches de 20 mm d\u2019\u00e9paisseur.<\/li>\n<li>Percez un trou de 3 mm aux deux extr\u00e9mit\u00e9s de chaque pi\u00e8ce d\u2019espacement pour que le bois ne se fendille pas. Utilisez du papier abrasif pour poncer les bords rugueux.<\/li>\n<li>\u00c0 la partie sup\u00e9rieure et au milieu de trois parois du manchon de poteau, fixez deux pi\u00e8ces d\u2019espacement de 7,5 cm (une \u00e0 gauche et une \u00e0 droite) utilisant les vis rev\u00eatues \u00e0 t\u00eate plate de 3,1 cm (deux vis par pi\u00e8ce d\u2019espacement). Fixez les deux pi\u00e8ces d\u2019espacement inf\u00e9rieures \u00e0 20 cm du bas des trois parois.<\/li>\n<li>R\u00e9p\u00e9tez ce qui pr\u00e9c\u00e8de sur la quatri\u00e8me paroi utilisant quatre pi\u00e8ces d\u2019espacement de 15 cm \u00e0 la partie sup\u00e9rieure et \u00e0 20 cm du bas.<\/li>\n<\/ul>\n<p><strong>Module interne<\/strong><\/p>\n<ul>\n<li>Ciselez des rainures horizontales sur les deux surfaces des planches de 105 cm.<\/li>\n<li>Dans deux de ces planches, d\u00e9coupez un trou de 3,75 cm au moyen d\u2019une scie \u00e0 trou de 3,75 cm (pour permettre aux chauves-souris de circuler d\u2019une chambre \u00e0 l\u2019autre), centr\u00e9 horizontalement, \u00e0 environ 26 cm du bas. Utilisez du papier abrasif pour poncer les bords des orifices. Les trous de circulation seront sur deux faces oppos\u00e9es de la bo\u00eete.<\/li>\n<li>Assemblez trois des quatre planches pour former une bo\u00eete ouverte, utilisant des vis \u00e0 t\u00eate plate de 4 cm, et appliquez du calfeutrant.<\/li>\n<li>Placez le manchon de poteau dans le module interne (les trous de circulation \u00e9tant au bas) de sorte que la paroi du manchon ayant les pi\u00e8ces d\u2019espacement les plus longues soit du c\u00f4t\u00e9 ouvert. Positionnez le haut du manchon de niveau avec le haut du module interne.<\/li>\n<li>Sur la quatri\u00e8me planche de 105 cm, marquez la position des pi\u00e8ces d\u2019espacement du haut et du bas.<\/li>\n<li>Fixez la quatri\u00e8me planche du module interne, utilisant des vis \u00e0 t\u00eate plate de 4 cm, et appliquez du calfeutrant.<\/li>\n<li>Fixez le module interne au manchon de poteau en ins\u00e9rant deux vis \u00e0 t\u00eate plate de 4 cm dans la partie centrale de chacune des pi\u00e8ces d\u2019espacement de 15 cm. Les vis ne doivent pas faire saillie dans les chambres de l\u2019abri.<\/li>\n<li>Fixez des pi\u00e8ces d\u2019espacement \u00e0 l\u2019ext\u00e9rieur du module interne selon les m\u00eames instructions que pour le manchon de poteau.<\/li>\n<\/ul>\n<p><strong>Module externe <\/strong><\/p>\n<ul>\n<li>Ciselez des rainures horizontales sur les surfaces int\u00e9rieures des planches de 90 cm.<\/li>\n<li>Assemblez le module externe et fixez-le au module interne selon les instructions qui pr\u00e9c\u00e8dent. (Nota : ne percez pas de trous de circulation dans le module externe.)<\/li>\n<\/ul>\n<p><strong>Toit<\/strong><\/p>\n<ul>\n<li>Pour le toit int\u00e9rieur, mesurez le module externe et coupez selon les dimensions, utilisant le reste de la planche de 23,5 cm de large. (Nota : cette pi\u00e8ce ne couvrira pas compl\u00e8tement le module externe, alors vous devez la centrer, appliquer du calfeutrant, puis la visser en place.) Calfeutrez tous les bords et utilisez des vis \u00e0 t\u00eate plate de 3,1 cm. Vissez-les avec soin dans les bords sup\u00e9rieurs du module externe en \u00e9vitant de faire saillie dans les chambres de l\u2019abri.<\/li>\n<li>Fixez un toit de t\u00f4le (tel qu\u2019illustr\u00e9); utilisez des rivets de s\u00fbret\u00e9, du calfeutrant et de la peinture noire.<br \/>\nou<\/li>\n<li>D\u00e9tachez le capuchon d\u2019\u00e9vent de sa base. Appliquez une quantit\u00e9 g\u00e9n\u00e9reuse de calfeutrant sur le dessous de la base et mettez-le fermement en place sur le toit interne. N\u2019utilisez pas de vis.<\/li>\n<\/ul>\n<p><strong>Finition <\/strong><\/p>\n<ul>\n<li>Peinturez la surface externe de la bo\u00eete (Voir \u00ab Installation d\u2019une bo\u00eete \u00e0 chauves-souris \u00bb)<\/li>\n<li>Fixez l\u2019attache de cl\u00f4ture \u00e0 la partie inf\u00e9rieure du manchon de poteau, en utilisant quatre vis de 5 cm.<\/li>\n<li>Ins\u00e9rez le poteau dans l\u2019attache de cl\u00f4ture et resserrez l\u2019\u00e9crou de l\u2019attache.<\/li>\n<li>Voir \u00ab Installation d\u2019une bo\u00eete \u00e0 chauves-souris \u00bb pour choisir l\u2019emplacement id\u00e9al.<\/li>\n<\/ul>\n<p>Ces plans ont \u00e9t\u00e9 adapt\u00e9s d\u2019un mod\u00e8le con\u00e7u par John Wilcox et g\u00e9n\u00e9reusement fourni par l\u2019organisme Bat Conservation International. Veuillez faire part de vos succ\u00e8s ou de vos \u00e9checs \u00e0 l\u2019organisme BCI&lt;\/a \/&gt; par t\u00e9l\u00e9phone au (512) 327-9721 ou par courriel au <a href=\"mailto:mkiser@batcon.org\">mkiser@batcon.org<\/a>.<\/p>\n<p>La FCF d\u00e9sire remercier l\u2019organisme Bat Conservation International pour avoir collabor\u00e9 \u00e0 l&#8217;\u00e9laboration de ce mat\u00e9riel documentaire. Pour de plus amples renseignements concernant les chauves-souris ou les bo\u00eetes \u00e0 chauves-souris, visitez le site Web de l&#8217;organisme au <a href=\"http:\/\/www.batcon.org\/\">www.batcon.org<\/a><\/p>\n<p>Illustrations : Michel Poirier<\/p>\n","protected":false},"excerpt":{"rendered":"<p>Installation d\u2019une bo\u00eete \u00e0 chauves-souris La raret\u00e9 d\u2019habitations convenables menace la survie des chauves-souris. L\u2019installation d\u2019une ou deux bo\u00eetes \u00e0 chauves-souris est un excellent moyen d\u2019aider les populations de chauves-souris. Pour augmenter vos chances d\u2019attirer des locataires, respectez les conseils suivants : La temp\u00e9rature est un facteur d\u00e9cisif dans le choix d\u2019une habitation. Au Canada, [&hellip;]<\/p>\n","protected":false},"author":1,"featured_media":763,"parent":2277,"menu_order":0,"comment_status":"closed","ping_status":"closed","template":"","meta":{"_acf_changed":false,"_relevanssi_hide_post":"","_relevanssi_hide_content":"","_relevanssi_pin_for_all":"","_relevanssi_pin_keywords":"","_relevanssi_unpin_keywords":"","_relevanssi_related_keywords":"","_relevanssi_related_include_ids":"","_relevanssi_related_exclude_ids":"","_relevanssi_related_no_append":"","_relevanssi_related_not_related":"","_relevanssi_related_posts":"2146,2144,2153,10125","_relevanssi_noindex_reason":"","footnotes":""},"class_list":["post-3557","page","type-page","status-publish","has-post-thumbnail","hentry"],"acf":[],"yoast_head":"<!-- This site is optimized with the Yoast SEO plugin v24.0 - https:\/\/yoast.com\/wordpress\/plugins\/seo\/ -->\n<title>Installation d&#039;une bo\u00eete \u00e0 chauves-souris - Faune et Flore du Pays<\/title>\n<meta name=\"robots\" content=\"index, follow, max-snippet:-1, max-image-preview:large, max-video-preview:-1\" \/>\n<link rel=\"canonical\" href=\"https:\/\/www.hww.ca\/fr\/passez-a-laction\/action-et-sensibilisation\/installation-dune-boite-a-chauves-souris\/\" \/>\n<meta property=\"og:locale\" content=\"fr_FR\" \/>\n<meta property=\"og:type\" content=\"article\" \/>\n<meta property=\"og:title\" content=\"Installation d&#039;une bo\u00eete \u00e0 chauves-souris - Faune et Flore du Pays\" \/>\n<meta property=\"og:description\" content=\"Installation d\u2019une bo\u00eete \u00e0 chauves-souris La raret\u00e9 d\u2019habitations convenables menace la survie des chauves-souris. L\u2019installation d\u2019une ou deux bo\u00eetes \u00e0 chauves-souris est un excellent moyen d\u2019aider les populations de chauves-souris. Pour augmenter vos chances d\u2019attirer des locataires, respectez les conseils suivants : La temp\u00e9rature est un facteur d\u00e9cisif dans le choix d\u2019une habitation. Au Canada, [&hellip;]\" \/>\n<meta property=\"og:url\" content=\"https:\/\/www.hww.ca\/fr\/passez-a-laction\/action-et-sensibilisation\/installation-dune-boite-a-chauves-souris\/\" \/>\n<meta property=\"og:site_name\" content=\"Faune et Flore du Pays\" \/>\n<meta property=\"article:modified_time\" content=\"2024-12-02T17:43:11+00:00\" \/>\n<meta property=\"og:image\" content=\"https:\/\/www.hww.ca\/wp-content\/uploads\/2014\/11\/bats.jpg\" \/>\n\t<meta property=\"og:image:width\" content=\"960\" \/>\n\t<meta property=\"og:image:height\" content=\"615\" \/>\n\t<meta property=\"og:image:type\" content=\"image\/jpeg\" \/>\n<meta name=\"twitter:card\" content=\"summary_large_image\" \/>\n<meta name=\"twitter:label1\" content=\"Est. reading time\" \/>\n\t<meta name=\"twitter:data1\" content=\"8 minutes\" \/>\n<script type=\"application\/ld+json\" class=\"yoast-schema-graph\">{\"@context\":\"https:\/\/schema.org\",\"@graph\":[{\"@type\":\"WebPage\",\"@id\":\"https:\/\/www.hww.ca\/fr\/passez-a-laction\/action-et-sensibilisation\/installation-dune-boite-a-chauves-souris\/\",\"url\":\"https:\/\/www.hww.ca\/fr\/passez-a-laction\/action-et-sensibilisation\/installation-dune-boite-a-chauves-souris\/\",\"name\":\"Installation d'une bo\u00eete \u00e0 chauves-souris - Faune et Flore du Pays\",\"isPartOf\":{\"@id\":\"https:\/\/www.hww.ca\/fr\/#website\"},\"primaryImageOfPage\":{\"@id\":\"https:\/\/www.hww.ca\/fr\/passez-a-laction\/action-et-sensibilisation\/installation-dune-boite-a-chauves-souris\/#primaryimage\"},\"image\":{\"@id\":\"https:\/\/www.hww.ca\/fr\/passez-a-laction\/action-et-sensibilisation\/installation-dune-boite-a-chauves-souris\/#primaryimage\"},\"thumbnailUrl\":\"https:\/\/www.hww.ca\/wp-content\/uploads\/2014\/11\/bats.jpg\",\"datePublished\":\"2010-02-22T17:01:00+00:00\",\"dateModified\":\"2024-12-02T17:43:11+00:00\",\"breadcrumb\":{\"@id\":\"https:\/\/www.hww.ca\/fr\/passez-a-laction\/action-et-sensibilisation\/installation-dune-boite-a-chauves-souris\/#breadcrumb\"},\"inLanguage\":\"fr-FR\",\"potentialAction\":[{\"@type\":\"ReadAction\",\"target\":[\"https:\/\/www.hww.ca\/fr\/passez-a-laction\/action-et-sensibilisation\/installation-dune-boite-a-chauves-souris\/\"]}]},{\"@type\":\"ImageObject\",\"inLanguage\":\"fr-FR\",\"@id\":\"https:\/\/www.hww.ca\/fr\/passez-a-laction\/action-et-sensibilisation\/installation-dune-boite-a-chauves-souris\/#primaryimage\",\"url\":\"https:\/\/www.hww.ca\/wp-content\/uploads\/2014\/11\/bats.jpg\",\"contentUrl\":\"https:\/\/www.hww.ca\/wp-content\/uploads\/2014\/11\/bats.jpg\",\"width\":960,\"height\":615,\"caption\":\"Chauves-souris\"},{\"@type\":\"BreadcrumbList\",\"@id\":\"https:\/\/www.hww.ca\/fr\/passez-a-laction\/action-et-sensibilisation\/installation-dune-boite-a-chauves-souris\/#breadcrumb\",\"itemListElement\":[{\"@type\":\"ListItem\",\"position\":1,\"name\":\"accueil\",\"item\":\"https:\/\/www.hww.ca\/fr\/\"},{\"@type\":\"ListItem\",\"position\":2,\"name\":\"Passez \u00e0 l\u2019action\",\"item\":\"https:\/\/www.hww.ca\/fr\/passez-a-laction\/\"},{\"@type\":\"ListItem\",\"position\":3,\"name\":\"Action et sensibilisation\",\"item\":\"https:\/\/www.hww.ca\/fr\/passez-a-laction\/action-et-sensibilisation\/\"},{\"@type\":\"ListItem\",\"position\":4,\"name\":\"Installation d&#8217;une bo\u00eete \u00e0 chauves-souris\"}]},{\"@type\":\"WebSite\",\"@id\":\"https:\/\/www.hww.ca\/fr\/#website\",\"url\":\"https:\/\/www.hww.ca\/fr\/\",\"name\":\"Faune et Flore du Pays\",\"description\":\"\",\"potentialAction\":[{\"@type\":\"SearchAction\",\"target\":{\"@type\":\"EntryPoint\",\"urlTemplate\":\"https:\/\/www.hww.ca\/fr\/?s={search_term_string}\"},\"query-input\":{\"@type\":\"PropertyValueSpecification\",\"valueRequired\":true,\"valueName\":\"search_term_string\"}}],\"inLanguage\":\"fr-FR\"}]}<\/script>\n<!-- \/ Yoast SEO plugin. -->","yoast_head_json":{"title":"Installation d'une bo\u00eete \u00e0 chauves-souris - Faune et Flore du Pays","robots":{"index":"index","follow":"follow","max-snippet":"max-snippet:-1","max-image-preview":"max-image-preview:large","max-video-preview":"max-video-preview:-1"},"canonical":"https:\/\/www.hww.ca\/fr\/passez-a-laction\/action-et-sensibilisation\/installation-dune-boite-a-chauves-souris\/","og_locale":"fr_FR","og_type":"article","og_title":"Installation d'une bo\u00eete \u00e0 chauves-souris - Faune et Flore du Pays","og_description":"Installation d\u2019une bo\u00eete \u00e0 chauves-souris La raret\u00e9 d\u2019habitations convenables menace la survie des chauves-souris. L\u2019installation d\u2019une ou deux bo\u00eetes \u00e0 chauves-souris est un excellent moyen d\u2019aider les populations de chauves-souris. Pour augmenter vos chances d\u2019attirer des locataires, respectez les conseils suivants : La temp\u00e9rature est un facteur d\u00e9cisif dans le choix d\u2019une habitation. Au Canada, [&hellip;]","og_url":"https:\/\/www.hww.ca\/fr\/passez-a-laction\/action-et-sensibilisation\/installation-dune-boite-a-chauves-souris\/","og_site_name":"Faune et Flore du Pays","article_modified_time":"2024-12-02T17:43:11+00:00","og_image":[{"width":960,"height":615,"url":"https:\/\/www.hww.ca\/wp-content\/uploads\/2014\/11\/bats.jpg","type":"image\/jpeg"}],"twitter_card":"summary_large_image","twitter_misc":{"Est. reading time":"8 minutes"},"schema":{"@context":"https:\/\/schema.org","@graph":[{"@type":"WebPage","@id":"https:\/\/www.hww.ca\/fr\/passez-a-laction\/action-et-sensibilisation\/installation-dune-boite-a-chauves-souris\/","url":"https:\/\/www.hww.ca\/fr\/passez-a-laction\/action-et-sensibilisation\/installation-dune-boite-a-chauves-souris\/","name":"Installation d'une bo\u00eete \u00e0 chauves-souris - Faune et Flore du Pays","isPartOf":{"@id":"https:\/\/www.hww.ca\/fr\/#website"},"primaryImageOfPage":{"@id":"https:\/\/www.hww.ca\/fr\/passez-a-laction\/action-et-sensibilisation\/installation-dune-boite-a-chauves-souris\/#primaryimage"},"image":{"@id":"https:\/\/www.hww.ca\/fr\/passez-a-laction\/action-et-sensibilisation\/installation-dune-boite-a-chauves-souris\/#primaryimage"},"thumbnailUrl":"https:\/\/www.hww.ca\/wp-content\/uploads\/2014\/11\/bats.jpg","datePublished":"2010-02-22T17:01:00+00:00","dateModified":"2024-12-02T17:43:11+00:00","breadcrumb":{"@id":"https:\/\/www.hww.ca\/fr\/passez-a-laction\/action-et-sensibilisation\/installation-dune-boite-a-chauves-souris\/#breadcrumb"},"inLanguage":"fr-FR","potentialAction":[{"@type":"ReadAction","target":["https:\/\/www.hww.ca\/fr\/passez-a-laction\/action-et-sensibilisation\/installation-dune-boite-a-chauves-souris\/"]}]},{"@type":"ImageObject","inLanguage":"fr-FR","@id":"https:\/\/www.hww.ca\/fr\/passez-a-laction\/action-et-sensibilisation\/installation-dune-boite-a-chauves-souris\/#primaryimage","url":"https:\/\/www.hww.ca\/wp-content\/uploads\/2014\/11\/bats.jpg","contentUrl":"https:\/\/www.hww.ca\/wp-content\/uploads\/2014\/11\/bats.jpg","width":960,"height":615,"caption":"Chauves-souris"},{"@type":"BreadcrumbList","@id":"https:\/\/www.hww.ca\/fr\/passez-a-laction\/action-et-sensibilisation\/installation-dune-boite-a-chauves-souris\/#breadcrumb","itemListElement":[{"@type":"ListItem","position":1,"name":"accueil","item":"https:\/\/www.hww.ca\/fr\/"},{"@type":"ListItem","position":2,"name":"Passez \u00e0 l\u2019action","item":"https:\/\/www.hww.ca\/fr\/passez-a-laction\/"},{"@type":"ListItem","position":3,"name":"Action et sensibilisation","item":"https:\/\/www.hww.ca\/fr\/passez-a-laction\/action-et-sensibilisation\/"},{"@type":"ListItem","position":4,"name":"Installation d&#8217;une bo\u00eete \u00e0 chauves-souris"}]},{"@type":"WebSite","@id":"https:\/\/www.hww.ca\/fr\/#website","url":"https:\/\/www.hww.ca\/fr\/","name":"Faune et Flore du Pays","description":"","potentialAction":[{"@type":"SearchAction","target":{"@type":"EntryPoint","urlTemplate":"https:\/\/www.hww.ca\/fr\/?s={search_term_string}"},"query-input":{"@type":"PropertyValueSpecification","valueRequired":true,"valueName":"search_term_string"}}],"inLanguage":"fr-FR"}]}},"_links":{"self":[{"href":"https:\/\/www.hww.ca\/fr\/wp-json\/wp\/v2\/pages\/3557","targetHints":{"allow":["GET"]}}],"collection":[{"href":"https:\/\/www.hww.ca\/fr\/wp-json\/wp\/v2\/pages"}],"about":[{"href":"https:\/\/www.hww.ca\/fr\/wp-json\/wp\/v2\/types\/page"}],"author":[{"embeddable":true,"href":"https:\/\/www.hww.ca\/fr\/wp-json\/wp\/v2\/users\/1"}],"replies":[{"embeddable":true,"href":"https:\/\/www.hww.ca\/fr\/wp-json\/wp\/v2\/comments?post=3557"}],"version-history":[{"count":2,"href":"https:\/\/www.hww.ca\/fr\/wp-json\/wp\/v2\/pages\/3557\/revisions"}],"predecessor-version":[{"id":10387,"href":"https:\/\/www.hww.ca\/fr\/wp-json\/wp\/v2\/pages\/3557\/revisions\/10387"}],"up":[{"embeddable":true,"href":"https:\/\/www.hww.ca\/fr\/wp-json\/wp\/v2\/pages\/2277"}],"wp:featuredmedia":[{"embeddable":true,"href":"https:\/\/www.hww.ca\/fr\/wp-json\/wp\/v2\/media\/763"}],"wp:attachment":[{"href":"https:\/\/www.hww.ca\/fr\/wp-json\/wp\/v2\/media?parent=3557"}],"curies":[{"name":"wp","href":"https:\/\/api.w.org\/{rel}","templated":true}]}}