{"id":3537,"date":"2011-10-19T21:49:00","date_gmt":"2011-10-19T21:49:00","guid":{"rendered":"https:\/\/www.hww.ca\/passez-a-laction\/action-et-sensibilisation\/eliminez-les-pesticides-de-votre-cour-decole-et-de-votre-localite\/"},"modified":"2024-11-18T20:46:23","modified_gmt":"2024-11-18T20:46:23","slug":"eliminez-les-pesticides-de-votre-cour-decole-et-de-votre-localite","status":"publish","type":"page","link":"https:\/\/www.hww.ca\/fr\/passez-a-laction\/action-et-sensibilisation\/eliminez-les-pesticides-de-votre-cour-decole-et-de-votre-localite\/","title":{"rendered":"\u00c9liminez les pesticides de votre cour d&#8217;\u00e9cole et de votre localit\u00e9"},"content":{"rendered":"<p><em>Il y avait un calme &eacute;trange. Les oiseaux, par exemple &mdash; o&ugrave; &eacute;taient-ils partis ? Beaucoup de gens en parlaient, perplexes et inquiets. Les mangeoires de jardins &eacute;taient d&eacute;sertes. Les quelques oiseaux qu&rsquo;on apercevait &eacute;taient moribonds; ils tremblaient violemment et ne pouvaient pas voler. C&rsquo;&eacute;tait un printemps sans voix.<\/em> [trad.] <br \/>&mdash; Rachel Carson<br \/><em>Silent Spring, 1962<\/em><\/p>\n<p>L&rsquo;&oelig;uvre classique de Rachel Carson a &eacute;veill&eacute; le monde aux dangers des pesticides qui font du tort non seulement aux mauvaises herbes et aux insectes ind&eacute;sirables, mais aussi aux oiseaux dans les airs, aux poissons dans l&rsquo;eau, aux plantes &laquo; sources de vie &raquo; sur terre et, fatalement, &agrave; nous-m&ecirc;mes. Pr&egrave;s de 40 ans plus tard, nous avons interdit l&rsquo;usage de quelques pesticides les plus nocifs. Toutefois, bon nombre de pesticides sont encore utilis&eacute;s &agrave; la maison et &agrave; l&rsquo;&eacute;cole, et continuent d&rsquo;empoisonner les esp&egrave;ces sauvages et l&rsquo;&ecirc;tre humain. Nous sommes incapables de contr&ocirc;ler les b&ecirc;tes nuisibles sans les pesticides. Est-ce vraiment impossible ? Voici quelques solutions de rechange :<\/p>\n<ul>\n<li>Faites pousser des &oelig;illets d&rsquo;Inde, de l&rsquo;ail, des chrysanth&egrave;mes, du basilic, de la sarriette ou de la menthe parmi les plantes dans la cour d&rsquo;&eacute;cole. Leurs odeurs et leurs s&eacute;cr&eacute;tions sont r&eacute;pugnantes pour beaucoup d&rsquo;esp&egrave;ces nuisibles.<\/li>\n<li>Essayez des m&eacute;thodes manuelles : arrachez les pissenlits, le plantain et autres auvaises herbes; enlevez les larves d&rsquo;insectes; d&eacute;logez des arbres les esp&egrave;ces nuisibles comme les pucerons, les t&eacute;tranyques et les limaces, en les arrosant d&rsquo;un jet d&rsquo;eau puissant; enlevez les feuilles infest&eacute;es et sarclez la terre pour &eacute;liminer les mauvaises herbes et avoir des plantes en sant&eacute; et libres de b&ecirc;tes nuisibles.<\/li>\n<li>Attirez des insectivores comme les oiseaux chanteurs, les chauves-souris, les amphibiens et les insectes pr&eacute;dateurs en r&eacute;alisant les projets d&rsquo;habitats pr&eacute;sent&eacute;s sur ce site Web.<\/li>\n<li>Fabriquez votre propre insecticide. M&eacute;langez 100 ml de piments forts broy&eacute;s &agrave; 400 ml d&rsquo;eau. Filtrez le m&eacute;lange et vaporisez-le sur les plantes infect&eacute;es. (Notez que les piments forts peuvent irriter les yeux et la peau.)<\/li>\n<li>Rendez-vous &agrave; la biblioth&egrave;que locale afin d&rsquo;obtenir des livres sur les m&eacute;thodes naturelles de contr&ocirc;le des b&ecirc;tes nuisibles.<\/li>\n<\/ul>\n<p>Lorsque vous aurez &eacute;tudi&eacute; les dangers des produits chimiques nocifs et explor&eacute; les solutions de rechange, faites les d&eacute;marches n&eacute;cessaires pour &eacute;liminer les pesticides de votre &eacute;cole et de votre localit&eacute; :<\/p>\n<ul>\n<li>Partagez vos connaissances et vos pr&eacute;occupations avec les parents, les enseignants, les &eacute;l&egrave;ves, le directeur, le personnel d&rsquo;entretien, les infirmi&egrave;res et autres employ&eacute;s. Demandez aux int&eacute;ress&eacute;s de signer un engagement en vue de r&eacute;duire ou d&rsquo;abolir la pulv&eacute;risation de pesticides dans la cour d&rsquo;&eacute;cole.<\/li>\n<li>Joignez-vous &agrave; d&rsquo;autres groupes qui s&rsquo;opposent &agrave; l&rsquo;utilisation de ces produits chimiques. &Eacute;changez des id&eacute;es, des strat&eacute;gies et des informations. Vous pouvez trouver de bons partenaires parmi les m&eacute;decins, associations m&eacute;dicales, groupes d&rsquo;action sociale contre le cancer, organismes &eacute;cologiques, groupes de naturalistes de terrain, associations de chasse et p&ecirc;che, clubs de jardinage organique.<\/li>\n<li>&Eacute;crivez des lettres aux repr&eacute;sentants &eacute;lus locaux les incitant &agrave; imposer un contr&ocirc;le plus rigoureux sur l&rsquo;usage des pesticides. Faites parvenir un communiqu&eacute; au journal local, &agrave; la t&eacute;l&eacute;vision communautaire et aux chroniqueurs radiophoniques, indiquant vos pr&eacute;occupations. Demandez-leur de mentionner les dangers des insecticides et des herbicides.<\/li>\n<li>Proposez &agrave; votre conseil municipal d&rsquo;interdire ou de limiter l&rsquo;utilisation de pesticides. Les villes de Chelsea, Hudson et Westmount, au Qu&eacute;bec, ont adopt&eacute; des r&egrave;glements municipaux interdisant &laquo; l&rsquo;usage esth&eacute;tique &raquo; de ces produits chimiques.<\/li>\n<\/ul>\n","protected":false},"excerpt":{"rendered":"<p>Il y avait un calme &eacute;trange. Les oiseaux, par exemple &mdash; o&ugrave; &eacute;taient-ils partis ? Beaucoup de gens en parlaient, perplexes et inquiets. Les mangeoires de jardins &eacute;taient d&eacute;sertes. Les quelques oiseaux qu&rsquo;on apercevait &eacute;taient moribonds; ils tremblaient violemment et ne pouvaient pas voler. C&rsquo;&eacute;tait un printemps sans voix. [trad.] &mdash; Rachel CarsonSilent Spring, 1962 [&hellip;]<\/p>\n","protected":false},"author":1,"featured_media":455,"parent":2277,"menu_order":0,"comment_status":"closed","ping_status":"closed","template":"","meta":{"_acf_changed":false,"_relevanssi_hide_post":"","_relevanssi_hide_content":"","_relevanssi_pin_for_all":"","_relevanssi_pin_keywords":"","_relevanssi_unpin_keywords":"","_relevanssi_related_keywords":"","_relevanssi_related_include_ids":"","_relevanssi_related_exclude_ids":"","_relevanssi_related_no_append":"","_relevanssi_related_not_related":"","_relevanssi_related_posts":"","_relevanssi_noindex_reason":"","footnotes":""},"class_list":["post-3537","page","type-page","status-publish","has-post-thumbnail","hentry"],"acf":[],"yoast_head":"<!-- This site is optimized with the Yoast SEO plugin v24.0 - https:\/\/yoast.com\/wordpress\/plugins\/seo\/ -->\n<title>\u00c9liminez les pesticides de votre cour d&#039;\u00e9cole et de votre localit\u00e9 - Faune et Flore du Pays<\/title>\n<meta name=\"robots\" content=\"index, follow, max-snippet:-1, max-image-preview:large, max-video-preview:-1\" \/>\n<link rel=\"canonical\" href=\"https:\/\/www.hww.ca\/fr\/passez-a-laction\/action-et-sensibilisation\/eliminez-les-pesticides-de-votre-cour-decole-et-de-votre-localite\/\" \/>\n<meta property=\"og:locale\" content=\"fr_FR\" \/>\n<meta property=\"og:type\" content=\"article\" \/>\n<meta property=\"og:title\" content=\"\u00c9liminez les pesticides de votre cour d&#039;\u00e9cole et de votre localit\u00e9 - Faune et Flore du Pays\" \/>\n<meta property=\"og:description\" content=\"Il y avait un calme &eacute;trange. Les oiseaux, par exemple &mdash; o&ugrave; &eacute;taient-ils partis ? Beaucoup de gens en parlaient, perplexes et inquiets. Les mangeoires de jardins &eacute;taient d&eacute;sertes. Les quelques oiseaux qu&rsquo;on apercevait &eacute;taient moribonds; ils tremblaient violemment et ne pouvaient pas voler. C&rsquo;&eacute;tait un printemps sans voix. [trad.] &mdash; Rachel CarsonSilent Spring, 1962 [&hellip;]\" \/>\n<meta property=\"og:url\" content=\"https:\/\/www.hww.ca\/fr\/passez-a-laction\/action-et-sensibilisation\/eliminez-les-pesticides-de-votre-cour-decole-et-de-votre-localite\/\" \/>\n<meta property=\"og:site_name\" content=\"Faune et Flore du Pays\" \/>\n<meta property=\"article:modified_time\" content=\"2024-11-18T20:46:23+00:00\" \/>\n<meta property=\"og:image\" content=\"https:\/\/www.hww.ca\/wp-content\/uploads\/2014\/11\/monarch.jpg\" \/>\n\t<meta property=\"og:image:width\" content=\"960\" \/>\n\t<meta property=\"og:image:height\" content=\"615\" \/>\n\t<meta property=\"og:image:type\" content=\"image\/jpeg\" \/>\n<meta name=\"twitter:card\" content=\"summary_large_image\" \/>\n<meta name=\"twitter:label1\" content=\"Est. reading time\" \/>\n\t<meta name=\"twitter:data1\" content=\"4 minutes\" \/>\n<script type=\"application\/ld+json\" class=\"yoast-schema-graph\">{\"@context\":\"https:\/\/schema.org\",\"@graph\":[{\"@type\":\"WebPage\",\"@id\":\"https:\/\/www.hww.ca\/fr\/passez-a-laction\/action-et-sensibilisation\/eliminez-les-pesticides-de-votre-cour-decole-et-de-votre-localite\/\",\"url\":\"https:\/\/www.hww.ca\/fr\/passez-a-laction\/action-et-sensibilisation\/eliminez-les-pesticides-de-votre-cour-decole-et-de-votre-localite\/\",\"name\":\"\u00c9liminez les pesticides de votre cour d'\u00e9cole et de votre localit\u00e9 - Faune et Flore du Pays\",\"isPartOf\":{\"@id\":\"https:\/\/www.hww.ca\/fr\/#website\"},\"primaryImageOfPage\":{\"@id\":\"https:\/\/www.hww.ca\/fr\/passez-a-laction\/action-et-sensibilisation\/eliminez-les-pesticides-de-votre-cour-decole-et-de-votre-localite\/#primaryimage\"},\"image\":{\"@id\":\"https:\/\/www.hww.ca\/fr\/passez-a-laction\/action-et-sensibilisation\/eliminez-les-pesticides-de-votre-cour-decole-et-de-votre-localite\/#primaryimage\"},\"thumbnailUrl\":\"https:\/\/www.hww.ca\/wp-content\/uploads\/2014\/11\/monarch.jpg\",\"datePublished\":\"2011-10-19T21:49:00+00:00\",\"dateModified\":\"2024-11-18T20:46:23+00:00\",\"breadcrumb\":{\"@id\":\"https:\/\/www.hww.ca\/fr\/passez-a-laction\/action-et-sensibilisation\/eliminez-les-pesticides-de-votre-cour-decole-et-de-votre-localite\/#breadcrumb\"},\"inLanguage\":\"fr-FR\",\"potentialAction\":[{\"@type\":\"ReadAction\",\"target\":[\"https:\/\/www.hww.ca\/fr\/passez-a-laction\/action-et-sensibilisation\/eliminez-les-pesticides-de-votre-cour-decole-et-de-votre-localite\/\"]}]},{\"@type\":\"ImageObject\",\"inLanguage\":\"fr-FR\",\"@id\":\"https:\/\/www.hww.ca\/fr\/passez-a-laction\/action-et-sensibilisation\/eliminez-les-pesticides-de-votre-cour-decole-et-de-votre-localite\/#primaryimage\",\"url\":\"https:\/\/www.hww.ca\/wp-content\/uploads\/2014\/11\/monarch.jpg\",\"contentUrl\":\"https:\/\/www.hww.ca\/wp-content\/uploads\/2014\/11\/monarch.jpg\",\"width\":960,\"height\":615,\"caption\":\"Monarque\"},{\"@type\":\"BreadcrumbList\",\"@id\":\"https:\/\/www.hww.ca\/fr\/passez-a-laction\/action-et-sensibilisation\/eliminez-les-pesticides-de-votre-cour-decole-et-de-votre-localite\/#breadcrumb\",\"itemListElement\":[{\"@type\":\"ListItem\",\"position\":1,\"name\":\"accueil\",\"item\":\"https:\/\/www.hww.ca\/fr\/\"},{\"@type\":\"ListItem\",\"position\":2,\"name\":\"Passez \u00e0 l\u2019action\",\"item\":\"https:\/\/www.hww.ca\/fr\/passez-a-laction\/\"},{\"@type\":\"ListItem\",\"position\":3,\"name\":\"Action et sensibilisation\",\"item\":\"https:\/\/www.hww.ca\/fr\/passez-a-laction\/action-et-sensibilisation\/\"},{\"@type\":\"ListItem\",\"position\":4,\"name\":\"\u00c9liminez les pesticides de votre cour d&#8217;\u00e9cole et de votre localit\u00e9\"}]},{\"@type\":\"WebSite\",\"@id\":\"https:\/\/www.hww.ca\/fr\/#website\",\"url\":\"https:\/\/www.hww.ca\/fr\/\",\"name\":\"Faune et Flore du Pays\",\"description\":\"\",\"potentialAction\":[{\"@type\":\"SearchAction\",\"target\":{\"@type\":\"EntryPoint\",\"urlTemplate\":\"https:\/\/www.hww.ca\/fr\/?s={search_term_string}\"},\"query-input\":{\"@type\":\"PropertyValueSpecification\",\"valueRequired\":true,\"valueName\":\"search_term_string\"}}],\"inLanguage\":\"fr-FR\"}]}<\/script>\n<!-- \/ Yoast SEO plugin. -->","yoast_head_json":{"title":"\u00c9liminez les pesticides de votre cour d'\u00e9cole et de votre localit\u00e9 - Faune et Flore du Pays","robots":{"index":"index","follow":"follow","max-snippet":"max-snippet:-1","max-image-preview":"max-image-preview:large","max-video-preview":"max-video-preview:-1"},"canonical":"https:\/\/www.hww.ca\/fr\/passez-a-laction\/action-et-sensibilisation\/eliminez-les-pesticides-de-votre-cour-decole-et-de-votre-localite\/","og_locale":"fr_FR","og_type":"article","og_title":"\u00c9liminez les pesticides de votre cour d'\u00e9cole et de votre localit\u00e9 - Faune et Flore du Pays","og_description":"Il y avait un calme &eacute;trange. Les oiseaux, par exemple &mdash; o&ugrave; &eacute;taient-ils partis ? Beaucoup de gens en parlaient, perplexes et inquiets. Les mangeoires de jardins &eacute;taient d&eacute;sertes. Les quelques oiseaux qu&rsquo;on apercevait &eacute;taient moribonds; ils tremblaient violemment et ne pouvaient pas voler. C&rsquo;&eacute;tait un printemps sans voix. [trad.] &mdash; Rachel CarsonSilent Spring, 1962 [&hellip;]","og_url":"https:\/\/www.hww.ca\/fr\/passez-a-laction\/action-et-sensibilisation\/eliminez-les-pesticides-de-votre-cour-decole-et-de-votre-localite\/","og_site_name":"Faune et Flore du Pays","article_modified_time":"2024-11-18T20:46:23+00:00","og_image":[{"width":960,"height":615,"url":"https:\/\/www.hww.ca\/wp-content\/uploads\/2014\/11\/monarch.jpg","type":"image\/jpeg"}],"twitter_card":"summary_large_image","twitter_misc":{"Est. reading time":"4 minutes"},"schema":{"@context":"https:\/\/schema.org","@graph":[{"@type":"WebPage","@id":"https:\/\/www.hww.ca\/fr\/passez-a-laction\/action-et-sensibilisation\/eliminez-les-pesticides-de-votre-cour-decole-et-de-votre-localite\/","url":"https:\/\/www.hww.ca\/fr\/passez-a-laction\/action-et-sensibilisation\/eliminez-les-pesticides-de-votre-cour-decole-et-de-votre-localite\/","name":"\u00c9liminez les pesticides de votre cour d'\u00e9cole et de votre localit\u00e9 - Faune et Flore du Pays","isPartOf":{"@id":"https:\/\/www.hww.ca\/fr\/#website"},"primaryImageOfPage":{"@id":"https:\/\/www.hww.ca\/fr\/passez-a-laction\/action-et-sensibilisation\/eliminez-les-pesticides-de-votre-cour-decole-et-de-votre-localite\/#primaryimage"},"image":{"@id":"https:\/\/www.hww.ca\/fr\/passez-a-laction\/action-et-sensibilisation\/eliminez-les-pesticides-de-votre-cour-decole-et-de-votre-localite\/#primaryimage"},"thumbnailUrl":"https:\/\/www.hww.ca\/wp-content\/uploads\/2014\/11\/monarch.jpg","datePublished":"2011-10-19T21:49:00+00:00","dateModified":"2024-11-18T20:46:23+00:00","breadcrumb":{"@id":"https:\/\/www.hww.ca\/fr\/passez-a-laction\/action-et-sensibilisation\/eliminez-les-pesticides-de-votre-cour-decole-et-de-votre-localite\/#breadcrumb"},"inLanguage":"fr-FR","potentialAction":[{"@type":"ReadAction","target":["https:\/\/www.hww.ca\/fr\/passez-a-laction\/action-et-sensibilisation\/eliminez-les-pesticides-de-votre-cour-decole-et-de-votre-localite\/"]}]},{"@type":"ImageObject","inLanguage":"fr-FR","@id":"https:\/\/www.hww.ca\/fr\/passez-a-laction\/action-et-sensibilisation\/eliminez-les-pesticides-de-votre-cour-decole-et-de-votre-localite\/#primaryimage","url":"https:\/\/www.hww.ca\/wp-content\/uploads\/2014\/11\/monarch.jpg","contentUrl":"https:\/\/www.hww.ca\/wp-content\/uploads\/2014\/11\/monarch.jpg","width":960,"height":615,"caption":"Monarque"},{"@type":"BreadcrumbList","@id":"https:\/\/www.hww.ca\/fr\/passez-a-laction\/action-et-sensibilisation\/eliminez-les-pesticides-de-votre-cour-decole-et-de-votre-localite\/#breadcrumb","itemListElement":[{"@type":"ListItem","position":1,"name":"accueil","item":"https:\/\/www.hww.ca\/fr\/"},{"@type":"ListItem","position":2,"name":"Passez \u00e0 l\u2019action","item":"https:\/\/www.hww.ca\/fr\/passez-a-laction\/"},{"@type":"ListItem","position":3,"name":"Action et sensibilisation","item":"https:\/\/www.hww.ca\/fr\/passez-a-laction\/action-et-sensibilisation\/"},{"@type":"ListItem","position":4,"name":"\u00c9liminez les pesticides de votre cour d&#8217;\u00e9cole et de votre localit\u00e9"}]},{"@type":"WebSite","@id":"https:\/\/www.hww.ca\/fr\/#website","url":"https:\/\/www.hww.ca\/fr\/","name":"Faune et Flore du Pays","description":"","potentialAction":[{"@type":"SearchAction","target":{"@type":"EntryPoint","urlTemplate":"https:\/\/www.hww.ca\/fr\/?s={search_term_string}"},"query-input":{"@type":"PropertyValueSpecification","valueRequired":true,"valueName":"search_term_string"}}],"inLanguage":"fr-FR"}]}},"_links":{"self":[{"href":"https:\/\/www.hww.ca\/fr\/wp-json\/wp\/v2\/pages\/3537","targetHints":{"allow":["GET"]}}],"collection":[{"href":"https:\/\/www.hww.ca\/fr\/wp-json\/wp\/v2\/pages"}],"about":[{"href":"https:\/\/www.hww.ca\/fr\/wp-json\/wp\/v2\/types\/page"}],"author":[{"embeddable":true,"href":"https:\/\/www.hww.ca\/fr\/wp-json\/wp\/v2\/users\/1"}],"replies":[{"embeddable":true,"href":"https:\/\/www.hww.ca\/fr\/wp-json\/wp\/v2\/comments?post=3537"}],"version-history":[{"count":1,"href":"https:\/\/www.hww.ca\/fr\/wp-json\/wp\/v2\/pages\/3537\/revisions"}],"predecessor-version":[{"id":3538,"href":"https:\/\/www.hww.ca\/fr\/wp-json\/wp\/v2\/pages\/3537\/revisions\/3538"}],"up":[{"embeddable":true,"href":"https:\/\/www.hww.ca\/fr\/wp-json\/wp\/v2\/pages\/2277"}],"wp:featuredmedia":[{"embeddable":true,"href":"https:\/\/www.hww.ca\/fr\/wp-json\/wp\/v2\/media\/455"}],"wp:attachment":[{"href":"https:\/\/www.hww.ca\/fr\/wp-json\/wp\/v2\/media?parent=3537"}],"curies":[{"name":"wp","href":"https:\/\/api.w.org\/{rel}","templated":true}]}}