{"id":3501,"date":"2011-10-19T21:49:00","date_gmt":"2011-10-19T21:49:00","guid":{"rendered":"https:\/\/www.hww.ca\/passez-a-laction\/action-et-sensibilisation\/offrez-un-abri-aux-oiseaux-qui-hivernent\/"},"modified":"2024-11-18T20:46:22","modified_gmt":"2024-11-18T20:46:22","slug":"offrez-un-abri-aux-oiseaux-qui-hivernent","status":"publish","type":"page","link":"https:\/\/www.hww.ca\/fr\/passez-a-laction\/action-et-sensibilisation\/offrez-un-abri-aux-oiseaux-qui-hivernent\/","title":{"rendered":"Offrez un abri aux oiseaux qui hivernent"},"content":{"rendered":"<p>Plusieurs esp&egrave;ces d&rsquo;oiseaux attendent &agrave; l&rsquo;int&eacute;rieur des creux des troncs d&rsquo;arbres et des morceaux de bois flottant que le mauvais temps passe. Pendant les nuits d&rsquo;hiver, lorsque la temp&eacute;rature chute, les oiseaux peuvent avoir de la difficult&eacute; &agrave; trouver des endroits convenables o&ugrave; ils peuvent se r&eacute;fugier. M&ecirc;me les conif&egrave;res les plus &eacute;pais peuvent ne pas &ecirc;tre suffisants pour emp&ecirc;cher les oiseaux de mourir de froid. M&ecirc;me si les oiseaux se regroupent en vol&eacute;e autour de votre mangeoire, il n&rsquo;y a peut-&ecirc;tre pas assez d&rsquo;espace pour qu&rsquo;ils puissent tous se percher &agrave; cet endroit.<\/p>\n<p>Pourquoi ne pas rendre service aux oiseaux qui hivernent en leur construisant un &laquo; dortoir &raquo; ? Voici quelques trucs pour en fabriquer un :<\/p>\n<ul>\n<li>La bo&icirc;te mesure habituellement de 35 &agrave; 46 cm de largeur sur 40 &agrave; 50 cm de hauteur sur environ 30 cm de profondeur (les dimensions de l&rsquo;ensemble important peu).<\/li>\n<li>Faites plusieurs perchoirs avec des chevilles de bois de 0,7 cm (1\/4 po) ou 1 cm (3\/8 po) de diam&egrave;tre, et installez-les &agrave; hauteurs vari&eacute;es, &agrave; l&rsquo;int&eacute;rieur de la bo&icirc;te.<\/li>\n<li>Puisque l&rsquo;air chaud a tendance &agrave; monter, faites le trou de l&rsquo;entr&eacute;e pr&egrave;s du bas de la bo&icirc;te pour emp&ecirc;cher la chaleur de sortir. Il n&rsquo;est pas n&eacute;cessaire de construire une bo&icirc;te pour chaque esp&egrave;ce. Une bo&icirc;te pour les petits oiseaux et une pour les plus gros seront suffisantes. Comme pour les nichoirs, des trous de diff&eacute;rents diam&egrave;tres attireront des esp&egrave;ces diff&eacute;rentes.<\/li>\n<li>Construisez votre bo&icirc;te aussi &eacute;tanche que possible, sans percer de trous de drainage ou d&rsquo;a&eacute;ration.<\/li>\n<li>Installez des charni&egrave;res sur l&rsquo;un des c&ocirc;t&eacute;s de la bo&icirc;te, plut&ocirc;t que sur le dessus, afin de permettre &agrave; quelqu&rsquo;un de l&rsquo;ouvrir et de la nettoyer, une fois l&rsquo;hiver termin&eacute;.<\/li>\n<li>Vous pouvez installer un crochet pour garder la porte ferm&eacute;e.<\/li>\n<li>Installez votre bo&icirc;te bien &agrave; l&rsquo;abri, du c&ocirc;t&eacute; sud d&rsquo;un &eacute;difice ou d&rsquo;un gros arbre.<\/li>\n<li>Lorsque l&rsquo;&eacute;t&eacute; arrive, fermez la bo&icirc;te et rangez-la si vous voulez emp&ecirc;cher les hirondelles et les souris de s&rsquo;y installer.<\/li>\n<\/ul>\n","protected":false},"excerpt":{"rendered":"<p>Plusieurs esp&egrave;ces d&rsquo;oiseaux attendent &agrave; l&rsquo;int&eacute;rieur des creux des troncs d&rsquo;arbres et des morceaux de bois flottant que le mauvais temps passe. Pendant les nuits d&rsquo;hiver, lorsque la temp&eacute;rature chute, les oiseaux peuvent avoir de la difficult&eacute; &agrave; trouver des endroits convenables o&ugrave; ils peuvent se r&eacute;fugier. M&ecirc;me les conif&egrave;res les plus &eacute;pais peuvent ne [&hellip;]<\/p>\n","protected":false},"author":1,"featured_media":294,"parent":2277,"menu_order":0,"comment_status":"closed","ping_status":"closed","template":"","meta":{"_acf_changed":false,"_relevanssi_hide_post":"","_relevanssi_hide_content":"","_relevanssi_pin_for_all":"","_relevanssi_pin_keywords":"","_relevanssi_unpin_keywords":"","_relevanssi_related_keywords":"","_relevanssi_related_include_ids":"","_relevanssi_related_exclude_ids":"","_relevanssi_related_no_append":"","_relevanssi_related_not_related":"","_relevanssi_related_posts":"","_relevanssi_noindex_reason":"","footnotes":""},"class_list":["post-3501","page","type-page","status-publish","has-post-thumbnail","hentry"],"acf":[],"yoast_head":"<!-- This site is optimized with the Yoast SEO plugin v24.0 - https:\/\/yoast.com\/wordpress\/plugins\/seo\/ -->\n<title>Offrez un abri aux oiseaux qui hivernent - Faune et Flore du Pays<\/title>\n<meta name=\"robots\" content=\"index, follow, max-snippet:-1, max-image-preview:large, max-video-preview:-1\" \/>\n<link rel=\"canonical\" href=\"https:\/\/www.hww.ca\/fr\/passez-a-laction\/action-et-sensibilisation\/offrez-un-abri-aux-oiseaux-qui-hivernent\/\" \/>\n<meta property=\"og:locale\" content=\"fr_FR\" \/>\n<meta property=\"og:type\" content=\"article\" \/>\n<meta property=\"og:title\" content=\"Offrez un abri aux oiseaux qui hivernent - Faune et Flore du Pays\" \/>\n<meta property=\"og:description\" content=\"Plusieurs esp&egrave;ces d&rsquo;oiseaux attendent &agrave; l&rsquo;int&eacute;rieur des creux des troncs d&rsquo;arbres et des morceaux de bois flottant que le mauvais temps passe. Pendant les nuits d&rsquo;hiver, lorsque la temp&eacute;rature chute, les oiseaux peuvent avoir de la difficult&eacute; &agrave; trouver des endroits convenables o&ugrave; ils peuvent se r&eacute;fugier. M&ecirc;me les conif&egrave;res les plus &eacute;pais peuvent ne [&hellip;]\" \/>\n<meta property=\"og:url\" content=\"https:\/\/www.hww.ca\/fr\/passez-a-laction\/action-et-sensibilisation\/offrez-un-abri-aux-oiseaux-qui-hivernent\/\" \/>\n<meta property=\"og:site_name\" content=\"Faune et Flore du Pays\" \/>\n<meta property=\"article:modified_time\" content=\"2024-11-18T20:46:22+00:00\" \/>\n<meta property=\"og:image\" content=\"https:\/\/www.hww.ca\/wp-content\/uploads\/2014\/11\/Black-capped-Chickadee.jpg\" \/>\n\t<meta property=\"og:image:width\" content=\"960\" \/>\n\t<meta property=\"og:image:height\" content=\"615\" \/>\n\t<meta property=\"og:image:type\" content=\"image\/jpeg\" \/>\n<meta name=\"twitter:card\" content=\"summary_large_image\" \/>\n<meta name=\"twitter:label1\" content=\"Est. reading time\" \/>\n\t<meta name=\"twitter:data1\" content=\"2 minutes\" \/>\n<script type=\"application\/ld+json\" class=\"yoast-schema-graph\">{\"@context\":\"https:\/\/schema.org\",\"@graph\":[{\"@type\":\"WebPage\",\"@id\":\"https:\/\/www.hww.ca\/fr\/passez-a-laction\/action-et-sensibilisation\/offrez-un-abri-aux-oiseaux-qui-hivernent\/\",\"url\":\"https:\/\/www.hww.ca\/fr\/passez-a-laction\/action-et-sensibilisation\/offrez-un-abri-aux-oiseaux-qui-hivernent\/\",\"name\":\"Offrez un abri aux oiseaux qui hivernent - Faune et Flore du Pays\",\"isPartOf\":{\"@id\":\"https:\/\/www.hww.ca\/fr\/#website\"},\"primaryImageOfPage\":{\"@id\":\"https:\/\/www.hww.ca\/fr\/passez-a-laction\/action-et-sensibilisation\/offrez-un-abri-aux-oiseaux-qui-hivernent\/#primaryimage\"},\"image\":{\"@id\":\"https:\/\/www.hww.ca\/fr\/passez-a-laction\/action-et-sensibilisation\/offrez-un-abri-aux-oiseaux-qui-hivernent\/#primaryimage\"},\"thumbnailUrl\":\"https:\/\/www.hww.ca\/wp-content\/uploads\/2014\/11\/Black-capped-Chickadee.jpg\",\"datePublished\":\"2011-10-19T21:49:00+00:00\",\"dateModified\":\"2024-11-18T20:46:22+00:00\",\"breadcrumb\":{\"@id\":\"https:\/\/www.hww.ca\/fr\/passez-a-laction\/action-et-sensibilisation\/offrez-un-abri-aux-oiseaux-qui-hivernent\/#breadcrumb\"},\"inLanguage\":\"fr-FR\",\"potentialAction\":[{\"@type\":\"ReadAction\",\"target\":[\"https:\/\/www.hww.ca\/fr\/passez-a-laction\/action-et-sensibilisation\/offrez-un-abri-aux-oiseaux-qui-hivernent\/\"]}]},{\"@type\":\"ImageObject\",\"inLanguage\":\"fr-FR\",\"@id\":\"https:\/\/www.hww.ca\/fr\/passez-a-laction\/action-et-sensibilisation\/offrez-un-abri-aux-oiseaux-qui-hivernent\/#primaryimage\",\"url\":\"https:\/\/www.hww.ca\/wp-content\/uploads\/2014\/11\/Black-capped-Chickadee.jpg\",\"contentUrl\":\"https:\/\/www.hww.ca\/wp-content\/uploads\/2014\/11\/Black-capped-Chickadee.jpg\",\"width\":960,\"height\":615,\"caption\":\"la M\u00e9sange \u00e0 t\u00eate noire\"},{\"@type\":\"BreadcrumbList\",\"@id\":\"https:\/\/www.hww.ca\/fr\/passez-a-laction\/action-et-sensibilisation\/offrez-un-abri-aux-oiseaux-qui-hivernent\/#breadcrumb\",\"itemListElement\":[{\"@type\":\"ListItem\",\"position\":1,\"name\":\"accueil\",\"item\":\"https:\/\/www.hww.ca\/fr\/\"},{\"@type\":\"ListItem\",\"position\":2,\"name\":\"Passez \u00e0 l\u2019action\",\"item\":\"https:\/\/www.hww.ca\/fr\/passez-a-laction\/\"},{\"@type\":\"ListItem\",\"position\":3,\"name\":\"Action et sensibilisation\",\"item\":\"https:\/\/www.hww.ca\/fr\/passez-a-laction\/action-et-sensibilisation\/\"},{\"@type\":\"ListItem\",\"position\":4,\"name\":\"Offrez un abri aux oiseaux qui hivernent\"}]},{\"@type\":\"WebSite\",\"@id\":\"https:\/\/www.hww.ca\/fr\/#website\",\"url\":\"https:\/\/www.hww.ca\/fr\/\",\"name\":\"Faune et Flore du Pays\",\"description\":\"\",\"potentialAction\":[{\"@type\":\"SearchAction\",\"target\":{\"@type\":\"EntryPoint\",\"urlTemplate\":\"https:\/\/www.hww.ca\/fr\/?s={search_term_string}\"},\"query-input\":{\"@type\":\"PropertyValueSpecification\",\"valueRequired\":true,\"valueName\":\"search_term_string\"}}],\"inLanguage\":\"fr-FR\"}]}<\/script>\n<!-- \/ Yoast SEO plugin. -->","yoast_head_json":{"title":"Offrez un abri aux oiseaux qui hivernent - Faune et Flore du Pays","robots":{"index":"index","follow":"follow","max-snippet":"max-snippet:-1","max-image-preview":"max-image-preview:large","max-video-preview":"max-video-preview:-1"},"canonical":"https:\/\/www.hww.ca\/fr\/passez-a-laction\/action-et-sensibilisation\/offrez-un-abri-aux-oiseaux-qui-hivernent\/","og_locale":"fr_FR","og_type":"article","og_title":"Offrez un abri aux oiseaux qui hivernent - Faune et Flore du Pays","og_description":"Plusieurs esp&egrave;ces d&rsquo;oiseaux attendent &agrave; l&rsquo;int&eacute;rieur des creux des troncs d&rsquo;arbres et des morceaux de bois flottant que le mauvais temps passe. Pendant les nuits d&rsquo;hiver, lorsque la temp&eacute;rature chute, les oiseaux peuvent avoir de la difficult&eacute; &agrave; trouver des endroits convenables o&ugrave; ils peuvent se r&eacute;fugier. M&ecirc;me les conif&egrave;res les plus &eacute;pais peuvent ne [&hellip;]","og_url":"https:\/\/www.hww.ca\/fr\/passez-a-laction\/action-et-sensibilisation\/offrez-un-abri-aux-oiseaux-qui-hivernent\/","og_site_name":"Faune et Flore du Pays","article_modified_time":"2024-11-18T20:46:22+00:00","og_image":[{"width":960,"height":615,"url":"https:\/\/www.hww.ca\/wp-content\/uploads\/2014\/11\/Black-capped-Chickadee.jpg","type":"image\/jpeg"}],"twitter_card":"summary_large_image","twitter_misc":{"Est. reading time":"2 minutes"},"schema":{"@context":"https:\/\/schema.org","@graph":[{"@type":"WebPage","@id":"https:\/\/www.hww.ca\/fr\/passez-a-laction\/action-et-sensibilisation\/offrez-un-abri-aux-oiseaux-qui-hivernent\/","url":"https:\/\/www.hww.ca\/fr\/passez-a-laction\/action-et-sensibilisation\/offrez-un-abri-aux-oiseaux-qui-hivernent\/","name":"Offrez un abri aux oiseaux qui hivernent - Faune et Flore du Pays","isPartOf":{"@id":"https:\/\/www.hww.ca\/fr\/#website"},"primaryImageOfPage":{"@id":"https:\/\/www.hww.ca\/fr\/passez-a-laction\/action-et-sensibilisation\/offrez-un-abri-aux-oiseaux-qui-hivernent\/#primaryimage"},"image":{"@id":"https:\/\/www.hww.ca\/fr\/passez-a-laction\/action-et-sensibilisation\/offrez-un-abri-aux-oiseaux-qui-hivernent\/#primaryimage"},"thumbnailUrl":"https:\/\/www.hww.ca\/wp-content\/uploads\/2014\/11\/Black-capped-Chickadee.jpg","datePublished":"2011-10-19T21:49:00+00:00","dateModified":"2024-11-18T20:46:22+00:00","breadcrumb":{"@id":"https:\/\/www.hww.ca\/fr\/passez-a-laction\/action-et-sensibilisation\/offrez-un-abri-aux-oiseaux-qui-hivernent\/#breadcrumb"},"inLanguage":"fr-FR","potentialAction":[{"@type":"ReadAction","target":["https:\/\/www.hww.ca\/fr\/passez-a-laction\/action-et-sensibilisation\/offrez-un-abri-aux-oiseaux-qui-hivernent\/"]}]},{"@type":"ImageObject","inLanguage":"fr-FR","@id":"https:\/\/www.hww.ca\/fr\/passez-a-laction\/action-et-sensibilisation\/offrez-un-abri-aux-oiseaux-qui-hivernent\/#primaryimage","url":"https:\/\/www.hww.ca\/wp-content\/uploads\/2014\/11\/Black-capped-Chickadee.jpg","contentUrl":"https:\/\/www.hww.ca\/wp-content\/uploads\/2014\/11\/Black-capped-Chickadee.jpg","width":960,"height":615,"caption":"la M\u00e9sange \u00e0 t\u00eate noire"},{"@type":"BreadcrumbList","@id":"https:\/\/www.hww.ca\/fr\/passez-a-laction\/action-et-sensibilisation\/offrez-un-abri-aux-oiseaux-qui-hivernent\/#breadcrumb","itemListElement":[{"@type":"ListItem","position":1,"name":"accueil","item":"https:\/\/www.hww.ca\/fr\/"},{"@type":"ListItem","position":2,"name":"Passez \u00e0 l\u2019action","item":"https:\/\/www.hww.ca\/fr\/passez-a-laction\/"},{"@type":"ListItem","position":3,"name":"Action et sensibilisation","item":"https:\/\/www.hww.ca\/fr\/passez-a-laction\/action-et-sensibilisation\/"},{"@type":"ListItem","position":4,"name":"Offrez un abri aux oiseaux qui hivernent"}]},{"@type":"WebSite","@id":"https:\/\/www.hww.ca\/fr\/#website","url":"https:\/\/www.hww.ca\/fr\/","name":"Faune et Flore du Pays","description":"","potentialAction":[{"@type":"SearchAction","target":{"@type":"EntryPoint","urlTemplate":"https:\/\/www.hww.ca\/fr\/?s={search_term_string}"},"query-input":{"@type":"PropertyValueSpecification","valueRequired":true,"valueName":"search_term_string"}}],"inLanguage":"fr-FR"}]}},"_links":{"self":[{"href":"https:\/\/www.hww.ca\/fr\/wp-json\/wp\/v2\/pages\/3501","targetHints":{"allow":["GET"]}}],"collection":[{"href":"https:\/\/www.hww.ca\/fr\/wp-json\/wp\/v2\/pages"}],"about":[{"href":"https:\/\/www.hww.ca\/fr\/wp-json\/wp\/v2\/types\/page"}],"author":[{"embeddable":true,"href":"https:\/\/www.hww.ca\/fr\/wp-json\/wp\/v2\/users\/1"}],"replies":[{"embeddable":true,"href":"https:\/\/www.hww.ca\/fr\/wp-json\/wp\/v2\/comments?post=3501"}],"version-history":[{"count":1,"href":"https:\/\/www.hww.ca\/fr\/wp-json\/wp\/v2\/pages\/3501\/revisions"}],"predecessor-version":[{"id":3502,"href":"https:\/\/www.hww.ca\/fr\/wp-json\/wp\/v2\/pages\/3501\/revisions\/3502"}],"up":[{"embeddable":true,"href":"https:\/\/www.hww.ca\/fr\/wp-json\/wp\/v2\/pages\/2277"}],"wp:featuredmedia":[{"embeddable":true,"href":"https:\/\/www.hww.ca\/fr\/wp-json\/wp\/v2\/media\/294"}],"wp:attachment":[{"href":"https:\/\/www.hww.ca\/fr\/wp-json\/wp\/v2\/media?parent=3501"}],"curies":[{"name":"wp","href":"https:\/\/api.w.org\/{rel}","templated":true}]}}