{"id":3491,"date":"2010-02-22T16:22:00","date_gmt":"2010-02-22T16:22:00","guid":{"rendered":"https:\/\/www.hww.ca\/passez-a-laction\/action-et-sensibilisation\/enrayez-la-predation-par-les-chats\/"},"modified":"2024-12-02T17:42:19","modified_gmt":"2024-12-02T17:42:19","slug":"enrayez-la-predation-par-les-chats","status":"publish","type":"page","link":"https:\/\/www.hww.ca\/fr\/passez-a-laction\/action-et-sensibilisation\/enrayez-la-predation-par-les-chats\/","title":{"rendered":"Enrayez la pr\u00e9dation par les chats"},"content":{"rendered":"<p>Nos amis f\u00e9lins tuent des millions d\u2019oiseaux chanteurs et autres petits animaux au Canada, chaque ann\u00e9e. Ils sont en partie responsables de la quasi-disparition de certaines esp\u00e8ces, notamment la paruline orang\u00e9e, un minuscule oiseau chanteur habitant dans les for\u00eats du sud de l\u2019Ontario. Ils sont aussi responsables d\u2019un pourcentage \u00e9lev\u00e9 d\u2019esp\u00e8ces sauvages bless\u00e9es qui se retrouvent dans les centres de r\u00e9adaptation. Bon nombre de propri\u00e9taires de chats ne sont pas au courant des dangers que leurs animaux domestiques repr\u00e9sentent pour les oiseaux chanteurs \u2014 c\u2019est difficile de croire que le gentil petit chat marbr\u00e9 couch\u00e9 sur vos genoux est un des plus redoutables chasseurs du r\u00e8gne animal.<\/p>\n<p>Les oiseaux ont suffisamment de probl\u00e8mes sans avoir \u00e0 affronter ce danger inutile. Si l\u2019app\u00e9tit f\u00e9roce d\u2019un chat met en danger la faune de votre voisinage, voici ce que vous pouvez faire :<\/p>\n<ul dir=\"ltr\" style=\"margin-right: 0px;\">\n<li>Apportez les chats errants dans un refuge d\u2019animaux, o\u00f9 ils auront une chance de trouver un bon foyer et de pas s\u2019ajouter \u00e0 la population sauvage.<\/li>\n<li>Assurez-vous que les habitats des oiseaux chanteurs sont \u00e0 l\u2019\u00e9preuve des chats. Installez des c\u00f4nes de protection contre les pr\u00e9dateurs sur le tronc des arbres o\u00f9 nichent les oiseaux, placez des odorants r\u00e9pulsifs dans les lieux n\u00e9vralgiques et plantez une v\u00e9g\u00e9tation dense \u00e0 la lisi\u00e8re d\u2019une for\u00eat (voir \u00ab <a href=\"https:\/\/www.hww.ca\/fr\/passez-a-laction\/action-et-sensibilisation\/pays-boises\/plantez-une-zone-tampon-a-la-lisiere-d-une-foret.html\">Plantez une zone tampon \u00e0 la lisi\u00e8re d\u2019une for\u00eat<\/a> \u00bb).<\/li>\n<li>Lancez une campagne de sensibilisation \u00e0 l\u2019intention des propri\u00e9taires de chats :\n<ul>\n<li>Traitez des r\u00e9percussions des chats errants sur les oiseaux chanteurs et d\u2019autres populations fauniques dans un feuillet que les \u00e9l\u00e8ves peuvent distribuer dans la localit\u00e9 ou par la diffusion d\u2019un message d\u2019int\u00e9r\u00eat public sur les ondes de la station-radio communautaire.<\/li>\n<li>Sachez ce dont vous parlez. Obtenez des renseignements aupr\u00e8s d\u2019un service local de la SPCA, de la Soci\u00e9t\u00e9 protectrice des animaux ou d\u2019un centre de soin des oiseaux sauvages. Discutez des cons\u00e9quences possibles du carnage si les six millions de chats au Canada tuaient un seul oiseau chacun.<\/li>\n<li>Incitez les propri\u00e9taires de chats \u00e0 garder leur animal \u00e0 l\u2019int\u00e9rieur, surtout lorsque les oisillons apprennent \u00e0 voler. (Les chats sont plus en s\u00e9curit\u00e9 \u00e0 l\u2019int\u00e9rieur parce qu\u2019ils sont prot\u00e9g\u00e9s des dangers que pose la circulation routi\u00e8re, des maladies et des gros pr\u00e9dateurs.)<\/li>\n<li>Dissipez les mythes concernant les chats \u2014 par exemple, que les chats d\u00e9griff\u00e9s, bien nourris et portant une clochette \u00e0 leur collier ne feront pas de tort \u00e0 la faune. Des recherches ont prouv\u00e9 le contraire. Dites-leur aussi que la pr\u00e9dation chez les chats n\u2019est pas \u00ab naturelle \u00bb. Les chats domestiques n\u2019ont jamais fait partie de la cha\u00eene alimentaire naturelle au Canada.<\/li>\n<\/ul>\n<\/li>\n<\/ul>\n","protected":false},"excerpt":{"rendered":"<p>Nos amis f\u00e9lins tuent des millions d\u2019oiseaux chanteurs et autres petits animaux au Canada, chaque ann\u00e9e. Ils sont en partie responsables de la quasi-disparition de certaines esp\u00e8ces, notamment la paruline orang\u00e9e, un minuscule oiseau chanteur habitant dans les for\u00eats du sud de l\u2019Ontario. Ils sont aussi responsables d\u2019un pourcentage \u00e9lev\u00e9 d\u2019esp\u00e8ces sauvages bless\u00e9es qui se [&hellip;]<\/p>\n","protected":false},"author":1,"featured_media":490,"parent":2277,"menu_order":0,"comment_status":"closed","ping_status":"closed","template":"","meta":{"_acf_changed":false,"_relevanssi_hide_post":"","_relevanssi_hide_content":"","_relevanssi_pin_for_all":"","_relevanssi_pin_keywords":"","_relevanssi_unpin_keywords":"","_relevanssi_related_keywords":"","_relevanssi_related_include_ids":"","_relevanssi_related_exclude_ids":"","_relevanssi_related_no_append":"","_relevanssi_related_not_related":"","_relevanssi_related_posts":"2144,2153,2146,10125","_relevanssi_noindex_reason":"","footnotes":""},"class_list":["post-3491","page","type-page","status-publish","has-post-thumbnail","hentry"],"acf":[],"yoast_head":"<!-- This site is optimized with the Yoast SEO plugin v24.0 - https:\/\/yoast.com\/wordpress\/plugins\/seo\/ -->\n<title>Enrayez la pr\u00e9dation par les chats - Faune et Flore du Pays<\/title>\n<meta name=\"robots\" content=\"index, follow, max-snippet:-1, max-image-preview:large, max-video-preview:-1\" \/>\n<link rel=\"canonical\" href=\"https:\/\/www.hww.ca\/fr\/passez-a-laction\/action-et-sensibilisation\/enrayez-la-predation-par-les-chats\/\" \/>\n<meta property=\"og:locale\" content=\"fr_FR\" \/>\n<meta property=\"og:type\" content=\"article\" \/>\n<meta property=\"og:title\" content=\"Enrayez la pr\u00e9dation par les chats - Faune et Flore du Pays\" \/>\n<meta property=\"og:description\" content=\"Nos amis f\u00e9lins tuent des millions d\u2019oiseaux chanteurs et autres petits animaux au Canada, chaque ann\u00e9e. Ils sont en partie responsables de la quasi-disparition de certaines esp\u00e8ces, notamment la paruline orang\u00e9e, un minuscule oiseau chanteur habitant dans les for\u00eats du sud de l\u2019Ontario. Ils sont aussi responsables d\u2019un pourcentage \u00e9lev\u00e9 d\u2019esp\u00e8ces sauvages bless\u00e9es qui se [&hellip;]\" \/>\n<meta property=\"og:url\" content=\"https:\/\/www.hww.ca\/fr\/passez-a-laction\/action-et-sensibilisation\/enrayez-la-predation-par-les-chats\/\" \/>\n<meta property=\"og:site_name\" content=\"Faune et Flore du Pays\" \/>\n<meta property=\"article:modified_time\" content=\"2024-12-02T17:42:19+00:00\" \/>\n<meta property=\"og:image\" content=\"https:\/\/www.hww.ca\/wp-content\/uploads\/2014\/11\/Domestic-Cat.jpg\" \/>\n\t<meta property=\"og:image:width\" content=\"960\" \/>\n\t<meta property=\"og:image:height\" content=\"615\" \/>\n\t<meta property=\"og:image:type\" content=\"image\/jpeg\" \/>\n<meta name=\"twitter:card\" content=\"summary_large_image\" \/>\n<meta name=\"twitter:label1\" content=\"Est. reading time\" \/>\n\t<meta name=\"twitter:data1\" content=\"3 minutes\" \/>\n<script type=\"application\/ld+json\" class=\"yoast-schema-graph\">{\"@context\":\"https:\/\/schema.org\",\"@graph\":[{\"@type\":\"WebPage\",\"@id\":\"https:\/\/www.hww.ca\/fr\/passez-a-laction\/action-et-sensibilisation\/enrayez-la-predation-par-les-chats\/\",\"url\":\"https:\/\/www.hww.ca\/fr\/passez-a-laction\/action-et-sensibilisation\/enrayez-la-predation-par-les-chats\/\",\"name\":\"Enrayez la pr\u00e9dation par les chats - Faune et Flore du Pays\",\"isPartOf\":{\"@id\":\"https:\/\/www.hww.ca\/fr\/#website\"},\"primaryImageOfPage\":{\"@id\":\"https:\/\/www.hww.ca\/fr\/passez-a-laction\/action-et-sensibilisation\/enrayez-la-predation-par-les-chats\/#primaryimage\"},\"image\":{\"@id\":\"https:\/\/www.hww.ca\/fr\/passez-a-laction\/action-et-sensibilisation\/enrayez-la-predation-par-les-chats\/#primaryimage\"},\"thumbnailUrl\":\"https:\/\/www.hww.ca\/wp-content\/uploads\/2014\/11\/Domestic-Cat.jpg\",\"datePublished\":\"2010-02-22T16:22:00+00:00\",\"dateModified\":\"2024-12-02T17:42:19+00:00\",\"breadcrumb\":{\"@id\":\"https:\/\/www.hww.ca\/fr\/passez-a-laction\/action-et-sensibilisation\/enrayez-la-predation-par-les-chats\/#breadcrumb\"},\"inLanguage\":\"fr-FR\",\"potentialAction\":[{\"@type\":\"ReadAction\",\"target\":[\"https:\/\/www.hww.ca\/fr\/passez-a-laction\/action-et-sensibilisation\/enrayez-la-predation-par-les-chats\/\"]}]},{\"@type\":\"ImageObject\",\"inLanguage\":\"fr-FR\",\"@id\":\"https:\/\/www.hww.ca\/fr\/passez-a-laction\/action-et-sensibilisation\/enrayez-la-predation-par-les-chats\/#primaryimage\",\"url\":\"https:\/\/www.hww.ca\/wp-content\/uploads\/2014\/11\/Domestic-Cat.jpg\",\"contentUrl\":\"https:\/\/www.hww.ca\/wp-content\/uploads\/2014\/11\/Domestic-Cat.jpg\",\"width\":960,\"height\":615,\"caption\":\"Chat domestique\"},{\"@type\":\"BreadcrumbList\",\"@id\":\"https:\/\/www.hww.ca\/fr\/passez-a-laction\/action-et-sensibilisation\/enrayez-la-predation-par-les-chats\/#breadcrumb\",\"itemListElement\":[{\"@type\":\"ListItem\",\"position\":1,\"name\":\"accueil\",\"item\":\"https:\/\/www.hww.ca\/fr\/\"},{\"@type\":\"ListItem\",\"position\":2,\"name\":\"Passez \u00e0 l\u2019action\",\"item\":\"https:\/\/www.hww.ca\/fr\/passez-a-laction\/\"},{\"@type\":\"ListItem\",\"position\":3,\"name\":\"Action et sensibilisation\",\"item\":\"https:\/\/www.hww.ca\/fr\/passez-a-laction\/action-et-sensibilisation\/\"},{\"@type\":\"ListItem\",\"position\":4,\"name\":\"Enrayez la pr\u00e9dation par les chats\"}]},{\"@type\":\"WebSite\",\"@id\":\"https:\/\/www.hww.ca\/fr\/#website\",\"url\":\"https:\/\/www.hww.ca\/fr\/\",\"name\":\"Faune et Flore du Pays\",\"description\":\"\",\"potentialAction\":[{\"@type\":\"SearchAction\",\"target\":{\"@type\":\"EntryPoint\",\"urlTemplate\":\"https:\/\/www.hww.ca\/fr\/?s={search_term_string}\"},\"query-input\":{\"@type\":\"PropertyValueSpecification\",\"valueRequired\":true,\"valueName\":\"search_term_string\"}}],\"inLanguage\":\"fr-FR\"}]}<\/script>\n<!-- \/ Yoast SEO plugin. -->","yoast_head_json":{"title":"Enrayez la pr\u00e9dation par les chats - Faune et Flore du Pays","robots":{"index":"index","follow":"follow","max-snippet":"max-snippet:-1","max-image-preview":"max-image-preview:large","max-video-preview":"max-video-preview:-1"},"canonical":"https:\/\/www.hww.ca\/fr\/passez-a-laction\/action-et-sensibilisation\/enrayez-la-predation-par-les-chats\/","og_locale":"fr_FR","og_type":"article","og_title":"Enrayez la pr\u00e9dation par les chats - Faune et Flore du Pays","og_description":"Nos amis f\u00e9lins tuent des millions d\u2019oiseaux chanteurs et autres petits animaux au Canada, chaque ann\u00e9e. Ils sont en partie responsables de la quasi-disparition de certaines esp\u00e8ces, notamment la paruline orang\u00e9e, un minuscule oiseau chanteur habitant dans les for\u00eats du sud de l\u2019Ontario. Ils sont aussi responsables d\u2019un pourcentage \u00e9lev\u00e9 d\u2019esp\u00e8ces sauvages bless\u00e9es qui se [&hellip;]","og_url":"https:\/\/www.hww.ca\/fr\/passez-a-laction\/action-et-sensibilisation\/enrayez-la-predation-par-les-chats\/","og_site_name":"Faune et Flore du Pays","article_modified_time":"2024-12-02T17:42:19+00:00","og_image":[{"width":960,"height":615,"url":"https:\/\/www.hww.ca\/wp-content\/uploads\/2014\/11\/Domestic-Cat.jpg","type":"image\/jpeg"}],"twitter_card":"summary_large_image","twitter_misc":{"Est. reading time":"3 minutes"},"schema":{"@context":"https:\/\/schema.org","@graph":[{"@type":"WebPage","@id":"https:\/\/www.hww.ca\/fr\/passez-a-laction\/action-et-sensibilisation\/enrayez-la-predation-par-les-chats\/","url":"https:\/\/www.hww.ca\/fr\/passez-a-laction\/action-et-sensibilisation\/enrayez-la-predation-par-les-chats\/","name":"Enrayez la pr\u00e9dation par les chats - Faune et Flore du Pays","isPartOf":{"@id":"https:\/\/www.hww.ca\/fr\/#website"},"primaryImageOfPage":{"@id":"https:\/\/www.hww.ca\/fr\/passez-a-laction\/action-et-sensibilisation\/enrayez-la-predation-par-les-chats\/#primaryimage"},"image":{"@id":"https:\/\/www.hww.ca\/fr\/passez-a-laction\/action-et-sensibilisation\/enrayez-la-predation-par-les-chats\/#primaryimage"},"thumbnailUrl":"https:\/\/www.hww.ca\/wp-content\/uploads\/2014\/11\/Domestic-Cat.jpg","datePublished":"2010-02-22T16:22:00+00:00","dateModified":"2024-12-02T17:42:19+00:00","breadcrumb":{"@id":"https:\/\/www.hww.ca\/fr\/passez-a-laction\/action-et-sensibilisation\/enrayez-la-predation-par-les-chats\/#breadcrumb"},"inLanguage":"fr-FR","potentialAction":[{"@type":"ReadAction","target":["https:\/\/www.hww.ca\/fr\/passez-a-laction\/action-et-sensibilisation\/enrayez-la-predation-par-les-chats\/"]}]},{"@type":"ImageObject","inLanguage":"fr-FR","@id":"https:\/\/www.hww.ca\/fr\/passez-a-laction\/action-et-sensibilisation\/enrayez-la-predation-par-les-chats\/#primaryimage","url":"https:\/\/www.hww.ca\/wp-content\/uploads\/2014\/11\/Domestic-Cat.jpg","contentUrl":"https:\/\/www.hww.ca\/wp-content\/uploads\/2014\/11\/Domestic-Cat.jpg","width":960,"height":615,"caption":"Chat domestique"},{"@type":"BreadcrumbList","@id":"https:\/\/www.hww.ca\/fr\/passez-a-laction\/action-et-sensibilisation\/enrayez-la-predation-par-les-chats\/#breadcrumb","itemListElement":[{"@type":"ListItem","position":1,"name":"accueil","item":"https:\/\/www.hww.ca\/fr\/"},{"@type":"ListItem","position":2,"name":"Passez \u00e0 l\u2019action","item":"https:\/\/www.hww.ca\/fr\/passez-a-laction\/"},{"@type":"ListItem","position":3,"name":"Action et sensibilisation","item":"https:\/\/www.hww.ca\/fr\/passez-a-laction\/action-et-sensibilisation\/"},{"@type":"ListItem","position":4,"name":"Enrayez la pr\u00e9dation par les chats"}]},{"@type":"WebSite","@id":"https:\/\/www.hww.ca\/fr\/#website","url":"https:\/\/www.hww.ca\/fr\/","name":"Faune et Flore du Pays","description":"","potentialAction":[{"@type":"SearchAction","target":{"@type":"EntryPoint","urlTemplate":"https:\/\/www.hww.ca\/fr\/?s={search_term_string}"},"query-input":{"@type":"PropertyValueSpecification","valueRequired":true,"valueName":"search_term_string"}}],"inLanguage":"fr-FR"}]}},"_links":{"self":[{"href":"https:\/\/www.hww.ca\/fr\/wp-json\/wp\/v2\/pages\/3491","targetHints":{"allow":["GET"]}}],"collection":[{"href":"https:\/\/www.hww.ca\/fr\/wp-json\/wp\/v2\/pages"}],"about":[{"href":"https:\/\/www.hww.ca\/fr\/wp-json\/wp\/v2\/types\/page"}],"author":[{"embeddable":true,"href":"https:\/\/www.hww.ca\/fr\/wp-json\/wp\/v2\/users\/1"}],"replies":[{"embeddable":true,"href":"https:\/\/www.hww.ca\/fr\/wp-json\/wp\/v2\/comments?post=3491"}],"version-history":[{"count":2,"href":"https:\/\/www.hww.ca\/fr\/wp-json\/wp\/v2\/pages\/3491\/revisions"}],"predecessor-version":[{"id":10386,"href":"https:\/\/www.hww.ca\/fr\/wp-json\/wp\/v2\/pages\/3491\/revisions\/10386"}],"up":[{"embeddable":true,"href":"https:\/\/www.hww.ca\/fr\/wp-json\/wp\/v2\/pages\/2277"}],"wp:featuredmedia":[{"embeddable":true,"href":"https:\/\/www.hww.ca\/fr\/wp-json\/wp\/v2\/media\/490"}],"wp:attachment":[{"href":"https:\/\/www.hww.ca\/fr\/wp-json\/wp\/v2\/media?parent=3491"}],"curies":[{"name":"wp","href":"https:\/\/api.w.org\/{rel}","templated":true}]}}