{"id":3485,"date":"2010-02-22T16:45:00","date_gmt":"2010-02-22T16:45:00","guid":{"rendered":"https:\/\/www.hww.ca\/passez-a-laction\/action-et-sensibilisation\/creez-des-abris-viables-pour-les-oiseaux-chanteurs\/"},"modified":"2024-12-02T17:39:26","modified_gmt":"2024-12-02T17:39:26","slug":"creez-des-abris-viables-pour-les-oiseaux-chanteurs","status":"publish","type":"page","link":"https:\/\/www.hww.ca\/fr\/passez-a-laction\/action-et-sensibilisation\/creez-des-abris-viables-pour-les-oiseaux-chanteurs\/","title":{"rendered":"Cr\u00e9ez des abris viables pour les oiseaux chanteurs"},"content":{"rendered":"<p>Dans le sud de l\u2019Ontario, la situation d\u2019un tout petit oiseau chanteur des for\u00eats appel\u00e9 la paruline orang\u00e9e est tr\u00e8s pr\u00e9caire. Il ne reste \u00e0 peine que de 4 \u00e0 13 couples de ces oiseaux jaune vif au Canada. Comme beaucoup d\u2019autres oiseaux des bois, la paruline orang\u00e9e est en voie de disparition tandis que nous \u00abd\u00e9coupons\u00bb les for\u00eats pour obtenir du bois d\u2019\u0153uvre, am\u00e9nager des terres agricoles, construire des routes et des habitations pour l\u2019\u00eatre humain. Cette \u00abfragmentation\u00bb r\u00e9duit la distance entre la lisi\u00e8re et l\u2019int\u00e9rieur de la for\u00eat, rendant les nids des oiseaux chanteurs plus vuln\u00e9rables aux pr\u00e9dateurs comme les chats, les mouffettes, les corneilles et les ratons laveurs. En outre, les oiseaux qui nichent dans les cavit\u00e9s naturelles des arbres, comme la paruline orang\u00e9e, \u00e9 prouvent de plus en plus de difficult\u00e9s \u00e0 trouver un abri \u00e0 cause du nombre r\u00e9duit d\u2019arbres \u00e0 cavit\u00e9s.<\/p>\n<p>Toutefois, il y a de l\u2019espoir. Le merle bleu de l\u2019Est a d\u00e9j\u00e0 \u00e9t\u00e9, lui aussi, une esp\u00e8ce rare. Les populations de cet oiseau avaient chut\u00e9 \u00e0 cause de la disparition d\u2019habitats et de l\u2019introduction de l\u2019\u00e9tourneau sansonnet, qui lui a usurp\u00e9 ses trous d\u2019arbres, privant ainsi les oiseaux indig\u00e8nes de leurs lieux de nidification. Gr\u00e2ce aux gens qui ont dress\u00e9 des nichoirs dans son a i re de dispersion, le merle bleu de l\u2019Est a fait un retour extraordinaire. Le Comit\u00e9 sur le statut des esp\u00e8ces menac\u00e9es de disparition au Canada a ray\u00e9 le merle bleu de l\u2019Est de sa liste d\u2019esp\u00e8ces en p\u00e9ril.<\/p>\n<p>Nous pouvons r\u00e9soudre la crise du logement des oiseaux chanteurs \u2014 tout en exer\u00e7ant un meilleur mode de viabilit\u00e9 \u2014 en transformant nos rebuts en abris pour ces oiseaux, au lieu de les acheminer aux sites d\u2019enfouissement. Ce que nous consid\u00e9rons comme des rebuts peut servir d\u2019abri aux oiseaux!<\/p>\n<p><strong>Transformez des bouts de bois en maisons d\u2019oiseaux :<\/strong> Installez des nichoirs sur des poteaux ou sous les avant-toits pour abriter les oiseaux chanteurs et accro\u00eetre leur population. Ces nichoirs attireront des merles bleus, des parulines orang\u00e9es, des hirondelles bicolores, des sittelles, des m\u00e9sanges et des roitelets, ainsi que des souris sylvestres et des polatouches. Les \u00e9tourneaux et les moineaux domestiques envahissants peuvent \u00eatre exclus en veillant \u00e0 ce que le diam\u00e8tre de l\u2019entr\u00e9e ne soit pas plus gros qu\u2019indiqu\u00e9 ci-apr\u00e8s.<\/p>\n<ul>\n<li>R\u00e9duisez le gaspillage et le co\u00fbt des mat\u00e9riaux en utilisant des bouts de bois que vous pouvez obtenir \u00e0 prix tr\u00e8s \u00e9conomique ou gratuitement dans des cours \u00e0 bois. Les services d\u2019\u00e9change de mat\u00e9riaux r\u00e9cup\u00e9rables dans bon nombre de municipalit\u00e9s offrent \u00e9galement du bois d\u2019\u0153uvre r\u00e9utilisable \u00e0 petit prix ou gratuitement.<\/li>\n<li>Commencez avec une seule planche de pin ou de c\u00e8dre, mesurant 3\/4 po sur 5 1\/2 po sur 4 pi (le bois se vend en mesures imp\u00e9riales).<\/li>\n<li>Sciez la planche en six panneaux : 11 po (arri\u00e8re), 8 po (devant), 8 po (toit), 8 po (c\u00f4t\u00e9), 8 po (c\u00f4t\u00e9), 4 po (plancher).<\/li>\n<li>Assemblez les panneaux au moyen de vis enduites de 2 po, \u00e0 t\u00eate plate. Pour \u00e9viter que le bois ne se fende, percez d\u2019abord les trous au moyen d\u2019une m\u00e8che au diam\u00e8tre l\u00e9g\u00e8rement inf\u00e9rieur \u00e0 celui de la vis.<\/li>\n<li>Percez une ouvert u re de 1 1\/8 po de diam\u00e8tre \u00e0 1 po du haut du panneau avant (1 1\/2 po de diam\u00e8tre pour les merles bleus et les hirondelles bicolores, 1 1\/4 po pour les sittelles et les polatouches).<\/li>\n<li>Percez quatre orifices d\u2019\u00e9vacuation de 1\/4 po de diam\u00e8tre dans le plancher et deux orifices d\u2019a\u00e9ration de 1\/4 po pr\u00e8s du haut des panneaux lat\u00e9raux.<\/li>\n<li>Installez les nichoirs de 6 \u00e0 8 pi du sol, au plus tard \u00e0 la mi-avril.<\/li>\n<li>D\u00e9vissez un panneau lat\u00e9ral et nettoyez l\u2019int\u00e9rieur du nichoir chaque automne.<\/li>\n<\/ul>\n<p><strong>Transformez les d\u00e9bris de la cour d\u2019\u00e9cole en un amas de broussailles :<\/strong> Recyclez les d\u00e9bris de bois, comme les branches tomb\u00e9es ou coup\u00e9es des arbres et des arbustes, pour offrir un g\u00eete aux oiseaux chanteurs. En plus d\u2019abriter les oiseaux tout au long de l\u2019ann\u00e9e, les amas de broussailles servent de nids aux petits mammif\u00e8res et aux reptiles.<\/p>\n<ul>\n<li>Pour construire des amas de broussailles pour les oiseaux, choisissez environ huit branches droites non-d\u00e9garnies, d\u2019environ 2 m de longueur.<\/li>\n<li>Disposez les branches en forme de tipi, l\u2019extr\u00e9mit\u00e9 inf\u00e9rieure des branches ancr\u00e9es dans le sol et les pointes enchev\u00eatr\u00e9es. L\u2019objectif est de cr\u00e9er un espace int\u00e9rieur o\u00f9 les occupants peuvent se percher sans danger au-dessus du sol.<\/li>\n<li>Empilez des rameaux de conif\u00e8res sur les c\u00f4t\u00e9s et le dessus pour former un d\u00f4me.<\/li>\n<li>Pour assurer une meilleure protection, au printemps faites grimper des vignes, comme la vigne vierge commune, le haricot d\u2019Espagne ou le ch\u00e8vrefeuille, sur l\u2019amas de broussailles.<\/li>\n<li>Chaque ann\u00e9e, ajoutez quelques nouveaux rameaux. Vous pouvez \u00e9galement y ajouter des tiges de ma\u00efs \u00e0 l\u2019automne.<\/li>\n<\/ul>\n","protected":false},"excerpt":{"rendered":"<p>Dans le sud de l\u2019Ontario, la situation d\u2019un tout petit oiseau chanteur des for\u00eats appel\u00e9 la paruline orang\u00e9e est tr\u00e8s pr\u00e9caire. Il ne reste \u00e0 peine que de 4 \u00e0 13 couples de ces oiseaux jaune vif au Canada. Comme beaucoup d\u2019autres oiseaux des bois, la paruline orang\u00e9e est en voie de disparition tandis que [&hellip;]<\/p>\n","protected":false},"author":1,"featured_media":998,"parent":2277,"menu_order":0,"comment_status":"closed","ping_status":"closed","template":"","meta":{"_acf_changed":false,"_relevanssi_hide_post":"","_relevanssi_hide_content":"","_relevanssi_pin_for_all":"","_relevanssi_pin_keywords":"","_relevanssi_unpin_keywords":"","_relevanssi_related_keywords":"","_relevanssi_related_include_ids":"","_relevanssi_related_exclude_ids":"","_relevanssi_related_no_append":"","_relevanssi_related_not_related":"","_relevanssi_related_posts":"2153,2144,2146,10125","_relevanssi_noindex_reason":"","footnotes":""},"class_list":["post-3485","page","type-page","status-publish","has-post-thumbnail","hentry"],"acf":[],"yoast_head":"<!-- This site is optimized with the Yoast SEO plugin v24.0 - https:\/\/yoast.com\/wordpress\/plugins\/seo\/ -->\n<title>Cr\u00e9ez des abris viables pour les oiseaux chanteurs - Faune et Flore du Pays<\/title>\n<meta name=\"robots\" content=\"index, follow, max-snippet:-1, max-image-preview:large, max-video-preview:-1\" \/>\n<link rel=\"canonical\" href=\"https:\/\/www.hww.ca\/fr\/passez-a-laction\/action-et-sensibilisation\/creez-des-abris-viables-pour-les-oiseaux-chanteurs\/\" \/>\n<meta property=\"og:locale\" content=\"fr_FR\" \/>\n<meta property=\"og:type\" content=\"article\" \/>\n<meta property=\"og:title\" content=\"Cr\u00e9ez des abris viables pour les oiseaux chanteurs - Faune et Flore du Pays\" \/>\n<meta property=\"og:description\" content=\"Dans le sud de l\u2019Ontario, la situation d\u2019un tout petit oiseau chanteur des for\u00eats appel\u00e9 la paruline orang\u00e9e est tr\u00e8s pr\u00e9caire. Il ne reste \u00e0 peine que de 4 \u00e0 13 couples de ces oiseaux jaune vif au Canada. Comme beaucoup d\u2019autres oiseaux des bois, la paruline orang\u00e9e est en voie de disparition tandis que [&hellip;]\" \/>\n<meta property=\"og:url\" content=\"https:\/\/www.hww.ca\/fr\/passez-a-laction\/action-et-sensibilisation\/creez-des-abris-viables-pour-les-oiseaux-chanteurs\/\" \/>\n<meta property=\"og:site_name\" content=\"Faune et Flore du Pays\" \/>\n<meta property=\"article:modified_time\" content=\"2024-12-02T17:39:26+00:00\" \/>\n<meta property=\"og:image\" content=\"https:\/\/www.hww.ca\/wp-content\/uploads\/2014\/11\/Mountain-Bluebird.jpg\" \/>\n\t<meta property=\"og:image:width\" content=\"960\" \/>\n\t<meta property=\"og:image:height\" content=\"615\" \/>\n\t<meta property=\"og:image:type\" content=\"image\/jpeg\" \/>\n<meta name=\"twitter:card\" content=\"summary_large_image\" \/>\n<meta name=\"twitter:label1\" content=\"Est. reading time\" \/>\n\t<meta name=\"twitter:data1\" content=\"4 minutes\" \/>\n<script type=\"application\/ld+json\" class=\"yoast-schema-graph\">{\"@context\":\"https:\/\/schema.org\",\"@graph\":[{\"@type\":\"WebPage\",\"@id\":\"https:\/\/www.hww.ca\/fr\/passez-a-laction\/action-et-sensibilisation\/creez-des-abris-viables-pour-les-oiseaux-chanteurs\/\",\"url\":\"https:\/\/www.hww.ca\/fr\/passez-a-laction\/action-et-sensibilisation\/creez-des-abris-viables-pour-les-oiseaux-chanteurs\/\",\"name\":\"Cr\u00e9ez des abris viables pour les oiseaux chanteurs - Faune et Flore du Pays\",\"isPartOf\":{\"@id\":\"https:\/\/www.hww.ca\/fr\/#website\"},\"primaryImageOfPage\":{\"@id\":\"https:\/\/www.hww.ca\/fr\/passez-a-laction\/action-et-sensibilisation\/creez-des-abris-viables-pour-les-oiseaux-chanteurs\/#primaryimage\"},\"image\":{\"@id\":\"https:\/\/www.hww.ca\/fr\/passez-a-laction\/action-et-sensibilisation\/creez-des-abris-viables-pour-les-oiseaux-chanteurs\/#primaryimage\"},\"thumbnailUrl\":\"https:\/\/www.hww.ca\/wp-content\/uploads\/2014\/11\/Mountain-Bluebird.jpg\",\"datePublished\":\"2010-02-22T16:45:00+00:00\",\"dateModified\":\"2024-12-02T17:39:26+00:00\",\"breadcrumb\":{\"@id\":\"https:\/\/www.hww.ca\/fr\/passez-a-laction\/action-et-sensibilisation\/creez-des-abris-viables-pour-les-oiseaux-chanteurs\/#breadcrumb\"},\"inLanguage\":\"fr-FR\",\"potentialAction\":[{\"@type\":\"ReadAction\",\"target\":[\"https:\/\/www.hww.ca\/fr\/passez-a-laction\/action-et-sensibilisation\/creez-des-abris-viables-pour-les-oiseaux-chanteurs\/\"]}]},{\"@type\":\"ImageObject\",\"inLanguage\":\"fr-FR\",\"@id\":\"https:\/\/www.hww.ca\/fr\/passez-a-laction\/action-et-sensibilisation\/creez-des-abris-viables-pour-les-oiseaux-chanteurs\/#primaryimage\",\"url\":\"https:\/\/www.hww.ca\/wp-content\/uploads\/2014\/11\/Mountain-Bluebird.jpg\",\"contentUrl\":\"https:\/\/www.hww.ca\/wp-content\/uploads\/2014\/11\/Mountain-Bluebird.jpg\",\"width\":960,\"height\":615,\"caption\":\"Mountain Bluebird\"},{\"@type\":\"BreadcrumbList\",\"@id\":\"https:\/\/www.hww.ca\/fr\/passez-a-laction\/action-et-sensibilisation\/creez-des-abris-viables-pour-les-oiseaux-chanteurs\/#breadcrumb\",\"itemListElement\":[{\"@type\":\"ListItem\",\"position\":1,\"name\":\"accueil\",\"item\":\"https:\/\/www.hww.ca\/fr\/\"},{\"@type\":\"ListItem\",\"position\":2,\"name\":\"Passez \u00e0 l\u2019action\",\"item\":\"https:\/\/www.hww.ca\/fr\/passez-a-laction\/\"},{\"@type\":\"ListItem\",\"position\":3,\"name\":\"Action et sensibilisation\",\"item\":\"https:\/\/www.hww.ca\/fr\/passez-a-laction\/action-et-sensibilisation\/\"},{\"@type\":\"ListItem\",\"position\":4,\"name\":\"Cr\u00e9ez des abris viables pour les oiseaux chanteurs\"}]},{\"@type\":\"WebSite\",\"@id\":\"https:\/\/www.hww.ca\/fr\/#website\",\"url\":\"https:\/\/www.hww.ca\/fr\/\",\"name\":\"Faune et Flore du Pays\",\"description\":\"\",\"potentialAction\":[{\"@type\":\"SearchAction\",\"target\":{\"@type\":\"EntryPoint\",\"urlTemplate\":\"https:\/\/www.hww.ca\/fr\/?s={search_term_string}\"},\"query-input\":{\"@type\":\"PropertyValueSpecification\",\"valueRequired\":true,\"valueName\":\"search_term_string\"}}],\"inLanguage\":\"fr-FR\"}]}<\/script>\n<!-- \/ Yoast SEO plugin. -->","yoast_head_json":{"title":"Cr\u00e9ez des abris viables pour les oiseaux chanteurs - Faune et Flore du Pays","robots":{"index":"index","follow":"follow","max-snippet":"max-snippet:-1","max-image-preview":"max-image-preview:large","max-video-preview":"max-video-preview:-1"},"canonical":"https:\/\/www.hww.ca\/fr\/passez-a-laction\/action-et-sensibilisation\/creez-des-abris-viables-pour-les-oiseaux-chanteurs\/","og_locale":"fr_FR","og_type":"article","og_title":"Cr\u00e9ez des abris viables pour les oiseaux chanteurs - Faune et Flore du Pays","og_description":"Dans le sud de l\u2019Ontario, la situation d\u2019un tout petit oiseau chanteur des for\u00eats appel\u00e9 la paruline orang\u00e9e est tr\u00e8s pr\u00e9caire. Il ne reste \u00e0 peine que de 4 \u00e0 13 couples de ces oiseaux jaune vif au Canada. Comme beaucoup d\u2019autres oiseaux des bois, la paruline orang\u00e9e est en voie de disparition tandis que [&hellip;]","og_url":"https:\/\/www.hww.ca\/fr\/passez-a-laction\/action-et-sensibilisation\/creez-des-abris-viables-pour-les-oiseaux-chanteurs\/","og_site_name":"Faune et Flore du Pays","article_modified_time":"2024-12-02T17:39:26+00:00","og_image":[{"width":960,"height":615,"url":"https:\/\/www.hww.ca\/wp-content\/uploads\/2014\/11\/Mountain-Bluebird.jpg","type":"image\/jpeg"}],"twitter_card":"summary_large_image","twitter_misc":{"Est. reading time":"4 minutes"},"schema":{"@context":"https:\/\/schema.org","@graph":[{"@type":"WebPage","@id":"https:\/\/www.hww.ca\/fr\/passez-a-laction\/action-et-sensibilisation\/creez-des-abris-viables-pour-les-oiseaux-chanteurs\/","url":"https:\/\/www.hww.ca\/fr\/passez-a-laction\/action-et-sensibilisation\/creez-des-abris-viables-pour-les-oiseaux-chanteurs\/","name":"Cr\u00e9ez des abris viables pour les oiseaux chanteurs - Faune et Flore du Pays","isPartOf":{"@id":"https:\/\/www.hww.ca\/fr\/#website"},"primaryImageOfPage":{"@id":"https:\/\/www.hww.ca\/fr\/passez-a-laction\/action-et-sensibilisation\/creez-des-abris-viables-pour-les-oiseaux-chanteurs\/#primaryimage"},"image":{"@id":"https:\/\/www.hww.ca\/fr\/passez-a-laction\/action-et-sensibilisation\/creez-des-abris-viables-pour-les-oiseaux-chanteurs\/#primaryimage"},"thumbnailUrl":"https:\/\/www.hww.ca\/wp-content\/uploads\/2014\/11\/Mountain-Bluebird.jpg","datePublished":"2010-02-22T16:45:00+00:00","dateModified":"2024-12-02T17:39:26+00:00","breadcrumb":{"@id":"https:\/\/www.hww.ca\/fr\/passez-a-laction\/action-et-sensibilisation\/creez-des-abris-viables-pour-les-oiseaux-chanteurs\/#breadcrumb"},"inLanguage":"fr-FR","potentialAction":[{"@type":"ReadAction","target":["https:\/\/www.hww.ca\/fr\/passez-a-laction\/action-et-sensibilisation\/creez-des-abris-viables-pour-les-oiseaux-chanteurs\/"]}]},{"@type":"ImageObject","inLanguage":"fr-FR","@id":"https:\/\/www.hww.ca\/fr\/passez-a-laction\/action-et-sensibilisation\/creez-des-abris-viables-pour-les-oiseaux-chanteurs\/#primaryimage","url":"https:\/\/www.hww.ca\/wp-content\/uploads\/2014\/11\/Mountain-Bluebird.jpg","contentUrl":"https:\/\/www.hww.ca\/wp-content\/uploads\/2014\/11\/Mountain-Bluebird.jpg","width":960,"height":615,"caption":"Mountain Bluebird"},{"@type":"BreadcrumbList","@id":"https:\/\/www.hww.ca\/fr\/passez-a-laction\/action-et-sensibilisation\/creez-des-abris-viables-pour-les-oiseaux-chanteurs\/#breadcrumb","itemListElement":[{"@type":"ListItem","position":1,"name":"accueil","item":"https:\/\/www.hww.ca\/fr\/"},{"@type":"ListItem","position":2,"name":"Passez \u00e0 l\u2019action","item":"https:\/\/www.hww.ca\/fr\/passez-a-laction\/"},{"@type":"ListItem","position":3,"name":"Action et sensibilisation","item":"https:\/\/www.hww.ca\/fr\/passez-a-laction\/action-et-sensibilisation\/"},{"@type":"ListItem","position":4,"name":"Cr\u00e9ez des abris viables pour les oiseaux chanteurs"}]},{"@type":"WebSite","@id":"https:\/\/www.hww.ca\/fr\/#website","url":"https:\/\/www.hww.ca\/fr\/","name":"Faune et Flore du Pays","description":"","potentialAction":[{"@type":"SearchAction","target":{"@type":"EntryPoint","urlTemplate":"https:\/\/www.hww.ca\/fr\/?s={search_term_string}"},"query-input":{"@type":"PropertyValueSpecification","valueRequired":true,"valueName":"search_term_string"}}],"inLanguage":"fr-FR"}]}},"_links":{"self":[{"href":"https:\/\/www.hww.ca\/fr\/wp-json\/wp\/v2\/pages\/3485","targetHints":{"allow":["GET"]}}],"collection":[{"href":"https:\/\/www.hww.ca\/fr\/wp-json\/wp\/v2\/pages"}],"about":[{"href":"https:\/\/www.hww.ca\/fr\/wp-json\/wp\/v2\/types\/page"}],"author":[{"embeddable":true,"href":"https:\/\/www.hww.ca\/fr\/wp-json\/wp\/v2\/users\/1"}],"replies":[{"embeddable":true,"href":"https:\/\/www.hww.ca\/fr\/wp-json\/wp\/v2\/comments?post=3485"}],"version-history":[{"count":2,"href":"https:\/\/www.hww.ca\/fr\/wp-json\/wp\/v2\/pages\/3485\/revisions"}],"predecessor-version":[{"id":10384,"href":"https:\/\/www.hww.ca\/fr\/wp-json\/wp\/v2\/pages\/3485\/revisions\/10384"}],"up":[{"embeddable":true,"href":"https:\/\/www.hww.ca\/fr\/wp-json\/wp\/v2\/pages\/2277"}],"wp:featuredmedia":[{"embeddable":true,"href":"https:\/\/www.hww.ca\/fr\/wp-json\/wp\/v2\/media\/998"}],"wp:attachment":[{"href":"https:\/\/www.hww.ca\/fr\/wp-json\/wp\/v2\/media?parent=3485"}],"curies":[{"name":"wp","href":"https:\/\/api.w.org\/{rel}","templated":true}]}}