{"id":2513,"date":"2017-01-05T15:36:00","date_gmt":"2017-01-05T15:36:00","guid":{"rendered":"https:\/\/www.hww.ca\/enjeux-et-themes\/canada-150\/"},"modified":"2024-11-21T17:42:52","modified_gmt":"2024-11-21T17:42:52","slug":"canada-150","status":"publish","type":"page","link":"https:\/\/www.hww.ca\/fr\/enjeux-et-themes\/canada-150\/","title":{"rendered":"Canada 150"},"content":{"rendered":"<p><span style=\"color: #ff6600; font-size: large;\">C\u00e9l\u00e9brez le 150e du Canada avec Faune et flore du pays!<\/span><\/p>\n<p><span style=\"font-size: medium;\">En l\u2019honneur du 150e anniversaire de notre pays, Faune et flore du pays lancera des capsules-vid\u00e9o sur certaines de nos esp\u00e8ces les plus embl\u00e9matiques pour notre culture et histoire. Nous c\u00e9l\u00e9brerons aussi le patrimoine des peuples autochtones du Canada.\u00a0<\/span><\/p>\n<p><span style=\"font-size: large;\">En 2017, restez \u00e0 l\u2019\u00e9coute pour c\u00e9l\u00e9brer le 150e du Canada et notre patrimoine naturel!<\/span><\/p>\n<table style=\"width: 650px; margin-bottom: 0.5em; margin-right: 0.5em; height: 310px;\" align=\"center\">\n<tbody>\n<tr>\n<td style=\"width: 599.6px;\"><img decoding=\"async\" src=\"https:\/\/www.hww.ca\/wp-content\/uploads\/2016\/12\/aaron-paquette.jpg\" \/><\/td>\n<\/tr>\n<tr>\n<td>\u00a0Aaron Paquette<\/td>\n<\/tr>\n<\/tbody>\n<\/table>\n<p>En l\u2019honneur du 150e anniversaire de notre pays et afin de c\u00e9l\u00e9brer le patrimoine des peuples autochtones au Canada, Faune et flore du pays a cr\u00e9\u00e9 des capsules-vid\u00e9o sur certaines de nos esp\u00e8ces les plus embl\u00e9matiques en six langues autochtones. Les esp\u00e8ces pr\u00e9sent\u00e9es sont importantes pour la culture de certains peuples autochtones et sont pr\u00e9sentes dans plusieurs l\u00e9gendes des Premi\u00e8res Nations, M\u00e9tis ou Inuits.<\/p>\n<p>Pour visionner les capsules sur le carcajou et les tortues d&#8217;eau douce, visitez notre <a href=\"https:\/\/www.hww.ca\/fr\/autochtones\/\">page de langues autochtones<\/a>!<\/p>\n<table style=\"width: 851px; height: 295px;\">\n<tbody>\n<tr>\n<td style=\"width: 50%;\"><img loading=\"lazy\" decoding=\"async\" src=\"https:\/\/www.hww.ca\/wp-content\/uploads\/2017\/04\/beaver.jpg\" width=\"477\" height=\"258\" \/><\/td>\n<td style=\"width: 50%;\">\u00a0<img loading=\"lazy\" decoding=\"async\" src=\"https:\/\/www.hww.ca\/wp-content\/uploads\/2017\/04\/blackfoot-beaver-bundle.jpg\" width=\"359\" height=\"269\" \/><\/td>\n<\/tr>\n<tr>\n<td>Castor<\/td>\n<td>\u00a0 <span class=\"_Tgc\">Autochtones Niitsitapi avec des fourrures de castor<\/span><\/td>\n<\/tr>\n<\/tbody>\n<\/table>\n<p>La premi\u00e8re esp\u00e8ce en vedette est le <strong>castor du Canada<\/strong>! Ce gros rongeur se retrouve partout dans les \u00e9cosyst\u00e8mes aquatiques d\u2019eau douce au Canada. Vu qu\u2019il a jou\u00e9 un grand r\u00f4le dans notre histoire, il est devenu notre symbole national! Pour en savoir plus sur le castor ainsi que visionner nos nouvelles capsules-vid\u00e9o, visitez notre <a href=\"https:\/\/www.hww.ca\/fr\/faune\/mammiferes\/le-castor.html\">fiche d&#8217;information<\/a>!<\/p>\n<table>\n<tbody>\n<tr>\n<td style=\"width: 50%;\"><img loading=\"lazy\" decoding=\"async\" src=\"https:\/\/www.hww.ca\/wp-content\/uploads\/2017\/06\/mikmaq.jpg\" width=\"555\" height=\"332\" \/><\/td>\n<td style=\"width: 50%;\"><img loading=\"lazy\" decoding=\"async\" src=\"https:\/\/www.hww.ca\/wp-content\/uploads\/2017\/06\/north-atlantic-right-whale-3-scaled.jpg\" width=\"500\" height=\"334\" \/><\/td>\n<\/tr>\n<tr>\n<td>Chasse \u00e0 la baleine, p\u00e9troglyphe mi&#8217;kmaq<\/td>\n<td>\u00a0 <span class=\"_Tgc\">Baleine noire de l&#8217;Atlantique nord<br \/>\n<\/span><\/td>\n<\/tr>\n<\/tbody>\n<\/table>\n<p>La deuxi\u00e8me esp\u00e8ce de notre s\u00e9rie est la <strong>baleine noire de l&#8217;Atlantique Nord<\/strong>! Extr\u00eamement rares, ces baleines passent l\u2019\u00e9t\u00e9 dans les eaux canadiennes. Durant des milliers d\u2019ann\u00e9es, les baleines ont fourni de la nourriture et outils aux peuples autochtones. Elles \u00e9taient d\u2019une si grande importance que selon les croyances Mi&#8217;kmaq, la baleine est le ma\u00eetre de la vie dans les oc\u00e9ans. Autrefois plus commune, il ne reste qu\u2019environs 500 baleines noires sur la Terre. Pour en apprendre plus \u00e0 leur sujet, jetez un coup d&#8217;oeil \u00e0 notre <a href=\"https:\/\/www.hww.ca\/fr\/faune\/mammiferes\/la-baleine-noire-de.html\">fiche d&#8217;information et \u00e0 nos capsules-vid\u00e9o<\/a>!<\/p>\n<table style=\"width: 700px;\">\n<tbody>\n<tr>\n<td style=\"width: 50%;\"><img loading=\"lazy\" decoding=\"async\" src=\"https:\/\/www.hww.ca\/wp-content\/uploads\/2017\/10\/totem-with-pacific-salmon.jpg\" width=\"424\" height=\"638\" \/><\/td>\n<td style=\"width: 50%;\"><img loading=\"lazy\" decoding=\"async\" src=\"https:\/\/www.hww.ca\/wp-content\/uploads\/2021\/10\/coho-salmon.jpg\" width=\"411\" height=\"504\" \/><\/td>\n<\/tr>\n<tr>\n<td>Totem avec un saumon du Pacifique<\/td>\n<td>Saumon Coho<\/td>\n<\/tr>\n<\/tbody>\n<\/table>\n<p>La troisi\u00e8me esp\u00e8ce est le <strong>saumon du Pacifique<\/strong>! Ce poisson fascinant migre de l&#8217;habitat d&#8217;eau douce o\u00f9 il nait \u00e0 la haute mer, puis y retourne. Cette esp\u00e8ce-cl\u00e9 est d&#8217;une grande importance pour les peuples autochtones de la C\u00f4te Ouest. Pour plus d&#8217;informations sur le saumon Coho, visitez <a href=\"https:\/\/www.hww.ca\/fr\/faune\/poissons-amphibiens-reptiles\/saumon-coho.html\">sa fiche d&#8217;information<\/a>. Une fiche sur tous les saumons du Pacifique sera disponible bient\u00f4t!<\/p>\n<table>\n<tbody>\n<tr>\n<td style=\"width: 50%;\"><strong><span style=\"text-decoration: underline;\"><img loading=\"lazy\" decoding=\"async\" src=\"https:\/\/www.hww.ca\/wp-content\/uploads\/2017\/10\/newfoundland.jpg\" width=\"470\" height=\"400\" \/><\/span><\/strong><\/td>\n<td style=\"width: 50%;\"><strong><span style=\"text-decoration: underline;\"><img loading=\"lazy\" decoding=\"async\" src=\"https:\/\/www.hww.ca\/wp-content\/uploads\/2017\/10\/atlantic-cod-3-scaled.jpg\" width=\"470\" height=\"351\" \/><\/span><\/strong><\/td>\n<\/tr>\n<tr>\n<td>La fabrication de l&#8217;huile de foie de morue \u00e0 terre-Neuve<\/td>\n<td>\u00a0<span class=\"_Tgc\">Morue de l&#8217;Atlantique<\/span><strong><span style=\"text-decoration: underline;\"><span class=\"_Tgc\"><br \/>\n<\/span><\/span><\/strong><\/td>\n<\/tr>\n<\/tbody>\n<\/table>\n<p>La quatri\u00e8me esp\u00e8ce est la <strong>morue de l\u2019Atlantique<\/strong>! Ce poisson d\u00e9mersal d\u2019eau froide se retrouve pr\u00e8s du fond de l\u2019oc\u00e9an Atlantique au large de la c\u00f4te canadienne. P\u00each\u00e9e par diff\u00e9rents peuples autochtones pendant des milliers d\u2019ann\u00e9e, celle-ci deviendra une de nos p\u00eaches les plus importantes suite \u00e0 l\u2019arriv\u00e9e des Europ\u00e9ens en Am\u00e9rique du Nord. Visitez sa fiche d&#8217;informations et visionnez les capsules-vid\u00e9o <a href=\"https:\/\/www.hww.ca\/fr\/faune\/poissons-amphibiens-reptiles\/la-morue-de-latlantique.html\">ici<\/a>!<\/p>\n<table>\n<tbody>\n<tr>\n<td style=\"width: 50%;\"><strong><span style=\"text-decoration: underline;\"><img loading=\"lazy\" decoding=\"async\" src=\"https:\/\/www.hww.ca\/wp-content\/uploads\/2017\/10\/buffalo-hunt.jpg\" width=\"504\" height=\"362\" \/><\/span><\/strong><\/td>\n<td style=\"width: 50%;\"><strong><span style=\"text-decoration: underline;\"><img loading=\"lazy\" decoding=\"async\" src=\"https:\/\/www.hww.ca\/wp-content\/uploads\/2017\/10\/american-bison-scaled.jpg\" width=\"355\" height=\"355\" \/><\/span><\/strong><\/td>\n<\/tr>\n<tr>\n<td>Chasse au bison<\/td>\n<td>Bison d&#8217;Am\u00e9rique<strong><span style=\"text-decoration: underline;\"><span class=\"_Tgc\"><br \/>\n<\/span><\/span><\/strong><\/td>\n<\/tr>\n<\/tbody>\n<\/table>\n<p>La cinqui\u00e8me esp\u00e8ce en vedette est le <strong>bison d\u2019Am\u00e9rique<\/strong>! Jadis, au Canada, les bisons \u00e9taient pr\u00e9sents d\u2019un bout \u00e0 l\u2019autre des provinces des prairies, jusqu\u2019au pied des montagnes rocheuses et m\u00eame jusqu\u2019au terres inhospitali\u00e8res du Yukon. Nous pouvons contribuer \u00e0 la prosp\u00e9rit\u00e9 des troupeaux de bisons, en prot\u00e9geant, et en \u00e9largissant, les espaces naturels o\u00f9 ils vivent! D\u00e9couvrez notre plus gros mammif\u00e8re terrestre gr\u00e2ce \u00e0 nos vid\u00e9os et fiche d&#8217;infos juste <a href=\"https:\/\/www.hww.ca\/fr\/faune\/mammiferes\/le-bison.html\">ici<\/a>!<\/p>\n<table>\n<tbody>\n<tr>\n<td style=\"width: 50%;\">\u00a0<img loading=\"lazy\" decoding=\"async\" src=\"https:\/\/www.hww.ca\/wp-content\/uploads\/2017\/11\/snowy-owl-inuit-scultpure.png\" width=\"406\" height=\"398\" \/><\/td>\n<td style=\"width: 50%;\"><strong><span style=\"text-decoration: underline;\"><img loading=\"lazy\" decoding=\"async\" src=\"https:\/\/www.hww.ca\/wp-content\/uploads\/2014\/11\/Snowy-Owl_Ted-Busby-2.jpg\" width=\"463\" height=\"369\" \/><\/span><\/strong><\/td>\n<\/tr>\n<tr>\n<td>\u00a0Sculpture inuite d&#8217;un Harfang des neiges<\/td>\n<td>Harfang des neiges<\/td>\n<\/tr>\n<\/tbody>\n<\/table>\n<p>La derni\u00e8re esp\u00e8ce en vedette est le Harfang des neiges! Peu d\u2019animaux repr\u00e9sentent aussi bien la beaut\u00e9 et le caract\u00e8re sauvage de l\u2019Arctique que ce majestueux hibou blanc. M\u00eame s\u2019il est bien adapt\u00e9 \u00e0 la vie \u00e0 -50\u00b0C, certains individus migrent vers le sud du Canada pour l\u2019hiver. Au cours de l\u2019histoire, les Inuit du Canada ont toujours c\u00f4toy\u00e9 le Harfang des neiges. De ce fait, cet oiseau occupe une place de choix dans leurs l\u00e9gendes, leur art et leurs traditions. Pour jeter un coup d&#8217;oeil \u00e0 sa fiche d&#8217;informations et ses capsules-vid\u00e9o, c&#8217;est <a href=\"https:\/\/www.hww.ca\/fr\/faune\/oiseaux\/le-harfang-des-neiges.html\">juste ici<\/a>!<\/p>\n<p>Nous esp\u00e9rons que vous avez pass\u00e9 une belle ann\u00e9e de Canada150! Nous serons de retour avec de nouvelles capsules-vid\u00e9o l&#8217;ann\u00e9e prochaine, alors restez \u00e0 l&#8217;\u00e9coute! Pour plus d&#8217;activit\u00e9s fauniques autour du 150e du Canada, visitez la <a href=\"https:\/\/www.hww.ca\/fr\/enjeux-et-themes\/www.cwf-fcf.org\">F\u00e9d\u00e9ration canadienne de la faune<\/a>!<\/p>\n","protected":false},"excerpt":{"rendered":"<p>C\u00e9l\u00e9brez le 150e du Canada avec Faune et flore du pays! En l\u2019honneur du 150e anniversaire de notre pays, Faune et flore du pays lancera des capsules-vid\u00e9o sur certaines de nos esp\u00e8ces les plus embl\u00e9matiques pour notre culture et histoire. Nous c\u00e9l\u00e9brerons aussi le patrimoine des peuples autochtones du Canada.\u00a0 En 2017, restez \u00e0 l\u2019\u00e9coute [&hellip;]<\/p>\n","protected":false},"author":1,"featured_media":2500,"parent":2260,"menu_order":0,"comment_status":"closed","ping_status":"closed","template":"","meta":{"_acf_changed":false,"_relevanssi_hide_post":"","_relevanssi_hide_content":"","_relevanssi_pin_for_all":"","_relevanssi_pin_keywords":"","_relevanssi_unpin_keywords":"","_relevanssi_related_keywords":"","_relevanssi_related_include_ids":"","_relevanssi_related_exclude_ids":"","_relevanssi_related_no_append":"","_relevanssi_related_not_related":"","_relevanssi_related_posts":"","_relevanssi_noindex_reason":"","footnotes":""},"class_list":["post-2513","page","type-page","status-publish","has-post-thumbnail","hentry"],"acf":[],"yoast_head":"<!-- This site is optimized with the Yoast SEO plugin v24.0 - https:\/\/yoast.com\/wordpress\/plugins\/seo\/ -->\n<title>Canada 150 - Faune et Flore du Pays<\/title>\n<meta name=\"robots\" content=\"index, follow, max-snippet:-1, max-image-preview:large, max-video-preview:-1\" \/>\n<link rel=\"canonical\" href=\"https:\/\/www.hww.ca\/fr\/enjeux-et-themes\/canada-150\/\" \/>\n<meta property=\"og:locale\" content=\"fr_FR\" \/>\n<meta property=\"og:type\" content=\"article\" \/>\n<meta property=\"og:title\" content=\"Canada 150 - Faune et Flore du Pays\" \/>\n<meta property=\"og:description\" content=\"C\u00e9l\u00e9brez le 150e du Canada avec Faune et flore du pays! En l\u2019honneur du 150e anniversaire de notre pays, Faune et flore du pays lancera des capsules-vid\u00e9o sur certaines de nos esp\u00e8ces les plus embl\u00e9matiques pour notre culture et histoire. Nous c\u00e9l\u00e9brerons aussi le patrimoine des peuples autochtones du Canada.\u00a0 En 2017, restez \u00e0 l\u2019\u00e9coute [&hellip;]\" \/>\n<meta property=\"og:url\" content=\"https:\/\/www.hww.ca\/fr\/enjeux-et-themes\/canada-150\/\" \/>\n<meta property=\"og:site_name\" content=\"Faune et Flore du Pays\" \/>\n<meta property=\"article:modified_time\" content=\"2024-11-21T17:42:52+00:00\" \/>\n<meta property=\"og:image\" content=\"https:\/\/www.hww.ca\/wp-content\/uploads\/2017\/01\/canada150.png\" \/>\n\t<meta property=\"og:image:width\" content=\"960\" \/>\n\t<meta property=\"og:image:height\" content=\"330\" \/>\n\t<meta property=\"og:image:type\" content=\"image\/png\" \/>\n<meta name=\"twitter:card\" content=\"summary_large_image\" \/>\n<meta name=\"twitter:label1\" content=\"Est. reading time\" \/>\n\t<meta name=\"twitter:data1\" content=\"6 minutes\" \/>\n<script type=\"application\/ld+json\" class=\"yoast-schema-graph\">{\"@context\":\"https:\/\/schema.org\",\"@graph\":[{\"@type\":\"WebPage\",\"@id\":\"https:\/\/www.hww.ca\/fr\/enjeux-et-themes\/canada-150\/\",\"url\":\"https:\/\/www.hww.ca\/fr\/enjeux-et-themes\/canada-150\/\",\"name\":\"Canada 150 - Faune et Flore du Pays\",\"isPartOf\":{\"@id\":\"https:\/\/www.hww.ca\/fr\/#website\"},\"primaryImageOfPage\":{\"@id\":\"https:\/\/www.hww.ca\/fr\/enjeux-et-themes\/canada-150\/#primaryimage\"},\"image\":{\"@id\":\"https:\/\/www.hww.ca\/fr\/enjeux-et-themes\/canada-150\/#primaryimage\"},\"thumbnailUrl\":\"https:\/\/www.hww.ca\/wp-content\/uploads\/2017\/01\/canada150.png\",\"datePublished\":\"2017-01-05T15:36:00+00:00\",\"dateModified\":\"2024-11-21T17:42:52+00:00\",\"breadcrumb\":{\"@id\":\"https:\/\/www.hww.ca\/fr\/enjeux-et-themes\/canada-150\/#breadcrumb\"},\"inLanguage\":\"fr-FR\",\"potentialAction\":[{\"@type\":\"ReadAction\",\"target\":[\"https:\/\/www.hww.ca\/fr\/enjeux-et-themes\/canada-150\/\"]}]},{\"@type\":\"ImageObject\",\"inLanguage\":\"fr-FR\",\"@id\":\"https:\/\/www.hww.ca\/fr\/enjeux-et-themes\/canada-150\/#primaryimage\",\"url\":\"https:\/\/www.hww.ca\/wp-content\/uploads\/2017\/01\/canada150.png\",\"contentUrl\":\"https:\/\/www.hww.ca\/wp-content\/uploads\/2017\/01\/canada150.png\",\"width\":960,\"height\":330,\"caption\":\"Logo de Canada150\"},{\"@type\":\"BreadcrumbList\",\"@id\":\"https:\/\/www.hww.ca\/fr\/enjeux-et-themes\/canada-150\/#breadcrumb\",\"itemListElement\":[{\"@type\":\"ListItem\",\"position\":1,\"name\":\"accueil\",\"item\":\"https:\/\/www.hww.ca\/fr\/\"},{\"@type\":\"ListItem\",\"position\":2,\"name\":\"Enjeux et th\u00e8mes\",\"item\":\"https:\/\/www.hww.ca\/fr\/enjeux-et-themes\/\"},{\"@type\":\"ListItem\",\"position\":3,\"name\":\"Canada 150\"}]},{\"@type\":\"WebSite\",\"@id\":\"https:\/\/www.hww.ca\/fr\/#website\",\"url\":\"https:\/\/www.hww.ca\/fr\/\",\"name\":\"Faune et Flore du Pays\",\"description\":\"\",\"potentialAction\":[{\"@type\":\"SearchAction\",\"target\":{\"@type\":\"EntryPoint\",\"urlTemplate\":\"https:\/\/www.hww.ca\/fr\/?s={search_term_string}\"},\"query-input\":{\"@type\":\"PropertyValueSpecification\",\"valueRequired\":true,\"valueName\":\"search_term_string\"}}],\"inLanguage\":\"fr-FR\"}]}<\/script>\n<!-- \/ Yoast SEO plugin. -->","yoast_head_json":{"title":"Canada 150 - Faune et Flore du Pays","robots":{"index":"index","follow":"follow","max-snippet":"max-snippet:-1","max-image-preview":"max-image-preview:large","max-video-preview":"max-video-preview:-1"},"canonical":"https:\/\/www.hww.ca\/fr\/enjeux-et-themes\/canada-150\/","og_locale":"fr_FR","og_type":"article","og_title":"Canada 150 - Faune et Flore du Pays","og_description":"C\u00e9l\u00e9brez le 150e du Canada avec Faune et flore du pays! En l\u2019honneur du 150e anniversaire de notre pays, Faune et flore du pays lancera des capsules-vid\u00e9o sur certaines de nos esp\u00e8ces les plus embl\u00e9matiques pour notre culture et histoire. Nous c\u00e9l\u00e9brerons aussi le patrimoine des peuples autochtones du Canada.\u00a0 En 2017, restez \u00e0 l\u2019\u00e9coute [&hellip;]","og_url":"https:\/\/www.hww.ca\/fr\/enjeux-et-themes\/canada-150\/","og_site_name":"Faune et Flore du Pays","article_modified_time":"2024-11-21T17:42:52+00:00","og_image":[{"width":960,"height":330,"url":"https:\/\/www.hww.ca\/wp-content\/uploads\/2017\/01\/canada150.png","type":"image\/png"}],"twitter_card":"summary_large_image","twitter_misc":{"Est. reading time":"6 minutes"},"schema":{"@context":"https:\/\/schema.org","@graph":[{"@type":"WebPage","@id":"https:\/\/www.hww.ca\/fr\/enjeux-et-themes\/canada-150\/","url":"https:\/\/www.hww.ca\/fr\/enjeux-et-themes\/canada-150\/","name":"Canada 150 - Faune et Flore du Pays","isPartOf":{"@id":"https:\/\/www.hww.ca\/fr\/#website"},"primaryImageOfPage":{"@id":"https:\/\/www.hww.ca\/fr\/enjeux-et-themes\/canada-150\/#primaryimage"},"image":{"@id":"https:\/\/www.hww.ca\/fr\/enjeux-et-themes\/canada-150\/#primaryimage"},"thumbnailUrl":"https:\/\/www.hww.ca\/wp-content\/uploads\/2017\/01\/canada150.png","datePublished":"2017-01-05T15:36:00+00:00","dateModified":"2024-11-21T17:42:52+00:00","breadcrumb":{"@id":"https:\/\/www.hww.ca\/fr\/enjeux-et-themes\/canada-150\/#breadcrumb"},"inLanguage":"fr-FR","potentialAction":[{"@type":"ReadAction","target":["https:\/\/www.hww.ca\/fr\/enjeux-et-themes\/canada-150\/"]}]},{"@type":"ImageObject","inLanguage":"fr-FR","@id":"https:\/\/www.hww.ca\/fr\/enjeux-et-themes\/canada-150\/#primaryimage","url":"https:\/\/www.hww.ca\/wp-content\/uploads\/2017\/01\/canada150.png","contentUrl":"https:\/\/www.hww.ca\/wp-content\/uploads\/2017\/01\/canada150.png","width":960,"height":330,"caption":"Logo de Canada150"},{"@type":"BreadcrumbList","@id":"https:\/\/www.hww.ca\/fr\/enjeux-et-themes\/canada-150\/#breadcrumb","itemListElement":[{"@type":"ListItem","position":1,"name":"accueil","item":"https:\/\/www.hww.ca\/fr\/"},{"@type":"ListItem","position":2,"name":"Enjeux et th\u00e8mes","item":"https:\/\/www.hww.ca\/fr\/enjeux-et-themes\/"},{"@type":"ListItem","position":3,"name":"Canada 150"}]},{"@type":"WebSite","@id":"https:\/\/www.hww.ca\/fr\/#website","url":"https:\/\/www.hww.ca\/fr\/","name":"Faune et Flore du Pays","description":"","potentialAction":[{"@type":"SearchAction","target":{"@type":"EntryPoint","urlTemplate":"https:\/\/www.hww.ca\/fr\/?s={search_term_string}"},"query-input":{"@type":"PropertyValueSpecification","valueRequired":true,"valueName":"search_term_string"}}],"inLanguage":"fr-FR"}]}},"_links":{"self":[{"href":"https:\/\/www.hww.ca\/fr\/wp-json\/wp\/v2\/pages\/2513","targetHints":{"allow":["GET"]}}],"collection":[{"href":"https:\/\/www.hww.ca\/fr\/wp-json\/wp\/v2\/pages"}],"about":[{"href":"https:\/\/www.hww.ca\/fr\/wp-json\/wp\/v2\/types\/page"}],"author":[{"embeddable":true,"href":"https:\/\/www.hww.ca\/fr\/wp-json\/wp\/v2\/users\/1"}],"replies":[{"embeddable":true,"href":"https:\/\/www.hww.ca\/fr\/wp-json\/wp\/v2\/comments?post=2513"}],"version-history":[{"count":3,"href":"https:\/\/www.hww.ca\/fr\/wp-json\/wp\/v2\/pages\/2513\/revisions"}],"predecessor-version":[{"id":8872,"href":"https:\/\/www.hww.ca\/fr\/wp-json\/wp\/v2\/pages\/2513\/revisions\/8872"}],"up":[{"embeddable":true,"href":"https:\/\/www.hww.ca\/fr\/wp-json\/wp\/v2\/pages\/2260"}],"wp:featuredmedia":[{"embeddable":true,"href":"https:\/\/www.hww.ca\/fr\/wp-json\/wp\/v2\/media\/2500"}],"wp:attachment":[{"href":"https:\/\/www.hww.ca\/fr\/wp-json\/wp\/v2\/media?parent=2513"}],"curies":[{"name":"wp","href":"https:\/\/api.w.org\/{rel}","templated":true}]}}