{"id":2387,"date":"2022-10-31T15:11:00","date_gmt":"2022-10-31T15:11:00","guid":{"rendered":"https:\/\/www.hww.ca\/enjeux-et-themes\/75e-anniversaire-du-service-canadien-de-la-faune\/"},"modified":"2024-11-20T20:26:02","modified_gmt":"2024-11-20T20:26:02","slug":"75e-anniversaire-du-service-canadien-de-la-faune","status":"publish","type":"page","link":"https:\/\/www.hww.ca\/fr\/enjeux-et-themes\/75e-anniversaire-du-service-canadien-de-la-faune\/","title":{"rendered":"75e anniversaire du Service canadien de la faune"},"content":{"rendered":"<section id=\"glance\" role=\"navigation\" aria-label=\"secondary\">\n<div id=\"BannerNews\">\n<h1><\/h1>\n<div id=\"contentDiv\">\n<p><img loading=\"lazy\" decoding=\"async\" class=\"size-full wp-image-2384 alignleft\" src=\"https:\/\/www.hww.ca\/wp-content\/uploads\/2022\/10\/75th-cws-ad.png\" alt=\"75th Anniversary of the Canadian Wildlife Service\" width=\"550\" height=\"748\" srcset=\"https:\/\/www.hww.ca\/wp-content\/uploads\/2022\/10\/75th-cws-ad.png 550w, https:\/\/www.hww.ca\/wp-content\/uploads\/2022\/10\/75th-cws-ad-221x300.png 221w\" sizes=\"auto, (max-width: 550px) 100vw, 550px\" \/><\/p>\n<p>2022 est l&#8217;ann\u00e9e du 75e anniversaire du Service canadien de la faune (Environnement et changement climatique Canada). Depuis sa cr\u00e9ation, les employ\u00e9s passionn\u00e9s du SCF avec leurs partenaires se sont \u00e9tablis comme des leaders de la conservation de la nature et de la protection ici et partout dans le monde. La F\u00e9d\u00e9ration canadienne de la faune ainsi que notre programme conjoint Faune et flore du pays souhaitent un joyeux 75e \u00e0 nos ami(e)s au SCF! Apprenez-en plus sur l&#8217;oeuvre du SCF gr\u00e2ce \u00e0 notre nouvelle capsule vid\u00e9o de FFDP!<\/p>\n<\/div>\n<\/div>\n<\/section>\n","protected":false},"excerpt":{"rendered":"<p>2022 est l&#8217;ann\u00e9e du 75e anniversaire du Service canadien de la faune (Environnement et changement climatique Canada). Depuis sa cr\u00e9ation, les employ\u00e9s passionn\u00e9s du SCF avec leurs partenaires se sont \u00e9tablis comme des leaders de la conservation de la nature et de la protection ici et partout dans le monde. La F\u00e9d\u00e9ration canadienne de la [&hellip;]<\/p>\n","protected":false},"author":1,"featured_media":509,"parent":2260,"menu_order":0,"comment_status":"closed","ping_status":"closed","template":"","meta":{"_acf_changed":false,"_relevanssi_hide_post":"","_relevanssi_hide_content":"","_relevanssi_pin_for_all":"","_relevanssi_pin_keywords":"","_relevanssi_unpin_keywords":"","_relevanssi_related_keywords":"","_relevanssi_related_include_ids":"","_relevanssi_related_exclude_ids":"","_relevanssi_related_no_append":"","_relevanssi_related_not_related":"","_relevanssi_related_posts":"","_relevanssi_noindex_reason":"","footnotes":""},"class_list":["post-2387","page","type-page","status-publish","has-post-thumbnail","hentry"],"acf":[],"yoast_head":"<!-- This site is optimized with the Yoast SEO plugin v24.0 - https:\/\/yoast.com\/wordpress\/plugins\/seo\/ -->\n<title>75e anniversaire du Service canadien de la faune - Faune et Flore du Pays<\/title>\n<meta name=\"robots\" content=\"index, follow, max-snippet:-1, max-image-preview:large, max-video-preview:-1\" \/>\n<link rel=\"canonical\" href=\"https:\/\/www.hww.ca\/fr\/enjeux-et-themes\/75e-anniversaire-du-service-canadien-de-la-faune\/\" \/>\n<meta property=\"og:locale\" content=\"fr_FR\" \/>\n<meta property=\"og:type\" content=\"article\" \/>\n<meta property=\"og:title\" content=\"75e anniversaire du Service canadien de la faune - Faune et Flore du Pays\" \/>\n<meta property=\"og:description\" content=\"2022 est l&#8217;ann\u00e9e du 75e anniversaire du Service canadien de la faune (Environnement et changement climatique Canada). Depuis sa cr\u00e9ation, les employ\u00e9s passionn\u00e9s du SCF avec leurs partenaires se sont \u00e9tablis comme des leaders de la conservation de la nature et de la protection ici et partout dans le monde. La F\u00e9d\u00e9ration canadienne de la [&hellip;]\" \/>\n<meta property=\"og:url\" content=\"https:\/\/www.hww.ca\/fr\/enjeux-et-themes\/75e-anniversaire-du-service-canadien-de-la-faune\/\" \/>\n<meta property=\"og:site_name\" content=\"Faune et Flore du Pays\" \/>\n<meta property=\"article:modified_time\" content=\"2024-11-20T20:26:02+00:00\" \/>\n<meta property=\"og:image\" content=\"https:\/\/www.hww.ca\/wp-content\/uploads\/2022\/10\/75th-cws.jpg\" \/>\n\t<meta property=\"og:image:width\" content=\"960\" \/>\n\t<meta property=\"og:image:height\" content=\"615\" \/>\n\t<meta property=\"og:image:type\" content=\"image\/jpeg\" \/>\n<meta name=\"twitter:card\" content=\"summary_large_image\" \/>\n<meta name=\"twitter:label1\" content=\"Est. reading time\" \/>\n\t<meta name=\"twitter:data1\" content=\"1 minute\" \/>\n<script type=\"application\/ld+json\" class=\"yoast-schema-graph\">{\"@context\":\"https:\/\/schema.org\",\"@graph\":[{\"@type\":\"WebPage\",\"@id\":\"https:\/\/www.hww.ca\/fr\/enjeux-et-themes\/75e-anniversaire-du-service-canadien-de-la-faune\/\",\"url\":\"https:\/\/www.hww.ca\/fr\/enjeux-et-themes\/75e-anniversaire-du-service-canadien-de-la-faune\/\",\"name\":\"75e anniversaire du Service canadien de la faune - Faune et Flore du Pays\",\"isPartOf\":{\"@id\":\"https:\/\/www.hww.ca\/fr\/#website\"},\"primaryImageOfPage\":{\"@id\":\"https:\/\/www.hww.ca\/fr\/enjeux-et-themes\/75e-anniversaire-du-service-canadien-de-la-faune\/#primaryimage\"},\"image\":{\"@id\":\"https:\/\/www.hww.ca\/fr\/enjeux-et-themes\/75e-anniversaire-du-service-canadien-de-la-faune\/#primaryimage\"},\"thumbnailUrl\":\"https:\/\/www.hww.ca\/wp-content\/uploads\/2022\/10\/75th-cws.jpg\",\"datePublished\":\"2022-10-31T15:11:00+00:00\",\"dateModified\":\"2024-11-20T20:26:02+00:00\",\"breadcrumb\":{\"@id\":\"https:\/\/www.hww.ca\/fr\/enjeux-et-themes\/75e-anniversaire-du-service-canadien-de-la-faune\/#breadcrumb\"},\"inLanguage\":\"fr-FR\",\"potentialAction\":[{\"@type\":\"ReadAction\",\"target\":[\"https:\/\/www.hww.ca\/fr\/enjeux-et-themes\/75e-anniversaire-du-service-canadien-de-la-faune\/\"]}]},{\"@type\":\"ImageObject\",\"inLanguage\":\"fr-FR\",\"@id\":\"https:\/\/www.hww.ca\/fr\/enjeux-et-themes\/75e-anniversaire-du-service-canadien-de-la-faune\/#primaryimage\",\"url\":\"https:\/\/www.hww.ca\/wp-content\/uploads\/2022\/10\/75th-cws.jpg\",\"contentUrl\":\"https:\/\/www.hww.ca\/wp-content\/uploads\/2022\/10\/75th-cws.jpg\",\"width\":960,\"height\":615,\"caption\":\"75e SCF\"},{\"@type\":\"BreadcrumbList\",\"@id\":\"https:\/\/www.hww.ca\/fr\/enjeux-et-themes\/75e-anniversaire-du-service-canadien-de-la-faune\/#breadcrumb\",\"itemListElement\":[{\"@type\":\"ListItem\",\"position\":1,\"name\":\"accueil\",\"item\":\"https:\/\/www.hww.ca\/fr\/\"},{\"@type\":\"ListItem\",\"position\":2,\"name\":\"Enjeux et th\u00e8mes\",\"item\":\"https:\/\/www.hww.ca\/fr\/enjeux-et-themes\/\"},{\"@type\":\"ListItem\",\"position\":3,\"name\":\"75e anniversaire du Service canadien de la faune\"}]},{\"@type\":\"WebSite\",\"@id\":\"https:\/\/www.hww.ca\/fr\/#website\",\"url\":\"https:\/\/www.hww.ca\/fr\/\",\"name\":\"Faune et Flore du Pays\",\"description\":\"\",\"potentialAction\":[{\"@type\":\"SearchAction\",\"target\":{\"@type\":\"EntryPoint\",\"urlTemplate\":\"https:\/\/www.hww.ca\/fr\/?s={search_term_string}\"},\"query-input\":{\"@type\":\"PropertyValueSpecification\",\"valueRequired\":true,\"valueName\":\"search_term_string\"}}],\"inLanguage\":\"fr-FR\"}]}<\/script>\n<!-- \/ Yoast SEO plugin. -->","yoast_head_json":{"title":"75e anniversaire du Service canadien de la faune - Faune et Flore du Pays","robots":{"index":"index","follow":"follow","max-snippet":"max-snippet:-1","max-image-preview":"max-image-preview:large","max-video-preview":"max-video-preview:-1"},"canonical":"https:\/\/www.hww.ca\/fr\/enjeux-et-themes\/75e-anniversaire-du-service-canadien-de-la-faune\/","og_locale":"fr_FR","og_type":"article","og_title":"75e anniversaire du Service canadien de la faune - Faune et Flore du Pays","og_description":"2022 est l&#8217;ann\u00e9e du 75e anniversaire du Service canadien de la faune (Environnement et changement climatique Canada). Depuis sa cr\u00e9ation, les employ\u00e9s passionn\u00e9s du SCF avec leurs partenaires se sont \u00e9tablis comme des leaders de la conservation de la nature et de la protection ici et partout dans le monde. La F\u00e9d\u00e9ration canadienne de la [&hellip;]","og_url":"https:\/\/www.hww.ca\/fr\/enjeux-et-themes\/75e-anniversaire-du-service-canadien-de-la-faune\/","og_site_name":"Faune et Flore du Pays","article_modified_time":"2024-11-20T20:26:02+00:00","og_image":[{"width":960,"height":615,"url":"https:\/\/www.hww.ca\/wp-content\/uploads\/2022\/10\/75th-cws.jpg","type":"image\/jpeg"}],"twitter_card":"summary_large_image","twitter_misc":{"Est. reading time":"1 minute"},"schema":{"@context":"https:\/\/schema.org","@graph":[{"@type":"WebPage","@id":"https:\/\/www.hww.ca\/fr\/enjeux-et-themes\/75e-anniversaire-du-service-canadien-de-la-faune\/","url":"https:\/\/www.hww.ca\/fr\/enjeux-et-themes\/75e-anniversaire-du-service-canadien-de-la-faune\/","name":"75e anniversaire du Service canadien de la faune - Faune et Flore du Pays","isPartOf":{"@id":"https:\/\/www.hww.ca\/fr\/#website"},"primaryImageOfPage":{"@id":"https:\/\/www.hww.ca\/fr\/enjeux-et-themes\/75e-anniversaire-du-service-canadien-de-la-faune\/#primaryimage"},"image":{"@id":"https:\/\/www.hww.ca\/fr\/enjeux-et-themes\/75e-anniversaire-du-service-canadien-de-la-faune\/#primaryimage"},"thumbnailUrl":"https:\/\/www.hww.ca\/wp-content\/uploads\/2022\/10\/75th-cws.jpg","datePublished":"2022-10-31T15:11:00+00:00","dateModified":"2024-11-20T20:26:02+00:00","breadcrumb":{"@id":"https:\/\/www.hww.ca\/fr\/enjeux-et-themes\/75e-anniversaire-du-service-canadien-de-la-faune\/#breadcrumb"},"inLanguage":"fr-FR","potentialAction":[{"@type":"ReadAction","target":["https:\/\/www.hww.ca\/fr\/enjeux-et-themes\/75e-anniversaire-du-service-canadien-de-la-faune\/"]}]},{"@type":"ImageObject","inLanguage":"fr-FR","@id":"https:\/\/www.hww.ca\/fr\/enjeux-et-themes\/75e-anniversaire-du-service-canadien-de-la-faune\/#primaryimage","url":"https:\/\/www.hww.ca\/wp-content\/uploads\/2022\/10\/75th-cws.jpg","contentUrl":"https:\/\/www.hww.ca\/wp-content\/uploads\/2022\/10\/75th-cws.jpg","width":960,"height":615,"caption":"75e SCF"},{"@type":"BreadcrumbList","@id":"https:\/\/www.hww.ca\/fr\/enjeux-et-themes\/75e-anniversaire-du-service-canadien-de-la-faune\/#breadcrumb","itemListElement":[{"@type":"ListItem","position":1,"name":"accueil","item":"https:\/\/www.hww.ca\/fr\/"},{"@type":"ListItem","position":2,"name":"Enjeux et th\u00e8mes","item":"https:\/\/www.hww.ca\/fr\/enjeux-et-themes\/"},{"@type":"ListItem","position":3,"name":"75e anniversaire du Service canadien de la faune"}]},{"@type":"WebSite","@id":"https:\/\/www.hww.ca\/fr\/#website","url":"https:\/\/www.hww.ca\/fr\/","name":"Faune et Flore du Pays","description":"","potentialAction":[{"@type":"SearchAction","target":{"@type":"EntryPoint","urlTemplate":"https:\/\/www.hww.ca\/fr\/?s={search_term_string}"},"query-input":{"@type":"PropertyValueSpecification","valueRequired":true,"valueName":"search_term_string"}}],"inLanguage":"fr-FR"}]}},"_links":{"self":[{"href":"https:\/\/www.hww.ca\/fr\/wp-json\/wp\/v2\/pages\/2387","targetHints":{"allow":["GET"]}}],"collection":[{"href":"https:\/\/www.hww.ca\/fr\/wp-json\/wp\/v2\/pages"}],"about":[{"href":"https:\/\/www.hww.ca\/fr\/wp-json\/wp\/v2\/types\/page"}],"author":[{"embeddable":true,"href":"https:\/\/www.hww.ca\/fr\/wp-json\/wp\/v2\/users\/1"}],"replies":[{"embeddable":true,"href":"https:\/\/www.hww.ca\/fr\/wp-json\/wp\/v2\/comments?post=2387"}],"version-history":[{"count":4,"href":"https:\/\/www.hww.ca\/fr\/wp-json\/wp\/v2\/pages\/2387\/revisions"}],"predecessor-version":[{"id":8805,"href":"https:\/\/www.hww.ca\/fr\/wp-json\/wp\/v2\/pages\/2387\/revisions\/8805"}],"up":[{"embeddable":true,"href":"https:\/\/www.hww.ca\/fr\/wp-json\/wp\/v2\/pages\/2260"}],"wp:featuredmedia":[{"embeddable":true,"href":"https:\/\/www.hww.ca\/fr\/wp-json\/wp\/v2\/media\/509"}],"wp:attachment":[{"href":"https:\/\/www.hww.ca\/fr\/wp-json\/wp\/v2\/media?parent=2387"}],"curies":[{"name":"wp","href":"https:\/\/api.w.org\/{rel}","templated":true}]}}