{"id":2355,"date":"2024-11-18T03:04:37","date_gmt":"2024-11-18T08:04:37","guid":{"rendered":"https:\/\/www.hww.ca\/?page_id=2355"},"modified":"2025-10-02T15:17:54","modified_gmt":"2025-10-02T19:17:54","slug":"homepage-fr","status":"publish","type":"page","link":"https:\/\/www.hww.ca\/fr\/","title":{"rendered":"Accueil"},"content":{"rendered":"\n<div class=\"wp-block-columns is-layout-flex wp-container-core-columns-is-layout-9d6595d7 wp-block-columns-is-layout-flex\">\n<div class=\"wp-block-column is-layout-flow wp-block-column-is-layout-flow\" style=\"flex-basis:33.33%\">\n<figure class=\"wp-block-image size-full\"><img loading=\"lazy\" decoding=\"async\" width=\"240\" height=\"82\" src=\"https:\/\/www.hww.ca\/wp-content\/uploads\/2024\/11\/CWF-logo-fr.png\" alt=\"\" class=\"wp-image-9094\"\/><\/figure>\n<\/div>\n\n\n\n<div class=\"wp-block-column is-layout-flow wp-block-column-is-layout-flow\" style=\"flex-basis:66.66%\">\n<figure class=\"wp-block-image size-full\"><img loading=\"lazy\" decoding=\"async\" width=\"408\" height=\"97\" src=\"https:\/\/www.hww.ca\/wp-content\/uploads\/2024\/11\/ec_gc_fre_c.png\" alt=\"\" class=\"wp-image-9096\" srcset=\"https:\/\/www.hww.ca\/wp-content\/uploads\/2024\/11\/ec_gc_fre_c.png 408w, https:\/\/www.hww.ca\/wp-content\/uploads\/2024\/11\/ec_gc_fre_c-300x71.png 300w\" sizes=\"auto, (max-width: 408px) 100vw, 408px\" \/><\/figure>\n<\/div>\n<\/div>\n\n\n\n<h1 class=\"wp-block-heading\" id=\"h-bienvenue-sur-le-site-web-de-faune-et-flore-du-pays\">Bienvenue sur le site Web de Faune et flore du pays<\/h1>\n\n\n\n<p>Le tout a d\u00e9but\u00e9 en 1963, avec des capsules vid\u00e9o en noir et blanc sur le Plongeon huard, l\u2019orignal, le Fou de Bassan et le castor. Depuis 50 ans, Faune et flore du pays vous met en lien avec les esp\u00e8ces canadiennes les plus \u00e9tonnantes, et ce, directement dans vos maisons. Relanc\u00e9e en 2003, la nouvelle s\u00e9rie r\u00e9tablira le lien que des milliers de Canadiens et de Canadiennes avaient entretenu avec les esp\u00e8ces sauvages gr\u00e2ce \u00e0 la s\u00e9rie d&#8217;origine.<\/p>\n\n\n\n<p>Vous voulez d\u00e9clarer votre amour pour nos esp\u00e8ces sauvages et notre pays? T\u00e9l\u00e9chargez notre sonnerie pour t\u00e9l\u00e9phones juste ici&nbsp;:<\/p>\n\n\n\n<div class=\"wp-block-buttons is-layout-flex wp-block-buttons-is-layout-flex\">\n<div class=\"wp-block-button\"><a class=\"wp-block-button__link wp-element-button\" href=\"https:\/\/www.hww.ca\/wp-content\/uploads\/2025\/02\/flute_mixdown.mp3\" target=\"_blank\" rel=\"noreferrer noopener\">T\u00e9l\u00e9charger<\/a><\/div>\n<\/div>\n\n\n\n<p>Comme toujours, si vous avez un projet vid\u00e9o et que vous voulez utiliser notre musique signature, veuillez nous \u00e9crire et nous d\u00e9crire votre projet et nous pouvons vous envoyer le fichier musical! Envoyez votre m<\/p>\n","protected":false},"excerpt":{"rendered":"<p>Bienvenue sur le site Web de Faune et flore du pays Le tout a d\u00e9but\u00e9 en 1963, avec des capsules vid\u00e9o en noir et blanc sur le Plongeon huard, l\u2019orignal, le Fou de Bassan et le castor. Depuis 50 ans, Faune et flore du pays vous met en lien avec les esp\u00e8ces canadiennes les plus [&hellip;]<\/p>\n","protected":false},"author":1,"featured_media":0,"parent":0,"menu_order":0,"comment_status":"closed","ping_status":"closed","template":"tmpl-landing-page.php","meta":{"_acf_changed":false,"_relevanssi_hide_post":"","_relevanssi_hide_content":"","_relevanssi_pin_for_all":"","_relevanssi_pin_keywords":"","_relevanssi_unpin_keywords":"","_relevanssi_related_keywords":"","_relevanssi_related_include_ids":"","_relevanssi_related_exclude_ids":"","_relevanssi_related_no_append":"","_relevanssi_related_not_related":"","_relevanssi_related_posts":"2144,2146,10125,2153","_relevanssi_noindex_reason":"","footnotes":""},"class_list":["post-2355","page","type-page","status-publish","hentry"],"acf":[],"yoast_head":"<!-- This site is optimized with the Yoast SEO plugin v24.0 - https:\/\/yoast.com\/wordpress\/plugins\/seo\/ -->\n<title>Accueil - Faune et Flore du Pays<\/title>\n<meta name=\"robots\" content=\"index, follow, max-snippet:-1, max-image-preview:large, max-video-preview:-1\" \/>\n<link rel=\"canonical\" href=\"https:\/\/www.hww.ca\/fr\/\" \/>\n<meta property=\"og:locale\" content=\"fr_FR\" \/>\n<meta property=\"og:type\" content=\"article\" \/>\n<meta property=\"og:title\" content=\"Accueil - Faune et Flore du Pays\" \/>\n<meta property=\"og:description\" content=\"Bienvenue sur le site Web de Faune et flore du pays Le tout a d\u00e9but\u00e9 en 1963, avec des capsules vid\u00e9o en noir et blanc sur le Plongeon huard, l\u2019orignal, le Fou de Bassan et le castor. Depuis 50 ans, Faune et flore du pays vous met en lien avec les esp\u00e8ces canadiennes les plus [&hellip;]\" \/>\n<meta property=\"og:url\" content=\"https:\/\/www.hww.ca\/fr\/\" \/>\n<meta property=\"og:site_name\" content=\"Faune et Flore du Pays\" \/>\n<meta property=\"article:modified_time\" content=\"2025-10-02T19:17:54+00:00\" \/>\n<meta property=\"og:image\" content=\"https:\/\/www.hww.ca\/wp-content\/uploads\/2024\/11\/CWF-logo-fr.png\" \/>\n\t<meta property=\"og:image:width\" content=\"240\" \/>\n\t<meta property=\"og:image:height\" content=\"82\" \/>\n\t<meta property=\"og:image:type\" content=\"image\/png\" \/>\n<meta name=\"twitter:card\" content=\"summary_large_image\" \/>\n<meta name=\"twitter:label1\" content=\"Est. reading time\" \/>\n\t<meta name=\"twitter:data1\" content=\"2 minutes\" \/>\n<script type=\"application\/ld+json\" class=\"yoast-schema-graph\">{\"@context\":\"https:\/\/schema.org\",\"@graph\":[{\"@type\":\"WebPage\",\"@id\":\"https:\/\/www.hww.ca\/fr\/\",\"url\":\"https:\/\/www.hww.ca\/fr\/\",\"name\":\"Accueil - Faune et Flore du Pays\",\"isPartOf\":{\"@id\":\"https:\/\/www.hww.ca\/fr\/#website\"},\"primaryImageOfPage\":{\"@id\":\"https:\/\/www.hww.ca\/fr\/#primaryimage\"},\"image\":{\"@id\":\"https:\/\/www.hww.ca\/fr\/#primaryimage\"},\"thumbnailUrl\":\"https:\/\/www.hww.ca\/wp-content\/uploads\/2024\/11\/CWF-logo-fr.png\",\"datePublished\":\"2024-11-18T08:04:37+00:00\",\"dateModified\":\"2025-10-02T19:17:54+00:00\",\"breadcrumb\":{\"@id\":\"https:\/\/www.hww.ca\/fr\/#breadcrumb\"},\"inLanguage\":\"fr-FR\",\"potentialAction\":[{\"@type\":\"ReadAction\",\"target\":[\"https:\/\/www.hww.ca\/fr\/\"]}]},{\"@type\":\"ImageObject\",\"inLanguage\":\"fr-FR\",\"@id\":\"https:\/\/www.hww.ca\/fr\/#primaryimage\",\"url\":\"https:\/\/www.hww.ca\/wp-content\/uploads\/2024\/11\/CWF-logo-fr.png\",\"contentUrl\":\"https:\/\/www.hww.ca\/wp-content\/uploads\/2024\/11\/CWF-logo-fr.png\"},{\"@type\":\"BreadcrumbList\",\"@id\":\"https:\/\/www.hww.ca\/fr\/#breadcrumb\",\"itemListElement\":[{\"@type\":\"ListItem\",\"position\":1,\"name\":\"accueil\",\"item\":\"https:\/\/www.hww.ca\/fr\/\"},{\"@type\":\"ListItem\",\"position\":2,\"name\":\"Accueil\"}]},{\"@type\":\"WebSite\",\"@id\":\"https:\/\/www.hww.ca\/fr\/#website\",\"url\":\"https:\/\/www.hww.ca\/fr\/\",\"name\":\"Faune et Flore du Pays\",\"description\":\"\",\"potentialAction\":[{\"@type\":\"SearchAction\",\"target\":{\"@type\":\"EntryPoint\",\"urlTemplate\":\"https:\/\/www.hww.ca\/fr\/?s={search_term_string}\"},\"query-input\":{\"@type\":\"PropertyValueSpecification\",\"valueRequired\":true,\"valueName\":\"search_term_string\"}}],\"inLanguage\":\"fr-FR\"}]}<\/script>\n<!-- \/ Yoast SEO plugin. -->","yoast_head_json":{"title":"Accueil - Faune et Flore du Pays","robots":{"index":"index","follow":"follow","max-snippet":"max-snippet:-1","max-image-preview":"max-image-preview:large","max-video-preview":"max-video-preview:-1"},"canonical":"https:\/\/www.hww.ca\/fr\/","og_locale":"fr_FR","og_type":"article","og_title":"Accueil - Faune et Flore du Pays","og_description":"Bienvenue sur le site Web de Faune et flore du pays Le tout a d\u00e9but\u00e9 en 1963, avec des capsules vid\u00e9o en noir et blanc sur le Plongeon huard, l\u2019orignal, le Fou de Bassan et le castor. Depuis 50 ans, Faune et flore du pays vous met en lien avec les esp\u00e8ces canadiennes les plus [&hellip;]","og_url":"https:\/\/www.hww.ca\/fr\/","og_site_name":"Faune et Flore du Pays","article_modified_time":"2025-10-02T19:17:54+00:00","og_image":[{"width":240,"height":82,"url":"https:\/\/www.hww.ca\/wp-content\/uploads\/2024\/11\/CWF-logo-fr.png","type":"image\/png"}],"twitter_card":"summary_large_image","twitter_misc":{"Est. reading time":"2 minutes"},"schema":{"@context":"https:\/\/schema.org","@graph":[{"@type":"WebPage","@id":"https:\/\/www.hww.ca\/fr\/","url":"https:\/\/www.hww.ca\/fr\/","name":"Accueil - Faune et Flore du Pays","isPartOf":{"@id":"https:\/\/www.hww.ca\/fr\/#website"},"primaryImageOfPage":{"@id":"https:\/\/www.hww.ca\/fr\/#primaryimage"},"image":{"@id":"https:\/\/www.hww.ca\/fr\/#primaryimage"},"thumbnailUrl":"https:\/\/www.hww.ca\/wp-content\/uploads\/2024\/11\/CWF-logo-fr.png","datePublished":"2024-11-18T08:04:37+00:00","dateModified":"2025-10-02T19:17:54+00:00","breadcrumb":{"@id":"https:\/\/www.hww.ca\/fr\/#breadcrumb"},"inLanguage":"fr-FR","potentialAction":[{"@type":"ReadAction","target":["https:\/\/www.hww.ca\/fr\/"]}]},{"@type":"ImageObject","inLanguage":"fr-FR","@id":"https:\/\/www.hww.ca\/fr\/#primaryimage","url":"https:\/\/www.hww.ca\/wp-content\/uploads\/2024\/11\/CWF-logo-fr.png","contentUrl":"https:\/\/www.hww.ca\/wp-content\/uploads\/2024\/11\/CWF-logo-fr.png"},{"@type":"BreadcrumbList","@id":"https:\/\/www.hww.ca\/fr\/#breadcrumb","itemListElement":[{"@type":"ListItem","position":1,"name":"accueil","item":"https:\/\/www.hww.ca\/fr\/"},{"@type":"ListItem","position":2,"name":"Accueil"}]},{"@type":"WebSite","@id":"https:\/\/www.hww.ca\/fr\/#website","url":"https:\/\/www.hww.ca\/fr\/","name":"Faune et Flore du Pays","description":"","potentialAction":[{"@type":"SearchAction","target":{"@type":"EntryPoint","urlTemplate":"https:\/\/www.hww.ca\/fr\/?s={search_term_string}"},"query-input":{"@type":"PropertyValueSpecification","valueRequired":true,"valueName":"search_term_string"}}],"inLanguage":"fr-FR"}]}},"_links":{"self":[{"href":"https:\/\/www.hww.ca\/fr\/wp-json\/wp\/v2\/pages\/2355","targetHints":{"allow":["GET"]}}],"collection":[{"href":"https:\/\/www.hww.ca\/fr\/wp-json\/wp\/v2\/pages"}],"about":[{"href":"https:\/\/www.hww.ca\/fr\/wp-json\/wp\/v2\/types\/page"}],"author":[{"embeddable":true,"href":"https:\/\/www.hww.ca\/fr\/wp-json\/wp\/v2\/users\/1"}],"replies":[{"embeddable":true,"href":"https:\/\/www.hww.ca\/fr\/wp-json\/wp\/v2\/comments?post=2355"}],"version-history":[{"count":18,"href":"https:\/\/www.hww.ca\/fr\/wp-json\/wp\/v2\/pages\/2355\/revisions"}],"predecessor-version":[{"id":11106,"href":"https:\/\/www.hww.ca\/fr\/wp-json\/wp\/v2\/pages\/2355\/revisions\/11106"}],"wp:attachment":[{"href":"https:\/\/www.hww.ca\/fr\/wp-json\/wp\/v2\/media?parent=2355"}],"curies":[{"name":"wp","href":"https:\/\/api.w.org\/{rel}","templated":true}]}}