{"id":2302,"date":"2024-11-17T18:21:28","date_gmt":"2024-11-17T18:21:28","guid":{"rendered":"https:\/\/www.hww.ca\/?page_id=2302"},"modified":"2024-12-16T21:28:55","modified_gmt":"2024-12-16T21:28:55","slug":"les-curieux-de-nature","status":"publish","type":"page","link":"https:\/\/www.hww.ca\/fr\/les-curieux-de-nature\/","title":{"rendered":"Les curieux de nature"},"content":{"rendered":"\n<p>Es-tu un jeune passionn\u00e9 de notre nature? Viens faire un tour, regarde une vid\u00e9o, parle-nous de ton animal canadien pr\u00e9f\u00e9r\u00e9 ou joue \u00e0 un jeu! Joins-toi aux autres curieux de nature et d\u00e9couvre les esp\u00e8ces et les endroits sauvages que tu peux observer juste ici, au Canada, et sur ce que tu peux faire pour leur donner un coup de main!<\/p>\n","protected":false},"excerpt":{"rendered":"<p>Es-tu un jeune passionn\u00e9 de notre nature? Viens faire un tour, regarde une vid\u00e9o, parle-nous de ton animal canadien pr\u00e9f\u00e9r\u00e9 ou joue \u00e0 un jeu! Joins-toi aux autres curieux de nature et d\u00e9couvre les esp\u00e8ces et les endroits sauvages que tu peux observer juste ici, au Canada, et sur ce que tu peux faire pour [&hellip;]<\/p>\n","protected":false},"author":1,"featured_media":0,"parent":0,"menu_order":0,"comment_status":"closed","ping_status":"closed","template":"tmpl-wild-gang-landing.php","meta":{"_acf_changed":false,"_relevanssi_hide_post":"","_relevanssi_hide_content":"","_relevanssi_pin_for_all":"","_relevanssi_pin_keywords":"","_relevanssi_unpin_keywords":"","_relevanssi_related_keywords":"","_relevanssi_related_include_ids":"","_relevanssi_related_exclude_ids":"","_relevanssi_related_no_append":"","_relevanssi_related_not_related":"","_relevanssi_related_posts":"2144,2153,2146,10125","_relevanssi_noindex_reason":"","footnotes":""},"class_list":["post-2302","page","type-page","status-publish","hentry"],"acf":[],"yoast_head":"<!-- This site is optimized with the Yoast SEO plugin v24.0 - https:\/\/yoast.com\/wordpress\/plugins\/seo\/ -->\n<title>Les curieux de nature - Faune et Flore du Pays<\/title>\n<meta name=\"robots\" content=\"index, follow, max-snippet:-1, max-image-preview:large, max-video-preview:-1\" \/>\n<link rel=\"canonical\" href=\"https:\/\/www.hww.ca\/fr\/les-curieux-de-nature\/\" \/>\n<meta property=\"og:locale\" content=\"fr_FR\" \/>\n<meta property=\"og:type\" content=\"article\" \/>\n<meta property=\"og:title\" content=\"Les curieux de nature - Faune et Flore du Pays\" \/>\n<meta property=\"og:description\" content=\"Es-tu un jeune passionn\u00e9 de notre nature? Viens faire un tour, regarde une vid\u00e9o, parle-nous de ton animal canadien pr\u00e9f\u00e9r\u00e9 ou joue \u00e0 un jeu! Joins-toi aux autres curieux de nature et d\u00e9couvre les esp\u00e8ces et les endroits sauvages que tu peux observer juste ici, au Canada, et sur ce que tu peux faire pour [&hellip;]\" \/>\n<meta property=\"og:url\" content=\"https:\/\/www.hww.ca\/fr\/les-curieux-de-nature\/\" \/>\n<meta property=\"og:site_name\" content=\"Faune et Flore du Pays\" \/>\n<meta property=\"article:modified_time\" content=\"2024-12-16T21:28:55+00:00\" \/>\n<meta name=\"twitter:card\" content=\"summary_large_image\" \/>\n<meta name=\"twitter:label1\" content=\"Est. reading time\" \/>\n\t<meta name=\"twitter:data1\" content=\"1 minute\" \/>\n<script type=\"application\/ld+json\" class=\"yoast-schema-graph\">{\"@context\":\"https:\/\/schema.org\",\"@graph\":[{\"@type\":\"WebPage\",\"@id\":\"https:\/\/www.hww.ca\/fr\/les-curieux-de-nature\/\",\"url\":\"https:\/\/www.hww.ca\/fr\/les-curieux-de-nature\/\",\"name\":\"Les curieux de nature - Faune et Flore du Pays\",\"isPartOf\":{\"@id\":\"https:\/\/www.hww.ca\/fr\/#website\"},\"datePublished\":\"2024-11-17T18:21:28+00:00\",\"dateModified\":\"2024-12-16T21:28:55+00:00\",\"breadcrumb\":{\"@id\":\"https:\/\/www.hww.ca\/fr\/les-curieux-de-nature\/#breadcrumb\"},\"inLanguage\":\"fr-FR\",\"potentialAction\":[{\"@type\":\"ReadAction\",\"target\":[\"https:\/\/www.hww.ca\/fr\/les-curieux-de-nature\/\"]}]},{\"@type\":\"BreadcrumbList\",\"@id\":\"https:\/\/www.hww.ca\/fr\/les-curieux-de-nature\/#breadcrumb\",\"itemListElement\":[{\"@type\":\"ListItem\",\"position\":1,\"name\":\"accueil\",\"item\":\"https:\/\/www.hww.ca\/fr\/\"},{\"@type\":\"ListItem\",\"position\":2,\"name\":\"Les curieux de nature\"}]},{\"@type\":\"WebSite\",\"@id\":\"https:\/\/www.hww.ca\/fr\/#website\",\"url\":\"https:\/\/www.hww.ca\/fr\/\",\"name\":\"Faune et Flore du Pays\",\"description\":\"\",\"potentialAction\":[{\"@type\":\"SearchAction\",\"target\":{\"@type\":\"EntryPoint\",\"urlTemplate\":\"https:\/\/www.hww.ca\/fr\/?s={search_term_string}\"},\"query-input\":{\"@type\":\"PropertyValueSpecification\",\"valueRequired\":true,\"valueName\":\"search_term_string\"}}],\"inLanguage\":\"fr-FR\"}]}<\/script>\n<!-- \/ Yoast SEO plugin. -->","yoast_head_json":{"title":"Les curieux de nature - Faune et Flore du Pays","robots":{"index":"index","follow":"follow","max-snippet":"max-snippet:-1","max-image-preview":"max-image-preview:large","max-video-preview":"max-video-preview:-1"},"canonical":"https:\/\/www.hww.ca\/fr\/les-curieux-de-nature\/","og_locale":"fr_FR","og_type":"article","og_title":"Les curieux de nature - Faune et Flore du Pays","og_description":"Es-tu un jeune passionn\u00e9 de notre nature? Viens faire un tour, regarde une vid\u00e9o, parle-nous de ton animal canadien pr\u00e9f\u00e9r\u00e9 ou joue \u00e0 un jeu! Joins-toi aux autres curieux de nature et d\u00e9couvre les esp\u00e8ces et les endroits sauvages que tu peux observer juste ici, au Canada, et sur ce que tu peux faire pour [&hellip;]","og_url":"https:\/\/www.hww.ca\/fr\/les-curieux-de-nature\/","og_site_name":"Faune et Flore du Pays","article_modified_time":"2024-12-16T21:28:55+00:00","twitter_card":"summary_large_image","twitter_misc":{"Est. reading time":"1 minute"},"schema":{"@context":"https:\/\/schema.org","@graph":[{"@type":"WebPage","@id":"https:\/\/www.hww.ca\/fr\/les-curieux-de-nature\/","url":"https:\/\/www.hww.ca\/fr\/les-curieux-de-nature\/","name":"Les curieux de nature - Faune et Flore du Pays","isPartOf":{"@id":"https:\/\/www.hww.ca\/fr\/#website"},"datePublished":"2024-11-17T18:21:28+00:00","dateModified":"2024-12-16T21:28:55+00:00","breadcrumb":{"@id":"https:\/\/www.hww.ca\/fr\/les-curieux-de-nature\/#breadcrumb"},"inLanguage":"fr-FR","potentialAction":[{"@type":"ReadAction","target":["https:\/\/www.hww.ca\/fr\/les-curieux-de-nature\/"]}]},{"@type":"BreadcrumbList","@id":"https:\/\/www.hww.ca\/fr\/les-curieux-de-nature\/#breadcrumb","itemListElement":[{"@type":"ListItem","position":1,"name":"accueil","item":"https:\/\/www.hww.ca\/fr\/"},{"@type":"ListItem","position":2,"name":"Les curieux de nature"}]},{"@type":"WebSite","@id":"https:\/\/www.hww.ca\/fr\/#website","url":"https:\/\/www.hww.ca\/fr\/","name":"Faune et Flore du Pays","description":"","potentialAction":[{"@type":"SearchAction","target":{"@type":"EntryPoint","urlTemplate":"https:\/\/www.hww.ca\/fr\/?s={search_term_string}"},"query-input":{"@type":"PropertyValueSpecification","valueRequired":true,"valueName":"search_term_string"}}],"inLanguage":"fr-FR"}]}},"_links":{"self":[{"href":"https:\/\/www.hww.ca\/fr\/wp-json\/wp\/v2\/pages\/2302","targetHints":{"allow":["GET"]}}],"collection":[{"href":"https:\/\/www.hww.ca\/fr\/wp-json\/wp\/v2\/pages"}],"about":[{"href":"https:\/\/www.hww.ca\/fr\/wp-json\/wp\/v2\/types\/page"}],"author":[{"embeddable":true,"href":"https:\/\/www.hww.ca\/fr\/wp-json\/wp\/v2\/users\/1"}],"replies":[{"embeddable":true,"href":"https:\/\/www.hww.ca\/fr\/wp-json\/wp\/v2\/comments?post=2302"}],"version-history":[{"count":3,"href":"https:\/\/www.hww.ca\/fr\/wp-json\/wp\/v2\/pages\/2302\/revisions"}],"predecessor-version":[{"id":10569,"href":"https:\/\/www.hww.ca\/fr\/wp-json\/wp\/v2\/pages\/2302\/revisions\/10569"}],"wp:attachment":[{"href":"https:\/\/www.hww.ca\/fr\/wp-json\/wp\/v2\/media?parent=2302"}],"curies":[{"name":"wp","href":"https:\/\/api.w.org\/{rel}","templated":true}]}}