{"id":2281,"date":"2024-11-17T01:46:29","date_gmt":"2024-11-17T01:46:29","guid":{"rendered":"https:\/\/www.hww.ca\/?page_id=2281"},"modified":"2024-12-16T21:42:20","modified_gmt":"2024-12-16T21:42:20","slug":"produisez-votre-propre-video-ffdp","status":"publish","type":"page","link":"https:\/\/www.hww.ca\/fr\/passez-a-laction\/produisez-votre-propre-video-ffdp\/","title":{"rendered":"Produisez votre propre vid\u00e9o FFDP"},"content":{"rendered":"\n<p><strong>Mat\u00e9riel :<\/strong><\/p>\n\n\n\n<ul class=\"wp-block-list\">\n<li>cam\u00e9scope ou cam\u00e9ra num\u00e9rique avec enregistrement vid\u00e9o et sonore (optionnel)<\/li>\n\n\n\n<li>logiciel de montage vid\u00e9o, comme :<br>\u00a0\u00a0\u00a0\u00a0\u00a0 -MAC: iMovie, Final Cut Pro<br>\u00a0\u00a0\u00a0\u00a0\u00a0 -PC: Windows Movie Maker, Adobe Premiere Elements, Adobe Premiere Pro<\/li>\n\n\n\n<li>enregistreur de la parole<\/li>\n<\/ul>\n\n\n\n<p><strong>Contexte<\/strong><\/p>\n\n\n\n<p>La plupart des Canadiens qui poss\u00e9daient un t\u00e9l\u00e9viseur dans les ann\u00e9es 1960 et 1970 se souviendront des accents obs\u00e9dants d\u2019une fl\u00fbte solitaire, le th\u00e8me caract\u00e9ristique d\u2019Hinterland Who\u2019s Who (Faune et flore du pays). La s\u00e9rie de vignettes de 60 secondes a \u00e9t\u00e9 cr\u00e9\u00e9e pour renseigner le public sur la faune indig\u00e8ne de notre pays gr\u00e2ce \u00e0 d\u2019excellentes&nbsp;<a href=\"http:\/\/www.hww.ca\/xfr\/galerie-multimedia\/sonores.html\">s\u00e9quences film\u00e9es<\/a>, \u00e0 des&nbsp;<a href=\"http:\/\/www.hww.ca\/xfr\/galerie-multimedia\/\">sons naturels<\/a>&nbsp;et \u00e0 une narration d\u00e9tendue.<\/p>\n\n\n\n<p>Maintenant, plus de 40 ans apr\u00e8s l\u2019introduction de la s\u00e9rie, le&nbsp;<a href=\"http:\/\/www.cws-scf.ec.gc.ca\/\">Service canadien de la faune<\/a>&nbsp;(SCF) et&nbsp;<a href=\"http:\/\/www.cwf-fcf.org\/\">la F\u00e9d\u00e9ration canadienne de la faune<\/a>&nbsp;(FCF) l\u2019ont relanc\u00e9e pour sensibiliser une autre g\u00e9n\u00e9ration de Canadiens \u00e0 leur patrimoine naturel. Les nouveaux communiqu\u00e9s d\u2019int\u00e9r\u00eat public reprennent le th\u00e8me classique des vignettes initiales, mais insistent en plus sur la n\u00e9cessit\u00e9 de conserver et de prot\u00e9ger les esp\u00e8ces indig\u00e8nes et leur habitat.<\/p>\n\n\n\n<p><strong>Marche \u00e0 suivre<\/strong><\/p>\n\n\n\n<p>Voici quelques \u00e9tapes simples pour que votre production Faune et flore du pays soit un succ\u00e8s :<\/p>\n\n\n\n<ol class=\"wp-block-list\">\n<li>Choisir une esp\u00e8ce de la faune canadienne.<\/li>\n\n\n\n<li>Chercher des \u00e9l\u00e9ments de base \u00e0 son sujet, notamment :<br>-son aspect,<br>-les endroits o\u00f9 elle vit au Canada,<br>-comment conserver l\u2019esp\u00e8ce.<br>On peut trouver de l\u2019information sur de nombreuses esp\u00e8ces canadiennes sur le site hww.ca.<\/li>\n\n\n\n<li>Si possible, filmez vos propres s\u00e9quences de votre esp\u00e8ce choisie au moyen d\u2019un cam\u00e9scope ou d\u2019un enregistreur num\u00e9rique, ou trouvez des films disponibles en ligne.<\/li>\n\n\n\n<li>Si possible, photographiez votre esp\u00e8ce choisie ou trouvez des photos disponibles en ligne. N\u2019oubliez pas de demander d\u2019abord la permission du photographe!<\/li>\n\n\n\n<li>En combinant toute l\u2019information ci-dessus, r\u00e9digez un court (60 secondes)\u00a0<a href=\"http:\/\/www.hww.ca\/fr\/passez-a-laction\/echantillon-de-script.pdf\">script vid\u00e9o<\/a>\u00a0reliant l\u2019information et les illustrations consacr\u00e9es \u00e0 l\u2019esp\u00e8ce.<\/li>\n\n\n\n<li>Enregistrez toute la partie sonore et combinez tous les \u00e9l\u00e9ments, y compris\u00a0<a href=\"mailto:info@hww.ca?subject=La%20musique%20pour%20FPP%20%AB%20Productions%20maison%20%BB%20\">la musique<\/a>\u00a0 et\u00a0<a href=\"http:\/\/www.hww.ca\/kaboom\/images\/hww_homegrown_fr-1.jpg\">le logo<\/a>\u00a0de FPP, dans le logiciel de montage vid\u00e9o.<\/li>\n\n\n\n<li>Proposez votre bande vid\u00e9o \u00e0\u00a0<a href=\"mailto:info@hww.ca?subject=Mon%20s%E9quence%20vid%E9o%20sur%20la%20nature\">hww.ca<\/a>, et, le cas \u00e9ch\u00e9ant, elle sera affich\u00e9e en ligne.<\/li>\n<\/ol>\n","protected":false},"excerpt":{"rendered":"<p>Mat\u00e9riel : Contexte La plupart des Canadiens qui poss\u00e9daient un t\u00e9l\u00e9viseur dans les ann\u00e9es 1960 et 1970 se souviendront des accents obs\u00e9dants d\u2019une fl\u00fbte solitaire, le th\u00e8me caract\u00e9ristique d\u2019Hinterland Who\u2019s Who (Faune et flore du pays). La s\u00e9rie de vignettes de 60 secondes a \u00e9t\u00e9 cr\u00e9\u00e9e pour renseigner le public sur la faune indig\u00e8ne de [&hellip;]<\/p>\n","protected":false},"author":1,"featured_media":1779,"parent":2264,"menu_order":0,"comment_status":"closed","ping_status":"closed","template":"","meta":{"_acf_changed":false,"_relevanssi_hide_post":"","_relevanssi_hide_content":"","_relevanssi_pin_for_all":"","_relevanssi_pin_keywords":"","_relevanssi_unpin_keywords":"","_relevanssi_related_keywords":"","_relevanssi_related_include_ids":"","_relevanssi_related_exclude_ids":"","_relevanssi_related_no_append":"","_relevanssi_related_not_related":"","_relevanssi_related_posts":"10125,2144,2146,2153","_relevanssi_noindex_reason":"","footnotes":""},"class_list":["post-2281","page","type-page","status-publish","has-post-thumbnail","hentry"],"acf":[],"yoast_head":"<!-- This site is optimized with the Yoast SEO plugin v24.0 - https:\/\/yoast.com\/wordpress\/plugins\/seo\/ -->\n<title>Produisez votre propre vid\u00e9o FFDP - Faune et Flore du Pays<\/title>\n<meta name=\"robots\" content=\"index, follow, max-snippet:-1, max-image-preview:large, max-video-preview:-1\" \/>\n<link rel=\"canonical\" href=\"https:\/\/www.hww.ca\/fr\/passez-a-laction\/produisez-votre-propre-video-ffdp\/\" \/>\n<meta property=\"og:locale\" content=\"fr_FR\" \/>\n<meta property=\"og:type\" content=\"article\" \/>\n<meta property=\"og:title\" content=\"Produisez votre propre vid\u00e9o FFDP - Faune et Flore du Pays\" \/>\n<meta property=\"og:description\" content=\"Mat\u00e9riel : Contexte La plupart des Canadiens qui poss\u00e9daient un t\u00e9l\u00e9viseur dans les ann\u00e9es 1960 et 1970 se souviendront des accents obs\u00e9dants d\u2019une fl\u00fbte solitaire, le th\u00e8me caract\u00e9ristique d\u2019Hinterland Who\u2019s Who (Faune et flore du pays). La s\u00e9rie de vignettes de 60 secondes a \u00e9t\u00e9 cr\u00e9\u00e9e pour renseigner le public sur la faune indig\u00e8ne de [&hellip;]\" \/>\n<meta property=\"og:url\" content=\"https:\/\/www.hww.ca\/fr\/passez-a-laction\/produisez-votre-propre-video-ffdp\/\" \/>\n<meta property=\"og:site_name\" content=\"Faune et Flore du Pays\" \/>\n<meta property=\"article:modified_time\" content=\"2024-12-16T21:42:20+00:00\" \/>\n<meta property=\"og:image\" content=\"https:\/\/www.hww.ca\/wp-content\/uploads\/2024\/11\/icon-hww-spot.png\" \/>\n\t<meta property=\"og:image:width\" content=\"400\" \/>\n\t<meta property=\"og:image:height\" content=\"256\" \/>\n\t<meta property=\"og:image:type\" content=\"image\/png\" \/>\n<meta name=\"twitter:card\" content=\"summary_large_image\" \/>\n<meta name=\"twitter:label1\" content=\"Est. reading time\" \/>\n\t<meta name=\"twitter:data1\" content=\"2 minutes\" \/>\n<script type=\"application\/ld+json\" class=\"yoast-schema-graph\">{\"@context\":\"https:\/\/schema.org\",\"@graph\":[{\"@type\":\"WebPage\",\"@id\":\"https:\/\/www.hww.ca\/fr\/passez-a-laction\/produisez-votre-propre-video-ffdp\/\",\"url\":\"https:\/\/www.hww.ca\/fr\/passez-a-laction\/produisez-votre-propre-video-ffdp\/\",\"name\":\"Produisez votre propre vid\u00e9o FFDP - Faune et Flore du Pays\",\"isPartOf\":{\"@id\":\"https:\/\/www.hww.ca\/fr\/#website\"},\"primaryImageOfPage\":{\"@id\":\"https:\/\/www.hww.ca\/fr\/passez-a-laction\/produisez-votre-propre-video-ffdp\/#primaryimage\"},\"image\":{\"@id\":\"https:\/\/www.hww.ca\/fr\/passez-a-laction\/produisez-votre-propre-video-ffdp\/#primaryimage\"},\"thumbnailUrl\":\"https:\/\/www.hww.ca\/wp-content\/uploads\/2024\/11\/icon-hww-spot.png\",\"datePublished\":\"2024-11-17T01:46:29+00:00\",\"dateModified\":\"2024-12-16T21:42:20+00:00\",\"breadcrumb\":{\"@id\":\"https:\/\/www.hww.ca\/fr\/passez-a-laction\/produisez-votre-propre-video-ffdp\/#breadcrumb\"},\"inLanguage\":\"fr-FR\",\"potentialAction\":[{\"@type\":\"ReadAction\",\"target\":[\"https:\/\/www.hww.ca\/fr\/passez-a-laction\/produisez-votre-propre-video-ffdp\/\"]}]},{\"@type\":\"ImageObject\",\"inLanguage\":\"fr-FR\",\"@id\":\"https:\/\/www.hww.ca\/fr\/passez-a-laction\/produisez-votre-propre-video-ffdp\/#primaryimage\",\"url\":\"https:\/\/www.hww.ca\/wp-content\/uploads\/2024\/11\/icon-hww-spot.png\",\"contentUrl\":\"https:\/\/www.hww.ca\/wp-content\/uploads\/2024\/11\/icon-hww-spot.png\",\"width\":400,\"height\":256,\"caption\":\"Make Your Own HWW Spot\"},{\"@type\":\"BreadcrumbList\",\"@id\":\"https:\/\/www.hww.ca\/fr\/passez-a-laction\/produisez-votre-propre-video-ffdp\/#breadcrumb\",\"itemListElement\":[{\"@type\":\"ListItem\",\"position\":1,\"name\":\"accueil\",\"item\":\"https:\/\/www.hww.ca\/fr\/\"},{\"@type\":\"ListItem\",\"position\":2,\"name\":\"Passez \u00e0 l\u2019action\",\"item\":\"https:\/\/www.hww.ca\/fr\/passez-a-laction\/\"},{\"@type\":\"ListItem\",\"position\":3,\"name\":\"Produisez votre propre vid\u00e9o FFDP\"}]},{\"@type\":\"WebSite\",\"@id\":\"https:\/\/www.hww.ca\/fr\/#website\",\"url\":\"https:\/\/www.hww.ca\/fr\/\",\"name\":\"Faune et Flore du Pays\",\"description\":\"\",\"potentialAction\":[{\"@type\":\"SearchAction\",\"target\":{\"@type\":\"EntryPoint\",\"urlTemplate\":\"https:\/\/www.hww.ca\/fr\/?s={search_term_string}\"},\"query-input\":{\"@type\":\"PropertyValueSpecification\",\"valueRequired\":true,\"valueName\":\"search_term_string\"}}],\"inLanguage\":\"fr-FR\"}]}<\/script>\n<!-- \/ Yoast SEO plugin. -->","yoast_head_json":{"title":"Produisez votre propre vid\u00e9o FFDP - Faune et Flore du Pays","robots":{"index":"index","follow":"follow","max-snippet":"max-snippet:-1","max-image-preview":"max-image-preview:large","max-video-preview":"max-video-preview:-1"},"canonical":"https:\/\/www.hww.ca\/fr\/passez-a-laction\/produisez-votre-propre-video-ffdp\/","og_locale":"fr_FR","og_type":"article","og_title":"Produisez votre propre vid\u00e9o FFDP - Faune et Flore du Pays","og_description":"Mat\u00e9riel : Contexte La plupart des Canadiens qui poss\u00e9daient un t\u00e9l\u00e9viseur dans les ann\u00e9es 1960 et 1970 se souviendront des accents obs\u00e9dants d\u2019une fl\u00fbte solitaire, le th\u00e8me caract\u00e9ristique d\u2019Hinterland Who\u2019s Who (Faune et flore du pays). La s\u00e9rie de vignettes de 60 secondes a \u00e9t\u00e9 cr\u00e9\u00e9e pour renseigner le public sur la faune indig\u00e8ne de [&hellip;]","og_url":"https:\/\/www.hww.ca\/fr\/passez-a-laction\/produisez-votre-propre-video-ffdp\/","og_site_name":"Faune et Flore du Pays","article_modified_time":"2024-12-16T21:42:20+00:00","og_image":[{"width":400,"height":256,"url":"https:\/\/www.hww.ca\/wp-content\/uploads\/2024\/11\/icon-hww-spot.png","type":"image\/png"}],"twitter_card":"summary_large_image","twitter_misc":{"Est. reading time":"2 minutes"},"schema":{"@context":"https:\/\/schema.org","@graph":[{"@type":"WebPage","@id":"https:\/\/www.hww.ca\/fr\/passez-a-laction\/produisez-votre-propre-video-ffdp\/","url":"https:\/\/www.hww.ca\/fr\/passez-a-laction\/produisez-votre-propre-video-ffdp\/","name":"Produisez votre propre vid\u00e9o FFDP - Faune et Flore du Pays","isPartOf":{"@id":"https:\/\/www.hww.ca\/fr\/#website"},"primaryImageOfPage":{"@id":"https:\/\/www.hww.ca\/fr\/passez-a-laction\/produisez-votre-propre-video-ffdp\/#primaryimage"},"image":{"@id":"https:\/\/www.hww.ca\/fr\/passez-a-laction\/produisez-votre-propre-video-ffdp\/#primaryimage"},"thumbnailUrl":"https:\/\/www.hww.ca\/wp-content\/uploads\/2024\/11\/icon-hww-spot.png","datePublished":"2024-11-17T01:46:29+00:00","dateModified":"2024-12-16T21:42:20+00:00","breadcrumb":{"@id":"https:\/\/www.hww.ca\/fr\/passez-a-laction\/produisez-votre-propre-video-ffdp\/#breadcrumb"},"inLanguage":"fr-FR","potentialAction":[{"@type":"ReadAction","target":["https:\/\/www.hww.ca\/fr\/passez-a-laction\/produisez-votre-propre-video-ffdp\/"]}]},{"@type":"ImageObject","inLanguage":"fr-FR","@id":"https:\/\/www.hww.ca\/fr\/passez-a-laction\/produisez-votre-propre-video-ffdp\/#primaryimage","url":"https:\/\/www.hww.ca\/wp-content\/uploads\/2024\/11\/icon-hww-spot.png","contentUrl":"https:\/\/www.hww.ca\/wp-content\/uploads\/2024\/11\/icon-hww-spot.png","width":400,"height":256,"caption":"Make Your Own HWW Spot"},{"@type":"BreadcrumbList","@id":"https:\/\/www.hww.ca\/fr\/passez-a-laction\/produisez-votre-propre-video-ffdp\/#breadcrumb","itemListElement":[{"@type":"ListItem","position":1,"name":"accueil","item":"https:\/\/www.hww.ca\/fr\/"},{"@type":"ListItem","position":2,"name":"Passez \u00e0 l\u2019action","item":"https:\/\/www.hww.ca\/fr\/passez-a-laction\/"},{"@type":"ListItem","position":3,"name":"Produisez votre propre vid\u00e9o FFDP"}]},{"@type":"WebSite","@id":"https:\/\/www.hww.ca\/fr\/#website","url":"https:\/\/www.hww.ca\/fr\/","name":"Faune et Flore du Pays","description":"","potentialAction":[{"@type":"SearchAction","target":{"@type":"EntryPoint","urlTemplate":"https:\/\/www.hww.ca\/fr\/?s={search_term_string}"},"query-input":{"@type":"PropertyValueSpecification","valueRequired":true,"valueName":"search_term_string"}}],"inLanguage":"fr-FR"}]}},"_links":{"self":[{"href":"https:\/\/www.hww.ca\/fr\/wp-json\/wp\/v2\/pages\/2281","targetHints":{"allow":["GET"]}}],"collection":[{"href":"https:\/\/www.hww.ca\/fr\/wp-json\/wp\/v2\/pages"}],"about":[{"href":"https:\/\/www.hww.ca\/fr\/wp-json\/wp\/v2\/types\/page"}],"author":[{"embeddable":true,"href":"https:\/\/www.hww.ca\/fr\/wp-json\/wp\/v2\/users\/1"}],"replies":[{"embeddable":true,"href":"https:\/\/www.hww.ca\/fr\/wp-json\/wp\/v2\/comments?post=2281"}],"version-history":[{"count":2,"href":"https:\/\/www.hww.ca\/fr\/wp-json\/wp\/v2\/pages\/2281\/revisions"}],"predecessor-version":[{"id":10580,"href":"https:\/\/www.hww.ca\/fr\/wp-json\/wp\/v2\/pages\/2281\/revisions\/10580"}],"up":[{"embeddable":true,"href":"https:\/\/www.hww.ca\/fr\/wp-json\/wp\/v2\/pages\/2264"}],"wp:featuredmedia":[{"embeddable":true,"href":"https:\/\/www.hww.ca\/fr\/wp-json\/wp\/v2\/media\/1779"}],"wp:attachment":[{"href":"https:\/\/www.hww.ca\/fr\/wp-json\/wp\/v2\/media?parent=2281"}],"curies":[{"name":"wp","href":"https:\/\/api.w.org\/{rel}","templated":true}]}}