{"id":2270,"date":"2024-11-17T00:42:30","date_gmt":"2024-11-17T00:42:30","guid":{"rendered":"https:\/\/www.hww.ca\/?page_id=2270"},"modified":"2024-12-16T21:43:21","modified_gmt":"2024-12-16T21:43:21","slug":"ffdp-histoires-de-larriere-pays","status":"publish","type":"page","link":"https:\/\/www.hww.ca\/fr\/passez-a-laction\/ffdp-histoires-de-larriere-pays\/","title":{"rendered":"FFDP &#8211; Histoires de l&#8217;arri\u00e8re-pays"},"content":{"rendered":"\n<p>Envoyez-nous votre histoire<\/p>\n\n\n\n<p>Avez-vous d\u00e9j\u00e0 fait un face-\u00e0-face avec un lynx? Avez-vous rencontr\u00e9 un orignal? Peut-\u00eatre \u00eates-vous d\u00e9j\u00e0 \u00ab tomb\u00e9 \u00bb sur un ours, ou avez-vous trouv\u00e9 des \u0153ufs d\u2019oie par hasard. Si vous avez une histoire ou une anecdote \u00e0 nous raconter, ainsi que des photos \u00e0 partager, remplissez ce&nbsp;<a href=\"http:\/\/www.hww.ca\/fr\/passez-a-laction\/ffdp-histoires-de-larriere-pays\/partagez-votre-histoire.html\">formulaire<\/a>&nbsp;afin que d\u2019autres puissent en b\u00e9n\u00e9ficier!<\/p>\n","protected":false},"excerpt":{"rendered":"<p>Envoyez-nous votre histoire Avez-vous d\u00e9j\u00e0 fait un face-\u00e0-face avec un lynx? Avez-vous rencontr\u00e9 un orignal? Peut-\u00eatre \u00eates-vous d\u00e9j\u00e0 \u00ab tomb\u00e9 \u00bb sur un ours, ou avez-vous trouv\u00e9 des \u0153ufs d\u2019oie par hasard. Si vous avez une histoire ou une anecdote \u00e0 nous raconter, ainsi que des photos \u00e0 partager, remplissez ce&nbsp;formulaire&nbsp;afin que d\u2019autres puissent en [&hellip;]<\/p>\n","protected":false},"author":1,"featured_media":2268,"parent":2264,"menu_order":0,"comment_status":"closed","ping_status":"closed","template":"","meta":{"_acf_changed":false,"_relevanssi_hide_post":"","_relevanssi_hide_content":"","_relevanssi_pin_for_all":"","_relevanssi_pin_keywords":"","_relevanssi_unpin_keywords":"","_relevanssi_related_keywords":"","_relevanssi_related_include_ids":"","_relevanssi_related_exclude_ids":"","_relevanssi_related_no_append":"","_relevanssi_related_not_related":"","_relevanssi_related_posts":"10125,2153,2144,2146","_relevanssi_noindex_reason":"","footnotes":""},"class_list":["post-2270","page","type-page","status-publish","has-post-thumbnail","hentry"],"acf":[],"yoast_head":"<!-- This site is optimized with the Yoast SEO plugin v24.0 - https:\/\/yoast.com\/wordpress\/plugins\/seo\/ -->\n<title>FFDP - Histoires de l&#039;arri\u00e8re-pays - Faune et Flore du Pays<\/title>\n<meta name=\"robots\" content=\"index, follow, max-snippet:-1, max-image-preview:large, max-video-preview:-1\" \/>\n<link rel=\"canonical\" href=\"https:\/\/www.hww.ca\/fr\/passez-a-laction\/ffdp-histoires-de-larriere-pays\/\" \/>\n<meta property=\"og:locale\" content=\"fr_FR\" \/>\n<meta property=\"og:type\" content=\"article\" \/>\n<meta property=\"og:title\" content=\"FFDP - Histoires de l&#039;arri\u00e8re-pays - Faune et Flore du Pays\" \/>\n<meta property=\"og:description\" content=\"Envoyez-nous votre histoire Avez-vous d\u00e9j\u00e0 fait un face-\u00e0-face avec un lynx? Avez-vous rencontr\u00e9 un orignal? Peut-\u00eatre \u00eates-vous d\u00e9j\u00e0 \u00ab tomb\u00e9 \u00bb sur un ours, ou avez-vous trouv\u00e9 des \u0153ufs d\u2019oie par hasard. Si vous avez une histoire ou une anecdote \u00e0 nous raconter, ainsi que des photos \u00e0 partager, remplissez ce&nbsp;formulaire&nbsp;afin que d\u2019autres puissent en [&hellip;]\" \/>\n<meta property=\"og:url\" content=\"https:\/\/www.hww.ca\/fr\/passez-a-laction\/ffdp-histoires-de-larriere-pays\/\" \/>\n<meta property=\"og:site_name\" content=\"Faune et Flore du Pays\" \/>\n<meta property=\"article:modified_time\" content=\"2024-12-16T21:43:21+00:00\" \/>\n<meta property=\"og:image\" content=\"https:\/\/www.hww.ca\/wp-content\/uploads\/2024\/11\/icon-stories.png\" \/>\n\t<meta property=\"og:image:width\" content=\"400\" \/>\n\t<meta property=\"og:image:height\" content=\"256\" \/>\n\t<meta property=\"og:image:type\" content=\"image\/png\" \/>\n<meta name=\"twitter:card\" content=\"summary_large_image\" \/>\n<meta name=\"twitter:label1\" content=\"Est. reading time\" \/>\n\t<meta name=\"twitter:data1\" content=\"1 minute\" \/>\n<script type=\"application\/ld+json\" class=\"yoast-schema-graph\">{\"@context\":\"https:\/\/schema.org\",\"@graph\":[{\"@type\":\"WebPage\",\"@id\":\"https:\/\/www.hww.ca\/fr\/passez-a-laction\/ffdp-histoires-de-larriere-pays\/\",\"url\":\"https:\/\/www.hww.ca\/fr\/passez-a-laction\/ffdp-histoires-de-larriere-pays\/\",\"name\":\"FFDP - Histoires de l'arri\u00e8re-pays - Faune et Flore du Pays\",\"isPartOf\":{\"@id\":\"https:\/\/www.hww.ca\/fr\/#website\"},\"primaryImageOfPage\":{\"@id\":\"https:\/\/www.hww.ca\/fr\/passez-a-laction\/ffdp-histoires-de-larriere-pays\/#primaryimage\"},\"image\":{\"@id\":\"https:\/\/www.hww.ca\/fr\/passez-a-laction\/ffdp-histoires-de-larriere-pays\/#primaryimage\"},\"thumbnailUrl\":\"https:\/\/www.hww.ca\/wp-content\/uploads\/2024\/11\/icon-stories.png\",\"datePublished\":\"2024-11-17T00:42:30+00:00\",\"dateModified\":\"2024-12-16T21:43:21+00:00\",\"breadcrumb\":{\"@id\":\"https:\/\/www.hww.ca\/fr\/passez-a-laction\/ffdp-histoires-de-larriere-pays\/#breadcrumb\"},\"inLanguage\":\"fr-FR\",\"potentialAction\":[{\"@type\":\"ReadAction\",\"target\":[\"https:\/\/www.hww.ca\/fr\/passez-a-laction\/ffdp-histoires-de-larriere-pays\/\"]}]},{\"@type\":\"ImageObject\",\"inLanguage\":\"fr-FR\",\"@id\":\"https:\/\/www.hww.ca\/fr\/passez-a-laction\/ffdp-histoires-de-larriere-pays\/#primaryimage\",\"url\":\"https:\/\/www.hww.ca\/wp-content\/uploads\/2024\/11\/icon-stories.png\",\"contentUrl\":\"https:\/\/www.hww.ca\/wp-content\/uploads\/2024\/11\/icon-stories.png\",\"width\":400,\"height\":256},{\"@type\":\"BreadcrumbList\",\"@id\":\"https:\/\/www.hww.ca\/fr\/passez-a-laction\/ffdp-histoires-de-larriere-pays\/#breadcrumb\",\"itemListElement\":[{\"@type\":\"ListItem\",\"position\":1,\"name\":\"accueil\",\"item\":\"https:\/\/www.hww.ca\/fr\/\"},{\"@type\":\"ListItem\",\"position\":2,\"name\":\"Passez \u00e0 l\u2019action\",\"item\":\"https:\/\/www.hww.ca\/fr\/passez-a-laction\/\"},{\"@type\":\"ListItem\",\"position\":3,\"name\":\"FFDP &#8211; Histoires de l&#8217;arri\u00e8re-pays\"}]},{\"@type\":\"WebSite\",\"@id\":\"https:\/\/www.hww.ca\/fr\/#website\",\"url\":\"https:\/\/www.hww.ca\/fr\/\",\"name\":\"Faune et Flore du Pays\",\"description\":\"\",\"potentialAction\":[{\"@type\":\"SearchAction\",\"target\":{\"@type\":\"EntryPoint\",\"urlTemplate\":\"https:\/\/www.hww.ca\/fr\/?s={search_term_string}\"},\"query-input\":{\"@type\":\"PropertyValueSpecification\",\"valueRequired\":true,\"valueName\":\"search_term_string\"}}],\"inLanguage\":\"fr-FR\"}]}<\/script>\n<!-- \/ Yoast SEO plugin. -->","yoast_head_json":{"title":"FFDP - Histoires de l'arri\u00e8re-pays - Faune et Flore du Pays","robots":{"index":"index","follow":"follow","max-snippet":"max-snippet:-1","max-image-preview":"max-image-preview:large","max-video-preview":"max-video-preview:-1"},"canonical":"https:\/\/www.hww.ca\/fr\/passez-a-laction\/ffdp-histoires-de-larriere-pays\/","og_locale":"fr_FR","og_type":"article","og_title":"FFDP - Histoires de l'arri\u00e8re-pays - Faune et Flore du Pays","og_description":"Envoyez-nous votre histoire Avez-vous d\u00e9j\u00e0 fait un face-\u00e0-face avec un lynx? Avez-vous rencontr\u00e9 un orignal? Peut-\u00eatre \u00eates-vous d\u00e9j\u00e0 \u00ab tomb\u00e9 \u00bb sur un ours, ou avez-vous trouv\u00e9 des \u0153ufs d\u2019oie par hasard. Si vous avez une histoire ou une anecdote \u00e0 nous raconter, ainsi que des photos \u00e0 partager, remplissez ce&nbsp;formulaire&nbsp;afin que d\u2019autres puissent en [&hellip;]","og_url":"https:\/\/www.hww.ca\/fr\/passez-a-laction\/ffdp-histoires-de-larriere-pays\/","og_site_name":"Faune et Flore du Pays","article_modified_time":"2024-12-16T21:43:21+00:00","og_image":[{"width":400,"height":256,"url":"https:\/\/www.hww.ca\/wp-content\/uploads\/2024\/11\/icon-stories.png","type":"image\/png"}],"twitter_card":"summary_large_image","twitter_misc":{"Est. reading time":"1 minute"},"schema":{"@context":"https:\/\/schema.org","@graph":[{"@type":"WebPage","@id":"https:\/\/www.hww.ca\/fr\/passez-a-laction\/ffdp-histoires-de-larriere-pays\/","url":"https:\/\/www.hww.ca\/fr\/passez-a-laction\/ffdp-histoires-de-larriere-pays\/","name":"FFDP - Histoires de l'arri\u00e8re-pays - Faune et Flore du Pays","isPartOf":{"@id":"https:\/\/www.hww.ca\/fr\/#website"},"primaryImageOfPage":{"@id":"https:\/\/www.hww.ca\/fr\/passez-a-laction\/ffdp-histoires-de-larriere-pays\/#primaryimage"},"image":{"@id":"https:\/\/www.hww.ca\/fr\/passez-a-laction\/ffdp-histoires-de-larriere-pays\/#primaryimage"},"thumbnailUrl":"https:\/\/www.hww.ca\/wp-content\/uploads\/2024\/11\/icon-stories.png","datePublished":"2024-11-17T00:42:30+00:00","dateModified":"2024-12-16T21:43:21+00:00","breadcrumb":{"@id":"https:\/\/www.hww.ca\/fr\/passez-a-laction\/ffdp-histoires-de-larriere-pays\/#breadcrumb"},"inLanguage":"fr-FR","potentialAction":[{"@type":"ReadAction","target":["https:\/\/www.hww.ca\/fr\/passez-a-laction\/ffdp-histoires-de-larriere-pays\/"]}]},{"@type":"ImageObject","inLanguage":"fr-FR","@id":"https:\/\/www.hww.ca\/fr\/passez-a-laction\/ffdp-histoires-de-larriere-pays\/#primaryimage","url":"https:\/\/www.hww.ca\/wp-content\/uploads\/2024\/11\/icon-stories.png","contentUrl":"https:\/\/www.hww.ca\/wp-content\/uploads\/2024\/11\/icon-stories.png","width":400,"height":256},{"@type":"BreadcrumbList","@id":"https:\/\/www.hww.ca\/fr\/passez-a-laction\/ffdp-histoires-de-larriere-pays\/#breadcrumb","itemListElement":[{"@type":"ListItem","position":1,"name":"accueil","item":"https:\/\/www.hww.ca\/fr\/"},{"@type":"ListItem","position":2,"name":"Passez \u00e0 l\u2019action","item":"https:\/\/www.hww.ca\/fr\/passez-a-laction\/"},{"@type":"ListItem","position":3,"name":"FFDP &#8211; Histoires de l&#8217;arri\u00e8re-pays"}]},{"@type":"WebSite","@id":"https:\/\/www.hww.ca\/fr\/#website","url":"https:\/\/www.hww.ca\/fr\/","name":"Faune et Flore du Pays","description":"","potentialAction":[{"@type":"SearchAction","target":{"@type":"EntryPoint","urlTemplate":"https:\/\/www.hww.ca\/fr\/?s={search_term_string}"},"query-input":{"@type":"PropertyValueSpecification","valueRequired":true,"valueName":"search_term_string"}}],"inLanguage":"fr-FR"}]}},"_links":{"self":[{"href":"https:\/\/www.hww.ca\/fr\/wp-json\/wp\/v2\/pages\/2270","targetHints":{"allow":["GET"]}}],"collection":[{"href":"https:\/\/www.hww.ca\/fr\/wp-json\/wp\/v2\/pages"}],"about":[{"href":"https:\/\/www.hww.ca\/fr\/wp-json\/wp\/v2\/types\/page"}],"author":[{"embeddable":true,"href":"https:\/\/www.hww.ca\/fr\/wp-json\/wp\/v2\/users\/1"}],"replies":[{"embeddable":true,"href":"https:\/\/www.hww.ca\/fr\/wp-json\/wp\/v2\/comments?post=2270"}],"version-history":[{"count":2,"href":"https:\/\/www.hww.ca\/fr\/wp-json\/wp\/v2\/pages\/2270\/revisions"}],"predecessor-version":[{"id":10582,"href":"https:\/\/www.hww.ca\/fr\/wp-json\/wp\/v2\/pages\/2270\/revisions\/10582"}],"up":[{"embeddable":true,"href":"https:\/\/www.hww.ca\/fr\/wp-json\/wp\/v2\/pages\/2264"}],"wp:featuredmedia":[{"embeddable":true,"href":"https:\/\/www.hww.ca\/fr\/wp-json\/wp\/v2\/media\/2268"}],"wp:attachment":[{"href":"https:\/\/www.hww.ca\/fr\/wp-json\/wp\/v2\/media?parent=2270"}],"curies":[{"name":"wp","href":"https:\/\/api.w.org\/{rel}","templated":true}]}}