{"id":2260,"date":"2024-11-17T00:39:19","date_gmt":"2024-11-17T00:39:19","guid":{"rendered":"https:\/\/www.hww.ca\/?page_id=2260"},"modified":"2024-12-16T22:15:50","modified_gmt":"2024-12-16T22:15:50","slug":"enjeux-et-themes","status":"publish","type":"page","link":"https:\/\/www.hww.ca\/fr\/enjeux-et-themes\/","title":{"rendered":"Enjeux et th\u00e8mes"},"content":{"rendered":"\n<p>Saviez-vous que&nbsp;les hydrocarbures&nbsp;au large de la c\u00f4te sud de l&#8217;\u00eele de Terre-Neuve causent la mort de plus de 300 000 oiseaux chaque ann\u00e9e?<\/p>\n\n\n\n<p>Ou que des esp\u00e8ces \u00e9trang\u00e8res (non indig\u00e8nes) peuvent rapidement envahir une r\u00e9gion et causer des torts \u00e0 l\u2019environnement, \u00e0 la sant\u00e9 des humains ou \u00e0 l\u2019\u00e9conomie?<\/p>\n\n\n\n<p>Dans la pr\u00e9sente section, vous en apprendrez davantage&nbsp;sur ce sujet et sur nombre d\u2019autres questions,&nbsp;les th\u00e8mes allant de la biodiversit\u00e9 au nourrissage des oiseaux. Vous d\u00e9couvrirez que notre fa\u00e7on de traiter les esp\u00e8ces sauvages a une incidence&nbsp;sur elles&nbsp;et sur nous tous. Que vous soyez dans l&#8217;enseignement (\u00e9ducation formelle ou non institutionnelle), aux \u00e9tudes&nbsp;ou&nbsp;tout simplement assoiff\u00e9 de connaissances sur les esp\u00e8ces sauvages et l\u2019environnement, vous&nbsp;trouverez une foule de renseignements susceptibles d\u2019alimenter votre r\u00e9flexion et de motiver vos actions.<\/p>\n","protected":false},"excerpt":{"rendered":"<p>Saviez-vous que&nbsp;les hydrocarbures&nbsp;au large de la c\u00f4te sud de l&#8217;\u00eele de Terre-Neuve causent la mort de plus de 300 000 oiseaux chaque ann\u00e9e? Ou que des esp\u00e8ces \u00e9trang\u00e8res (non indig\u00e8nes) peuvent rapidement envahir une r\u00e9gion et causer des torts \u00e0 l\u2019environnement, \u00e0 la sant\u00e9 des humains ou \u00e0 l\u2019\u00e9conomie? Dans la pr\u00e9sente section, vous en [&hellip;]<\/p>\n","protected":false},"author":1,"featured_media":0,"parent":0,"menu_order":0,"comment_status":"closed","ping_status":"closed","template":"","meta":{"_acf_changed":false,"_relevanssi_hide_post":"","_relevanssi_hide_content":"","_relevanssi_pin_for_all":"","_relevanssi_pin_keywords":"","_relevanssi_unpin_keywords":"","_relevanssi_related_keywords":"","_relevanssi_related_include_ids":"","_relevanssi_related_exclude_ids":"","_relevanssi_related_no_append":"","_relevanssi_related_not_related":"","_relevanssi_related_posts":"","_relevanssi_noindex_reason":"","footnotes":""},"class_list":["post-2260","page","type-page","status-publish","hentry"],"acf":[],"yoast_head":"<!-- This site is optimized with the Yoast SEO plugin v24.0 - https:\/\/yoast.com\/wordpress\/plugins\/seo\/ -->\n<title>Enjeux et th\u00e8mes - Faune et Flore du Pays<\/title>\n<meta name=\"robots\" content=\"index, follow, max-snippet:-1, max-image-preview:large, max-video-preview:-1\" \/>\n<link rel=\"canonical\" href=\"https:\/\/www.hww.ca\/fr\/enjeux-et-themes\/\" \/>\n<meta property=\"og:locale\" content=\"fr_FR\" \/>\n<meta property=\"og:type\" content=\"article\" \/>\n<meta property=\"og:title\" content=\"Enjeux et th\u00e8mes - Faune et Flore du Pays\" \/>\n<meta property=\"og:description\" content=\"Saviez-vous que&nbsp;les hydrocarbures&nbsp;au large de la c\u00f4te sud de l&#8217;\u00eele de Terre-Neuve causent la mort de plus de 300 000 oiseaux chaque ann\u00e9e? Ou que des esp\u00e8ces \u00e9trang\u00e8res (non indig\u00e8nes) peuvent rapidement envahir une r\u00e9gion et causer des torts \u00e0 l\u2019environnement, \u00e0 la sant\u00e9 des humains ou \u00e0 l\u2019\u00e9conomie? Dans la pr\u00e9sente section, vous en [&hellip;]\" \/>\n<meta property=\"og:url\" content=\"https:\/\/www.hww.ca\/fr\/enjeux-et-themes\/\" \/>\n<meta property=\"og:site_name\" content=\"Faune et Flore du Pays\" \/>\n<meta property=\"article:modified_time\" content=\"2024-12-16T22:15:50+00:00\" \/>\n<meta name=\"twitter:card\" content=\"summary_large_image\" \/>\n<meta name=\"twitter:label1\" content=\"Est. reading time\" \/>\n\t<meta name=\"twitter:data1\" content=\"1 minute\" \/>\n<script type=\"application\/ld+json\" class=\"yoast-schema-graph\">{\"@context\":\"https:\/\/schema.org\",\"@graph\":[{\"@type\":\"WebPage\",\"@id\":\"https:\/\/www.hww.ca\/fr\/enjeux-et-themes\/\",\"url\":\"https:\/\/www.hww.ca\/fr\/enjeux-et-themes\/\",\"name\":\"Enjeux et th\u00e8mes - Faune et Flore du Pays\",\"isPartOf\":{\"@id\":\"https:\/\/www.hww.ca\/fr\/#website\"},\"datePublished\":\"2024-11-17T00:39:19+00:00\",\"dateModified\":\"2024-12-16T22:15:50+00:00\",\"breadcrumb\":{\"@id\":\"https:\/\/www.hww.ca\/fr\/enjeux-et-themes\/#breadcrumb\"},\"inLanguage\":\"fr-FR\",\"potentialAction\":[{\"@type\":\"ReadAction\",\"target\":[\"https:\/\/www.hww.ca\/fr\/enjeux-et-themes\/\"]}]},{\"@type\":\"BreadcrumbList\",\"@id\":\"https:\/\/www.hww.ca\/fr\/enjeux-et-themes\/#breadcrumb\",\"itemListElement\":[{\"@type\":\"ListItem\",\"position\":1,\"name\":\"accueil\",\"item\":\"https:\/\/www.hww.ca\/fr\/\"},{\"@type\":\"ListItem\",\"position\":2,\"name\":\"Enjeux et th\u00e8mes\"}]},{\"@type\":\"WebSite\",\"@id\":\"https:\/\/www.hww.ca\/fr\/#website\",\"url\":\"https:\/\/www.hww.ca\/fr\/\",\"name\":\"Faune et Flore du Pays\",\"description\":\"\",\"potentialAction\":[{\"@type\":\"SearchAction\",\"target\":{\"@type\":\"EntryPoint\",\"urlTemplate\":\"https:\/\/www.hww.ca\/fr\/?s={search_term_string}\"},\"query-input\":{\"@type\":\"PropertyValueSpecification\",\"valueRequired\":true,\"valueName\":\"search_term_string\"}}],\"inLanguage\":\"fr-FR\"}]}<\/script>\n<!-- \/ Yoast SEO plugin. -->","yoast_head_json":{"title":"Enjeux et th\u00e8mes - Faune et Flore du Pays","robots":{"index":"index","follow":"follow","max-snippet":"max-snippet:-1","max-image-preview":"max-image-preview:large","max-video-preview":"max-video-preview:-1"},"canonical":"https:\/\/www.hww.ca\/fr\/enjeux-et-themes\/","og_locale":"fr_FR","og_type":"article","og_title":"Enjeux et th\u00e8mes - Faune et Flore du Pays","og_description":"Saviez-vous que&nbsp;les hydrocarbures&nbsp;au large de la c\u00f4te sud de l&#8217;\u00eele de Terre-Neuve causent la mort de plus de 300 000 oiseaux chaque ann\u00e9e? Ou que des esp\u00e8ces \u00e9trang\u00e8res (non indig\u00e8nes) peuvent rapidement envahir une r\u00e9gion et causer des torts \u00e0 l\u2019environnement, \u00e0 la sant\u00e9 des humains ou \u00e0 l\u2019\u00e9conomie? Dans la pr\u00e9sente section, vous en [&hellip;]","og_url":"https:\/\/www.hww.ca\/fr\/enjeux-et-themes\/","og_site_name":"Faune et Flore du Pays","article_modified_time":"2024-12-16T22:15:50+00:00","twitter_card":"summary_large_image","twitter_misc":{"Est. reading time":"1 minute"},"schema":{"@context":"https:\/\/schema.org","@graph":[{"@type":"WebPage","@id":"https:\/\/www.hww.ca\/fr\/enjeux-et-themes\/","url":"https:\/\/www.hww.ca\/fr\/enjeux-et-themes\/","name":"Enjeux et th\u00e8mes - Faune et Flore du Pays","isPartOf":{"@id":"https:\/\/www.hww.ca\/fr\/#website"},"datePublished":"2024-11-17T00:39:19+00:00","dateModified":"2024-12-16T22:15:50+00:00","breadcrumb":{"@id":"https:\/\/www.hww.ca\/fr\/enjeux-et-themes\/#breadcrumb"},"inLanguage":"fr-FR","potentialAction":[{"@type":"ReadAction","target":["https:\/\/www.hww.ca\/fr\/enjeux-et-themes\/"]}]},{"@type":"BreadcrumbList","@id":"https:\/\/www.hww.ca\/fr\/enjeux-et-themes\/#breadcrumb","itemListElement":[{"@type":"ListItem","position":1,"name":"accueil","item":"https:\/\/www.hww.ca\/fr\/"},{"@type":"ListItem","position":2,"name":"Enjeux et th\u00e8mes"}]},{"@type":"WebSite","@id":"https:\/\/www.hww.ca\/fr\/#website","url":"https:\/\/www.hww.ca\/fr\/","name":"Faune et Flore du Pays","description":"","potentialAction":[{"@type":"SearchAction","target":{"@type":"EntryPoint","urlTemplate":"https:\/\/www.hww.ca\/fr\/?s={search_term_string}"},"query-input":{"@type":"PropertyValueSpecification","valueRequired":true,"valueName":"search_term_string"}}],"inLanguage":"fr-FR"}]}},"_links":{"self":[{"href":"https:\/\/www.hww.ca\/fr\/wp-json\/wp\/v2\/pages\/2260","targetHints":{"allow":["GET"]}}],"collection":[{"href":"https:\/\/www.hww.ca\/fr\/wp-json\/wp\/v2\/pages"}],"about":[{"href":"https:\/\/www.hww.ca\/fr\/wp-json\/wp\/v2\/types\/page"}],"author":[{"embeddable":true,"href":"https:\/\/www.hww.ca\/fr\/wp-json\/wp\/v2\/users\/1"}],"replies":[{"embeddable":true,"href":"https:\/\/www.hww.ca\/fr\/wp-json\/wp\/v2\/comments?post=2260"}],"version-history":[{"count":2,"href":"https:\/\/www.hww.ca\/fr\/wp-json\/wp\/v2\/pages\/2260\/revisions"}],"predecessor-version":[{"id":10630,"href":"https:\/\/www.hww.ca\/fr\/wp-json\/wp\/v2\/pages\/2260\/revisions\/10630"}],"wp:attachment":[{"href":"https:\/\/www.hww.ca\/fr\/wp-json\/wp\/v2\/media?parent=2260"}],"curies":[{"name":"wp","href":"https:\/\/api.w.org\/{rel}","templated":true}]}}