{"id":2250,"date":"2024-11-16T03:53:55","date_gmt":"2024-11-16T03:53:55","guid":{"rendered":"https:\/\/www.hww.ca\/?page_id=2250"},"modified":"2024-11-21T21:15:59","modified_gmt":"2024-11-21T21:15:59","slug":"plantes","status":"publish","type":"page","link":"https:\/\/www.hww.ca\/fr\/faune\/plantes\/","title":{"rendered":"Les plantes"},"content":{"rendered":"\n<p>\u00c0 peu pr\u00e8s 17 000 esp\u00e8ces d\u2019arbres, fleurs, herbes, foug\u00e8res, mousses et autres esp\u00e8ces de flore sont chez elles au Canada. On les retrouve dans tous nos habitats, de la toundra au nord aux for\u00eats mixtes du sud. Chaque esp\u00e8ce est n\u00e9cessaire au bon fonctionnement des \u00e9cosyst\u00e8mes, et en plus, les plantes nous fournissent des mat\u00e9riaux de construction et de l\u2019oxyg\u00e8ne, entre autres.<\/p>\n\n\n\n<p>D\u00e9couvrez nos plantes les plus embl\u00e9matiques juste ici! Bient\u00f4t disponible!<\/p>\n","protected":false},"excerpt":{"rendered":"<p>\u00c0 peu pr\u00e8s 17 000 esp\u00e8ces d\u2019arbres, fleurs, herbes, foug\u00e8res, mousses et autres esp\u00e8ces de flore sont chez elles au Canada. On les retrouve dans tous nos habitats, de la toundra au nord aux for\u00eats mixtes du sud. Chaque esp\u00e8ce est n\u00e9cessaire au bon fonctionnement des \u00e9cosyst\u00e8mes, et en plus, les plantes nous fournissent des [&hellip;]<\/p>\n","protected":false},"author":1,"featured_media":636,"parent":2239,"menu_order":0,"comment_status":"closed","ping_status":"closed","template":"","meta":{"_acf_changed":false,"_relevanssi_hide_post":"","_relevanssi_hide_content":"","_relevanssi_pin_for_all":"","_relevanssi_pin_keywords":"","_relevanssi_unpin_keywords":"","_relevanssi_related_keywords":"","_relevanssi_related_include_ids":"","_relevanssi_related_exclude_ids":"","_relevanssi_related_no_append":"","_relevanssi_related_not_related":"","_relevanssi_related_posts":"2144,10125,2153,2146","_relevanssi_noindex_reason":"","footnotes":""},"class_list":["post-2250","page","type-page","status-publish","has-post-thumbnail","hentry"],"acf":[],"yoast_head":"<!-- This site is optimized with the Yoast SEO plugin v24.0 - https:\/\/yoast.com\/wordpress\/plugins\/seo\/ -->\n<title>Les plantes - Faune et Flore du Pays<\/title>\n<meta name=\"robots\" content=\"index, follow, max-snippet:-1, max-image-preview:large, max-video-preview:-1\" \/>\n<link rel=\"canonical\" href=\"https:\/\/www.hww.ca\/fr\/faune\/plantes\/\" \/>\n<meta property=\"og:locale\" content=\"fr_FR\" \/>\n<meta property=\"og:type\" content=\"article\" \/>\n<meta property=\"og:title\" content=\"Les plantes - Faune et Flore du Pays\" \/>\n<meta property=\"og:description\" content=\"\u00c0 peu pr\u00e8s 17 000 esp\u00e8ces d\u2019arbres, fleurs, herbes, foug\u00e8res, mousses et autres esp\u00e8ces de flore sont chez elles au Canada. On les retrouve dans tous nos habitats, de la toundra au nord aux for\u00eats mixtes du sud. Chaque esp\u00e8ce est n\u00e9cessaire au bon fonctionnement des \u00e9cosyst\u00e8mes, et en plus, les plantes nous fournissent des [&hellip;]\" \/>\n<meta property=\"og:url\" content=\"https:\/\/www.hww.ca\/fr\/faune\/plantes\/\" \/>\n<meta property=\"og:site_name\" content=\"Faune et Flore du Pays\" \/>\n<meta property=\"article:modified_time\" content=\"2024-11-21T21:15:59+00:00\" \/>\n<meta property=\"og:image\" content=\"https:\/\/www.hww.ca\/wp-content\/uploads\/2021\/08\/sugar-maple-leaves.jpg\" \/>\n\t<meta property=\"og:image:width\" content=\"530\" \/>\n\t<meta property=\"og:image:height\" content=\"340\" \/>\n\t<meta property=\"og:image:type\" content=\"image\/jpeg\" \/>\n<meta name=\"twitter:card\" content=\"summary_large_image\" \/>\n<meta name=\"twitter:label1\" content=\"Est. reading time\" \/>\n\t<meta name=\"twitter:data1\" content=\"1 minute\" \/>\n<script type=\"application\/ld+json\" class=\"yoast-schema-graph\">{\"@context\":\"https:\/\/schema.org\",\"@graph\":[{\"@type\":\"WebPage\",\"@id\":\"https:\/\/www.hww.ca\/fr\/faune\/plantes\/\",\"url\":\"https:\/\/www.hww.ca\/fr\/faune\/plantes\/\",\"name\":\"Les plantes - Faune et Flore du Pays\",\"isPartOf\":{\"@id\":\"https:\/\/www.hww.ca\/fr\/#website\"},\"primaryImageOfPage\":{\"@id\":\"https:\/\/www.hww.ca\/fr\/faune\/plantes\/#primaryimage\"},\"image\":{\"@id\":\"https:\/\/www.hww.ca\/fr\/faune\/plantes\/#primaryimage\"},\"thumbnailUrl\":\"https:\/\/www.hww.ca\/wp-content\/uploads\/2021\/08\/sugar-maple-leaves.jpg\",\"datePublished\":\"2024-11-16T03:53:55+00:00\",\"dateModified\":\"2024-11-21T21:15:59+00:00\",\"breadcrumb\":{\"@id\":\"https:\/\/www.hww.ca\/fr\/faune\/plantes\/#breadcrumb\"},\"inLanguage\":\"fr-FR\",\"potentialAction\":[{\"@type\":\"ReadAction\",\"target\":[\"https:\/\/www.hww.ca\/fr\/faune\/plantes\/\"]}]},{\"@type\":\"ImageObject\",\"inLanguage\":\"fr-FR\",\"@id\":\"https:\/\/www.hww.ca\/fr\/faune\/plantes\/#primaryimage\",\"url\":\"https:\/\/www.hww.ca\/wp-content\/uploads\/2021\/08\/sugar-maple-leaves.jpg\",\"contentUrl\":\"https:\/\/www.hww.ca\/wp-content\/uploads\/2021\/08\/sugar-maple-leaves.jpg\",\"width\":530,\"height\":340,\"caption\":\"Des feuilles d'un \u00e9rable\"},{\"@type\":\"BreadcrumbList\",\"@id\":\"https:\/\/www.hww.ca\/fr\/faune\/plantes\/#breadcrumb\",\"itemListElement\":[{\"@type\":\"ListItem\",\"position\":1,\"name\":\"accueil\",\"item\":\"https:\/\/www.hww.ca\/fr\/\"},{\"@type\":\"ListItem\",\"position\":2,\"name\":\"Faune\",\"item\":\"https:\/\/www.hww.ca\/fr\/faune\/\"},{\"@type\":\"ListItem\",\"position\":3,\"name\":\"Les plantes\"}]},{\"@type\":\"WebSite\",\"@id\":\"https:\/\/www.hww.ca\/fr\/#website\",\"url\":\"https:\/\/www.hww.ca\/fr\/\",\"name\":\"Faune et Flore du Pays\",\"description\":\"\",\"potentialAction\":[{\"@type\":\"SearchAction\",\"target\":{\"@type\":\"EntryPoint\",\"urlTemplate\":\"https:\/\/www.hww.ca\/fr\/?s={search_term_string}\"},\"query-input\":{\"@type\":\"PropertyValueSpecification\",\"valueRequired\":true,\"valueName\":\"search_term_string\"}}],\"inLanguage\":\"fr-FR\"}]}<\/script>\n<!-- \/ Yoast SEO plugin. -->","yoast_head_json":{"title":"Les plantes - Faune et Flore du Pays","robots":{"index":"index","follow":"follow","max-snippet":"max-snippet:-1","max-image-preview":"max-image-preview:large","max-video-preview":"max-video-preview:-1"},"canonical":"https:\/\/www.hww.ca\/fr\/faune\/plantes\/","og_locale":"fr_FR","og_type":"article","og_title":"Les plantes - Faune et Flore du Pays","og_description":"\u00c0 peu pr\u00e8s 17 000 esp\u00e8ces d\u2019arbres, fleurs, herbes, foug\u00e8res, mousses et autres esp\u00e8ces de flore sont chez elles au Canada. On les retrouve dans tous nos habitats, de la toundra au nord aux for\u00eats mixtes du sud. Chaque esp\u00e8ce est n\u00e9cessaire au bon fonctionnement des \u00e9cosyst\u00e8mes, et en plus, les plantes nous fournissent des [&hellip;]","og_url":"https:\/\/www.hww.ca\/fr\/faune\/plantes\/","og_site_name":"Faune et Flore du Pays","article_modified_time":"2024-11-21T21:15:59+00:00","og_image":[{"width":530,"height":340,"url":"https:\/\/www.hww.ca\/wp-content\/uploads\/2021\/08\/sugar-maple-leaves.jpg","type":"image\/jpeg"}],"twitter_card":"summary_large_image","twitter_misc":{"Est. reading time":"1 minute"},"schema":{"@context":"https:\/\/schema.org","@graph":[{"@type":"WebPage","@id":"https:\/\/www.hww.ca\/fr\/faune\/plantes\/","url":"https:\/\/www.hww.ca\/fr\/faune\/plantes\/","name":"Les plantes - Faune et Flore du Pays","isPartOf":{"@id":"https:\/\/www.hww.ca\/fr\/#website"},"primaryImageOfPage":{"@id":"https:\/\/www.hww.ca\/fr\/faune\/plantes\/#primaryimage"},"image":{"@id":"https:\/\/www.hww.ca\/fr\/faune\/plantes\/#primaryimage"},"thumbnailUrl":"https:\/\/www.hww.ca\/wp-content\/uploads\/2021\/08\/sugar-maple-leaves.jpg","datePublished":"2024-11-16T03:53:55+00:00","dateModified":"2024-11-21T21:15:59+00:00","breadcrumb":{"@id":"https:\/\/www.hww.ca\/fr\/faune\/plantes\/#breadcrumb"},"inLanguage":"fr-FR","potentialAction":[{"@type":"ReadAction","target":["https:\/\/www.hww.ca\/fr\/faune\/plantes\/"]}]},{"@type":"ImageObject","inLanguage":"fr-FR","@id":"https:\/\/www.hww.ca\/fr\/faune\/plantes\/#primaryimage","url":"https:\/\/www.hww.ca\/wp-content\/uploads\/2021\/08\/sugar-maple-leaves.jpg","contentUrl":"https:\/\/www.hww.ca\/wp-content\/uploads\/2021\/08\/sugar-maple-leaves.jpg","width":530,"height":340,"caption":"Des feuilles d'un \u00e9rable"},{"@type":"BreadcrumbList","@id":"https:\/\/www.hww.ca\/fr\/faune\/plantes\/#breadcrumb","itemListElement":[{"@type":"ListItem","position":1,"name":"accueil","item":"https:\/\/www.hww.ca\/fr\/"},{"@type":"ListItem","position":2,"name":"Faune","item":"https:\/\/www.hww.ca\/fr\/faune\/"},{"@type":"ListItem","position":3,"name":"Les plantes"}]},{"@type":"WebSite","@id":"https:\/\/www.hww.ca\/fr\/#website","url":"https:\/\/www.hww.ca\/fr\/","name":"Faune et Flore du Pays","description":"","potentialAction":[{"@type":"SearchAction","target":{"@type":"EntryPoint","urlTemplate":"https:\/\/www.hww.ca\/fr\/?s={search_term_string}"},"query-input":{"@type":"PropertyValueSpecification","valueRequired":true,"valueName":"search_term_string"}}],"inLanguage":"fr-FR"}]}},"_links":{"self":[{"href":"https:\/\/www.hww.ca\/fr\/wp-json\/wp\/v2\/pages\/2250","targetHints":{"allow":["GET"]}}],"collection":[{"href":"https:\/\/www.hww.ca\/fr\/wp-json\/wp\/v2\/pages"}],"about":[{"href":"https:\/\/www.hww.ca\/fr\/wp-json\/wp\/v2\/types\/page"}],"author":[{"embeddable":true,"href":"https:\/\/www.hww.ca\/fr\/wp-json\/wp\/v2\/users\/1"}],"replies":[{"embeddable":true,"href":"https:\/\/www.hww.ca\/fr\/wp-json\/wp\/v2\/comments?post=2250"}],"version-history":[{"count":2,"href":"https:\/\/www.hww.ca\/fr\/wp-json\/wp\/v2\/pages\/2250\/revisions"}],"predecessor-version":[{"id":10615,"href":"https:\/\/www.hww.ca\/fr\/wp-json\/wp\/v2\/pages\/2250\/revisions\/10615"}],"up":[{"embeddable":true,"href":"https:\/\/www.hww.ca\/fr\/wp-json\/wp\/v2\/pages\/2239"}],"wp:featuredmedia":[{"embeddable":true,"href":"https:\/\/www.hww.ca\/fr\/wp-json\/wp\/v2\/media\/636"}],"wp:attachment":[{"href":"https:\/\/www.hww.ca\/fr\/wp-json\/wp\/v2\/media?parent=2250"}],"curies":[{"name":"wp","href":"https:\/\/api.w.org\/{rel}","templated":true}]}}