{"id":2248,"date":"2024-11-16T03:54:24","date_gmt":"2024-11-16T03:54:24","guid":{"rendered":"https:\/\/www.hww.ca\/?page_id=2248"},"modified":"2024-11-21T21:15:07","modified_gmt":"2024-11-21T21:15:07","slug":"mammiferes","status":"publish","type":"page","link":"https:\/\/www.hww.ca\/fr\/faune\/mammiferes\/","title":{"rendered":"Les mammif\u00e8res"},"content":{"rendered":"\n<p>La pr\u00e9sente section raconte tout sur les animaux qui nous ressemblent le plus \u2014 c\u2019est bien \u00e7a, les mammif\u00e8res.<\/p>\n\n\n\n<p>Voyons maintenant ce que nous avons en commun avec les autres mammif\u00e8res. Ce sont des animaux \u00e0 sang chaud; leur coeur comporte quatre cavit\u00e9s et ils sont pouvus de glandes mammaires. Ils donnent naissance \u00e0 des petits d\u00e9j\u00e0 compl\u00e8tement form\u00e9s (en comparaison d\u2019autres animaux qui pondent des \u0153ufs) et sont recouverts de poils, en tout ou en partie, selon l\u2019esp\u00e8ce.<\/p>\n\n\n\n<p>Les dents de la plupart des mammif\u00e8res sont de formes et de tailles vari\u00e9es, celles-ci \u00e9tant con\u00e7ues pour m\u00e2cher divers types de nourriture. Chez les humains, par exemple, les incisives servent \u00e0 couper la nourriture et les molaires, \u00e0 la broyer.<\/p>\n\n\n\n<p>De plus, le cerveau des mammif\u00e8res est plus gros que celui d\u2019autres animaux vert\u00e9br\u00e9s de m\u00eame taille, ce qui leur donne une plus grande capacit\u00e9 d\u2019apprentissage. Voil\u00e0 ce qui explique ta capacit\u00e9 de lire ce fait int\u00e9ressant!<br><br>Il y a tellement de choses \u00e0 apprendre au sujet des mammif\u00e8res, alors prends le temps de parcourir cette section.<\/p>\n","protected":false},"excerpt":{"rendered":"<p>La pr\u00e9sente section raconte tout sur les animaux qui nous ressemblent le plus \u2014 c\u2019est bien \u00e7a, les mammif\u00e8res. Voyons maintenant ce que nous avons en commun avec les autres mammif\u00e8res. Ce sont des animaux \u00e0 sang chaud; leur coeur comporte quatre cavit\u00e9s et ils sont pouvus de glandes mammaires. Ils donnent naissance \u00e0 des [&hellip;]<\/p>\n","protected":false},"author":1,"featured_media":197,"parent":2239,"menu_order":0,"comment_status":"closed","ping_status":"closed","template":"","meta":{"_acf_changed":false,"_relevanssi_hide_post":"","_relevanssi_hide_content":"","_relevanssi_pin_for_all":"","_relevanssi_pin_keywords":"","_relevanssi_unpin_keywords":"","_relevanssi_related_keywords":"","_relevanssi_related_include_ids":"","_relevanssi_related_exclude_ids":"","_relevanssi_related_no_append":"","_relevanssi_related_not_related":"","_relevanssi_related_posts":"2146,10125,2144,2153","_relevanssi_noindex_reason":"","footnotes":""},"class_list":["post-2248","page","type-page","status-publish","has-post-thumbnail","hentry"],"acf":[],"yoast_head":"<!-- This site is optimized with the Yoast SEO plugin v24.0 - https:\/\/yoast.com\/wordpress\/plugins\/seo\/ -->\n<title>Les mammif\u00e8res - Faune et Flore du Pays<\/title>\n<meta name=\"robots\" content=\"index, follow, max-snippet:-1, max-image-preview:large, max-video-preview:-1\" \/>\n<link rel=\"canonical\" href=\"https:\/\/www.hww.ca\/fr\/faune\/mammiferes\/\" \/>\n<meta property=\"og:locale\" content=\"fr_FR\" \/>\n<meta property=\"og:type\" content=\"article\" \/>\n<meta property=\"og:title\" content=\"Les mammif\u00e8res - Faune et Flore du Pays\" \/>\n<meta property=\"og:description\" content=\"La pr\u00e9sente section raconte tout sur les animaux qui nous ressemblent le plus \u2014 c\u2019est bien \u00e7a, les mammif\u00e8res. Voyons maintenant ce que nous avons en commun avec les autres mammif\u00e8res. Ce sont des animaux \u00e0 sang chaud; leur coeur comporte quatre cavit\u00e9s et ils sont pouvus de glandes mammaires. Ils donnent naissance \u00e0 des [&hellip;]\" \/>\n<meta property=\"og:url\" content=\"https:\/\/www.hww.ca\/fr\/faune\/mammiferes\/\" \/>\n<meta property=\"og:site_name\" content=\"Faune et Flore du Pays\" \/>\n<meta property=\"article:modified_time\" content=\"2024-11-21T21:15:07+00:00\" \/>\n<meta property=\"og:image\" content=\"https:\/\/www.hww.ca\/wp-content\/uploads\/2024\/11\/Arctic-Fox.jpg\" \/>\n\t<meta property=\"og:image:width\" content=\"960\" \/>\n\t<meta property=\"og:image:height\" content=\"615\" \/>\n\t<meta property=\"og:image:type\" content=\"image\/jpeg\" \/>\n<meta name=\"twitter:card\" content=\"summary_large_image\" \/>\n<meta name=\"twitter:label1\" content=\"Est. reading time\" \/>\n\t<meta name=\"twitter:data1\" content=\"1 minute\" \/>\n<script type=\"application\/ld+json\" class=\"yoast-schema-graph\">{\"@context\":\"https:\/\/schema.org\",\"@graph\":[{\"@type\":\"WebPage\",\"@id\":\"https:\/\/www.hww.ca\/fr\/faune\/mammiferes\/\",\"url\":\"https:\/\/www.hww.ca\/fr\/faune\/mammiferes\/\",\"name\":\"Les mammif\u00e8res - Faune et Flore du Pays\",\"isPartOf\":{\"@id\":\"https:\/\/www.hww.ca\/fr\/#website\"},\"primaryImageOfPage\":{\"@id\":\"https:\/\/www.hww.ca\/fr\/faune\/mammiferes\/#primaryimage\"},\"image\":{\"@id\":\"https:\/\/www.hww.ca\/fr\/faune\/mammiferes\/#primaryimage\"},\"thumbnailUrl\":\"https:\/\/www.hww.ca\/wp-content\/uploads\/2024\/11\/Arctic-Fox.jpg\",\"datePublished\":\"2024-11-16T03:54:24+00:00\",\"dateModified\":\"2024-11-21T21:15:07+00:00\",\"breadcrumb\":{\"@id\":\"https:\/\/www.hww.ca\/fr\/faune\/mammiferes\/#breadcrumb\"},\"inLanguage\":\"fr-FR\",\"potentialAction\":[{\"@type\":\"ReadAction\",\"target\":[\"https:\/\/www.hww.ca\/fr\/faune\/mammiferes\/\"]}]},{\"@type\":\"ImageObject\",\"inLanguage\":\"fr-FR\",\"@id\":\"https:\/\/www.hww.ca\/fr\/faune\/mammiferes\/#primaryimage\",\"url\":\"https:\/\/www.hww.ca\/wp-content\/uploads\/2024\/11\/Arctic-Fox.jpg\",\"contentUrl\":\"https:\/\/www.hww.ca\/wp-content\/uploads\/2024\/11\/Arctic-Fox.jpg\",\"width\":960,\"height\":615},{\"@type\":\"BreadcrumbList\",\"@id\":\"https:\/\/www.hww.ca\/fr\/faune\/mammiferes\/#breadcrumb\",\"itemListElement\":[{\"@type\":\"ListItem\",\"position\":1,\"name\":\"accueil\",\"item\":\"https:\/\/www.hww.ca\/fr\/\"},{\"@type\":\"ListItem\",\"position\":2,\"name\":\"Faune\",\"item\":\"https:\/\/www.hww.ca\/fr\/faune\/\"},{\"@type\":\"ListItem\",\"position\":3,\"name\":\"Les mammif\u00e8res\"}]},{\"@type\":\"WebSite\",\"@id\":\"https:\/\/www.hww.ca\/fr\/#website\",\"url\":\"https:\/\/www.hww.ca\/fr\/\",\"name\":\"Faune et Flore du Pays\",\"description\":\"\",\"potentialAction\":[{\"@type\":\"SearchAction\",\"target\":{\"@type\":\"EntryPoint\",\"urlTemplate\":\"https:\/\/www.hww.ca\/fr\/?s={search_term_string}\"},\"query-input\":{\"@type\":\"PropertyValueSpecification\",\"valueRequired\":true,\"valueName\":\"search_term_string\"}}],\"inLanguage\":\"fr-FR\"}]}<\/script>\n<!-- \/ Yoast SEO plugin. -->","yoast_head_json":{"title":"Les mammif\u00e8res - Faune et Flore du Pays","robots":{"index":"index","follow":"follow","max-snippet":"max-snippet:-1","max-image-preview":"max-image-preview:large","max-video-preview":"max-video-preview:-1"},"canonical":"https:\/\/www.hww.ca\/fr\/faune\/mammiferes\/","og_locale":"fr_FR","og_type":"article","og_title":"Les mammif\u00e8res - Faune et Flore du Pays","og_description":"La pr\u00e9sente section raconte tout sur les animaux qui nous ressemblent le plus \u2014 c\u2019est bien \u00e7a, les mammif\u00e8res. Voyons maintenant ce que nous avons en commun avec les autres mammif\u00e8res. Ce sont des animaux \u00e0 sang chaud; leur coeur comporte quatre cavit\u00e9s et ils sont pouvus de glandes mammaires. Ils donnent naissance \u00e0 des [&hellip;]","og_url":"https:\/\/www.hww.ca\/fr\/faune\/mammiferes\/","og_site_name":"Faune et Flore du Pays","article_modified_time":"2024-11-21T21:15:07+00:00","og_image":[{"width":960,"height":615,"url":"https:\/\/www.hww.ca\/wp-content\/uploads\/2024\/11\/Arctic-Fox.jpg","type":"image\/jpeg"}],"twitter_card":"summary_large_image","twitter_misc":{"Est. reading time":"1 minute"},"schema":{"@context":"https:\/\/schema.org","@graph":[{"@type":"WebPage","@id":"https:\/\/www.hww.ca\/fr\/faune\/mammiferes\/","url":"https:\/\/www.hww.ca\/fr\/faune\/mammiferes\/","name":"Les mammif\u00e8res - Faune et Flore du Pays","isPartOf":{"@id":"https:\/\/www.hww.ca\/fr\/#website"},"primaryImageOfPage":{"@id":"https:\/\/www.hww.ca\/fr\/faune\/mammiferes\/#primaryimage"},"image":{"@id":"https:\/\/www.hww.ca\/fr\/faune\/mammiferes\/#primaryimage"},"thumbnailUrl":"https:\/\/www.hww.ca\/wp-content\/uploads\/2024\/11\/Arctic-Fox.jpg","datePublished":"2024-11-16T03:54:24+00:00","dateModified":"2024-11-21T21:15:07+00:00","breadcrumb":{"@id":"https:\/\/www.hww.ca\/fr\/faune\/mammiferes\/#breadcrumb"},"inLanguage":"fr-FR","potentialAction":[{"@type":"ReadAction","target":["https:\/\/www.hww.ca\/fr\/faune\/mammiferes\/"]}]},{"@type":"ImageObject","inLanguage":"fr-FR","@id":"https:\/\/www.hww.ca\/fr\/faune\/mammiferes\/#primaryimage","url":"https:\/\/www.hww.ca\/wp-content\/uploads\/2024\/11\/Arctic-Fox.jpg","contentUrl":"https:\/\/www.hww.ca\/wp-content\/uploads\/2024\/11\/Arctic-Fox.jpg","width":960,"height":615},{"@type":"BreadcrumbList","@id":"https:\/\/www.hww.ca\/fr\/faune\/mammiferes\/#breadcrumb","itemListElement":[{"@type":"ListItem","position":1,"name":"accueil","item":"https:\/\/www.hww.ca\/fr\/"},{"@type":"ListItem","position":2,"name":"Faune","item":"https:\/\/www.hww.ca\/fr\/faune\/"},{"@type":"ListItem","position":3,"name":"Les mammif\u00e8res"}]},{"@type":"WebSite","@id":"https:\/\/www.hww.ca\/fr\/#website","url":"https:\/\/www.hww.ca\/fr\/","name":"Faune et Flore du Pays","description":"","potentialAction":[{"@type":"SearchAction","target":{"@type":"EntryPoint","urlTemplate":"https:\/\/www.hww.ca\/fr\/?s={search_term_string}"},"query-input":{"@type":"PropertyValueSpecification","valueRequired":true,"valueName":"search_term_string"}}],"inLanguage":"fr-FR"}]}},"_links":{"self":[{"href":"https:\/\/www.hww.ca\/fr\/wp-json\/wp\/v2\/pages\/2248","targetHints":{"allow":["GET"]}}],"collection":[{"href":"https:\/\/www.hww.ca\/fr\/wp-json\/wp\/v2\/pages"}],"about":[{"href":"https:\/\/www.hww.ca\/fr\/wp-json\/wp\/v2\/types\/page"}],"author":[{"embeddable":true,"href":"https:\/\/www.hww.ca\/fr\/wp-json\/wp\/v2\/users\/1"}],"replies":[{"embeddable":true,"href":"https:\/\/www.hww.ca\/fr\/wp-json\/wp\/v2\/comments?post=2248"}],"version-history":[{"count":2,"href":"https:\/\/www.hww.ca\/fr\/wp-json\/wp\/v2\/pages\/2248\/revisions"}],"predecessor-version":[{"id":10618,"href":"https:\/\/www.hww.ca\/fr\/wp-json\/wp\/v2\/pages\/2248\/revisions\/10618"}],"up":[{"embeddable":true,"href":"https:\/\/www.hww.ca\/fr\/wp-json\/wp\/v2\/pages\/2239"}],"wp:featuredmedia":[{"embeddable":true,"href":"https:\/\/www.hww.ca\/fr\/wp-json\/wp\/v2\/media\/197"}],"wp:attachment":[{"href":"https:\/\/www.hww.ca\/fr\/wp-json\/wp\/v2\/media?parent=2248"}],"curies":[{"name":"wp","href":"https:\/\/api.w.org\/{rel}","templated":true}]}}