{"id":2246,"date":"2024-11-16T03:53:26","date_gmt":"2024-11-16T03:53:26","guid":{"rendered":"https:\/\/www.hww.ca\/?page_id=2246"},"modified":"2024-12-16T22:06:03","modified_gmt":"2024-12-16T22:06:03","slug":"invertebres","status":"publish","type":"page","link":"https:\/\/www.hww.ca\/fr\/faune\/invertebres\/","title":{"rendered":"Les invert\u00e9br\u00e9s"},"content":{"rendered":"\n<p>Les invert\u00e9br\u00e9s sont les animaux n\u2019ayant pas de colonne vert\u00e9brale. Ils sont tr\u00e8s vari\u00e9s et comprennent des esp\u00e8ces tr\u00e8s diff\u00e9rentes les unes des autres, par exemple la limace terrestre, l\u2019oursin vert, les \u00e9ponges marines et l\u2019araign\u00e9e. Ils se retrouvent absolument partout au Canada, que ce soit dans les \u00e9cosyst\u00e8mes aquatiques, dans nos Prairies semi-d\u00e9sertiques ou dans la toundra. \u00c0 peu pr\u00e8s 97% des esp\u00e8ces de notre plan\u00e8te sont des invert\u00e9br\u00e9s, et de ceux-ci, 85% sont des Arthropodes, le groupe des crustac\u00e9s, araign\u00e9es et insectes, entre autres.<\/p>\n\n\n\n<p>Au Canada, on a recens\u00e9 environ 35 000 esp\u00e8ces d\u2019insectes. Il ne faut donc pas s\u2019\u00e9tonner du r\u00f4le primordial qu\u2019ils jouent dans le maintien de la salubrit\u00e9&nbsp;de notre \u00e9cosyst\u00e8me et de notre environnement.<\/p>\n\n\n\n<p>Consid\u00e9rons, pour un instant, les nombreux avantages que procurent les insectes :<\/p>\n\n\n\n<p>Les oiseaux, les poissons et les grenouilles d\u00e9pendent des insectes comme source inestimable de nourriture. Nous, les humains, d\u00e9pendons des insectes pour le miel, la cire d\u2019abeille et la soie. Nos cultures vivri\u00e8res, nos fleurs et nos plantes ne pourraient se multiplier&nbsp;sans le pollen que leur apportent les insectes intr\u00e9pides. Les insectes sont aussi des pr\u00e9dateurs des ennemis des cultures qui peuvent ravager&nbsp;nos jardins. De plus, nos minuscules amis jouent aussi un r\u00f4le crucial dans le recyclage des mat\u00e9riaux en \u00e9liminant les d\u00e9chets et en maintenant la salubrit\u00e9 de nos sols.<br><br>La pr\u00e9sente section vous dira tout ce que vous aimeriez savoir (et peut-\u00eatre plus) sur quelques unes des bestioles&nbsp;qui se sentent chez elles au Canada.<\/p>\n","protected":false},"excerpt":{"rendered":"<p>Les invert\u00e9br\u00e9s sont les animaux n\u2019ayant pas de colonne vert\u00e9brale. Ils sont tr\u00e8s vari\u00e9s et comprennent des esp\u00e8ces tr\u00e8s diff\u00e9rentes les unes des autres, par exemple la limace terrestre, l\u2019oursin vert, les \u00e9ponges marines et l\u2019araign\u00e9e. Ils se retrouvent absolument partout au Canada, que ce soit dans les \u00e9cosyst\u00e8mes aquatiques, dans nos Prairies semi-d\u00e9sertiques ou [&hellip;]<\/p>\n","protected":false},"author":1,"featured_media":455,"parent":2239,"menu_order":0,"comment_status":"closed","ping_status":"closed","template":"","meta":{"_acf_changed":false,"_relevanssi_hide_post":"","_relevanssi_hide_content":"","_relevanssi_pin_for_all":"","_relevanssi_pin_keywords":"","_relevanssi_unpin_keywords":"","_relevanssi_related_keywords":"","_relevanssi_related_include_ids":"","_relevanssi_related_exclude_ids":"","_relevanssi_related_no_append":"","_relevanssi_related_not_related":"","_relevanssi_related_posts":"","_relevanssi_noindex_reason":"","footnotes":""},"class_list":["post-2246","page","type-page","status-publish","has-post-thumbnail","hentry"],"acf":[],"yoast_head":"<!-- This site is optimized with the Yoast SEO plugin v24.0 - https:\/\/yoast.com\/wordpress\/plugins\/seo\/ -->\n<title>Les invert\u00e9br\u00e9s - Faune et Flore du Pays<\/title>\n<meta name=\"robots\" content=\"index, follow, max-snippet:-1, max-image-preview:large, max-video-preview:-1\" \/>\n<link rel=\"canonical\" href=\"https:\/\/www.hww.ca\/fr\/faune\/invertebres\/\" \/>\n<meta property=\"og:locale\" content=\"fr_FR\" \/>\n<meta property=\"og:type\" content=\"article\" \/>\n<meta property=\"og:title\" content=\"Les invert\u00e9br\u00e9s - Faune et Flore du Pays\" \/>\n<meta property=\"og:description\" content=\"Les invert\u00e9br\u00e9s sont les animaux n\u2019ayant pas de colonne vert\u00e9brale. Ils sont tr\u00e8s vari\u00e9s et comprennent des esp\u00e8ces tr\u00e8s diff\u00e9rentes les unes des autres, par exemple la limace terrestre, l\u2019oursin vert, les \u00e9ponges marines et l\u2019araign\u00e9e. Ils se retrouvent absolument partout au Canada, que ce soit dans les \u00e9cosyst\u00e8mes aquatiques, dans nos Prairies semi-d\u00e9sertiques ou [&hellip;]\" \/>\n<meta property=\"og:url\" content=\"https:\/\/www.hww.ca\/fr\/faune\/invertebres\/\" \/>\n<meta property=\"og:site_name\" content=\"Faune et Flore du Pays\" \/>\n<meta property=\"article:modified_time\" content=\"2024-12-16T22:06:03+00:00\" \/>\n<meta property=\"og:image\" content=\"https:\/\/www.hww.ca\/wp-content\/uploads\/2014\/11\/monarch.jpg\" \/>\n\t<meta property=\"og:image:width\" content=\"960\" \/>\n\t<meta property=\"og:image:height\" content=\"615\" \/>\n\t<meta property=\"og:image:type\" content=\"image\/jpeg\" \/>\n<meta name=\"twitter:card\" content=\"summary_large_image\" \/>\n<meta name=\"twitter:label1\" content=\"Est. reading time\" \/>\n\t<meta name=\"twitter:data1\" content=\"2 minutes\" \/>\n<script type=\"application\/ld+json\" class=\"yoast-schema-graph\">{\"@context\":\"https:\/\/schema.org\",\"@graph\":[{\"@type\":\"WebPage\",\"@id\":\"https:\/\/www.hww.ca\/fr\/faune\/invertebres\/\",\"url\":\"https:\/\/www.hww.ca\/fr\/faune\/invertebres\/\",\"name\":\"Les invert\u00e9br\u00e9s - Faune et Flore du Pays\",\"isPartOf\":{\"@id\":\"https:\/\/www.hww.ca\/fr\/#website\"},\"primaryImageOfPage\":{\"@id\":\"https:\/\/www.hww.ca\/fr\/faune\/invertebres\/#primaryimage\"},\"image\":{\"@id\":\"https:\/\/www.hww.ca\/fr\/faune\/invertebres\/#primaryimage\"},\"thumbnailUrl\":\"https:\/\/www.hww.ca\/wp-content\/uploads\/2014\/11\/monarch.jpg\",\"datePublished\":\"2024-11-16T03:53:26+00:00\",\"dateModified\":\"2024-12-16T22:06:03+00:00\",\"breadcrumb\":{\"@id\":\"https:\/\/www.hww.ca\/fr\/faune\/invertebres\/#breadcrumb\"},\"inLanguage\":\"fr-FR\",\"potentialAction\":[{\"@type\":\"ReadAction\",\"target\":[\"https:\/\/www.hww.ca\/fr\/faune\/invertebres\/\"]}]},{\"@type\":\"ImageObject\",\"inLanguage\":\"fr-FR\",\"@id\":\"https:\/\/www.hww.ca\/fr\/faune\/invertebres\/#primaryimage\",\"url\":\"https:\/\/www.hww.ca\/wp-content\/uploads\/2014\/11\/monarch.jpg\",\"contentUrl\":\"https:\/\/www.hww.ca\/wp-content\/uploads\/2014\/11\/monarch.jpg\",\"width\":960,\"height\":615,\"caption\":\"Monarque\"},{\"@type\":\"BreadcrumbList\",\"@id\":\"https:\/\/www.hww.ca\/fr\/faune\/invertebres\/#breadcrumb\",\"itemListElement\":[{\"@type\":\"ListItem\",\"position\":1,\"name\":\"accueil\",\"item\":\"https:\/\/www.hww.ca\/fr\/\"},{\"@type\":\"ListItem\",\"position\":2,\"name\":\"Faune\",\"item\":\"https:\/\/www.hww.ca\/fr\/faune\/\"},{\"@type\":\"ListItem\",\"position\":3,\"name\":\"Les invert\u00e9br\u00e9s\"}]},{\"@type\":\"WebSite\",\"@id\":\"https:\/\/www.hww.ca\/fr\/#website\",\"url\":\"https:\/\/www.hww.ca\/fr\/\",\"name\":\"Faune et Flore du Pays\",\"description\":\"\",\"potentialAction\":[{\"@type\":\"SearchAction\",\"target\":{\"@type\":\"EntryPoint\",\"urlTemplate\":\"https:\/\/www.hww.ca\/fr\/?s={search_term_string}\"},\"query-input\":{\"@type\":\"PropertyValueSpecification\",\"valueRequired\":true,\"valueName\":\"search_term_string\"}}],\"inLanguage\":\"fr-FR\"}]}<\/script>\n<!-- \/ Yoast SEO plugin. -->","yoast_head_json":{"title":"Les invert\u00e9br\u00e9s - Faune et Flore du Pays","robots":{"index":"index","follow":"follow","max-snippet":"max-snippet:-1","max-image-preview":"max-image-preview:large","max-video-preview":"max-video-preview:-1"},"canonical":"https:\/\/www.hww.ca\/fr\/faune\/invertebres\/","og_locale":"fr_FR","og_type":"article","og_title":"Les invert\u00e9br\u00e9s - Faune et Flore du Pays","og_description":"Les invert\u00e9br\u00e9s sont les animaux n\u2019ayant pas de colonne vert\u00e9brale. Ils sont tr\u00e8s vari\u00e9s et comprennent des esp\u00e8ces tr\u00e8s diff\u00e9rentes les unes des autres, par exemple la limace terrestre, l\u2019oursin vert, les \u00e9ponges marines et l\u2019araign\u00e9e. Ils se retrouvent absolument partout au Canada, que ce soit dans les \u00e9cosyst\u00e8mes aquatiques, dans nos Prairies semi-d\u00e9sertiques ou [&hellip;]","og_url":"https:\/\/www.hww.ca\/fr\/faune\/invertebres\/","og_site_name":"Faune et Flore du Pays","article_modified_time":"2024-12-16T22:06:03+00:00","og_image":[{"width":960,"height":615,"url":"https:\/\/www.hww.ca\/wp-content\/uploads\/2014\/11\/monarch.jpg","type":"image\/jpeg"}],"twitter_card":"summary_large_image","twitter_misc":{"Est. reading time":"2 minutes"},"schema":{"@context":"https:\/\/schema.org","@graph":[{"@type":"WebPage","@id":"https:\/\/www.hww.ca\/fr\/faune\/invertebres\/","url":"https:\/\/www.hww.ca\/fr\/faune\/invertebres\/","name":"Les invert\u00e9br\u00e9s - Faune et Flore du Pays","isPartOf":{"@id":"https:\/\/www.hww.ca\/fr\/#website"},"primaryImageOfPage":{"@id":"https:\/\/www.hww.ca\/fr\/faune\/invertebres\/#primaryimage"},"image":{"@id":"https:\/\/www.hww.ca\/fr\/faune\/invertebres\/#primaryimage"},"thumbnailUrl":"https:\/\/www.hww.ca\/wp-content\/uploads\/2014\/11\/monarch.jpg","datePublished":"2024-11-16T03:53:26+00:00","dateModified":"2024-12-16T22:06:03+00:00","breadcrumb":{"@id":"https:\/\/www.hww.ca\/fr\/faune\/invertebres\/#breadcrumb"},"inLanguage":"fr-FR","potentialAction":[{"@type":"ReadAction","target":["https:\/\/www.hww.ca\/fr\/faune\/invertebres\/"]}]},{"@type":"ImageObject","inLanguage":"fr-FR","@id":"https:\/\/www.hww.ca\/fr\/faune\/invertebres\/#primaryimage","url":"https:\/\/www.hww.ca\/wp-content\/uploads\/2014\/11\/monarch.jpg","contentUrl":"https:\/\/www.hww.ca\/wp-content\/uploads\/2014\/11\/monarch.jpg","width":960,"height":615,"caption":"Monarque"},{"@type":"BreadcrumbList","@id":"https:\/\/www.hww.ca\/fr\/faune\/invertebres\/#breadcrumb","itemListElement":[{"@type":"ListItem","position":1,"name":"accueil","item":"https:\/\/www.hww.ca\/fr\/"},{"@type":"ListItem","position":2,"name":"Faune","item":"https:\/\/www.hww.ca\/fr\/faune\/"},{"@type":"ListItem","position":3,"name":"Les invert\u00e9br\u00e9s"}]},{"@type":"WebSite","@id":"https:\/\/www.hww.ca\/fr\/#website","url":"https:\/\/www.hww.ca\/fr\/","name":"Faune et Flore du Pays","description":"","potentialAction":[{"@type":"SearchAction","target":{"@type":"EntryPoint","urlTemplate":"https:\/\/www.hww.ca\/fr\/?s={search_term_string}"},"query-input":{"@type":"PropertyValueSpecification","valueRequired":true,"valueName":"search_term_string"}}],"inLanguage":"fr-FR"}]}},"_links":{"self":[{"href":"https:\/\/www.hww.ca\/fr\/wp-json\/wp\/v2\/pages\/2246","targetHints":{"allow":["GET"]}}],"collection":[{"href":"https:\/\/www.hww.ca\/fr\/wp-json\/wp\/v2\/pages"}],"about":[{"href":"https:\/\/www.hww.ca\/fr\/wp-json\/wp\/v2\/types\/page"}],"author":[{"embeddable":true,"href":"https:\/\/www.hww.ca\/fr\/wp-json\/wp\/v2\/users\/1"}],"replies":[{"embeddable":true,"href":"https:\/\/www.hww.ca\/fr\/wp-json\/wp\/v2\/comments?post=2246"}],"version-history":[{"count":3,"href":"https:\/\/www.hww.ca\/fr\/wp-json\/wp\/v2\/pages\/2246\/revisions"}],"predecessor-version":[{"id":10620,"href":"https:\/\/www.hww.ca\/fr\/wp-json\/wp\/v2\/pages\/2246\/revisions\/10620"}],"up":[{"embeddable":true,"href":"https:\/\/www.hww.ca\/fr\/wp-json\/wp\/v2\/pages\/2239"}],"wp:featuredmedia":[{"embeddable":true,"href":"https:\/\/www.hww.ca\/fr\/wp-json\/wp\/v2\/media\/455"}],"wp:attachment":[{"href":"https:\/\/www.hww.ca\/fr\/wp-json\/wp\/v2\/media?parent=2246"}],"curies":[{"name":"wp","href":"https:\/\/api.w.org\/{rel}","templated":true}]}}