{"id":2244,"date":"2024-11-16T03:52:48","date_gmt":"2024-11-16T03:52:48","guid":{"rendered":"https:\/\/www.hww.ca\/?page_id=2244"},"modified":"2024-11-21T21:16:40","modified_gmt":"2024-11-21T21:16:40","slug":"poissons-amphibiens-reptiles","status":"publish","type":"page","link":"https:\/\/www.hww.ca\/fr\/faune\/poissons-amphibiens-reptiles\/","title":{"rendered":"Les poissons, les amphibiens et reptiles"},"content":{"rendered":"\n<p>Certains vert\u00e9br\u00e9s n\u2019ont pas besoin de plumes ou de poils sur leur corps pour se garder au chaud. Ils sont ectothermes, ou \u00ab \u00e0 sang froid \u00bb. Ceci veut dire que leur temp\u00e9rature interne est identique \u00e0 celle de leur environnement, ce qui est le cas des poissons, des amphibiens et des reptiles.<\/p>\n\n\n\n<p>Notre pays contient pr\u00e8s du quart des r\u00e9serves d\u2019eau douce de la Terre. Nous avons donc une certaine responsabilit\u00e9 de conserver les 230 esp\u00e8ces de poissons vivant dans nos lacs, rivi\u00e8res et ruisseaux. Comme toute eau coulant au Canada se rendra \u00e9ventuellement \u00e0 l\u2019oc\u00e9an, les polluants entrant dans les lacs et les cours d\u2019eau loin de la mer peuvent s\u2019y retrouver tout de m\u00eame. Donc m\u00eame si vous vivez au centre du Manitoba, vos actions peuvent avoir un impact sur les 400 esp\u00e8ces de poissons marins vivant pr\u00e8s de nos c\u00f4tes!<\/p>\n\n\n\n<p>Les amphibiens, repr\u00e9sent\u00e9s par les grenouilles et les salamandres au Canada, d\u00e9pendent aussi des \u00e9cosyst\u00e8mes d\u2019eau douce pour leur survie. Leurs \u0153ufs n\u2019ont pas de coquille dure et doivent \u00eatre laiss\u00e9s dans l\u2019eau ou dans un environnement tr\u00e8s humide. Les amphibiens n\u2019ont pas d\u2019\u00e9cailles et leur peau doit rester moite. La plupart des esp\u00e8ces d\u2019amphibiens ont un cycle de vie comprenant une m\u00e9tamorphose : ils commencent en tant que larves aquatiques (appel\u00e9es commun\u00e9ment des t\u00eatards), se changeant \u00e9ventuellement en adultes respirant de l\u2019air.<\/p>\n\n\n\n<p>Des esp\u00e8ces de deux des quatre groupes, ou Ordres, de reptiles de la Terre se retrouvent au Canada : les tortues, et les l\u00e9zards et serpents. Les \u00e9cailles couvrant leur peau et leurs \u0153ufs \u00e0 coquille dure les rendent moins d\u00e9pendants \u00e0 la pr\u00e9sence de l\u2019eau, mais nos tortues ont tout de m\u00eame besoin d\u2019habitats aquatiques et terrestres pour compl\u00e9ter leurs cycles de vie. Les l\u00e9zards et les serpents sont majoritairement des animaux terrestres.<\/p>\n\n\n\n<p>D\u00e9couvrez certaines de nos esp\u00e8ces de poissons, d\u2019amphibiens et de reptiles dans cette section!<\/p>\n","protected":false},"excerpt":{"rendered":"<p>Certains vert\u00e9br\u00e9s n\u2019ont pas besoin de plumes ou de poils sur leur corps pour se garder au chaud. Ils sont ectothermes, ou \u00ab \u00e0 sang froid \u00bb. Ceci veut dire que leur temp\u00e9rature interne est identique \u00e0 celle de leur environnement, ce qui est le cas des poissons, des amphibiens et des reptiles. Notre pays [&hellip;]<\/p>\n","protected":false},"author":1,"featured_media":410,"parent":2239,"menu_order":0,"comment_status":"closed","ping_status":"closed","template":"","meta":{"_acf_changed":false,"_relevanssi_hide_post":"","_relevanssi_hide_content":"","_relevanssi_pin_for_all":"","_relevanssi_pin_keywords":"","_relevanssi_unpin_keywords":"","_relevanssi_related_keywords":"","_relevanssi_related_include_ids":"","_relevanssi_related_exclude_ids":"","_relevanssi_related_no_append":"","_relevanssi_related_not_related":"","_relevanssi_related_posts":"2153,2144,2146,10125","_relevanssi_noindex_reason":"","footnotes":""},"class_list":["post-2244","page","type-page","status-publish","has-post-thumbnail","hentry"],"acf":[],"yoast_head":"<!-- This site is optimized with the Yoast SEO plugin v24.0 - https:\/\/yoast.com\/wordpress\/plugins\/seo\/ -->\n<title>Les poissons, les amphibiens et reptiles - Faune et Flore du Pays<\/title>\n<meta name=\"robots\" content=\"index, follow, max-snippet:-1, max-image-preview:large, max-video-preview:-1\" \/>\n<link rel=\"canonical\" href=\"https:\/\/www.hww.ca\/fr\/faune\/poissons-amphibiens-reptiles\/\" \/>\n<meta property=\"og:locale\" content=\"fr_FR\" \/>\n<meta property=\"og:type\" content=\"article\" \/>\n<meta property=\"og:title\" content=\"Les poissons, les amphibiens et reptiles - Faune et Flore du Pays\" \/>\n<meta property=\"og:description\" content=\"Certains vert\u00e9br\u00e9s n\u2019ont pas besoin de plumes ou de poils sur leur corps pour se garder au chaud. Ils sont ectothermes, ou \u00ab \u00e0 sang froid \u00bb. Ceci veut dire que leur temp\u00e9rature interne est identique \u00e0 celle de leur environnement, ce qui est le cas des poissons, des amphibiens et des reptiles. Notre pays [&hellip;]\" \/>\n<meta property=\"og:url\" content=\"https:\/\/www.hww.ca\/fr\/faune\/poissons-amphibiens-reptiles\/\" \/>\n<meta property=\"og:site_name\" content=\"Faune et Flore du Pays\" \/>\n<meta property=\"article:modified_time\" content=\"2024-11-21T21:16:40+00:00\" \/>\n<meta property=\"og:image\" content=\"https:\/\/www.hww.ca\/wp-content\/uploads\/2014\/11\/atlantic-whitefish.jpg\" \/>\n\t<meta property=\"og:image:width\" content=\"960\" \/>\n\t<meta property=\"og:image:height\" content=\"615\" \/>\n\t<meta property=\"og:image:type\" content=\"image\/jpeg\" \/>\n<meta name=\"twitter:card\" content=\"summary_large_image\" \/>\n<meta name=\"twitter:label1\" content=\"Est. reading time\" \/>\n\t<meta name=\"twitter:data1\" content=\"2 minutes\" \/>\n<script type=\"application\/ld+json\" class=\"yoast-schema-graph\">{\"@context\":\"https:\/\/schema.org\",\"@graph\":[{\"@type\":\"WebPage\",\"@id\":\"https:\/\/www.hww.ca\/fr\/faune\/poissons-amphibiens-reptiles\/\",\"url\":\"https:\/\/www.hww.ca\/fr\/faune\/poissons-amphibiens-reptiles\/\",\"name\":\"Les poissons, les amphibiens et reptiles - Faune et Flore du Pays\",\"isPartOf\":{\"@id\":\"https:\/\/www.hww.ca\/fr\/#website\"},\"primaryImageOfPage\":{\"@id\":\"https:\/\/www.hww.ca\/fr\/faune\/poissons-amphibiens-reptiles\/#primaryimage\"},\"image\":{\"@id\":\"https:\/\/www.hww.ca\/fr\/faune\/poissons-amphibiens-reptiles\/#primaryimage\"},\"thumbnailUrl\":\"https:\/\/www.hww.ca\/wp-content\/uploads\/2014\/11\/atlantic-whitefish.jpg\",\"datePublished\":\"2024-11-16T03:52:48+00:00\",\"dateModified\":\"2024-11-21T21:16:40+00:00\",\"breadcrumb\":{\"@id\":\"https:\/\/www.hww.ca\/fr\/faune\/poissons-amphibiens-reptiles\/#breadcrumb\"},\"inLanguage\":\"fr-FR\",\"potentialAction\":[{\"@type\":\"ReadAction\",\"target\":[\"https:\/\/www.hww.ca\/fr\/faune\/poissons-amphibiens-reptiles\/\"]}]},{\"@type\":\"ImageObject\",\"inLanguage\":\"fr-FR\",\"@id\":\"https:\/\/www.hww.ca\/fr\/faune\/poissons-amphibiens-reptiles\/#primaryimage\",\"url\":\"https:\/\/www.hww.ca\/wp-content\/uploads\/2014\/11\/atlantic-whitefish.jpg\",\"contentUrl\":\"https:\/\/www.hww.ca\/wp-content\/uploads\/2014\/11\/atlantic-whitefish.jpg\",\"width\":960,\"height\":615,\"caption\":\"Cor\u00e9gone de l'Atlantique\"},{\"@type\":\"BreadcrumbList\",\"@id\":\"https:\/\/www.hww.ca\/fr\/faune\/poissons-amphibiens-reptiles\/#breadcrumb\",\"itemListElement\":[{\"@type\":\"ListItem\",\"position\":1,\"name\":\"accueil\",\"item\":\"https:\/\/www.hww.ca\/fr\/\"},{\"@type\":\"ListItem\",\"position\":2,\"name\":\"Faune\",\"item\":\"https:\/\/www.hww.ca\/fr\/faune\/\"},{\"@type\":\"ListItem\",\"position\":3,\"name\":\"Les poissons, les amphibiens et reptiles\"}]},{\"@type\":\"WebSite\",\"@id\":\"https:\/\/www.hww.ca\/fr\/#website\",\"url\":\"https:\/\/www.hww.ca\/fr\/\",\"name\":\"Faune et Flore du Pays\",\"description\":\"\",\"potentialAction\":[{\"@type\":\"SearchAction\",\"target\":{\"@type\":\"EntryPoint\",\"urlTemplate\":\"https:\/\/www.hww.ca\/fr\/?s={search_term_string}\"},\"query-input\":{\"@type\":\"PropertyValueSpecification\",\"valueRequired\":true,\"valueName\":\"search_term_string\"}}],\"inLanguage\":\"fr-FR\"}]}<\/script>\n<!-- \/ Yoast SEO plugin. -->","yoast_head_json":{"title":"Les poissons, les amphibiens et reptiles - Faune et Flore du Pays","robots":{"index":"index","follow":"follow","max-snippet":"max-snippet:-1","max-image-preview":"max-image-preview:large","max-video-preview":"max-video-preview:-1"},"canonical":"https:\/\/www.hww.ca\/fr\/faune\/poissons-amphibiens-reptiles\/","og_locale":"fr_FR","og_type":"article","og_title":"Les poissons, les amphibiens et reptiles - Faune et Flore du Pays","og_description":"Certains vert\u00e9br\u00e9s n\u2019ont pas besoin de plumes ou de poils sur leur corps pour se garder au chaud. Ils sont ectothermes, ou \u00ab \u00e0 sang froid \u00bb. Ceci veut dire que leur temp\u00e9rature interne est identique \u00e0 celle de leur environnement, ce qui est le cas des poissons, des amphibiens et des reptiles. Notre pays [&hellip;]","og_url":"https:\/\/www.hww.ca\/fr\/faune\/poissons-amphibiens-reptiles\/","og_site_name":"Faune et Flore du Pays","article_modified_time":"2024-11-21T21:16:40+00:00","og_image":[{"width":960,"height":615,"url":"https:\/\/www.hww.ca\/wp-content\/uploads\/2014\/11\/atlantic-whitefish.jpg","type":"image\/jpeg"}],"twitter_card":"summary_large_image","twitter_misc":{"Est. reading time":"2 minutes"},"schema":{"@context":"https:\/\/schema.org","@graph":[{"@type":"WebPage","@id":"https:\/\/www.hww.ca\/fr\/faune\/poissons-amphibiens-reptiles\/","url":"https:\/\/www.hww.ca\/fr\/faune\/poissons-amphibiens-reptiles\/","name":"Les poissons, les amphibiens et reptiles - Faune et Flore du Pays","isPartOf":{"@id":"https:\/\/www.hww.ca\/fr\/#website"},"primaryImageOfPage":{"@id":"https:\/\/www.hww.ca\/fr\/faune\/poissons-amphibiens-reptiles\/#primaryimage"},"image":{"@id":"https:\/\/www.hww.ca\/fr\/faune\/poissons-amphibiens-reptiles\/#primaryimage"},"thumbnailUrl":"https:\/\/www.hww.ca\/wp-content\/uploads\/2014\/11\/atlantic-whitefish.jpg","datePublished":"2024-11-16T03:52:48+00:00","dateModified":"2024-11-21T21:16:40+00:00","breadcrumb":{"@id":"https:\/\/www.hww.ca\/fr\/faune\/poissons-amphibiens-reptiles\/#breadcrumb"},"inLanguage":"fr-FR","potentialAction":[{"@type":"ReadAction","target":["https:\/\/www.hww.ca\/fr\/faune\/poissons-amphibiens-reptiles\/"]}]},{"@type":"ImageObject","inLanguage":"fr-FR","@id":"https:\/\/www.hww.ca\/fr\/faune\/poissons-amphibiens-reptiles\/#primaryimage","url":"https:\/\/www.hww.ca\/wp-content\/uploads\/2014\/11\/atlantic-whitefish.jpg","contentUrl":"https:\/\/www.hww.ca\/wp-content\/uploads\/2014\/11\/atlantic-whitefish.jpg","width":960,"height":615,"caption":"Cor\u00e9gone de l'Atlantique"},{"@type":"BreadcrumbList","@id":"https:\/\/www.hww.ca\/fr\/faune\/poissons-amphibiens-reptiles\/#breadcrumb","itemListElement":[{"@type":"ListItem","position":1,"name":"accueil","item":"https:\/\/www.hww.ca\/fr\/"},{"@type":"ListItem","position":2,"name":"Faune","item":"https:\/\/www.hww.ca\/fr\/faune\/"},{"@type":"ListItem","position":3,"name":"Les poissons, les amphibiens et reptiles"}]},{"@type":"WebSite","@id":"https:\/\/www.hww.ca\/fr\/#website","url":"https:\/\/www.hww.ca\/fr\/","name":"Faune et Flore du Pays","description":"","potentialAction":[{"@type":"SearchAction","target":{"@type":"EntryPoint","urlTemplate":"https:\/\/www.hww.ca\/fr\/?s={search_term_string}"},"query-input":{"@type":"PropertyValueSpecification","valueRequired":true,"valueName":"search_term_string"}}],"inLanguage":"fr-FR"}]}},"_links":{"self":[{"href":"https:\/\/www.hww.ca\/fr\/wp-json\/wp\/v2\/pages\/2244","targetHints":{"allow":["GET"]}}],"collection":[{"href":"https:\/\/www.hww.ca\/fr\/wp-json\/wp\/v2\/pages"}],"about":[{"href":"https:\/\/www.hww.ca\/fr\/wp-json\/wp\/v2\/types\/page"}],"author":[{"embeddable":true,"href":"https:\/\/www.hww.ca\/fr\/wp-json\/wp\/v2\/users\/1"}],"replies":[{"embeddable":true,"href":"https:\/\/www.hww.ca\/fr\/wp-json\/wp\/v2\/comments?post=2244"}],"version-history":[{"count":2,"href":"https:\/\/www.hww.ca\/fr\/wp-json\/wp\/v2\/pages\/2244\/revisions"}],"predecessor-version":[{"id":10619,"href":"https:\/\/www.hww.ca\/fr\/wp-json\/wp\/v2\/pages\/2244\/revisions\/10619"}],"up":[{"embeddable":true,"href":"https:\/\/www.hww.ca\/fr\/wp-json\/wp\/v2\/pages\/2239"}],"wp:featuredmedia":[{"embeddable":true,"href":"https:\/\/www.hww.ca\/fr\/wp-json\/wp\/v2\/media\/410"}],"wp:attachment":[{"href":"https:\/\/www.hww.ca\/fr\/wp-json\/wp\/v2\/media?parent=2244"}],"curies":[{"name":"wp","href":"https:\/\/api.w.org\/{rel}","templated":true}]}}