{"id":2239,"date":"2024-11-13T19:04:37","date_gmt":"2024-11-13T19:04:37","guid":{"rendered":"https:\/\/www.hww.ca\/?page_id=2239"},"modified":"2024-11-21T16:08:55","modified_gmt":"2024-11-21T16:08:55","slug":"faune","status":"publish","type":"page","link":"https:\/\/www.hww.ca\/fr\/faune\/","title":{"rendered":"Faune"},"content":{"rendered":"\n<p>C\u2019est ici que vous trouverez un vaste ensemble de renseignements sur un tr\u00e8s grand nombre d\u2019esp\u00e8ces vivant au Canada, y compris celles qui sont en p\u00e9ril. Comment vaste exactement? Disons, environ 5&nbsp;514 kilom\u00e8tres&#8230; la largeur du Canada d\u2019un oc\u00e9an \u00e0 l\u2019autre.<\/p>\n\n\n\n<p>Pour bon nombre de Canadiens et de Canadiennes, les esp\u00e8ces sauvages \u00e9voquent des images puissantes qui aident \u00e0 d\u00e9finir l\u2019essence v\u00e9ritable de leurs pays&nbsp;:&nbsp;le cri du plongeon qui fait \u00e9cho sur un lac isol\u00e9, la puissance et la majest\u00e9 d\u2019un ours blanc, les grandes formations en V des Bernaches du Canada fon\u00e7ant vers l\u2019avant dans le ciel. \u00catre en contact avec les esp\u00e8ces sauvages enrichit la vie de tous et chacun.<\/p>\n\n\n\n<p>Les humains, pour des raisons \u00e9motives et sociales importantes, \u00e9prouvent de temps \u00e0 autre l\u2019envie d\u2019\u00eatre en contact avec les esp\u00e8ces sauvages. Nous avons tous besoin de recharger nos batteries et de sortir prendre l\u2019air. Certains vont simplement faire une promenade dans un parc ou installent dans leur cour une mangeoire pour les oiseaux; d\u2019autres choisissent des passe-temps plus actifs comme la randonn\u00e9e p\u00e9destre, la chasse, le canotage ou la photographie d\u2019esp\u00e8ces sauvages.<\/p>\n\n\n\n<p>La qualit\u00e9 de ces exp\u00e9riences d\u00e9pend directement de la qualit\u00e9 des esp\u00e8ces sauvages au Canada et de leurs habitats.<\/p>\n","protected":false},"excerpt":{"rendered":"<p>C\u2019est ici que vous trouverez un vaste ensemble de renseignements sur un tr\u00e8s grand nombre d\u2019esp\u00e8ces vivant au Canada, y compris celles qui sont en p\u00e9ril. Comment vaste exactement? Disons, environ 5&nbsp;514 kilom\u00e8tres&#8230; la largeur du Canada d\u2019un oc\u00e9an \u00e0 l\u2019autre. Pour bon nombre de Canadiens et de Canadiennes, les esp\u00e8ces sauvages \u00e9voquent des images [&hellip;]<\/p>\n","protected":false},"author":1,"featured_media":2188,"parent":0,"menu_order":0,"comment_status":"closed","ping_status":"closed","template":"","meta":{"_acf_changed":false,"_relevanssi_hide_post":"","_relevanssi_hide_content":"","_relevanssi_pin_for_all":"","_relevanssi_pin_keywords":"","_relevanssi_unpin_keywords":"","_relevanssi_related_keywords":"","_relevanssi_related_include_ids":"","_relevanssi_related_exclude_ids":"","_relevanssi_related_no_append":"","_relevanssi_related_not_related":"","_relevanssi_related_posts":"","_relevanssi_noindex_reason":"","footnotes":""},"class_list":["post-2239","page","type-page","status-publish","has-post-thumbnail","hentry"],"acf":[],"yoast_head":"<!-- This site is optimized with the Yoast SEO plugin v24.0 - https:\/\/yoast.com\/wordpress\/plugins\/seo\/ -->\n<title>Faune - Faune et Flore du Pays<\/title>\n<meta name=\"robots\" content=\"index, follow, max-snippet:-1, max-image-preview:large, max-video-preview:-1\" \/>\n<link rel=\"canonical\" href=\"https:\/\/www.hww.ca\/fr\/faune\/\" \/>\n<meta property=\"og:locale\" content=\"fr_FR\" \/>\n<meta property=\"og:type\" content=\"article\" \/>\n<meta property=\"og:title\" content=\"Faune - Faune et Flore du Pays\" \/>\n<meta property=\"og:description\" content=\"C\u2019est ici que vous trouverez un vaste ensemble de renseignements sur un tr\u00e8s grand nombre d\u2019esp\u00e8ces vivant au Canada, y compris celles qui sont en p\u00e9ril. Comment vaste exactement? Disons, environ 5&nbsp;514 kilom\u00e8tres&#8230; la largeur du Canada d\u2019un oc\u00e9an \u00e0 l\u2019autre. Pour bon nombre de Canadiens et de Canadiennes, les esp\u00e8ces sauvages \u00e9voquent des images [&hellip;]\" \/>\n<meta property=\"og:url\" content=\"https:\/\/www.hww.ca\/fr\/faune\/\" \/>\n<meta property=\"og:site_name\" content=\"Faune et Flore du Pays\" \/>\n<meta property=\"article:modified_time\" content=\"2024-11-21T16:08:55+00:00\" \/>\n<meta property=\"og:image\" content=\"https:\/\/www.hww.ca\/wp-content\/uploads\/2024\/11\/mac-wl-binoculars-cwf-ccc-wetland-1920x1440-1.jpg\" \/>\n\t<meta property=\"og:image:width\" content=\"1920\" \/>\n\t<meta property=\"og:image:height\" content=\"1440\" \/>\n\t<meta property=\"og:image:type\" content=\"image\/jpeg\" \/>\n<meta name=\"twitter:card\" content=\"summary_large_image\" \/>\n<meta name=\"twitter:label1\" content=\"Est. reading time\" \/>\n\t<meta name=\"twitter:data1\" content=\"2 minutes\" \/>\n<script type=\"application\/ld+json\" class=\"yoast-schema-graph\">{\"@context\":\"https:\/\/schema.org\",\"@graph\":[{\"@type\":\"WebPage\",\"@id\":\"https:\/\/www.hww.ca\/fr\/faune\/\",\"url\":\"https:\/\/www.hww.ca\/fr\/faune\/\",\"name\":\"Faune - Faune et Flore du Pays\",\"isPartOf\":{\"@id\":\"https:\/\/www.hww.ca\/fr\/#website\"},\"primaryImageOfPage\":{\"@id\":\"https:\/\/www.hww.ca\/fr\/faune\/#primaryimage\"},\"image\":{\"@id\":\"https:\/\/www.hww.ca\/fr\/faune\/#primaryimage\"},\"thumbnailUrl\":\"https:\/\/www.hww.ca\/wp-content\/uploads\/2024\/11\/mac-wl-binoculars-cwf-ccc-wetland-1920x1440-1.jpg\",\"datePublished\":\"2024-11-13T19:04:37+00:00\",\"dateModified\":\"2024-11-21T16:08:55+00:00\",\"breadcrumb\":{\"@id\":\"https:\/\/www.hww.ca\/fr\/faune\/#breadcrumb\"},\"inLanguage\":\"fr-FR\",\"potentialAction\":[{\"@type\":\"ReadAction\",\"target\":[\"https:\/\/www.hww.ca\/fr\/faune\/\"]}]},{\"@type\":\"ImageObject\",\"inLanguage\":\"fr-FR\",\"@id\":\"https:\/\/www.hww.ca\/fr\/faune\/#primaryimage\",\"url\":\"https:\/\/www.hww.ca\/wp-content\/uploads\/2024\/11\/mac-wl-binoculars-cwf-ccc-wetland-1920x1440-1.jpg\",\"contentUrl\":\"https:\/\/www.hww.ca\/wp-content\/uploads\/2024\/11\/mac-wl-binoculars-cwf-ccc-wetland-1920x1440-1.jpg\",\"width\":1920,\"height\":1440},{\"@type\":\"BreadcrumbList\",\"@id\":\"https:\/\/www.hww.ca\/fr\/faune\/#breadcrumb\",\"itemListElement\":[{\"@type\":\"ListItem\",\"position\":1,\"name\":\"accueil\",\"item\":\"https:\/\/www.hww.ca\/fr\/\"},{\"@type\":\"ListItem\",\"position\":2,\"name\":\"Faune\"}]},{\"@type\":\"WebSite\",\"@id\":\"https:\/\/www.hww.ca\/fr\/#website\",\"url\":\"https:\/\/www.hww.ca\/fr\/\",\"name\":\"Faune et Flore du Pays\",\"description\":\"\",\"potentialAction\":[{\"@type\":\"SearchAction\",\"target\":{\"@type\":\"EntryPoint\",\"urlTemplate\":\"https:\/\/www.hww.ca\/fr\/?s={search_term_string}\"},\"query-input\":{\"@type\":\"PropertyValueSpecification\",\"valueRequired\":true,\"valueName\":\"search_term_string\"}}],\"inLanguage\":\"fr-FR\"}]}<\/script>\n<!-- \/ Yoast SEO plugin. -->","yoast_head_json":{"title":"Faune - Faune et Flore du Pays","robots":{"index":"index","follow":"follow","max-snippet":"max-snippet:-1","max-image-preview":"max-image-preview:large","max-video-preview":"max-video-preview:-1"},"canonical":"https:\/\/www.hww.ca\/fr\/faune\/","og_locale":"fr_FR","og_type":"article","og_title":"Faune - Faune et Flore du Pays","og_description":"C\u2019est ici que vous trouverez un vaste ensemble de renseignements sur un tr\u00e8s grand nombre d\u2019esp\u00e8ces vivant au Canada, y compris celles qui sont en p\u00e9ril. Comment vaste exactement? Disons, environ 5&nbsp;514 kilom\u00e8tres&#8230; la largeur du Canada d\u2019un oc\u00e9an \u00e0 l\u2019autre. Pour bon nombre de Canadiens et de Canadiennes, les esp\u00e8ces sauvages \u00e9voquent des images [&hellip;]","og_url":"https:\/\/www.hww.ca\/fr\/faune\/","og_site_name":"Faune et Flore du Pays","article_modified_time":"2024-11-21T16:08:55+00:00","og_image":[{"width":1920,"height":1440,"url":"https:\/\/www.hww.ca\/wp-content\/uploads\/2024\/11\/mac-wl-binoculars-cwf-ccc-wetland-1920x1440-1.jpg","type":"image\/jpeg"}],"twitter_card":"summary_large_image","twitter_misc":{"Est. reading time":"2 minutes"},"schema":{"@context":"https:\/\/schema.org","@graph":[{"@type":"WebPage","@id":"https:\/\/www.hww.ca\/fr\/faune\/","url":"https:\/\/www.hww.ca\/fr\/faune\/","name":"Faune - Faune et Flore du Pays","isPartOf":{"@id":"https:\/\/www.hww.ca\/fr\/#website"},"primaryImageOfPage":{"@id":"https:\/\/www.hww.ca\/fr\/faune\/#primaryimage"},"image":{"@id":"https:\/\/www.hww.ca\/fr\/faune\/#primaryimage"},"thumbnailUrl":"https:\/\/www.hww.ca\/wp-content\/uploads\/2024\/11\/mac-wl-binoculars-cwf-ccc-wetland-1920x1440-1.jpg","datePublished":"2024-11-13T19:04:37+00:00","dateModified":"2024-11-21T16:08:55+00:00","breadcrumb":{"@id":"https:\/\/www.hww.ca\/fr\/faune\/#breadcrumb"},"inLanguage":"fr-FR","potentialAction":[{"@type":"ReadAction","target":["https:\/\/www.hww.ca\/fr\/faune\/"]}]},{"@type":"ImageObject","inLanguage":"fr-FR","@id":"https:\/\/www.hww.ca\/fr\/faune\/#primaryimage","url":"https:\/\/www.hww.ca\/wp-content\/uploads\/2024\/11\/mac-wl-binoculars-cwf-ccc-wetland-1920x1440-1.jpg","contentUrl":"https:\/\/www.hww.ca\/wp-content\/uploads\/2024\/11\/mac-wl-binoculars-cwf-ccc-wetland-1920x1440-1.jpg","width":1920,"height":1440},{"@type":"BreadcrumbList","@id":"https:\/\/www.hww.ca\/fr\/faune\/#breadcrumb","itemListElement":[{"@type":"ListItem","position":1,"name":"accueil","item":"https:\/\/www.hww.ca\/fr\/"},{"@type":"ListItem","position":2,"name":"Faune"}]},{"@type":"WebSite","@id":"https:\/\/www.hww.ca\/fr\/#website","url":"https:\/\/www.hww.ca\/fr\/","name":"Faune et Flore du Pays","description":"","potentialAction":[{"@type":"SearchAction","target":{"@type":"EntryPoint","urlTemplate":"https:\/\/www.hww.ca\/fr\/?s={search_term_string}"},"query-input":{"@type":"PropertyValueSpecification","valueRequired":true,"valueName":"search_term_string"}}],"inLanguage":"fr-FR"}]}},"_links":{"self":[{"href":"https:\/\/www.hww.ca\/fr\/wp-json\/wp\/v2\/pages\/2239","targetHints":{"allow":["GET"]}}],"collection":[{"href":"https:\/\/www.hww.ca\/fr\/wp-json\/wp\/v2\/pages"}],"about":[{"href":"https:\/\/www.hww.ca\/fr\/wp-json\/wp\/v2\/types\/page"}],"author":[{"embeddable":true,"href":"https:\/\/www.hww.ca\/fr\/wp-json\/wp\/v2\/users\/1"}],"replies":[{"embeddable":true,"href":"https:\/\/www.hww.ca\/fr\/wp-json\/wp\/v2\/comments?post=2239"}],"version-history":[{"count":2,"href":"https:\/\/www.hww.ca\/fr\/wp-json\/wp\/v2\/pages\/2239\/revisions"}],"predecessor-version":[{"id":8846,"href":"https:\/\/www.hww.ca\/fr\/wp-json\/wp\/v2\/pages\/2239\/revisions\/8846"}],"wp:featuredmedia":[{"embeddable":true,"href":"https:\/\/www.hww.ca\/fr\/wp-json\/wp\/v2\/media\/2188"}],"wp:attachment":[{"href":"https:\/\/www.hww.ca\/fr\/wp-json\/wp\/v2\/media?parent=2239"}],"curies":[{"name":"wp","href":"https:\/\/api.w.org\/{rel}","templated":true}]}}