{"id":2108,"date":"2024-11-12T12:33:28","date_gmt":"2024-11-12T12:33:28","guid":{"rendered":"https:\/\/www.hww.ca\/?page_id=2108"},"modified":"2024-11-12T12:41:07","modified_gmt":"2024-11-12T12:41:07","slug":"carte-du-site","status":"publish","type":"page","link":"https:\/\/www.hww.ca\/fr\/carte-du-site\/","title":{"rendered":"Carte du site"},"content":{"rendered":"\n<p><a href=\"http:\/\/www.hww.ca\/fr\/a-propos\/\">\u00c0 propos<\/a><\/p>\n\n\n\n<p><a href=\"http:\/\/www.hww.ca\/fr\/a-propos\/50\/\">50 ans<\/a><\/p>\n\n\n\n<p><a href=\"http:\/\/www.hww.ca\/fr\/a-propos\/en-coulisse.html\">En coulisse<\/a><\/p>\n\n\n\n<p><a href=\"http:\/\/www.hww.ca\/fr\/a-propos\/les-animateurs.html\">Les animateurs<\/a><\/p>\n\n\n\n<p><a href=\"http:\/\/www.hww.ca\/fr\/a-propos\/partenaires.html\">Partenaires<\/a><\/p>\n\n\n\n<p><a href=\"http:\/\/www.hww.ca\/fr\/a-propos\/profil-de-ffdp.html\">Profil de FFDP<\/a><\/p>\n\n\n\n<p><a href=\"http:\/\/www.hww.ca\/fr\/nouvelles\/\">Nouvelles<\/a><\/p>\n\n\n\n<p><a href=\"http:\/\/www.hww.ca\/fr\/educateurs.html\">\u00c9ducateurs<\/a><\/p>\n\n\n\n<p><a href=\"http:\/\/www.hww.ca\/fr\/glossaire\/\">Glossaire<\/a><\/p>\n\n\n\n<p><a href=\"http:\/\/www.hww.ca\/fr\/contactez-nous.html\">Contactez-nous<\/a><\/p>\n\n\n\n<p><a href=\"http:\/\/www.hww.ca\/fr\/faune\/\">Faune<\/a><\/p>\n\n\n\n<p><a href=\"http:\/\/www.hww.ca\/fr\/faune\/mammiferes\/\">Les mammif\u00e8res<\/a><\/p>\n\n\n\n<p><a href=\"http:\/\/www.hww.ca\/fr\/faune\/oiseaux\/\">Les oiseaux<\/a><\/p>\n\n\n\n<p><a href=\"http:\/\/www.hww.ca\/fr\/faune\/poissons-amphibiens-reptiles\/\">Les poissons, amphibiens et reptiles<\/a><\/p>\n\n\n\n<p><a href=\"http:\/\/www.hww.ca\/fr\/faune\/invertebres\/\">Les invert\u00e9br\u00e9s<\/a><\/p>\n\n\n\n<p><a href=\"http:\/\/www.hww.ca\/fr\/espaces-sauvages\/\">Espaces sauvages<\/a><\/p>\n\n\n\n<p><a href=\"http:\/\/www.hww.ca\/fr\/espaces-sauvages\/la-foret-boreale-canadienne.html\">La for\u00eat bor\u00e9ale canadienne<\/a><\/p>\n\n\n\n<p><a href=\"http:\/\/www.hww.ca\/fr\/espaces-sauvages\/la-foret-pluviale-cotiere.html\">La for\u00eat pluviale c\u00f4ti\u00e8re du Canada<\/a><\/p>\n\n\n\n<p><a href=\"http:\/\/www.hww.ca\/fr\/espaces-sauvages\/la-toundra-arctique-du-canada.html\">La toundra arctique du Canada<\/a><\/p>\n\n\n\n<p><a href=\"http:\/\/www.hww.ca\/fr\/espaces-sauvages\/les-estuaires-un-habitat.html\">Les estuaires : un habitat pour la faune et la flore<\/a><\/p>\n\n\n\n<p><a href=\"http:\/\/www.hww.ca\/fr\/espaces-sauvages\/les-prairies.html\">Les Prairies<\/a><\/p>\n\n\n\n<p><a href=\"http:\/\/www.hww.ca\/fr\/espaces-sauvages\/les-terres-humides.html\">Les terres humides<\/a><\/p>\n\n\n\n<p><a href=\"http:\/\/www.hww.ca\/fr\/espaces-sauvages\/les-tourbieres-du-canada.html\">Les tourbi\u00e8res du Canada<\/a><\/p>\n\n\n\n<p><a href=\"http:\/\/www.hww.ca\/fr\/espaces-sauvages\/les-ecozones.html\">Les \u00e9cozones<\/a><\/p>\n\n\n\n<p><a href=\"http:\/\/www.hww.ca\/fr\/multimedia\/\">Multim\u00e9dia<\/a><\/p>\n\n\n\n<p><a href=\"http:\/\/www.hww.ca\/fr\/multimedia\/videos\/\">Vid\u00e9os<\/a><\/p>\n\n\n\n<p><a href=\"http:\/\/www.hww.ca\/fr\/multimedia\/videos\/videodescription.html\">Vid\u00e9odescription<\/a><\/p>\n\n\n\n<p><a href=\"http:\/\/www.hww.ca\/fr\/multimedia\/webisodes\/\">Webisodes<\/a><\/p>\n\n\n\n<p><a href=\"http:\/\/www.hww.ca\/fr\/multimedia\/clips-sonores\/\">Clips sonores<\/a><\/p>\n\n\n\n<p><a href=\"http:\/\/www.hww.ca\/fr\/les-curieux-de-nature\/\">Les curieux de nature<\/a><\/p>\n\n\n\n<p><a href=\"http:\/\/www.hww.ca\/fr\/les-curieux-de-nature\/videos\/\">Vid\u00e9os<\/a><\/p>\n\n\n\n<p><a href=\"http:\/\/www.hww.ca\/fr\/les-curieux-de-nature\/trucs-a-faire.html\">Jeux<\/a><\/p>\n\n\n\n<p><a href=\"http:\/\/www.hww.ca\/fr\/les-curieux-de-nature\/la-nature-et-toi\/\">Vos experiences FFDP<\/a><\/p>\n\n\n\n<p><a href=\"http:\/\/www.hww.ca\/fr\/les-curieux-de-nature\/la-nature-et-toi\/partages-ton-experience.html\">Partager votre exp\u00e9rience<\/a><\/p>\n\n\n\n<p><a href=\"http:\/\/www.hww.ca\/fr\/enjeux-et-themes\/\">Enjeux et th\u00e8mes<\/a><\/p>\n\n\n\n<p><a href=\"http:\/\/www.hww.ca\/fr\/passez-a-laction\/\">Passez \u00e0 l\u2019action<\/a><\/p>\n\n\n\n<p><a href=\"http:\/\/www.hww.ca\/fr\/passez-a-laction\/action-et-sensibilisation\/\">Action et sensibilisation<\/a><\/p>\n\n\n\n<p><a href=\"http:\/\/www.hww.ca\/fr\/passez-a-laction\/produisez-votre-propre-video.html\">Produisez votre propre vid\u00e9o FFDP<\/a><\/p>\n\n\n\n<p><a href=\"http:\/\/www.hww.ca\/fr\/passez-a-laction\/ffdp-histoires-de-larriere-pays\/\">FFDP &#8211; Histoires de l&#8217;arri\u00e8re-pays<\/a><\/p>\n\n\n\n<p><a href=\"http:\/\/www.hww.ca\/fr\/passez-a-laction\/ffdp-histoires-de-larriere-pays\/partagez-votre-histoire.html\">Partagez votre histoire<\/a><\/p>\n\n\n\n<p><a href=\"http:\/\/www.hww.ca\/fr\/commander-en-ligne.html\">Commandez en ligne<\/a><\/p>\n\n\n\n<p><a href=\"http:\/\/www.hww.ca\/fr\/politique-de-confidentialite.html\">Politique de confidentialit\u00e9<\/a><\/p>\n\n\n\n<p><a href=\"http:\/\/www.hww.ca\/fr\/droits-dauteur.html\">Droits d&#8217;auteur<\/a><\/p>\n\n\n\n<p><a href=\"http:\/\/www.hww.ca\/fr\/conditions.html\">Conditions<\/a><\/p>\n\n\n\n<p><a href=\"http:\/\/www.hww.ca\/fr\/generiques-du-site.html\">G\u00e9n\u00e9riques du site<\/a><\/p>\n","protected":false},"excerpt":{"rendered":"<p>\u00c0 propos 50 ans En coulisse Les animateurs Partenaires Profil de FFDP Nouvelles \u00c9ducateurs Glossaire Contactez-nous Faune Les mammif\u00e8res Les oiseaux Les poissons, amphibiens et reptiles Les invert\u00e9br\u00e9s Espaces sauvages La for\u00eat bor\u00e9ale canadienne La for\u00eat pluviale c\u00f4ti\u00e8re du Canada La toundra arctique du Canada Les estuaires : un habitat pour la faune et la [&hellip;]<\/p>\n","protected":false},"author":1,"featured_media":0,"parent":0,"menu_order":0,"comment_status":"closed","ping_status":"closed","template":"","meta":{"_acf_changed":false,"_relevanssi_hide_post":"","_relevanssi_hide_content":"","_relevanssi_pin_for_all":"","_relevanssi_pin_keywords":"","_relevanssi_unpin_keywords":"","_relevanssi_related_keywords":"","_relevanssi_related_include_ids":"","_relevanssi_related_exclude_ids":"","_relevanssi_related_no_append":"","_relevanssi_related_not_related":"","_relevanssi_related_posts":"","_relevanssi_noindex_reason":"","footnotes":""},"class_list":["post-2108","page","type-page","status-publish","hentry"],"acf":[],"yoast_head":"<!-- This site is optimized with the Yoast SEO plugin v24.0 - https:\/\/yoast.com\/wordpress\/plugins\/seo\/ -->\n<title>Carte du site - Faune et Flore du Pays<\/title>\n<meta name=\"robots\" content=\"index, follow, max-snippet:-1, max-image-preview:large, max-video-preview:-1\" \/>\n<link rel=\"canonical\" href=\"https:\/\/www.hww.ca\/fr\/carte-du-site\/\" \/>\n<meta property=\"og:locale\" content=\"fr_FR\" \/>\n<meta property=\"og:type\" content=\"article\" \/>\n<meta property=\"og:title\" content=\"Carte du site - Faune et Flore du Pays\" \/>\n<meta property=\"og:description\" content=\"\u00c0 propos 50 ans En coulisse Les animateurs Partenaires Profil de FFDP Nouvelles \u00c9ducateurs Glossaire Contactez-nous Faune Les mammif\u00e8res Les oiseaux Les poissons, amphibiens et reptiles Les invert\u00e9br\u00e9s Espaces sauvages La for\u00eat bor\u00e9ale canadienne La for\u00eat pluviale c\u00f4ti\u00e8re du Canada La toundra arctique du Canada Les estuaires : un habitat pour la faune et la [&hellip;]\" \/>\n<meta property=\"og:url\" content=\"https:\/\/www.hww.ca\/fr\/carte-du-site\/\" \/>\n<meta property=\"og:site_name\" content=\"Faune et Flore du Pays\" \/>\n<meta property=\"article:modified_time\" content=\"2024-11-12T12:41:07+00:00\" \/>\n<meta name=\"twitter:card\" content=\"summary_large_image\" \/>\n<script type=\"application\/ld+json\" class=\"yoast-schema-graph\">{\"@context\":\"https:\/\/schema.org\",\"@graph\":[{\"@type\":\"WebPage\",\"@id\":\"https:\/\/www.hww.ca\/fr\/carte-du-site\/\",\"url\":\"https:\/\/www.hww.ca\/fr\/carte-du-site\/\",\"name\":\"Carte du site - Faune et Flore du Pays\",\"isPartOf\":{\"@id\":\"https:\/\/www.hww.ca\/fr\/#website\"},\"datePublished\":\"2024-11-12T12:33:28+00:00\",\"dateModified\":\"2024-11-12T12:41:07+00:00\",\"breadcrumb\":{\"@id\":\"https:\/\/www.hww.ca\/fr\/carte-du-site\/#breadcrumb\"},\"inLanguage\":\"fr-FR\",\"potentialAction\":[{\"@type\":\"ReadAction\",\"target\":[\"https:\/\/www.hww.ca\/fr\/carte-du-site\/\"]}]},{\"@type\":\"BreadcrumbList\",\"@id\":\"https:\/\/www.hww.ca\/fr\/carte-du-site\/#breadcrumb\",\"itemListElement\":[{\"@type\":\"ListItem\",\"position\":1,\"name\":\"accueil\",\"item\":\"https:\/\/www.hww.ca\/fr\/\"},{\"@type\":\"ListItem\",\"position\":2,\"name\":\"Carte du site\"}]},{\"@type\":\"WebSite\",\"@id\":\"https:\/\/www.hww.ca\/fr\/#website\",\"url\":\"https:\/\/www.hww.ca\/fr\/\",\"name\":\"Faune et Flore du Pays\",\"description\":\"\",\"potentialAction\":[{\"@type\":\"SearchAction\",\"target\":{\"@type\":\"EntryPoint\",\"urlTemplate\":\"https:\/\/www.hww.ca\/fr\/?s={search_term_string}\"},\"query-input\":{\"@type\":\"PropertyValueSpecification\",\"valueRequired\":true,\"valueName\":\"search_term_string\"}}],\"inLanguage\":\"fr-FR\"}]}<\/script>\n<!-- \/ Yoast SEO plugin. -->","yoast_head_json":{"title":"Carte du site - Faune et Flore du Pays","robots":{"index":"index","follow":"follow","max-snippet":"max-snippet:-1","max-image-preview":"max-image-preview:large","max-video-preview":"max-video-preview:-1"},"canonical":"https:\/\/www.hww.ca\/fr\/carte-du-site\/","og_locale":"fr_FR","og_type":"article","og_title":"Carte du site - Faune et Flore du Pays","og_description":"\u00c0 propos 50 ans En coulisse Les animateurs Partenaires Profil de FFDP Nouvelles \u00c9ducateurs Glossaire Contactez-nous Faune Les mammif\u00e8res Les oiseaux Les poissons, amphibiens et reptiles Les invert\u00e9br\u00e9s Espaces sauvages La for\u00eat bor\u00e9ale canadienne La for\u00eat pluviale c\u00f4ti\u00e8re du Canada La toundra arctique du Canada Les estuaires : un habitat pour la faune et la [&hellip;]","og_url":"https:\/\/www.hww.ca\/fr\/carte-du-site\/","og_site_name":"Faune et Flore du Pays","article_modified_time":"2024-11-12T12:41:07+00:00","twitter_card":"summary_large_image","schema":{"@context":"https:\/\/schema.org","@graph":[{"@type":"WebPage","@id":"https:\/\/www.hww.ca\/fr\/carte-du-site\/","url":"https:\/\/www.hww.ca\/fr\/carte-du-site\/","name":"Carte du site - Faune et Flore du Pays","isPartOf":{"@id":"https:\/\/www.hww.ca\/fr\/#website"},"datePublished":"2024-11-12T12:33:28+00:00","dateModified":"2024-11-12T12:41:07+00:00","breadcrumb":{"@id":"https:\/\/www.hww.ca\/fr\/carte-du-site\/#breadcrumb"},"inLanguage":"fr-FR","potentialAction":[{"@type":"ReadAction","target":["https:\/\/www.hww.ca\/fr\/carte-du-site\/"]}]},{"@type":"BreadcrumbList","@id":"https:\/\/www.hww.ca\/fr\/carte-du-site\/#breadcrumb","itemListElement":[{"@type":"ListItem","position":1,"name":"accueil","item":"https:\/\/www.hww.ca\/fr\/"},{"@type":"ListItem","position":2,"name":"Carte du site"}]},{"@type":"WebSite","@id":"https:\/\/www.hww.ca\/fr\/#website","url":"https:\/\/www.hww.ca\/fr\/","name":"Faune et Flore du Pays","description":"","potentialAction":[{"@type":"SearchAction","target":{"@type":"EntryPoint","urlTemplate":"https:\/\/www.hww.ca\/fr\/?s={search_term_string}"},"query-input":{"@type":"PropertyValueSpecification","valueRequired":true,"valueName":"search_term_string"}}],"inLanguage":"fr-FR"}]}},"_links":{"self":[{"href":"https:\/\/www.hww.ca\/fr\/wp-json\/wp\/v2\/pages\/2108","targetHints":{"allow":["GET"]}}],"collection":[{"href":"https:\/\/www.hww.ca\/fr\/wp-json\/wp\/v2\/pages"}],"about":[{"href":"https:\/\/www.hww.ca\/fr\/wp-json\/wp\/v2\/types\/page"}],"author":[{"embeddable":true,"href":"https:\/\/www.hww.ca\/fr\/wp-json\/wp\/v2\/users\/1"}],"replies":[{"embeddable":true,"href":"https:\/\/www.hww.ca\/fr\/wp-json\/wp\/v2\/comments?post=2108"}],"version-history":[{"count":1,"href":"https:\/\/www.hww.ca\/fr\/wp-json\/wp\/v2\/pages\/2108\/revisions"}],"predecessor-version":[{"id":2109,"href":"https:\/\/www.hww.ca\/fr\/wp-json\/wp\/v2\/pages\/2108\/revisions\/2109"}],"wp:attachment":[{"href":"https:\/\/www.hww.ca\/fr\/wp-json\/wp\/v2\/media?parent=2108"}],"curies":[{"name":"wp","href":"https:\/\/api.w.org\/{rel}","templated":true}]}}