{"id":2104,"date":"2024-11-12T12:32:54","date_gmt":"2024-11-12T12:32:54","guid":{"rendered":"https:\/\/www.hww.ca\/?page_id=2104"},"modified":"2024-12-16T21:50:56","modified_gmt":"2024-12-16T21:50:56","slug":"conditions","status":"publish","type":"page","link":"https:\/\/www.hww.ca\/fr\/conditions\/","title":{"rendered":"Conditions"},"content":{"rendered":"\n<p>L&#8217;information affich\u00e9e sur le pr\u00e9sent site Web est offerte gratuitement&nbsp;\u00ab&nbsp;telle quelle&nbsp;\u00bb&nbsp;\u00e0 des fins d&#8217;information et d&#8217;\u00e9ducation. Elle doit \u00eatre r\u00e9serv\u00e9e \u00e0 un usage personnel et non commercial. Bien que nous ayons pris des mesures raisonnables pour en assurer l&#8217;exactitude, cette&nbsp;information peut comporter des inexactitudes ou des erreurs typographiques.<\/p>\n\n\n\n<p><em>Reproduction de photos<\/em><\/p>\n\n\n\n<p>Les photos du pr\u00e9sent site Web qui ne portent aucune mention de source peuvent \u00eatre reproduites sans permission \u00e0 des fins personnelles et non commerciales seulement. Pour toute autre utilisation, pri\u00e8re de communiquer avec nous, \u00e0 l&#8217;adresse&nbsp;<a href=\"mailto:info@ffdp.ca\">info@ffdp.ca<\/a>, afin d&#8217;obtenir une permission.<\/p>\n\n\n\n<p>Si une photo porte une mention de source, vous devez communiquer avec la source ou le photographe pour obtenir la permission ou acheter le droit d&#8217;utiliser la photo.<\/p>\n\n\n\n<p>Voici une liste des sources et des photographes ainsi que leur num\u00e9ro de t\u00e9l\u00e9phone et\/ou&nbsp;adresse de courriel :<\/p>\n\n\n\n<p>Agence Parcs Canada<br>(819) 997-4904<br><a href=\"mailto:information@pc.gc.ca\">information@pc.gc.ca<\/a><br><br>Sandy Baumgartner<br><a href=\"mailto:sbaumgartner@sasksciencecentre.com'\">sbaumgartner@sasksciencecentre.com<\/a><\/p>\n\n\n\n<p>Tony Beck<br><a href=\"mailto:beck.tony@sympatico.ca\">beck.tony@sympatico.ca<\/a><br><br>Gerard Beyersbergen<br>Service canadien de la faune<br>Environnement Canada<br>R\u00e9gion des Prairies et du Nord<br>Bureau 200<br>4999, 98e avenue<br>Edmonton (Alberta)<br>T6B 2X3<br>(780) 951-8670<br><a href=\"mailto:gerard.beyersbergan@ec.gc.ca\">gerard.beyersbergan@ec.gc.ca<br><\/a><br><br>Daniel Bordage<br>Service canadien de la faune Environnement Canada<br><a href=\"mailto:daniel.bordage@ec.gc.ca\">mailto:daniel.bordage@ec.gc.ca<\/a><br><br>Milo Burcham<br>PO Box 2511<br>Cordova, AK<br>99574<br>(907) 424-5877<br><br>Dan Busby<br>Service canadien de la faune<br>Environnement Canada<br>Gatineau (Qu\u00e9bec)<br>K1A 0H3<br>(819) 997-1095<br><a href=\"mailto:cws-scf@ec.gc.ca\">cws-scf@ec.gc.ca<\/a><br><br>Wayne Campbell<br><a href=\"mailto:rwayne@islandnet.com\">rwayne@islandnet.com<\/a><br><br>Ed Cesar<br>(403) 687-3806<\/p>\n\n\n\n<p>Gordon Court<br><a href=\"mailto:gord.court@gov.ab.ca\">gord<abbr title=\"mailto:gord.court@gov.ab.ca dot \">courtgovabcacaabcacagovabcacaabcaca<\/abbr><\/a><\/p>\n\n\n\n<p>Brock Fenton<br><a href=\"mailto:bfenton@monkey.circus.yorku.ca\">bfenton@monkey.circus.yorku.ca<\/a><br><br>Richard Fyfe<br>780) 998-3097<br><br>Grant Gilchrist<br>Environnement Canada<br>Centre national de la recherche faunique<br>Carleton University<br>Ottawa, ON K1A 0H3<br><a href=\"mailto:grant.gilchrist@ec.gc.ca\">grant.gilchrist@ec.gc.ca<\/a><br><br>Henri Goulet<br>a\/s Brenda Kostiuk<br>Room 2083<br>K.W. Neatby Bldg.<br>960 Carling Avenue,<br>Ottawa, ON K1A 0C6<br><a href=\"mailto:kostiukb@agr.gc.ca\">kostiukb@agr.gc.ca<\/a><\/p>\n\n\n\n<p><br>Chuck Gordon<br>(780) 434-2351<br><a href=\"mailto:jcgordon@telusplanet.net\">jcgordon@telusplanet.net<\/a><br><br>David R. Gray<br>(613) 821-2640<br><br>Chris Grooms<br>4388, ch. Florida<br>R.R. no 3<br>Harrowsmith (Ontario)<br>K0H 1V0<br>(613) 386-7969<br><a href=\"mailto:cgrooms@kingston.net\">cgrooms@kingston.net<\/a>&nbsp;<br><a href=\"http:\/\/www.shrike.ca\/\">http:\/\/www.shrike.ca<\/a><br><br>Habitat faunique Canada<br>1750, croissant Courtwood<br>Bureau 310<br>Ottawa (Ontario)<br>K2C 2B5<br>(613) 722-2090<br><a href=\"http:\/\/www.whc.org\/\">http:\/\/www.whc.org<\/a><br><br>Tom W. Hall<br>Personne-ressource : J.D. Schinz<br>(250) 492-7260<br><br>Scott Hecker<br>Massachusetts Audubon Society<br>(781) 834-9661<\/p>\n\n\n\n<p>Jack Hughes:&nbsp;<a href=\"mailto:jack.hughes@ec.gc.ca\">jack.hughes@ec.gc.ca<\/a><\/p>\n\n\n\n<p>D. MacIsaac<br>Ressources naturelles Canada&nbsp;<a href=\"mailto:dmacisaa@nrcan-rncan.gc.ca\">dmacisaa@nrcan-rncan.gc.ca<br><\/a><br>Robert McCaw<br>(905) 854-2447<br><br>Bev McMullen<br>(905) 681-2997<\/p>\n\n\n\n<p><br>Daniel Mennill<br><a href=\"mailto:dmennill@uwindsor.ca\">dmennill@uwindsor.ca<\/a><\/p>\n\n\n\n<p>John Mitchell<br><a href=\"mailto:staff@johnmitchellfilms.com\">staff@johnmitchellfilms.com<\/a><br><a href=\"http:\/\/www.johnmitchellfilms.com\/\">www.johnmitchellfilms.com<\/a><br><br>National Oceanic and Atmopheric Administration<br><a href=\"http:\/\/www.noaa.gov\/\">http:\/\/www.noaa.gov<\/a><br><br>Nova Scotia Leatherback Turtle Working Group<br>2070, rue Oxford<br>Bureau 110<br>Halifax (Nouvelle-\u00c9cosse)<br>B3L 2T2<br>(902) 423-6224<br><a href=\"mailto:kmartin@seaturtles.ca\">kmartin@seaturtles.ca<\/a><br><br>Eric Reed<br>Service canadien de la faune<br>Environnement Canada<br><a href=\"mailto:Eric.Reed@ec.gc.ca\">Eric.Reed@ec.gc.ca<\/a><br><br>Service canadien de la faune<br>Environnement Canada<br>Gatineau (Qu\u00e9bec)<br>K1A 0H3<br>(819) 997-1095<br><a href=\"mailto:cws-scf@ec.gc.ca\">cws-scf@ec.gc.ca<\/a><br><br>Winnifred Wake<br>(519) 472-4864<br><br>Tim Zurowski<br>(250) 479-1410<br><a href=\"mailto:zuropak@shaw.ca\">mailto:zuropak@shaw.ca<\/a><\/p>\n","protected":false},"excerpt":{"rendered":"<p>L&#8217;information affich\u00e9e sur le pr\u00e9sent site Web est offerte gratuitement&nbsp;\u00ab&nbsp;telle quelle&nbsp;\u00bb&nbsp;\u00e0 des fins d&#8217;information et d&#8217;\u00e9ducation. Elle doit \u00eatre r\u00e9serv\u00e9e \u00e0 un usage personnel et non commercial. Bien que nous ayons pris des mesures raisonnables pour en assurer l&#8217;exactitude, cette&nbsp;information peut comporter des inexactitudes ou des erreurs typographiques. Reproduction de photos Les photos du pr\u00e9sent [&hellip;]<\/p>\n","protected":false},"author":1,"featured_media":0,"parent":0,"menu_order":0,"comment_status":"closed","ping_status":"closed","template":"","meta":{"_acf_changed":false,"_relevanssi_hide_post":"","_relevanssi_hide_content":"","_relevanssi_pin_for_all":"","_relevanssi_pin_keywords":"","_relevanssi_unpin_keywords":"","_relevanssi_related_keywords":"","_relevanssi_related_include_ids":"","_relevanssi_related_exclude_ids":"","_relevanssi_related_no_append":"","_relevanssi_related_not_related":"","_relevanssi_related_posts":"","_relevanssi_noindex_reason":"","footnotes":""},"class_list":["post-2104","page","type-page","status-publish","hentry"],"acf":[],"yoast_head":"<!-- This site is optimized with the Yoast SEO plugin v24.0 - https:\/\/yoast.com\/wordpress\/plugins\/seo\/ -->\n<title>Conditions - Faune et Flore du Pays<\/title>\n<meta name=\"robots\" content=\"index, follow, max-snippet:-1, max-image-preview:large, max-video-preview:-1\" \/>\n<link rel=\"canonical\" href=\"https:\/\/www.hww.ca\/fr\/conditions\/\" \/>\n<meta property=\"og:locale\" content=\"fr_FR\" \/>\n<meta property=\"og:type\" content=\"article\" \/>\n<meta property=\"og:title\" content=\"Conditions - Faune et Flore du Pays\" \/>\n<meta property=\"og:description\" content=\"L&#8217;information affich\u00e9e sur le pr\u00e9sent site Web est offerte gratuitement&nbsp;\u00ab&nbsp;telle quelle&nbsp;\u00bb&nbsp;\u00e0 des fins d&#8217;information et d&#8217;\u00e9ducation. Elle doit \u00eatre r\u00e9serv\u00e9e \u00e0 un usage personnel et non commercial. Bien que nous ayons pris des mesures raisonnables pour en assurer l&#8217;exactitude, cette&nbsp;information peut comporter des inexactitudes ou des erreurs typographiques. Reproduction de photos Les photos du pr\u00e9sent [&hellip;]\" \/>\n<meta property=\"og:url\" content=\"https:\/\/www.hww.ca\/fr\/conditions\/\" \/>\n<meta property=\"og:site_name\" content=\"Faune et Flore du Pays\" \/>\n<meta property=\"article:modified_time\" content=\"2024-12-16T21:50:56+00:00\" \/>\n<meta name=\"twitter:card\" content=\"summary_large_image\" \/>\n<meta name=\"twitter:label1\" content=\"Est. reading time\" \/>\n\t<meta name=\"twitter:data1\" content=\"2 minutes\" \/>\n<script type=\"application\/ld+json\" class=\"yoast-schema-graph\">{\"@context\":\"https:\/\/schema.org\",\"@graph\":[{\"@type\":\"WebPage\",\"@id\":\"https:\/\/www.hww.ca\/fr\/conditions\/\",\"url\":\"https:\/\/www.hww.ca\/fr\/conditions\/\",\"name\":\"Conditions - Faune et Flore du Pays\",\"isPartOf\":{\"@id\":\"https:\/\/www.hww.ca\/fr\/#website\"},\"datePublished\":\"2024-11-12T12:32:54+00:00\",\"dateModified\":\"2024-12-16T21:50:56+00:00\",\"breadcrumb\":{\"@id\":\"https:\/\/www.hww.ca\/fr\/conditions\/#breadcrumb\"},\"inLanguage\":\"fr-FR\",\"potentialAction\":[{\"@type\":\"ReadAction\",\"target\":[\"https:\/\/www.hww.ca\/fr\/conditions\/\"]}]},{\"@type\":\"BreadcrumbList\",\"@id\":\"https:\/\/www.hww.ca\/fr\/conditions\/#breadcrumb\",\"itemListElement\":[{\"@type\":\"ListItem\",\"position\":1,\"name\":\"accueil\",\"item\":\"https:\/\/www.hww.ca\/fr\/\"},{\"@type\":\"ListItem\",\"position\":2,\"name\":\"Conditions\"}]},{\"@type\":\"WebSite\",\"@id\":\"https:\/\/www.hww.ca\/fr\/#website\",\"url\":\"https:\/\/www.hww.ca\/fr\/\",\"name\":\"Faune et Flore du Pays\",\"description\":\"\",\"potentialAction\":[{\"@type\":\"SearchAction\",\"target\":{\"@type\":\"EntryPoint\",\"urlTemplate\":\"https:\/\/www.hww.ca\/fr\/?s={search_term_string}\"},\"query-input\":{\"@type\":\"PropertyValueSpecification\",\"valueRequired\":true,\"valueName\":\"search_term_string\"}}],\"inLanguage\":\"fr-FR\"}]}<\/script>\n<!-- \/ Yoast SEO plugin. -->","yoast_head_json":{"title":"Conditions - Faune et Flore du Pays","robots":{"index":"index","follow":"follow","max-snippet":"max-snippet:-1","max-image-preview":"max-image-preview:large","max-video-preview":"max-video-preview:-1"},"canonical":"https:\/\/www.hww.ca\/fr\/conditions\/","og_locale":"fr_FR","og_type":"article","og_title":"Conditions - Faune et Flore du Pays","og_description":"L&#8217;information affich\u00e9e sur le pr\u00e9sent site Web est offerte gratuitement&nbsp;\u00ab&nbsp;telle quelle&nbsp;\u00bb&nbsp;\u00e0 des fins d&#8217;information et d&#8217;\u00e9ducation. Elle doit \u00eatre r\u00e9serv\u00e9e \u00e0 un usage personnel et non commercial. Bien que nous ayons pris des mesures raisonnables pour en assurer l&#8217;exactitude, cette&nbsp;information peut comporter des inexactitudes ou des erreurs typographiques. Reproduction de photos Les photos du pr\u00e9sent [&hellip;]","og_url":"https:\/\/www.hww.ca\/fr\/conditions\/","og_site_name":"Faune et Flore du Pays","article_modified_time":"2024-12-16T21:50:56+00:00","twitter_card":"summary_large_image","twitter_misc":{"Est. reading time":"2 minutes"},"schema":{"@context":"https:\/\/schema.org","@graph":[{"@type":"WebPage","@id":"https:\/\/www.hww.ca\/fr\/conditions\/","url":"https:\/\/www.hww.ca\/fr\/conditions\/","name":"Conditions - Faune et Flore du Pays","isPartOf":{"@id":"https:\/\/www.hww.ca\/fr\/#website"},"datePublished":"2024-11-12T12:32:54+00:00","dateModified":"2024-12-16T21:50:56+00:00","breadcrumb":{"@id":"https:\/\/www.hww.ca\/fr\/conditions\/#breadcrumb"},"inLanguage":"fr-FR","potentialAction":[{"@type":"ReadAction","target":["https:\/\/www.hww.ca\/fr\/conditions\/"]}]},{"@type":"BreadcrumbList","@id":"https:\/\/www.hww.ca\/fr\/conditions\/#breadcrumb","itemListElement":[{"@type":"ListItem","position":1,"name":"accueil","item":"https:\/\/www.hww.ca\/fr\/"},{"@type":"ListItem","position":2,"name":"Conditions"}]},{"@type":"WebSite","@id":"https:\/\/www.hww.ca\/fr\/#website","url":"https:\/\/www.hww.ca\/fr\/","name":"Faune et Flore du Pays","description":"","potentialAction":[{"@type":"SearchAction","target":{"@type":"EntryPoint","urlTemplate":"https:\/\/www.hww.ca\/fr\/?s={search_term_string}"},"query-input":{"@type":"PropertyValueSpecification","valueRequired":true,"valueName":"search_term_string"}}],"inLanguage":"fr-FR"}]}},"_links":{"self":[{"href":"https:\/\/www.hww.ca\/fr\/wp-json\/wp\/v2\/pages\/2104","targetHints":{"allow":["GET"]}}],"collection":[{"href":"https:\/\/www.hww.ca\/fr\/wp-json\/wp\/v2\/pages"}],"about":[{"href":"https:\/\/www.hww.ca\/fr\/wp-json\/wp\/v2\/types\/page"}],"author":[{"embeddable":true,"href":"https:\/\/www.hww.ca\/fr\/wp-json\/wp\/v2\/users\/1"}],"replies":[{"embeddable":true,"href":"https:\/\/www.hww.ca\/fr\/wp-json\/wp\/v2\/comments?post=2104"}],"version-history":[{"count":2,"href":"https:\/\/www.hww.ca\/fr\/wp-json\/wp\/v2\/pages\/2104\/revisions"}],"predecessor-version":[{"id":10591,"href":"https:\/\/www.hww.ca\/fr\/wp-json\/wp\/v2\/pages\/2104\/revisions\/10591"}],"wp:attachment":[{"href":"https:\/\/www.hww.ca\/fr\/wp-json\/wp\/v2\/media?parent=2104"}],"curies":[{"name":"wp","href":"https:\/\/api.w.org\/{rel}","templated":true}]}}