{"id":2102,"date":"2024-11-12T12:32:40","date_gmt":"2024-11-12T12:32:40","guid":{"rendered":"https:\/\/www.hww.ca\/?page_id=2102"},"modified":"2024-12-16T21:49:48","modified_gmt":"2024-12-16T21:49:48","slug":"droits-dauteur","status":"publish","type":"page","link":"https:\/\/www.hww.ca\/fr\/droits-dauteur\/","title":{"rendered":"Droits d&#8217;auteur"},"content":{"rendered":"\n<p><strong>Droits d\u2019auteur SCF, FCF (2003)<\/strong><\/p>\n\n\n\n<p>Tous droits r\u00e9serv\u00e9s. L&#8217;information pr\u00e9sente sur ce site peut \u00eatre copi\u00e9e par des moyens \u00e9lectroniques ou imprim\u00e9e pour une utilisation personnelle ou publique non commerciale. Tous les autres utilisateurs doivent obtenir une permission sp\u00e9ciale par \u00e9crit. Veuillez adresser vos questions \u00e0 l\u2019adresse \u00e9lectronique suivante :&nbsp;<a href=\"mailto:info@ffdp.ca\">info@ffdp.ca<\/a><\/p>\n","protected":false},"excerpt":{"rendered":"<p>Droits d\u2019auteur SCF, FCF (2003) Tous droits r\u00e9serv\u00e9s. L&#8217;information pr\u00e9sente sur ce site peut \u00eatre copi\u00e9e par des moyens \u00e9lectroniques ou imprim\u00e9e pour une utilisation personnelle ou publique non commerciale. Tous les autres utilisateurs doivent obtenir une permission sp\u00e9ciale par \u00e9crit. Veuillez adresser vos questions \u00e0 l\u2019adresse \u00e9lectronique suivante :&nbsp;info@ffdp.ca<\/p>\n","protected":false},"author":1,"featured_media":0,"parent":0,"menu_order":0,"comment_status":"closed","ping_status":"closed","template":"","meta":{"_acf_changed":false,"_relevanssi_hide_post":"","_relevanssi_hide_content":"","_relevanssi_pin_for_all":"","_relevanssi_pin_keywords":"","_relevanssi_unpin_keywords":"","_relevanssi_related_keywords":"","_relevanssi_related_include_ids":"","_relevanssi_related_exclude_ids":"","_relevanssi_related_no_append":"","_relevanssi_related_not_related":"","_relevanssi_related_posts":"","_relevanssi_noindex_reason":"","footnotes":""},"class_list":["post-2102","page","type-page","status-publish","hentry"],"acf":[],"yoast_head":"<!-- This site is optimized with the Yoast SEO plugin v24.0 - https:\/\/yoast.com\/wordpress\/plugins\/seo\/ -->\n<title>Droits d&#039;auteur - Faune et Flore du Pays<\/title>\n<meta name=\"robots\" content=\"index, follow, max-snippet:-1, max-image-preview:large, max-video-preview:-1\" \/>\n<link rel=\"canonical\" href=\"https:\/\/www.hww.ca\/fr\/droits-dauteur\/\" \/>\n<meta property=\"og:locale\" content=\"fr_FR\" \/>\n<meta property=\"og:type\" content=\"article\" \/>\n<meta property=\"og:title\" content=\"Droits d&#039;auteur - Faune et Flore du Pays\" \/>\n<meta property=\"og:description\" content=\"Droits d\u2019auteur SCF, FCF (2003) Tous droits r\u00e9serv\u00e9s. L&#8217;information pr\u00e9sente sur ce site peut \u00eatre copi\u00e9e par des moyens \u00e9lectroniques ou imprim\u00e9e pour une utilisation personnelle ou publique non commerciale. Tous les autres utilisateurs doivent obtenir une permission sp\u00e9ciale par \u00e9crit. Veuillez adresser vos questions \u00e0 l\u2019adresse \u00e9lectronique suivante :&nbsp;info@ffdp.ca\" \/>\n<meta property=\"og:url\" content=\"https:\/\/www.hww.ca\/fr\/droits-dauteur\/\" \/>\n<meta property=\"og:site_name\" content=\"Faune et Flore du Pays\" \/>\n<meta property=\"article:modified_time\" content=\"2024-12-16T21:49:48+00:00\" \/>\n<meta name=\"twitter:card\" content=\"summary_large_image\" \/>\n<meta name=\"twitter:label1\" content=\"Est. reading time\" \/>\n\t<meta name=\"twitter:data1\" content=\"1 minute\" \/>\n<script type=\"application\/ld+json\" class=\"yoast-schema-graph\">{\"@context\":\"https:\/\/schema.org\",\"@graph\":[{\"@type\":\"WebPage\",\"@id\":\"https:\/\/www.hww.ca\/fr\/droits-dauteur\/\",\"url\":\"https:\/\/www.hww.ca\/fr\/droits-dauteur\/\",\"name\":\"Droits d'auteur - Faune et Flore du Pays\",\"isPartOf\":{\"@id\":\"https:\/\/www.hww.ca\/fr\/#website\"},\"datePublished\":\"2024-11-12T12:32:40+00:00\",\"dateModified\":\"2024-12-16T21:49:48+00:00\",\"breadcrumb\":{\"@id\":\"https:\/\/www.hww.ca\/fr\/droits-dauteur\/#breadcrumb\"},\"inLanguage\":\"fr-FR\",\"potentialAction\":[{\"@type\":\"ReadAction\",\"target\":[\"https:\/\/www.hww.ca\/fr\/droits-dauteur\/\"]}]},{\"@type\":\"BreadcrumbList\",\"@id\":\"https:\/\/www.hww.ca\/fr\/droits-dauteur\/#breadcrumb\",\"itemListElement\":[{\"@type\":\"ListItem\",\"position\":1,\"name\":\"accueil\",\"item\":\"https:\/\/www.hww.ca\/fr\/\"},{\"@type\":\"ListItem\",\"position\":2,\"name\":\"Droits d&#8217;auteur\"}]},{\"@type\":\"WebSite\",\"@id\":\"https:\/\/www.hww.ca\/fr\/#website\",\"url\":\"https:\/\/www.hww.ca\/fr\/\",\"name\":\"Faune et Flore du Pays\",\"description\":\"\",\"potentialAction\":[{\"@type\":\"SearchAction\",\"target\":{\"@type\":\"EntryPoint\",\"urlTemplate\":\"https:\/\/www.hww.ca\/fr\/?s={search_term_string}\"},\"query-input\":{\"@type\":\"PropertyValueSpecification\",\"valueRequired\":true,\"valueName\":\"search_term_string\"}}],\"inLanguage\":\"fr-FR\"}]}<\/script>\n<!-- \/ Yoast SEO plugin. -->","yoast_head_json":{"title":"Droits d'auteur - Faune et Flore du Pays","robots":{"index":"index","follow":"follow","max-snippet":"max-snippet:-1","max-image-preview":"max-image-preview:large","max-video-preview":"max-video-preview:-1"},"canonical":"https:\/\/www.hww.ca\/fr\/droits-dauteur\/","og_locale":"fr_FR","og_type":"article","og_title":"Droits d'auteur - Faune et Flore du Pays","og_description":"Droits d\u2019auteur SCF, FCF (2003) Tous droits r\u00e9serv\u00e9s. L&#8217;information pr\u00e9sente sur ce site peut \u00eatre copi\u00e9e par des moyens \u00e9lectroniques ou imprim\u00e9e pour une utilisation personnelle ou publique non commerciale. Tous les autres utilisateurs doivent obtenir une permission sp\u00e9ciale par \u00e9crit. Veuillez adresser vos questions \u00e0 l\u2019adresse \u00e9lectronique suivante :&nbsp;info@ffdp.ca","og_url":"https:\/\/www.hww.ca\/fr\/droits-dauteur\/","og_site_name":"Faune et Flore du Pays","article_modified_time":"2024-12-16T21:49:48+00:00","twitter_card":"summary_large_image","twitter_misc":{"Est. reading time":"1 minute"},"schema":{"@context":"https:\/\/schema.org","@graph":[{"@type":"WebPage","@id":"https:\/\/www.hww.ca\/fr\/droits-dauteur\/","url":"https:\/\/www.hww.ca\/fr\/droits-dauteur\/","name":"Droits d'auteur - Faune et Flore du Pays","isPartOf":{"@id":"https:\/\/www.hww.ca\/fr\/#website"},"datePublished":"2024-11-12T12:32:40+00:00","dateModified":"2024-12-16T21:49:48+00:00","breadcrumb":{"@id":"https:\/\/www.hww.ca\/fr\/droits-dauteur\/#breadcrumb"},"inLanguage":"fr-FR","potentialAction":[{"@type":"ReadAction","target":["https:\/\/www.hww.ca\/fr\/droits-dauteur\/"]}]},{"@type":"BreadcrumbList","@id":"https:\/\/www.hww.ca\/fr\/droits-dauteur\/#breadcrumb","itemListElement":[{"@type":"ListItem","position":1,"name":"accueil","item":"https:\/\/www.hww.ca\/fr\/"},{"@type":"ListItem","position":2,"name":"Droits d&#8217;auteur"}]},{"@type":"WebSite","@id":"https:\/\/www.hww.ca\/fr\/#website","url":"https:\/\/www.hww.ca\/fr\/","name":"Faune et Flore du Pays","description":"","potentialAction":[{"@type":"SearchAction","target":{"@type":"EntryPoint","urlTemplate":"https:\/\/www.hww.ca\/fr\/?s={search_term_string}"},"query-input":{"@type":"PropertyValueSpecification","valueRequired":true,"valueName":"search_term_string"}}],"inLanguage":"fr-FR"}]}},"_links":{"self":[{"href":"https:\/\/www.hww.ca\/fr\/wp-json\/wp\/v2\/pages\/2102","targetHints":{"allow":["GET"]}}],"collection":[{"href":"https:\/\/www.hww.ca\/fr\/wp-json\/wp\/v2\/pages"}],"about":[{"href":"https:\/\/www.hww.ca\/fr\/wp-json\/wp\/v2\/types\/page"}],"author":[{"embeddable":true,"href":"https:\/\/www.hww.ca\/fr\/wp-json\/wp\/v2\/users\/1"}],"replies":[{"embeddable":true,"href":"https:\/\/www.hww.ca\/fr\/wp-json\/wp\/v2\/comments?post=2102"}],"version-history":[{"count":2,"href":"https:\/\/www.hww.ca\/fr\/wp-json\/wp\/v2\/pages\/2102\/revisions"}],"predecessor-version":[{"id":10589,"href":"https:\/\/www.hww.ca\/fr\/wp-json\/wp\/v2\/pages\/2102\/revisions\/10589"}],"wp:attachment":[{"href":"https:\/\/www.hww.ca\/fr\/wp-json\/wp\/v2\/media?parent=2102"}],"curies":[{"name":"wp","href":"https:\/\/api.w.org\/{rel}","templated":true}]}}