{"id":2100,"date":"2024-11-12T12:32:21","date_gmt":"2024-11-12T12:32:21","guid":{"rendered":"https:\/\/www.hww.ca\/?page_id=2100"},"modified":"2024-12-16T21:48:05","modified_gmt":"2024-12-16T21:48:05","slug":"politique-de-confidentialite","status":"publish","type":"page","link":"https:\/\/www.hww.ca\/fr\/politique-de-confidentialite\/","title":{"rendered":"Politique de confidentialit\u00e9"},"content":{"rendered":"\n<p>Nous nous engageons \u00e0 respecter le droit \u00e0 la vie priv\u00e9e des personnes qui visitent le pr\u00e9sent site Web.<\/p>\n\n\n\n<ul class=\"wp-block-list\">\n<li>Nous ne recueillons pas automatiquement aupr\u00e8s de vous des renseignements personnels, tels que votre nom,\u00a0num\u00e9ro de t\u00e9l\u00e9phone, ou encore votre adresse municipale ou \u00e9lectronique. Nous en prenons connaissance uniquement si vous nous les communiquez volontairement, normalement par courrier \u00e9lectronique ou en vous inscrivant dans une section\u00a0du site.<\/li>\n\n\n\n<li>Toute information soumise est prot\u00e9g\u00e9e en vertu de la Loi sur la protection des renseignements personnels. Faune et flore du pays ne vend pas, n\u2019\u00e9change pas et ne loue pas vos renseignements personnels \u00e0 des tiers. L\u2019information fournit des statistiques agr\u00e9g\u00e9es au sujet des visiteurs en ligne. Ces donn\u00e9es statistiques peuvent \u00eatre divulgu\u00e9es \u00e0 un tiers, mais elles n\u2019incluront aucune information permettant d\u2019identifier les particuliers.<\/li>\n\n\n\n<li><em>Faune et flore du pays<\/em>\u00a0utilise des t\u00e9moins (cookies) de session. Ces t\u00e9moins ne recueillent aucun renseignement personnel et ont pour but de garder en m\u00e9moire de l\u2019information pendant la dur\u00e9e d\u2019une session (ou visite de notre site Web). Ils sont plac\u00e9s sur le disque rigide de l\u2019utilisateur seulement.<\/li>\n<\/ul>\n","protected":false},"excerpt":{"rendered":"<p>Nous nous engageons \u00e0 respecter le droit \u00e0 la vie priv\u00e9e des personnes qui visitent le pr\u00e9sent site Web.<\/p>\n","protected":false},"author":1,"featured_media":0,"parent":0,"menu_order":0,"comment_status":"closed","ping_status":"closed","template":"","meta":{"_acf_changed":false,"_relevanssi_hide_post":"","_relevanssi_hide_content":"","_relevanssi_pin_for_all":"","_relevanssi_pin_keywords":"","_relevanssi_unpin_keywords":"","_relevanssi_related_keywords":"","_relevanssi_related_include_ids":"","_relevanssi_related_exclude_ids":"","_relevanssi_related_no_append":"","_relevanssi_related_not_related":"","_relevanssi_related_posts":"","_relevanssi_noindex_reason":"","footnotes":""},"class_list":["post-2100","page","type-page","status-publish","hentry"],"acf":[],"yoast_head":"<!-- This site is optimized with the Yoast SEO plugin v24.0 - https:\/\/yoast.com\/wordpress\/plugins\/seo\/ -->\n<title>Politique de confidentialit\u00e9 - Faune et Flore du Pays<\/title>\n<meta name=\"robots\" content=\"index, follow, max-snippet:-1, max-image-preview:large, max-video-preview:-1\" \/>\n<link rel=\"canonical\" href=\"https:\/\/www.hww.ca\/fr\/politique-de-confidentialite\/\" \/>\n<meta property=\"og:locale\" content=\"fr_FR\" \/>\n<meta property=\"og:type\" content=\"article\" \/>\n<meta property=\"og:title\" content=\"Politique de confidentialit\u00e9 - Faune et Flore du Pays\" \/>\n<meta property=\"og:description\" content=\"Nous nous engageons \u00e0 respecter le droit \u00e0 la vie priv\u00e9e des personnes qui visitent le pr\u00e9sent site Web.\" \/>\n<meta property=\"og:url\" content=\"https:\/\/www.hww.ca\/fr\/politique-de-confidentialite\/\" \/>\n<meta property=\"og:site_name\" content=\"Faune et Flore du Pays\" \/>\n<meta property=\"article:modified_time\" content=\"2024-12-16T21:48:05+00:00\" \/>\n<meta name=\"twitter:card\" content=\"summary_large_image\" \/>\n<meta name=\"twitter:label1\" content=\"Est. reading time\" \/>\n\t<meta name=\"twitter:data1\" content=\"1 minute\" \/>\n<script type=\"application\/ld+json\" class=\"yoast-schema-graph\">{\"@context\":\"https:\/\/schema.org\",\"@graph\":[{\"@type\":\"WebPage\",\"@id\":\"https:\/\/www.hww.ca\/fr\/politique-de-confidentialite\/\",\"url\":\"https:\/\/www.hww.ca\/fr\/politique-de-confidentialite\/\",\"name\":\"Politique de confidentialit\u00e9 - Faune et Flore du Pays\",\"isPartOf\":{\"@id\":\"https:\/\/www.hww.ca\/fr\/#website\"},\"datePublished\":\"2024-11-12T12:32:21+00:00\",\"dateModified\":\"2024-12-16T21:48:05+00:00\",\"breadcrumb\":{\"@id\":\"https:\/\/www.hww.ca\/fr\/politique-de-confidentialite\/#breadcrumb\"},\"inLanguage\":\"fr-FR\",\"potentialAction\":[{\"@type\":\"ReadAction\",\"target\":[\"https:\/\/www.hww.ca\/fr\/politique-de-confidentialite\/\"]}]},{\"@type\":\"BreadcrumbList\",\"@id\":\"https:\/\/www.hww.ca\/fr\/politique-de-confidentialite\/#breadcrumb\",\"itemListElement\":[{\"@type\":\"ListItem\",\"position\":1,\"name\":\"accueil\",\"item\":\"https:\/\/www.hww.ca\/fr\/\"},{\"@type\":\"ListItem\",\"position\":2,\"name\":\"Politique de confidentialit\u00e9\"}]},{\"@type\":\"WebSite\",\"@id\":\"https:\/\/www.hww.ca\/fr\/#website\",\"url\":\"https:\/\/www.hww.ca\/fr\/\",\"name\":\"Faune et Flore du Pays\",\"description\":\"\",\"potentialAction\":[{\"@type\":\"SearchAction\",\"target\":{\"@type\":\"EntryPoint\",\"urlTemplate\":\"https:\/\/www.hww.ca\/fr\/?s={search_term_string}\"},\"query-input\":{\"@type\":\"PropertyValueSpecification\",\"valueRequired\":true,\"valueName\":\"search_term_string\"}}],\"inLanguage\":\"fr-FR\"}]}<\/script>\n<!-- \/ Yoast SEO plugin. -->","yoast_head_json":{"title":"Politique de confidentialit\u00e9 - Faune et Flore du Pays","robots":{"index":"index","follow":"follow","max-snippet":"max-snippet:-1","max-image-preview":"max-image-preview:large","max-video-preview":"max-video-preview:-1"},"canonical":"https:\/\/www.hww.ca\/fr\/politique-de-confidentialite\/","og_locale":"fr_FR","og_type":"article","og_title":"Politique de confidentialit\u00e9 - Faune et Flore du Pays","og_description":"Nous nous engageons \u00e0 respecter le droit \u00e0 la vie priv\u00e9e des personnes qui visitent le pr\u00e9sent site Web.","og_url":"https:\/\/www.hww.ca\/fr\/politique-de-confidentialite\/","og_site_name":"Faune et Flore du Pays","article_modified_time":"2024-12-16T21:48:05+00:00","twitter_card":"summary_large_image","twitter_misc":{"Est. reading time":"1 minute"},"schema":{"@context":"https:\/\/schema.org","@graph":[{"@type":"WebPage","@id":"https:\/\/www.hww.ca\/fr\/politique-de-confidentialite\/","url":"https:\/\/www.hww.ca\/fr\/politique-de-confidentialite\/","name":"Politique de confidentialit\u00e9 - Faune et Flore du Pays","isPartOf":{"@id":"https:\/\/www.hww.ca\/fr\/#website"},"datePublished":"2024-11-12T12:32:21+00:00","dateModified":"2024-12-16T21:48:05+00:00","breadcrumb":{"@id":"https:\/\/www.hww.ca\/fr\/politique-de-confidentialite\/#breadcrumb"},"inLanguage":"fr-FR","potentialAction":[{"@type":"ReadAction","target":["https:\/\/www.hww.ca\/fr\/politique-de-confidentialite\/"]}]},{"@type":"BreadcrumbList","@id":"https:\/\/www.hww.ca\/fr\/politique-de-confidentialite\/#breadcrumb","itemListElement":[{"@type":"ListItem","position":1,"name":"accueil","item":"https:\/\/www.hww.ca\/fr\/"},{"@type":"ListItem","position":2,"name":"Politique de confidentialit\u00e9"}]},{"@type":"WebSite","@id":"https:\/\/www.hww.ca\/fr\/#website","url":"https:\/\/www.hww.ca\/fr\/","name":"Faune et Flore du Pays","description":"","potentialAction":[{"@type":"SearchAction","target":{"@type":"EntryPoint","urlTemplate":"https:\/\/www.hww.ca\/fr\/?s={search_term_string}"},"query-input":{"@type":"PropertyValueSpecification","valueRequired":true,"valueName":"search_term_string"}}],"inLanguage":"fr-FR"}]}},"_links":{"self":[{"href":"https:\/\/www.hww.ca\/fr\/wp-json\/wp\/v2\/pages\/2100","targetHints":{"allow":["GET"]}}],"collection":[{"href":"https:\/\/www.hww.ca\/fr\/wp-json\/wp\/v2\/pages"}],"about":[{"href":"https:\/\/www.hww.ca\/fr\/wp-json\/wp\/v2\/types\/page"}],"author":[{"embeddable":true,"href":"https:\/\/www.hww.ca\/fr\/wp-json\/wp\/v2\/users\/1"}],"replies":[{"embeddable":true,"href":"https:\/\/www.hww.ca\/fr\/wp-json\/wp\/v2\/comments?post=2100"}],"version-history":[{"count":2,"href":"https:\/\/www.hww.ca\/fr\/wp-json\/wp\/v2\/pages\/2100\/revisions"}],"predecessor-version":[{"id":10587,"href":"https:\/\/www.hww.ca\/fr\/wp-json\/wp\/v2\/pages\/2100\/revisions\/10587"}],"wp:attachment":[{"href":"https:\/\/www.hww.ca\/fr\/wp-json\/wp\/v2\/media?parent=2100"}],"curies":[{"name":"wp","href":"https:\/\/api.w.org\/{rel}","templated":true}]}}