{"id":2098,"date":"2024-11-12T12:31:44","date_gmt":"2024-11-12T12:31:44","guid":{"rendered":"https:\/\/www.hww.ca\/?page_id=2098"},"modified":"2024-12-16T21:46:07","modified_gmt":"2024-12-16T21:46:07","slug":"commandez-en-ligne","status":"publish","type":"page","link":"https:\/\/www.hww.ca\/fr\/commandez-en-ligne\/","title":{"rendered":"Commandez en ligne"},"content":{"rendered":"\n<p><strong>La Faune et flore du pays : Renseignements sur les commandes<\/strong><\/p>\n\n\n\n<p>Si vous voulez commander notre DVD, qui contient nos capsules vid\u00e9o, veuillez nous faire parvenir votre adresse par courriel, au info@ffdp.ca, ou par t\u00e9l\u00e9phone, au 613.599.9594 ou 1.877.599.5777. Nous vous en ferons parvenir une copie, sans frais.<\/p>\n\n\n\n<p>Malheureusement, nous ne sommes plus en mesure de prendre des commandes de fiches d&#8217;information imprim\u00e9es. Si vous ne pouvez imprimer les fiches d&#8217;information \u00e0 la maison, veuillez nous envoyer une demande par courriel au info@ffdp.ca. Nous vous enverrons une copie d&#8217;un maximum de cinq fiches et ce, sans frais.<\/p>\n\n\n\n<p>Nous sommes sinc\u00e8rement d\u00e9sol\u00e9s des d\u00e9sagr\u00e9ments que cette situation pourrait causer.<\/p>\n\n\n\n<p>L&#8217;\u00e9quipe de FFDP<\/p>\n","protected":false},"excerpt":{"rendered":"<p>La Faune et flore du pays : Renseignements sur les commandes Si vous voulez commander notre DVD, qui contient nos capsules vid\u00e9o, veuillez nous faire parvenir votre adresse par courriel, au info@ffdp.ca, ou par t\u00e9l\u00e9phone, au 613.599.9594 ou 1.877.599.5777. Nous vous en ferons parvenir une copie, sans frais. Malheureusement, nous ne sommes plus en mesure [&hellip;]<\/p>\n","protected":false},"author":1,"featured_media":0,"parent":0,"menu_order":0,"comment_status":"closed","ping_status":"closed","template":"","meta":{"_acf_changed":false,"_relevanssi_hide_post":"","_relevanssi_hide_content":"","_relevanssi_pin_for_all":"","_relevanssi_pin_keywords":"","_relevanssi_unpin_keywords":"","_relevanssi_related_keywords":"","_relevanssi_related_include_ids":"","_relevanssi_related_exclude_ids":"","_relevanssi_related_no_append":"","_relevanssi_related_not_related":"","_relevanssi_related_posts":"","_relevanssi_noindex_reason":"","footnotes":""},"class_list":["post-2098","page","type-page","status-publish","hentry"],"acf":[],"yoast_head":"<!-- This site is optimized with the Yoast SEO plugin v24.0 - https:\/\/yoast.com\/wordpress\/plugins\/seo\/ -->\n<title>Commandez en ligne - Faune et Flore du Pays<\/title>\n<meta name=\"robots\" content=\"index, follow, max-snippet:-1, max-image-preview:large, max-video-preview:-1\" \/>\n<link rel=\"canonical\" href=\"https:\/\/www.hww.ca\/fr\/commandez-en-ligne\/\" \/>\n<meta property=\"og:locale\" content=\"fr_FR\" \/>\n<meta property=\"og:type\" content=\"article\" \/>\n<meta property=\"og:title\" content=\"Commandez en ligne - Faune et Flore du Pays\" \/>\n<meta property=\"og:description\" content=\"La Faune et flore du pays : Renseignements sur les commandes Si vous voulez commander notre DVD, qui contient nos capsules vid\u00e9o, veuillez nous faire parvenir votre adresse par courriel, au info@ffdp.ca, ou par t\u00e9l\u00e9phone, au 613.599.9594 ou 1.877.599.5777. Nous vous en ferons parvenir une copie, sans frais. Malheureusement, nous ne sommes plus en mesure [&hellip;]\" \/>\n<meta property=\"og:url\" content=\"https:\/\/www.hww.ca\/fr\/commandez-en-ligne\/\" \/>\n<meta property=\"og:site_name\" content=\"Faune et Flore du Pays\" \/>\n<meta property=\"article:modified_time\" content=\"2024-12-16T21:46:07+00:00\" \/>\n<meta name=\"twitter:card\" content=\"summary_large_image\" \/>\n<meta name=\"twitter:label1\" content=\"Est. reading time\" \/>\n\t<meta name=\"twitter:data1\" content=\"1 minute\" \/>\n<script type=\"application\/ld+json\" class=\"yoast-schema-graph\">{\"@context\":\"https:\/\/schema.org\",\"@graph\":[{\"@type\":\"WebPage\",\"@id\":\"https:\/\/www.hww.ca\/fr\/commandez-en-ligne\/\",\"url\":\"https:\/\/www.hww.ca\/fr\/commandez-en-ligne\/\",\"name\":\"Commandez en ligne - Faune et Flore du Pays\",\"isPartOf\":{\"@id\":\"https:\/\/www.hww.ca\/fr\/#website\"},\"datePublished\":\"2024-11-12T12:31:44+00:00\",\"dateModified\":\"2024-12-16T21:46:07+00:00\",\"breadcrumb\":{\"@id\":\"https:\/\/www.hww.ca\/fr\/commandez-en-ligne\/#breadcrumb\"},\"inLanguage\":\"fr-FR\",\"potentialAction\":[{\"@type\":\"ReadAction\",\"target\":[\"https:\/\/www.hww.ca\/fr\/commandez-en-ligne\/\"]}]},{\"@type\":\"BreadcrumbList\",\"@id\":\"https:\/\/www.hww.ca\/fr\/commandez-en-ligne\/#breadcrumb\",\"itemListElement\":[{\"@type\":\"ListItem\",\"position\":1,\"name\":\"accueil\",\"item\":\"https:\/\/www.hww.ca\/fr\/\"},{\"@type\":\"ListItem\",\"position\":2,\"name\":\"Commandez en ligne\"}]},{\"@type\":\"WebSite\",\"@id\":\"https:\/\/www.hww.ca\/fr\/#website\",\"url\":\"https:\/\/www.hww.ca\/fr\/\",\"name\":\"Faune et Flore du Pays\",\"description\":\"\",\"potentialAction\":[{\"@type\":\"SearchAction\",\"target\":{\"@type\":\"EntryPoint\",\"urlTemplate\":\"https:\/\/www.hww.ca\/fr\/?s={search_term_string}\"},\"query-input\":{\"@type\":\"PropertyValueSpecification\",\"valueRequired\":true,\"valueName\":\"search_term_string\"}}],\"inLanguage\":\"fr-FR\"}]}<\/script>\n<!-- \/ Yoast SEO plugin. -->","yoast_head_json":{"title":"Commandez en ligne - Faune et Flore du Pays","robots":{"index":"index","follow":"follow","max-snippet":"max-snippet:-1","max-image-preview":"max-image-preview:large","max-video-preview":"max-video-preview:-1"},"canonical":"https:\/\/www.hww.ca\/fr\/commandez-en-ligne\/","og_locale":"fr_FR","og_type":"article","og_title":"Commandez en ligne - Faune et Flore du Pays","og_description":"La Faune et flore du pays : Renseignements sur les commandes Si vous voulez commander notre DVD, qui contient nos capsules vid\u00e9o, veuillez nous faire parvenir votre adresse par courriel, au info@ffdp.ca, ou par t\u00e9l\u00e9phone, au 613.599.9594 ou 1.877.599.5777. Nous vous en ferons parvenir une copie, sans frais. Malheureusement, nous ne sommes plus en mesure [&hellip;]","og_url":"https:\/\/www.hww.ca\/fr\/commandez-en-ligne\/","og_site_name":"Faune et Flore du Pays","article_modified_time":"2024-12-16T21:46:07+00:00","twitter_card":"summary_large_image","twitter_misc":{"Est. reading time":"1 minute"},"schema":{"@context":"https:\/\/schema.org","@graph":[{"@type":"WebPage","@id":"https:\/\/www.hww.ca\/fr\/commandez-en-ligne\/","url":"https:\/\/www.hww.ca\/fr\/commandez-en-ligne\/","name":"Commandez en ligne - Faune et Flore du Pays","isPartOf":{"@id":"https:\/\/www.hww.ca\/fr\/#website"},"datePublished":"2024-11-12T12:31:44+00:00","dateModified":"2024-12-16T21:46:07+00:00","breadcrumb":{"@id":"https:\/\/www.hww.ca\/fr\/commandez-en-ligne\/#breadcrumb"},"inLanguage":"fr-FR","potentialAction":[{"@type":"ReadAction","target":["https:\/\/www.hww.ca\/fr\/commandez-en-ligne\/"]}]},{"@type":"BreadcrumbList","@id":"https:\/\/www.hww.ca\/fr\/commandez-en-ligne\/#breadcrumb","itemListElement":[{"@type":"ListItem","position":1,"name":"accueil","item":"https:\/\/www.hww.ca\/fr\/"},{"@type":"ListItem","position":2,"name":"Commandez en ligne"}]},{"@type":"WebSite","@id":"https:\/\/www.hww.ca\/fr\/#website","url":"https:\/\/www.hww.ca\/fr\/","name":"Faune et Flore du Pays","description":"","potentialAction":[{"@type":"SearchAction","target":{"@type":"EntryPoint","urlTemplate":"https:\/\/www.hww.ca\/fr\/?s={search_term_string}"},"query-input":{"@type":"PropertyValueSpecification","valueRequired":true,"valueName":"search_term_string"}}],"inLanguage":"fr-FR"}]}},"_links":{"self":[{"href":"https:\/\/www.hww.ca\/fr\/wp-json\/wp\/v2\/pages\/2098","targetHints":{"allow":["GET"]}}],"collection":[{"href":"https:\/\/www.hww.ca\/fr\/wp-json\/wp\/v2\/pages"}],"about":[{"href":"https:\/\/www.hww.ca\/fr\/wp-json\/wp\/v2\/types\/page"}],"author":[{"embeddable":true,"href":"https:\/\/www.hww.ca\/fr\/wp-json\/wp\/v2\/users\/1"}],"replies":[{"embeddable":true,"href":"https:\/\/www.hww.ca\/fr\/wp-json\/wp\/v2\/comments?post=2098"}],"version-history":[{"count":2,"href":"https:\/\/www.hww.ca\/fr\/wp-json\/wp\/v2\/pages\/2098\/revisions"}],"predecessor-version":[{"id":10585,"href":"https:\/\/www.hww.ca\/fr\/wp-json\/wp\/v2\/pages\/2098\/revisions\/10585"}],"wp:attachment":[{"href":"https:\/\/www.hww.ca\/fr\/wp-json\/wp\/v2\/media?parent=2098"}],"curies":[{"name":"wp","href":"https:\/\/api.w.org\/{rel}","templated":true}]}}