{"id":2003,"date":"2024-11-12T00:22:31","date_gmt":"2024-11-12T00:22:31","guid":{"rendered":"https:\/\/www.hww.ca\/?page_id=2003"},"modified":"2024-12-16T22:23:29","modified_gmt":"2024-12-16T22:23:29","slug":"autochtones","status":"publish","type":"page","link":"https:\/\/www.hww.ca\/fr\/autochtones\/","title":{"rendered":"Autochtones"},"content":{"rendered":"\n<div class=\"wp-block-columns is-layout-flex wp-container-core-columns-is-layout-9d6595d7 wp-block-columns-is-layout-flex\">\n<div class=\"wp-block-column is-layout-flow wp-block-column-is-layout-flow\" style=\"flex-basis:66.66%\">\n<figure class=\"wp-block-image size-full\"><img loading=\"lazy\" decoding=\"async\" width=\"600\" height=\"454\" src=\"https:\/\/www.hww.ca\/wp-content\/uploads\/2024\/11\/aaron-paquette.jpg\" alt=\"\" class=\"wp-image-1951\" srcset=\"https:\/\/www.hww.ca\/wp-content\/uploads\/2024\/11\/aaron-paquette.jpg 600w, https:\/\/www.hww.ca\/wp-content\/uploads\/2024\/11\/aaron-paquette-300x227.jpg 300w\" sizes=\"auto, (max-width: 600px) 100vw, 600px\" \/><figcaption class=\"wp-element-caption\">Aaron Paquette<\/figcaption><\/figure>\n<\/div>\n\n\n\n<div class=\"wp-block-column is-layout-flow wp-block-column-is-layout-flow\" style=\"flex-basis:33.33%\">\n<p>Afin de c\u00e9l\u00e9brer le patrimoine des peuples autochtones au Canada, Faune et flore du pays a cr\u00e9\u00e9 des capsules-vid\u00e9o sur certaines de nos esp\u00e8ces les plus embl\u00e9matiques en six langues autochtones. Les esp\u00e8ces pr\u00e9sent\u00e9es sont importantes pour la culture de certains peuples autochtones et sont pr\u00e9sentes dans plusieurs l\u00e9gendes des Premi\u00e8res Nations, M\u00e9tis ou Inuits.<\/p>\n\n\n\n<p>Pour en savoir plus sur les tortues d&#8217;eau douce en fran\u00e7ais, visitez notre&nbsp;<a href=\"http:\/\/www.hww.ca\/fr\/faune\/poissons-amphibiens-reptiles\/les-tortues-deau-douce.html\">fiche d&#8217;information<\/a>.<\/p>\n\n\n\n<p>Pour en savoir plus sur le carcajou en fran\u00e7ais, visitez notre&nbsp;<a href=\"http:\/\/www.hww.ca\/fr\/faune\/mammiferes\/le-carcajou.html\">fiche d&#8217;information<\/a>.<\/p>\n\n\n\n<p>Pour en savoir plus sur le Grand Corbeau en fran\u00e7ais, visitez notre&nbsp;<a href=\"http:\/\/www.hww.ca\/fr\/faune\/oiseaux\/le-grand-corbeau.html\">fiche d&#8217;information<\/a>.<\/p>\n<\/div>\n<\/div>\n","protected":false},"excerpt":{"rendered":"<p>Afin de c\u00e9l\u00e9brer le patrimoine des peuples autochtones au Canada, Faune et flore du pays a cr\u00e9\u00e9 des capsules-vid\u00e9o sur certaines de nos esp\u00e8ces les plus embl\u00e9matiques en six langues autochtones. Les esp\u00e8ces pr\u00e9sent\u00e9es sont importantes pour la culture de certains peuples autochtones et sont pr\u00e9sentes dans plusieurs l\u00e9gendes des Premi\u00e8res Nations, M\u00e9tis ou Inuits. [&hellip;]<\/p>\n","protected":false},"author":1,"featured_media":0,"parent":0,"menu_order":0,"comment_status":"closed","ping_status":"closed","template":"tmpl-indigenous-listing.php","meta":{"_acf_changed":false,"_relevanssi_hide_post":"","_relevanssi_hide_content":"","_relevanssi_pin_for_all":"","_relevanssi_pin_keywords":"","_relevanssi_unpin_keywords":"","_relevanssi_related_keywords":"","_relevanssi_related_include_ids":"","_relevanssi_related_exclude_ids":"","_relevanssi_related_no_append":"","_relevanssi_related_not_related":"","_relevanssi_related_posts":"10125,2153,2146,2144","_relevanssi_noindex_reason":"","footnotes":""},"class_list":["post-2003","page","type-page","status-publish","hentry"],"acf":[],"yoast_head":"<!-- This site is optimized with the Yoast SEO plugin v24.0 - https:\/\/yoast.com\/wordpress\/plugins\/seo\/ -->\n<title>Autochtones - Faune et Flore du Pays<\/title>\n<meta name=\"robots\" content=\"index, follow, max-snippet:-1, max-image-preview:large, max-video-preview:-1\" \/>\n<link rel=\"canonical\" href=\"https:\/\/www.hww.ca\/fr\/autochtones\/\" \/>\n<meta property=\"og:locale\" content=\"fr_FR\" \/>\n<meta property=\"og:type\" content=\"article\" \/>\n<meta property=\"og:title\" content=\"Autochtones - Faune et Flore du Pays\" \/>\n<meta property=\"og:description\" content=\"Afin de c\u00e9l\u00e9brer le patrimoine des peuples autochtones au Canada, Faune et flore du pays a cr\u00e9\u00e9 des capsules-vid\u00e9o sur certaines de nos esp\u00e8ces les plus embl\u00e9matiques en six langues autochtones. Les esp\u00e8ces pr\u00e9sent\u00e9es sont importantes pour la culture de certains peuples autochtones et sont pr\u00e9sentes dans plusieurs l\u00e9gendes des Premi\u00e8res Nations, M\u00e9tis ou Inuits. [&hellip;]\" \/>\n<meta property=\"og:url\" content=\"https:\/\/www.hww.ca\/fr\/autochtones\/\" \/>\n<meta property=\"og:site_name\" content=\"Faune et Flore du Pays\" \/>\n<meta property=\"article:modified_time\" content=\"2024-12-16T22:23:29+00:00\" \/>\n<meta property=\"og:image\" content=\"https:\/\/www.hww.ca\/wp-content\/uploads\/2024\/11\/aaron-paquette.jpg\" \/>\n\t<meta property=\"og:image:width\" content=\"600\" \/>\n\t<meta property=\"og:image:height\" content=\"454\" \/>\n\t<meta property=\"og:image:type\" content=\"image\/jpeg\" \/>\n<meta name=\"twitter:card\" content=\"summary_large_image\" \/>\n<meta name=\"twitter:label1\" content=\"Est. reading time\" \/>\n\t<meta name=\"twitter:data1\" content=\"1 minute\" \/>\n<script type=\"application\/ld+json\" class=\"yoast-schema-graph\">{\"@context\":\"https:\/\/schema.org\",\"@graph\":[{\"@type\":\"WebPage\",\"@id\":\"https:\/\/www.hww.ca\/fr\/autochtones\/\",\"url\":\"https:\/\/www.hww.ca\/fr\/autochtones\/\",\"name\":\"Autochtones - Faune et Flore du Pays\",\"isPartOf\":{\"@id\":\"https:\/\/www.hww.ca\/fr\/#website\"},\"primaryImageOfPage\":{\"@id\":\"https:\/\/www.hww.ca\/fr\/autochtones\/#primaryimage\"},\"image\":{\"@id\":\"https:\/\/www.hww.ca\/fr\/autochtones\/#primaryimage\"},\"thumbnailUrl\":\"https:\/\/www.hww.ca\/wp-content\/uploads\/2024\/11\/aaron-paquette.jpg\",\"datePublished\":\"2024-11-12T00:22:31+00:00\",\"dateModified\":\"2024-12-16T22:23:29+00:00\",\"breadcrumb\":{\"@id\":\"https:\/\/www.hww.ca\/fr\/autochtones\/#breadcrumb\"},\"inLanguage\":\"fr-FR\",\"potentialAction\":[{\"@type\":\"ReadAction\",\"target\":[\"https:\/\/www.hww.ca\/fr\/autochtones\/\"]}]},{\"@type\":\"ImageObject\",\"inLanguage\":\"fr-FR\",\"@id\":\"https:\/\/www.hww.ca\/fr\/autochtones\/#primaryimage\",\"url\":\"https:\/\/www.hww.ca\/wp-content\/uploads\/2024\/11\/aaron-paquette.jpg\",\"contentUrl\":\"https:\/\/www.hww.ca\/wp-content\/uploads\/2024\/11\/aaron-paquette.jpg\"},{\"@type\":\"BreadcrumbList\",\"@id\":\"https:\/\/www.hww.ca\/fr\/autochtones\/#breadcrumb\",\"itemListElement\":[{\"@type\":\"ListItem\",\"position\":1,\"name\":\"accueil\",\"item\":\"https:\/\/www.hww.ca\/fr\/\"},{\"@type\":\"ListItem\",\"position\":2,\"name\":\"Autochtones\"}]},{\"@type\":\"WebSite\",\"@id\":\"https:\/\/www.hww.ca\/fr\/#website\",\"url\":\"https:\/\/www.hww.ca\/fr\/\",\"name\":\"Faune et Flore du Pays\",\"description\":\"\",\"potentialAction\":[{\"@type\":\"SearchAction\",\"target\":{\"@type\":\"EntryPoint\",\"urlTemplate\":\"https:\/\/www.hww.ca\/fr\/?s={search_term_string}\"},\"query-input\":{\"@type\":\"PropertyValueSpecification\",\"valueRequired\":true,\"valueName\":\"search_term_string\"}}],\"inLanguage\":\"fr-FR\"}]}<\/script>\n<!-- \/ Yoast SEO plugin. -->","yoast_head_json":{"title":"Autochtones - Faune et Flore du Pays","robots":{"index":"index","follow":"follow","max-snippet":"max-snippet:-1","max-image-preview":"max-image-preview:large","max-video-preview":"max-video-preview:-1"},"canonical":"https:\/\/www.hww.ca\/fr\/autochtones\/","og_locale":"fr_FR","og_type":"article","og_title":"Autochtones - Faune et Flore du Pays","og_description":"Afin de c\u00e9l\u00e9brer le patrimoine des peuples autochtones au Canada, Faune et flore du pays a cr\u00e9\u00e9 des capsules-vid\u00e9o sur certaines de nos esp\u00e8ces les plus embl\u00e9matiques en six langues autochtones. Les esp\u00e8ces pr\u00e9sent\u00e9es sont importantes pour la culture de certains peuples autochtones et sont pr\u00e9sentes dans plusieurs l\u00e9gendes des Premi\u00e8res Nations, M\u00e9tis ou Inuits. [&hellip;]","og_url":"https:\/\/www.hww.ca\/fr\/autochtones\/","og_site_name":"Faune et Flore du Pays","article_modified_time":"2024-12-16T22:23:29+00:00","og_image":[{"width":600,"height":454,"url":"https:\/\/www.hww.ca\/wp-content\/uploads\/2024\/11\/aaron-paquette.jpg","type":"image\/jpeg"}],"twitter_card":"summary_large_image","twitter_misc":{"Est. reading time":"1 minute"},"schema":{"@context":"https:\/\/schema.org","@graph":[{"@type":"WebPage","@id":"https:\/\/www.hww.ca\/fr\/autochtones\/","url":"https:\/\/www.hww.ca\/fr\/autochtones\/","name":"Autochtones - Faune et Flore du Pays","isPartOf":{"@id":"https:\/\/www.hww.ca\/fr\/#website"},"primaryImageOfPage":{"@id":"https:\/\/www.hww.ca\/fr\/autochtones\/#primaryimage"},"image":{"@id":"https:\/\/www.hww.ca\/fr\/autochtones\/#primaryimage"},"thumbnailUrl":"https:\/\/www.hww.ca\/wp-content\/uploads\/2024\/11\/aaron-paquette.jpg","datePublished":"2024-11-12T00:22:31+00:00","dateModified":"2024-12-16T22:23:29+00:00","breadcrumb":{"@id":"https:\/\/www.hww.ca\/fr\/autochtones\/#breadcrumb"},"inLanguage":"fr-FR","potentialAction":[{"@type":"ReadAction","target":["https:\/\/www.hww.ca\/fr\/autochtones\/"]}]},{"@type":"ImageObject","inLanguage":"fr-FR","@id":"https:\/\/www.hww.ca\/fr\/autochtones\/#primaryimage","url":"https:\/\/www.hww.ca\/wp-content\/uploads\/2024\/11\/aaron-paquette.jpg","contentUrl":"https:\/\/www.hww.ca\/wp-content\/uploads\/2024\/11\/aaron-paquette.jpg"},{"@type":"BreadcrumbList","@id":"https:\/\/www.hww.ca\/fr\/autochtones\/#breadcrumb","itemListElement":[{"@type":"ListItem","position":1,"name":"accueil","item":"https:\/\/www.hww.ca\/fr\/"},{"@type":"ListItem","position":2,"name":"Autochtones"}]},{"@type":"WebSite","@id":"https:\/\/www.hww.ca\/fr\/#website","url":"https:\/\/www.hww.ca\/fr\/","name":"Faune et Flore du Pays","description":"","potentialAction":[{"@type":"SearchAction","target":{"@type":"EntryPoint","urlTemplate":"https:\/\/www.hww.ca\/fr\/?s={search_term_string}"},"query-input":{"@type":"PropertyValueSpecification","valueRequired":true,"valueName":"search_term_string"}}],"inLanguage":"fr-FR"}]}},"_links":{"self":[{"href":"https:\/\/www.hww.ca\/fr\/wp-json\/wp\/v2\/pages\/2003","targetHints":{"allow":["GET"]}}],"collection":[{"href":"https:\/\/www.hww.ca\/fr\/wp-json\/wp\/v2\/pages"}],"about":[{"href":"https:\/\/www.hww.ca\/fr\/wp-json\/wp\/v2\/types\/page"}],"author":[{"embeddable":true,"href":"https:\/\/www.hww.ca\/fr\/wp-json\/wp\/v2\/users\/1"}],"replies":[{"embeddable":true,"href":"https:\/\/www.hww.ca\/fr\/wp-json\/wp\/v2\/comments?post=2003"}],"version-history":[{"count":2,"href":"https:\/\/www.hww.ca\/fr\/wp-json\/wp\/v2\/pages\/2003\/revisions"}],"predecessor-version":[{"id":10632,"href":"https:\/\/www.hww.ca\/fr\/wp-json\/wp\/v2\/pages\/2003\/revisions\/10632"}],"wp:attachment":[{"href":"https:\/\/www.hww.ca\/fr\/wp-json\/wp\/v2\/media?parent=2003"}],"curies":[{"name":"wp","href":"https:\/\/api.w.org\/{rel}","templated":true}]}}