{"id":2000,"date":"2024-11-05T00:18:39","date_gmt":"2024-11-05T00:18:39","guid":{"rendered":"https:\/\/www.hww.ca\/?page_id=2000"},"modified":"2024-12-16T21:59:51","modified_gmt":"2024-12-16T21:59:51","slug":"partenaires","status":"publish","type":"page","link":"https:\/\/www.hww.ca\/fr\/a-propos\/partenaires\/","title":{"rendered":"Partenaires"},"content":{"rendered":"\n<h2 class=\"wp-block-heading\" id=\"h-la-federation-canadienne-de-la-faune-fcf\">La F\u00e9d\u00e9ration canadienne de la faune (FCF)<\/h2>\n\n\n\n<p>Depuis 1962, la FCF pr\u00e9conise la protection des esp\u00e8ces et des espaces sauvages du Canada. La F\u00e9d\u00e9ration, qui repr\u00e9sente plus de 300 000 membres et sympathisants, est l&#8217;un des plus importants organismes non gouvernementaux et sans but lucratif de conservation du&nbsp;Canada.<\/p>\n\n\n\n<p>La FCF se consacre \u00e0 promouvoir la sensibilisation du public au milieu naturel et son appr\u00e9ciation de celui-ci. Ses principaux objectifs sont les suivants&nbsp;:<\/p>\n\n\n\n<ul class=\"wp-block-list\">\n<li>encourager la compr\u00e9hension de l&#8217;incidence des activit\u00e9s humaines sur l\u2019environnement;<\/li>\n\n\n\n<li>promouvoir l\u2019utilisation durable de nos ressources naturelles;<\/li>\n\n\n\n<li>mener et parrainer des recherches ax\u00e9es sur les esp\u00e8ces sauvages et l\u2019environnement;<\/li>\n\n\n\n<li>recommander des modifications l\u00e9gislatives en vue de prot\u00e9ger les esp\u00e8ces sauvages et leur habitat;<\/li>\n\n\n\n<li>collaborer avec des services gouvernementaux et des organismes ayant des objectifs similaires.<\/li>\n<\/ul>\n\n\n\n<p>Gr\u00e2ce \u00e0 ses programmes \u00e9ducatifs et informatifs d\u2019envergure, la FCF favorise un avenir dans lequel les Canadiens et les Canadiennes pourront vivre en harmonie avec la nature.&nbsp;<a href=\"http:\/\/www.cwf-fcf.org\/fr\/\" target=\"_blank\" rel=\"noreferrer noopener\">Pour en savoir davantage<\/a>.<\/p>\n\n\n\n<p><br>Environnement Canada<\/p>\n\n\n\n<p>Pour un grand nombre d\u2019entre nous, les esp\u00e8ces sauvages du Canada \u00e9voquent des images puissantes qui aident \u00e0 d\u00e9finir l\u2019essence m\u00eame de notre pays. Comme le dit si bien C.H. Clarke, un conservationniste canadien de renom, \u00ab si notre terre perdait ses castors, ses caribous, ses plongeons, ses loups&#8230; nous perdrions notre \u00e2me \u00bb.<\/p>\n\n\n\n<p>Nous partageons nos terres, notre eau et notre air avec les esp\u00e8ces sauvages, mais ce partage n\u2019est pas toujours harmonieux. Les changements d\u2019origine humaine ou provenant d\u2019autres sources que subit l\u2019environnement se r\u00e9percutent sur les esp\u00e8ces sauvages et, en fin de compte, sur nous-m\u00eames. Pratiquer la conservation des esp\u00e8ces sauvages, c\u2019est prot\u00e9ger notre propre esp\u00e8ce.<\/p>\n\n\n\n<p>Environnement Canada est responsable des questions de comp\u00e9tence f\u00e9d\u00e9rale touchant les esp\u00e8ces sauvages. Il est charg\u00e9 notamment de la protection et la gestion des oiseaux migrateurs, des habitats canadiens d\u2019importance nationale et des esp\u00e8ces en p\u00e9ril autant que d\u2019autres questions fauniques d\u2019importance nationale et internationale. De plus, le Minist\u00e8re fait de la recherche dans de nombreux champs d\u2019activit\u00e9s en biologie des esp\u00e8ces sauvages et \u00e9tablit des mesures incitatives pour les esp\u00e8ces sauvages et l\u2019intendance de l\u2019habitat.&nbsp;<a href=\"http:\/\/www.ec.gc.ca\/\" target=\"_blank\" rel=\"noreferrer noopener\">Pour en savoir davantage<\/a>.<\/p>\n\n\n\n<p><em><strong>Partenaires commanditaires<\/strong><\/em><\/p>\n\n\n\n<p><strong>La Monnaie royale canadienne<\/strong><\/p>\n\n\n\n<p>La Monnaie royale canadienne (MRC) est un partenaire commanditaire des clips vid\u00e9o et des fiches d\u2019information sur le colibri \u00e0 gorge rubis et la sittelle \u00e0 poitrine rousse de la s\u00e9rie Faune et flore du pays.<br><br>La Monnaie royale canadienne (MRC), une soci\u00e9t\u00e9 certifi\u00e9e ISO 9001-2000, est la soci\u00e9t\u00e9 d\u2019\u00c9tat commerciale charg\u00e9e de produire les pi\u00e8ces de circulation canadiennes et d\u2019en g\u00e9rer la distribution. En exploitation depuis 1908, la Monnaie royale canadienne est aujourd\u2019hui reconnue comme un des h\u00f4tels des monnaies les plus importants et les plus polyvalents au monde. La MRC propose \u00e0 l\u2019\u00e9chelle internationale toute une gamme de produits mon\u00e9taires sp\u00e9cialis\u00e9s de grande qualit\u00e9, ainsi que des services connexes. Pour de plus amples renseignements sur la Soci\u00e9t\u00e9, ainsi que sur ses produits et services, visitez le site&nbsp;<a href=\"http:\/\/www.mint.ca\/store\/template\/home.jsp?lang=fr_CA\" target=\"_blank\" rel=\"noreferrer noopener\">http:\/\/www.mint.ca<\/a><br><br><br><strong>L\u2019Association des produits forestiers du Canada<br><\/strong><br>L\u2019Association des produits forestiers du Canada (APFC) est un partenaire commanditaire des clips vid\u00e9o et des fiches d\u2019information sur le caribou des bois et la for\u00eat bor\u00e9ale de la s\u00e9rie Faune et flore du pays.<br><br>L\u2019APFC est le porte-parole, au Canada et \u00e0 l\u2019\u00e9tranger, des producteurs canadiens de bois, de p\u00e2te et de papier pour les questions touchant le gouvernement, le commerce et l\u2019environnement. L\u2019industrie des produits forestiers compte pour 3 % du PIB annuel canadien et exporte annuellement 45 milliards de dollars de produits. Ce secteur est l\u2019un des plus grands employeurs industriels canadiens, assurant des emplois directs ou indirects \u00e0 plus de 900 000 personnes dans tout le pays. L\u2019APFC con\u00e7oit des programmes visant \u00e0 promouvoir le leadership du Canada relativement aux affaires commerciales et \u00e9conomiques, ainsi que dans le domaine de l\u2019am\u00e9nagement forestier durable et de l\u2019intendance environnementale.&nbsp;<a href=\"http:\/\/www.fpac.ca\/index.php\/fr\/\" target=\"_blank\" rel=\"noreferrer noopener\">Pour en savoir davantage<\/a>.<\/p>\n\n\n\n<p><strong>&nbsp;Le R\u00e9seau canadien de for\u00eats mod\u00e8les<\/strong><\/p>\n\n\n\n<p>Le R\u00e9seau canadien de for\u00eats mod\u00e8les est un partenaire commanditaire des fiches d\u2019information sur&nbsp;la for\u00eat bor\u00e9ale de la s\u00e9rie Faune et flore du pays.&nbsp;<br><br>Le R\u00e9seau canadien de for\u00eats mod\u00e8les; un partenariat compos\u00e9 de l\u2019industrie foresti\u00e8re, de groupes environnementaux, de propri\u00e9taires de bois\u00e9s, d\u2019universitaires, de collectivit\u00e9s autochtones, de responsables de parcs, d\u2019organismes gouvernementaux et de groupes de loisirs; continue de regrouper des organismes ayant divers points de vue sur la gestion des for\u00eats. Le financement de base est fourni par le Service canadien des for\u00eats \u2013 Ressources naturelles Canada. La diversit\u00e9 d\u2019opinions et l\u2019esprit de collaboration ont fait progresser les connaissances et les pratiques d\u2019am\u00e9nagement forestier durable.&nbsp;<a href=\"http:\/\/www.modelforest.net\/index.php?lang=fr\" target=\"_blank\" rel=\"noreferrer noopener\">Pour en savoir davantage.<\/a><\/p>\n","protected":false},"excerpt":{"rendered":"<p>La F\u00e9d\u00e9ration canadienne de la faune (FCF) Depuis 1962, la FCF pr\u00e9conise la protection des esp\u00e8ces et des espaces sauvages du Canada. La F\u00e9d\u00e9ration, qui repr\u00e9sente plus de 300 000 membres et sympathisants, est l&#8217;un des plus importants organismes non gouvernementaux et sans but lucratif de conservation du&nbsp;Canada. La FCF se consacre \u00e0 promouvoir la [&hellip;]<\/p>\n","protected":false},"author":1,"featured_media":131,"parent":1980,"menu_order":0,"comment_status":"closed","ping_status":"closed","template":"","meta":{"_acf_changed":false,"_relevanssi_hide_post":"","_relevanssi_hide_content":"","_relevanssi_pin_for_all":"","_relevanssi_pin_keywords":"","_relevanssi_unpin_keywords":"","_relevanssi_related_keywords":"","_relevanssi_related_include_ids":"","_relevanssi_related_exclude_ids":"","_relevanssi_related_no_append":"","_relevanssi_related_not_related":"","_relevanssi_related_posts":"","_relevanssi_noindex_reason":"","footnotes":""},"class_list":["post-2000","page","type-page","status-publish","has-post-thumbnail","hentry"],"acf":[],"yoast_head":"<!-- This site is optimized with the Yoast SEO plugin v24.0 - https:\/\/yoast.com\/wordpress\/plugins\/seo\/ -->\n<title>Partenaires - Faune et Flore du Pays<\/title>\n<meta name=\"robots\" content=\"index, follow, max-snippet:-1, max-image-preview:large, max-video-preview:-1\" \/>\n<link rel=\"canonical\" href=\"https:\/\/www.hww.ca\/fr\/a-propos\/partenaires\/\" \/>\n<meta property=\"og:locale\" content=\"fr_FR\" \/>\n<meta property=\"og:type\" content=\"article\" \/>\n<meta property=\"og:title\" content=\"Partenaires - Faune et Flore du Pays\" \/>\n<meta property=\"og:description\" content=\"La F\u00e9d\u00e9ration canadienne de la faune (FCF) Depuis 1962, la FCF pr\u00e9conise la protection des esp\u00e8ces et des espaces sauvages du Canada. La F\u00e9d\u00e9ration, qui repr\u00e9sente plus de 300 000 membres et sympathisants, est l&#8217;un des plus importants organismes non gouvernementaux et sans but lucratif de conservation du&nbsp;Canada. La FCF se consacre \u00e0 promouvoir la [&hellip;]\" \/>\n<meta property=\"og:url\" content=\"https:\/\/www.hww.ca\/fr\/a-propos\/partenaires\/\" \/>\n<meta property=\"og:site_name\" content=\"Faune et Flore du Pays\" \/>\n<meta property=\"article:modified_time\" content=\"2024-12-16T21:59:51+00:00\" \/>\n<meta property=\"og:image\" content=\"https:\/\/www.hww.ca\/wp-content\/uploads\/2024\/11\/icon-partners.png\" \/>\n\t<meta property=\"og:image:width\" content=\"400\" \/>\n\t<meta property=\"og:image:height\" content=\"256\" \/>\n\t<meta property=\"og:image:type\" content=\"image\/png\" \/>\n<meta name=\"twitter:card\" content=\"summary_large_image\" \/>\n<meta name=\"twitter:label1\" content=\"Est. reading time\" \/>\n\t<meta name=\"twitter:data1\" content=\"4 minutes\" \/>\n<script type=\"application\/ld+json\" class=\"yoast-schema-graph\">{\"@context\":\"https:\/\/schema.org\",\"@graph\":[{\"@type\":\"WebPage\",\"@id\":\"https:\/\/www.hww.ca\/fr\/a-propos\/partenaires\/\",\"url\":\"https:\/\/www.hww.ca\/fr\/a-propos\/partenaires\/\",\"name\":\"Partenaires - Faune et Flore du Pays\",\"isPartOf\":{\"@id\":\"https:\/\/www.hww.ca\/fr\/#website\"},\"primaryImageOfPage\":{\"@id\":\"https:\/\/www.hww.ca\/fr\/a-propos\/partenaires\/#primaryimage\"},\"image\":{\"@id\":\"https:\/\/www.hww.ca\/fr\/a-propos\/partenaires\/#primaryimage\"},\"thumbnailUrl\":\"https:\/\/www.hww.ca\/wp-content\/uploads\/2024\/11\/icon-partners.png\",\"datePublished\":\"2024-11-05T00:18:39+00:00\",\"dateModified\":\"2024-12-16T21:59:51+00:00\",\"breadcrumb\":{\"@id\":\"https:\/\/www.hww.ca\/fr\/a-propos\/partenaires\/#breadcrumb\"},\"inLanguage\":\"fr-FR\",\"potentialAction\":[{\"@type\":\"ReadAction\",\"target\":[\"https:\/\/www.hww.ca\/fr\/a-propos\/partenaires\/\"]}]},{\"@type\":\"ImageObject\",\"inLanguage\":\"fr-FR\",\"@id\":\"https:\/\/www.hww.ca\/fr\/a-propos\/partenaires\/#primaryimage\",\"url\":\"https:\/\/www.hww.ca\/wp-content\/uploads\/2024\/11\/icon-partners.png\",\"contentUrl\":\"https:\/\/www.hww.ca\/wp-content\/uploads\/2024\/11\/icon-partners.png\",\"width\":400,\"height\":256},{\"@type\":\"BreadcrumbList\",\"@id\":\"https:\/\/www.hww.ca\/fr\/a-propos\/partenaires\/#breadcrumb\",\"itemListElement\":[{\"@type\":\"ListItem\",\"position\":1,\"name\":\"accueil\",\"item\":\"https:\/\/www.hww.ca\/fr\/\"},{\"@type\":\"ListItem\",\"position\":2,\"name\":\"\u00c0 propos\",\"item\":\"https:\/\/www.hww.ca\/fr\/a-propos\/\"},{\"@type\":\"ListItem\",\"position\":3,\"name\":\"Partenaires\"}]},{\"@type\":\"WebSite\",\"@id\":\"https:\/\/www.hww.ca\/fr\/#website\",\"url\":\"https:\/\/www.hww.ca\/fr\/\",\"name\":\"Faune et Flore du Pays\",\"description\":\"\",\"potentialAction\":[{\"@type\":\"SearchAction\",\"target\":{\"@type\":\"EntryPoint\",\"urlTemplate\":\"https:\/\/www.hww.ca\/fr\/?s={search_term_string}\"},\"query-input\":{\"@type\":\"PropertyValueSpecification\",\"valueRequired\":true,\"valueName\":\"search_term_string\"}}],\"inLanguage\":\"fr-FR\"}]}<\/script>\n<!-- \/ Yoast SEO plugin. -->","yoast_head_json":{"title":"Partenaires - Faune et Flore du Pays","robots":{"index":"index","follow":"follow","max-snippet":"max-snippet:-1","max-image-preview":"max-image-preview:large","max-video-preview":"max-video-preview:-1"},"canonical":"https:\/\/www.hww.ca\/fr\/a-propos\/partenaires\/","og_locale":"fr_FR","og_type":"article","og_title":"Partenaires - Faune et Flore du Pays","og_description":"La F\u00e9d\u00e9ration canadienne de la faune (FCF) Depuis 1962, la FCF pr\u00e9conise la protection des esp\u00e8ces et des espaces sauvages du Canada. La F\u00e9d\u00e9ration, qui repr\u00e9sente plus de 300 000 membres et sympathisants, est l&#8217;un des plus importants organismes non gouvernementaux et sans but lucratif de conservation du&nbsp;Canada. La FCF se consacre \u00e0 promouvoir la [&hellip;]","og_url":"https:\/\/www.hww.ca\/fr\/a-propos\/partenaires\/","og_site_name":"Faune et Flore du Pays","article_modified_time":"2024-12-16T21:59:51+00:00","og_image":[{"width":400,"height":256,"url":"https:\/\/www.hww.ca\/wp-content\/uploads\/2024\/11\/icon-partners.png","type":"image\/png"}],"twitter_card":"summary_large_image","twitter_misc":{"Est. reading time":"4 minutes"},"schema":{"@context":"https:\/\/schema.org","@graph":[{"@type":"WebPage","@id":"https:\/\/www.hww.ca\/fr\/a-propos\/partenaires\/","url":"https:\/\/www.hww.ca\/fr\/a-propos\/partenaires\/","name":"Partenaires - Faune et Flore du Pays","isPartOf":{"@id":"https:\/\/www.hww.ca\/fr\/#website"},"primaryImageOfPage":{"@id":"https:\/\/www.hww.ca\/fr\/a-propos\/partenaires\/#primaryimage"},"image":{"@id":"https:\/\/www.hww.ca\/fr\/a-propos\/partenaires\/#primaryimage"},"thumbnailUrl":"https:\/\/www.hww.ca\/wp-content\/uploads\/2024\/11\/icon-partners.png","datePublished":"2024-11-05T00:18:39+00:00","dateModified":"2024-12-16T21:59:51+00:00","breadcrumb":{"@id":"https:\/\/www.hww.ca\/fr\/a-propos\/partenaires\/#breadcrumb"},"inLanguage":"fr-FR","potentialAction":[{"@type":"ReadAction","target":["https:\/\/www.hww.ca\/fr\/a-propos\/partenaires\/"]}]},{"@type":"ImageObject","inLanguage":"fr-FR","@id":"https:\/\/www.hww.ca\/fr\/a-propos\/partenaires\/#primaryimage","url":"https:\/\/www.hww.ca\/wp-content\/uploads\/2024\/11\/icon-partners.png","contentUrl":"https:\/\/www.hww.ca\/wp-content\/uploads\/2024\/11\/icon-partners.png","width":400,"height":256},{"@type":"BreadcrumbList","@id":"https:\/\/www.hww.ca\/fr\/a-propos\/partenaires\/#breadcrumb","itemListElement":[{"@type":"ListItem","position":1,"name":"accueil","item":"https:\/\/www.hww.ca\/fr\/"},{"@type":"ListItem","position":2,"name":"\u00c0 propos","item":"https:\/\/www.hww.ca\/fr\/a-propos\/"},{"@type":"ListItem","position":3,"name":"Partenaires"}]},{"@type":"WebSite","@id":"https:\/\/www.hww.ca\/fr\/#website","url":"https:\/\/www.hww.ca\/fr\/","name":"Faune et Flore du Pays","description":"","potentialAction":[{"@type":"SearchAction","target":{"@type":"EntryPoint","urlTemplate":"https:\/\/www.hww.ca\/fr\/?s={search_term_string}"},"query-input":{"@type":"PropertyValueSpecification","valueRequired":true,"valueName":"search_term_string"}}],"inLanguage":"fr-FR"}]}},"_links":{"self":[{"href":"https:\/\/www.hww.ca\/fr\/wp-json\/wp\/v2\/pages\/2000","targetHints":{"allow":["GET"]}}],"collection":[{"href":"https:\/\/www.hww.ca\/fr\/wp-json\/wp\/v2\/pages"}],"about":[{"href":"https:\/\/www.hww.ca\/fr\/wp-json\/wp\/v2\/types\/page"}],"author":[{"embeddable":true,"href":"https:\/\/www.hww.ca\/fr\/wp-json\/wp\/v2\/users\/1"}],"replies":[{"embeddable":true,"href":"https:\/\/www.hww.ca\/fr\/wp-json\/wp\/v2\/comments?post=2000"}],"version-history":[{"count":2,"href":"https:\/\/www.hww.ca\/fr\/wp-json\/wp\/v2\/pages\/2000\/revisions"}],"predecessor-version":[{"id":10604,"href":"https:\/\/www.hww.ca\/fr\/wp-json\/wp\/v2\/pages\/2000\/revisions\/10604"}],"up":[{"embeddable":true,"href":"https:\/\/www.hww.ca\/fr\/wp-json\/wp\/v2\/pages\/1980"}],"wp:featuredmedia":[{"embeddable":true,"href":"https:\/\/www.hww.ca\/fr\/wp-json\/wp\/v2\/media\/131"}],"wp:attachment":[{"href":"https:\/\/www.hww.ca\/fr\/wp-json\/wp\/v2\/media?parent=2000"}],"curies":[{"name":"wp","href":"https:\/\/api.w.org\/{rel}","templated":true}]}}