{"id":1997,"date":"2024-11-12T01:59:22","date_gmt":"2024-11-12T06:59:22","guid":{"rendered":"https:\/\/www.hww.ca\/?page_id=1997"},"modified":"2025-01-15T18:42:23","modified_gmt":"2025-01-15T23:42:23","slug":"profil-de-ffdp","status":"publish","type":"page","link":"https:\/\/www.hww.ca\/fr\/a-propos\/profil-de-ffdp\/","title":{"rendered":"Profil de FFDP"},"content":{"rendered":"\n<p>L\u2019identit\u00e9 canadienne a souvent \u00e9t\u00e9 d\u00e9montr\u00e9e par l\u2019affection que les Canadiens et les Canadiennes ont \u00e0 l&#8217;\u00e9gard des esp\u00e8ces sauvages et du milieu naturel. On n\u2019a qu\u2019\u00e0 penser aux images des animaux pr\u00e9sent\u00e9s sur la monnaie canadienne, \u00e0 la popularit\u00e9 de l\u2019art animalier et aux milliards de dollars d\u00e9pens\u00e9s chaque ann\u00e9e au Canada dans le cadre d&#8217;activit\u00e9s li\u00e9es aux esp\u00e8ces sauvages.<\/p>\n\n\n\n<blockquote class=\"wp-block-quote is-layout-flow wp-block-quote-is-layout-flow\">\n<p><strong>Le saviez-vous ?<\/strong><br>La musique originale de Faune et flore du pays s\u2019intitule \u00ab\u00a0<em>Flute Poem<\/em>\u00a0\u00bb et a \u00e9t\u00e9 compos\u00e9e par John Cacavas. Les nouvelles capsules t\u00e9l\u00e9vis\u00e9es comprennent des m\u00e9lodies du compositeur Ed Egan, gagnant d\u2019un prix Gemini.<\/p>\n<\/blockquote>\n\n\n\n<p>Nombre de Canadiens et de Canadiennes&nbsp;ont \u00e9t\u00e9 sensibilis\u00e9s \u00e0 cette relation avec les esp\u00e8ces sauvages gr\u00e2ce aux messages t\u00e9l\u00e9vis\u00e9s (vignettes) fort populaires de la s\u00e9rie appel\u00e9e \u00e0 l\u2019origine&nbsp;\u00ab&nbsp;La faune de l\u2019arri\u00e8re-pays&nbsp;\u00bb. Cr\u00e9\u00e9e au d\u00e9but des ann\u00e9es 1960, cette s\u00e9rie a fait un usage massif d&#8217;un&nbsp;v\u00e9hicule relativement nouveau&nbsp;\u2014 la t\u00e9l\u00e9vision en noir et blanc&nbsp;\u2014 pour joindre le grand public canadien. Les vignettes, produites par le Service canadien de la faune (SCF), ont fait conna\u00eetre les esp\u00e8ces indig\u00e8nes dans les salons gr\u00e2ce \u00e0 d\u2019excellentes s\u00e9quences film\u00e9es et \u00e0 une narration simple. Elles sont devenues, et demeurent toujours, un \u00e9l\u00e9ment durable de la culture canadienne.<\/p>\n\n\n\n<p>Une s\u00e9rie de fiches d\u2019information publi\u00e9es sur papier, qui offraient une description d\u00e9taill\u00e9e d\u2019une diversit\u00e9 d\u2019esp\u00e8ces sauvages, accompagnait ces vignettes. Les messages t\u00e9l\u00e9vis\u00e9s invitaient les t\u00e9l\u00e9spectateurs \u00e0 se procurer ces fiches en communiquant avec le SCF\u2026 ils \u00e9taient des centaines \u00e0 le faire chaque semaine. Bon nombre de ceux-ci \u00e9taient des enfants, et nombre d\u2019entre eux, inspir\u00e9s par les vignettes et les fiches d\u2019information, se sont consacr\u00e9s \u00e0 la protection des esp\u00e8ces sauvages une fois devenus adultes.<\/p>\n\n\n\n<p>La nouvelle s\u00e9rie&nbsp;Faune et flore du pays et le&nbsp;site Web qui l&#8217;accompagne&nbsp;r\u00e9tabliront le lien que des milliers de Canadiens et de Canadiennes avaient entretenu avec les esp\u00e8ces sauvages gr\u00e2ce \u00e0 la s\u00e9rie d&#8217;origine.<\/p>\n\n\n\n<p>De plus en plus, nous voulons non seulement&nbsp;d\u00e9couvrir les secrets de la nature, mais aussi savoir le r\u00f4le que nous pouvons jouer pour la conserver. La F\u00e9d\u00e9ration canadienne de la faune, un des plus importants organismes non gouvernementaux et sans but lucratif de conservation du Canada, joue un r\u00f4le de chef de file en indiquant aux Canadiens et aux Canadiennes des routes \u00e0 prendre pour innover et intervenir.<\/p>\n\n\n\n<p>Ensemble, le Service canadien de la faune et la F\u00e9d\u00e9ration canadienne de la faune apportent une mine de savoir et d\u2019exp\u00e9rience \u00e0 la s\u00e9rie rajeunie&nbsp;Faune et flore du pays et au grand&nbsp;public canadien.<\/p>\n\n\n\n<p>La nouvelle s\u00e9rie Faune et flore du pays permettra de s\u2019assurer que la faune et la flore demeurent&nbsp;<em>des \u00e9l\u00e9ments essentiels de l\u2019identit\u00e9 canadienne<\/em>.<\/p>\n","protected":false},"excerpt":{"rendered":"<p>L\u2019identit\u00e9 canadienne a souvent \u00e9t\u00e9 d\u00e9montr\u00e9e par l\u2019affection que les Canadiens et les Canadiennes ont \u00e0 l&#8217;\u00e9gard des esp\u00e8ces sauvages et du milieu naturel. On n\u2019a qu\u2019\u00e0 penser aux images des animaux pr\u00e9sent\u00e9s sur la monnaie canadienne, \u00e0 la popularit\u00e9 de l\u2019art animalier et aux milliards de dollars d\u00e9pens\u00e9s chaque ann\u00e9e au Canada dans le [&hellip;]<\/p>\n","protected":false},"author":1,"featured_media":133,"parent":1980,"menu_order":0,"comment_status":"closed","ping_status":"closed","template":"","meta":{"_acf_changed":false,"_relevanssi_hide_post":"","_relevanssi_hide_content":"","_relevanssi_pin_for_all":"","_relevanssi_pin_keywords":"","_relevanssi_unpin_keywords":"","_relevanssi_related_keywords":"","_relevanssi_related_include_ids":"","_relevanssi_related_exclude_ids":"","_relevanssi_related_no_append":"","_relevanssi_related_not_related":"","_relevanssi_related_posts":"","_relevanssi_noindex_reason":"","footnotes":""},"class_list":["post-1997","page","type-page","status-publish","has-post-thumbnail","hentry"],"acf":[],"yoast_head":"<!-- This site is optimized with the Yoast SEO plugin v24.0 - https:\/\/yoast.com\/wordpress\/plugins\/seo\/ -->\n<title>Profil de FFDP - Faune et Flore du Pays<\/title>\n<meta name=\"robots\" content=\"index, follow, max-snippet:-1, max-image-preview:large, max-video-preview:-1\" \/>\n<link rel=\"canonical\" href=\"https:\/\/www.hww.ca\/fr\/a-propos\/profil-de-ffdp\/\" \/>\n<meta property=\"og:locale\" content=\"fr_FR\" \/>\n<meta property=\"og:type\" content=\"article\" \/>\n<meta property=\"og:title\" content=\"Profil de FFDP - Faune et Flore du Pays\" \/>\n<meta property=\"og:description\" content=\"L\u2019identit\u00e9 canadienne a souvent \u00e9t\u00e9 d\u00e9montr\u00e9e par l\u2019affection que les Canadiens et les Canadiennes ont \u00e0 l&#8217;\u00e9gard des esp\u00e8ces sauvages et du milieu naturel. On n\u2019a qu\u2019\u00e0 penser aux images des animaux pr\u00e9sent\u00e9s sur la monnaie canadienne, \u00e0 la popularit\u00e9 de l\u2019art animalier et aux milliards de dollars d\u00e9pens\u00e9s chaque ann\u00e9e au Canada dans le [&hellip;]\" \/>\n<meta property=\"og:url\" content=\"https:\/\/www.hww.ca\/fr\/a-propos\/profil-de-ffdp\/\" \/>\n<meta property=\"og:site_name\" content=\"Faune et Flore du Pays\" \/>\n<meta property=\"article:modified_time\" content=\"2025-01-15T23:42:23+00:00\" \/>\n<meta property=\"og:image\" content=\"https:\/\/www.hww.ca\/wp-content\/uploads\/2024\/11\/icon-profile.png\" \/>\n\t<meta property=\"og:image:width\" content=\"400\" \/>\n\t<meta property=\"og:image:height\" content=\"256\" \/>\n\t<meta property=\"og:image:type\" content=\"image\/png\" \/>\n<meta name=\"twitter:card\" content=\"summary_large_image\" \/>\n<meta name=\"twitter:label1\" content=\"Est. reading time\" \/>\n\t<meta name=\"twitter:data1\" content=\"2 minutes\" \/>\n<script type=\"application\/ld+json\" class=\"yoast-schema-graph\">{\"@context\":\"https:\/\/schema.org\",\"@graph\":[{\"@type\":\"WebPage\",\"@id\":\"https:\/\/www.hww.ca\/fr\/a-propos\/profil-de-ffdp\/\",\"url\":\"https:\/\/www.hww.ca\/fr\/a-propos\/profil-de-ffdp\/\",\"name\":\"Profil de FFDP - Faune et Flore du Pays\",\"isPartOf\":{\"@id\":\"https:\/\/www.hww.ca\/fr\/#website\"},\"primaryImageOfPage\":{\"@id\":\"https:\/\/www.hww.ca\/fr\/a-propos\/profil-de-ffdp\/#primaryimage\"},\"image\":{\"@id\":\"https:\/\/www.hww.ca\/fr\/a-propos\/profil-de-ffdp\/#primaryimage\"},\"thumbnailUrl\":\"https:\/\/www.hww.ca\/wp-content\/uploads\/2024\/11\/icon-profile.png\",\"datePublished\":\"2024-11-12T06:59:22+00:00\",\"dateModified\":\"2025-01-15T23:42:23+00:00\",\"breadcrumb\":{\"@id\":\"https:\/\/www.hww.ca\/fr\/a-propos\/profil-de-ffdp\/#breadcrumb\"},\"inLanguage\":\"fr-FR\",\"potentialAction\":[{\"@type\":\"ReadAction\",\"target\":[\"https:\/\/www.hww.ca\/fr\/a-propos\/profil-de-ffdp\/\"]}]},{\"@type\":\"ImageObject\",\"inLanguage\":\"fr-FR\",\"@id\":\"https:\/\/www.hww.ca\/fr\/a-propos\/profil-de-ffdp\/#primaryimage\",\"url\":\"https:\/\/www.hww.ca\/wp-content\/uploads\/2024\/11\/icon-profile.png\",\"contentUrl\":\"https:\/\/www.hww.ca\/wp-content\/uploads\/2024\/11\/icon-profile.png\",\"width\":400,\"height\":256},{\"@type\":\"BreadcrumbList\",\"@id\":\"https:\/\/www.hww.ca\/fr\/a-propos\/profil-de-ffdp\/#breadcrumb\",\"itemListElement\":[{\"@type\":\"ListItem\",\"position\":1,\"name\":\"accueil\",\"item\":\"https:\/\/www.hww.ca\/fr\/\"},{\"@type\":\"ListItem\",\"position\":2,\"name\":\"\u00c0 propos\",\"item\":\"https:\/\/www.hww.ca\/fr\/a-propos\/\"},{\"@type\":\"ListItem\",\"position\":3,\"name\":\"Profil de FFDP\"}]},{\"@type\":\"WebSite\",\"@id\":\"https:\/\/www.hww.ca\/fr\/#website\",\"url\":\"https:\/\/www.hww.ca\/fr\/\",\"name\":\"Faune et Flore du Pays\",\"description\":\"\",\"potentialAction\":[{\"@type\":\"SearchAction\",\"target\":{\"@type\":\"EntryPoint\",\"urlTemplate\":\"https:\/\/www.hww.ca\/fr\/?s={search_term_string}\"},\"query-input\":{\"@type\":\"PropertyValueSpecification\",\"valueRequired\":true,\"valueName\":\"search_term_string\"}}],\"inLanguage\":\"fr-FR\"}]}<\/script>\n<!-- \/ Yoast SEO plugin. -->","yoast_head_json":{"title":"Profil de FFDP - Faune et Flore du Pays","robots":{"index":"index","follow":"follow","max-snippet":"max-snippet:-1","max-image-preview":"max-image-preview:large","max-video-preview":"max-video-preview:-1"},"canonical":"https:\/\/www.hww.ca\/fr\/a-propos\/profil-de-ffdp\/","og_locale":"fr_FR","og_type":"article","og_title":"Profil de FFDP - Faune et Flore du Pays","og_description":"L\u2019identit\u00e9 canadienne a souvent \u00e9t\u00e9 d\u00e9montr\u00e9e par l\u2019affection que les Canadiens et les Canadiennes ont \u00e0 l&#8217;\u00e9gard des esp\u00e8ces sauvages et du milieu naturel. On n\u2019a qu\u2019\u00e0 penser aux images des animaux pr\u00e9sent\u00e9s sur la monnaie canadienne, \u00e0 la popularit\u00e9 de l\u2019art animalier et aux milliards de dollars d\u00e9pens\u00e9s chaque ann\u00e9e au Canada dans le [&hellip;]","og_url":"https:\/\/www.hww.ca\/fr\/a-propos\/profil-de-ffdp\/","og_site_name":"Faune et Flore du Pays","article_modified_time":"2025-01-15T23:42:23+00:00","og_image":[{"width":400,"height":256,"url":"https:\/\/www.hww.ca\/wp-content\/uploads\/2024\/11\/icon-profile.png","type":"image\/png"}],"twitter_card":"summary_large_image","twitter_misc":{"Est. reading time":"2 minutes"},"schema":{"@context":"https:\/\/schema.org","@graph":[{"@type":"WebPage","@id":"https:\/\/www.hww.ca\/fr\/a-propos\/profil-de-ffdp\/","url":"https:\/\/www.hww.ca\/fr\/a-propos\/profil-de-ffdp\/","name":"Profil de FFDP - Faune et Flore du Pays","isPartOf":{"@id":"https:\/\/www.hww.ca\/fr\/#website"},"primaryImageOfPage":{"@id":"https:\/\/www.hww.ca\/fr\/a-propos\/profil-de-ffdp\/#primaryimage"},"image":{"@id":"https:\/\/www.hww.ca\/fr\/a-propos\/profil-de-ffdp\/#primaryimage"},"thumbnailUrl":"https:\/\/www.hww.ca\/wp-content\/uploads\/2024\/11\/icon-profile.png","datePublished":"2024-11-12T06:59:22+00:00","dateModified":"2025-01-15T23:42:23+00:00","breadcrumb":{"@id":"https:\/\/www.hww.ca\/fr\/a-propos\/profil-de-ffdp\/#breadcrumb"},"inLanguage":"fr-FR","potentialAction":[{"@type":"ReadAction","target":["https:\/\/www.hww.ca\/fr\/a-propos\/profil-de-ffdp\/"]}]},{"@type":"ImageObject","inLanguage":"fr-FR","@id":"https:\/\/www.hww.ca\/fr\/a-propos\/profil-de-ffdp\/#primaryimage","url":"https:\/\/www.hww.ca\/wp-content\/uploads\/2024\/11\/icon-profile.png","contentUrl":"https:\/\/www.hww.ca\/wp-content\/uploads\/2024\/11\/icon-profile.png","width":400,"height":256},{"@type":"BreadcrumbList","@id":"https:\/\/www.hww.ca\/fr\/a-propos\/profil-de-ffdp\/#breadcrumb","itemListElement":[{"@type":"ListItem","position":1,"name":"accueil","item":"https:\/\/www.hww.ca\/fr\/"},{"@type":"ListItem","position":2,"name":"\u00c0 propos","item":"https:\/\/www.hww.ca\/fr\/a-propos\/"},{"@type":"ListItem","position":3,"name":"Profil de FFDP"}]},{"@type":"WebSite","@id":"https:\/\/www.hww.ca\/fr\/#website","url":"https:\/\/www.hww.ca\/fr\/","name":"Faune et Flore du Pays","description":"","potentialAction":[{"@type":"SearchAction","target":{"@type":"EntryPoint","urlTemplate":"https:\/\/www.hww.ca\/fr\/?s={search_term_string}"},"query-input":{"@type":"PropertyValueSpecification","valueRequired":true,"valueName":"search_term_string"}}],"inLanguage":"fr-FR"}]}},"_links":{"self":[{"href":"https:\/\/www.hww.ca\/fr\/wp-json\/wp\/v2\/pages\/1997","targetHints":{"allow":["GET"]}}],"collection":[{"href":"https:\/\/www.hww.ca\/fr\/wp-json\/wp\/v2\/pages"}],"about":[{"href":"https:\/\/www.hww.ca\/fr\/wp-json\/wp\/v2\/types\/page"}],"author":[{"embeddable":true,"href":"https:\/\/www.hww.ca\/fr\/wp-json\/wp\/v2\/users\/1"}],"replies":[{"embeddable":true,"href":"https:\/\/www.hww.ca\/fr\/wp-json\/wp\/v2\/comments?post=1997"}],"version-history":[{"count":2,"href":"https:\/\/www.hww.ca\/fr\/wp-json\/wp\/v2\/pages\/1997\/revisions"}],"predecessor-version":[{"id":10650,"href":"https:\/\/www.hww.ca\/fr\/wp-json\/wp\/v2\/pages\/1997\/revisions\/10650"}],"up":[{"embeddable":true,"href":"https:\/\/www.hww.ca\/fr\/wp-json\/wp\/v2\/pages\/1980"}],"wp:featuredmedia":[{"embeddable":true,"href":"https:\/\/www.hww.ca\/fr\/wp-json\/wp\/v2\/media\/133"}],"wp:attachment":[{"href":"https:\/\/www.hww.ca\/fr\/wp-json\/wp\/v2\/media?parent=1997"}],"curies":[{"name":"wp","href":"https:\/\/api.w.org\/{rel}","templated":true}]}}