{"id":1989,"date":"2024-11-01T00:26:03","date_gmt":"2024-11-01T00:26:03","guid":{"rendered":"https:\/\/www.hww.ca\/?page_id=1989"},"modified":"2024-12-16T21:26:49","modified_gmt":"2024-12-16T21:26:49","slug":"faune-et-flore-du-pays-remercie-les-medias-2","status":"publish","type":"page","link":"https:\/\/www.hww.ca\/fr\/a-propos\/faune-et-flore-du-pays-remercie-les-medias-2\/","title":{"rendered":"Faune et flore du pays remercie les m\u00e9dias"},"content":{"rendered":"\n<p>Faune et flore du pays est reconnaissant envers les stations de t\u00e9l\u00e9visions partout au Canada qui ont mis nos vid\u00e9os \u00e0 l\u2019antenne depuis 1963. Ces stations ont jou\u00e9 un r\u00f4le important en amenant nos esp\u00e8ces sauvages \u00e9tonnantes directement dans les maisons des Canadiennes et des Canadiens! Nous aimerions remercier les stations suivantes qui nous ont aid\u00e9 \u00e0 vous connecter avec notre faune et notre flore :<\/p>\n\n\n\n<div class=\"wp-block-columns is-layout-flex wp-container-core-columns-is-layout-9d6595d7 wp-block-columns-is-layout-flex\">\n<div class=\"wp-block-column is-layout-flow wp-block-column-is-layout-flow\">\n<figure class=\"wp-block-image size-full is-resized\"><img loading=\"lazy\" decoding=\"async\" width=\"195\" height=\"208\" src=\"https:\/\/www.hww.ca\/wp-content\/uploads\/2024\/11\/aptn-logo.jpg\" alt=\"\" class=\"wp-image-1962\" style=\"width:auto;height:200px\"\/><\/figure>\n<\/div>\n\n\n\n<div class=\"wp-block-column is-layout-flow wp-block-column-is-layout-flow\"><\/div>\n\n\n\n<div class=\"wp-block-column is-layout-flow wp-block-column-is-layout-flow\">\n<figure class=\"wp-block-image size-full is-resized\"><img loading=\"lazy\" decoding=\"async\" width=\"300\" height=\"213\" src=\"https:\/\/www.hww.ca\/wp-content\/uploads\/2024\/11\/wild-network-logo.png\" alt=\"\" class=\"wp-image-1964\" style=\"width:auto;height:200px\"\/><\/figure>\n<\/div>\n<\/div>\n","protected":false},"excerpt":{"rendered":"<p>Faune et flore du pays est reconnaissant envers les stations de t\u00e9l\u00e9visions partout au Canada qui ont mis nos vid\u00e9os \u00e0 l\u2019antenne depuis 1963. Ces stations ont jou\u00e9 un r\u00f4le important en amenant nos esp\u00e8ces sauvages \u00e9tonnantes directement dans les maisons des Canadiennes et des Canadiens! Nous aimerions remercier les stations suivantes qui nous ont [&hellip;]<\/p>\n","protected":false},"author":1,"featured_media":135,"parent":1980,"menu_order":0,"comment_status":"closed","ping_status":"closed","template":"","meta":{"_acf_changed":false,"_relevanssi_hide_post":"","_relevanssi_hide_content":"","_relevanssi_pin_for_all":"","_relevanssi_pin_keywords":"","_relevanssi_unpin_keywords":"","_relevanssi_related_keywords":"","_relevanssi_related_include_ids":"","_relevanssi_related_exclude_ids":"","_relevanssi_related_no_append":"","_relevanssi_related_not_related":"","_relevanssi_related_posts":"10125,2153,2146,2144","_relevanssi_noindex_reason":"","footnotes":""},"class_list":["post-1989","page","type-page","status-publish","has-post-thumbnail","hentry"],"acf":[],"yoast_head":"<!-- This site is optimized with the Yoast SEO plugin v24.0 - https:\/\/yoast.com\/wordpress\/plugins\/seo\/ -->\n<title>Faune et flore du pays remercie les m\u00e9dias - Faune et Flore du Pays<\/title>\n<meta name=\"robots\" content=\"index, follow, max-snippet:-1, max-image-preview:large, max-video-preview:-1\" \/>\n<link rel=\"canonical\" href=\"https:\/\/www.hww.ca\/fr\/a-propos\/faune-et-flore-du-pays-remercie-les-medias-2\/\" \/>\n<meta property=\"og:locale\" content=\"fr_FR\" \/>\n<meta property=\"og:type\" content=\"article\" \/>\n<meta property=\"og:title\" content=\"Faune et flore du pays remercie les m\u00e9dias - Faune et Flore du Pays\" \/>\n<meta property=\"og:description\" content=\"Faune et flore du pays est reconnaissant envers les stations de t\u00e9l\u00e9visions partout au Canada qui ont mis nos vid\u00e9os \u00e0 l\u2019antenne depuis 1963. Ces stations ont jou\u00e9 un r\u00f4le important en amenant nos esp\u00e8ces sauvages \u00e9tonnantes directement dans les maisons des Canadiennes et des Canadiens! Nous aimerions remercier les stations suivantes qui nous ont [&hellip;]\" \/>\n<meta property=\"og:url\" content=\"https:\/\/www.hww.ca\/fr\/a-propos\/faune-et-flore-du-pays-remercie-les-medias-2\/\" \/>\n<meta property=\"og:site_name\" content=\"Faune et Flore du Pays\" \/>\n<meta property=\"article:modified_time\" content=\"2024-12-16T21:26:49+00:00\" \/>\n<meta property=\"og:image\" content=\"https:\/\/www.hww.ca\/wp-content\/uploads\/2024\/11\/tv-icon-white.png\" \/>\n\t<meta property=\"og:image:width\" content=\"400\" \/>\n\t<meta property=\"og:image:height\" content=\"256\" \/>\n\t<meta property=\"og:image:type\" content=\"image\/png\" \/>\n<meta name=\"twitter:card\" content=\"summary_large_image\" \/>\n<meta name=\"twitter:label1\" content=\"Est. reading time\" \/>\n\t<meta name=\"twitter:data1\" content=\"1 minute\" \/>\n<script type=\"application\/ld+json\" class=\"yoast-schema-graph\">{\"@context\":\"https:\/\/schema.org\",\"@graph\":[{\"@type\":\"WebPage\",\"@id\":\"https:\/\/www.hww.ca\/fr\/a-propos\/faune-et-flore-du-pays-remercie-les-medias-2\/\",\"url\":\"https:\/\/www.hww.ca\/fr\/a-propos\/faune-et-flore-du-pays-remercie-les-medias-2\/\",\"name\":\"Faune et flore du pays remercie les m\u00e9dias - Faune et Flore du Pays\",\"isPartOf\":{\"@id\":\"https:\/\/www.hww.ca\/fr\/#website\"},\"primaryImageOfPage\":{\"@id\":\"https:\/\/www.hww.ca\/fr\/a-propos\/faune-et-flore-du-pays-remercie-les-medias-2\/#primaryimage\"},\"image\":{\"@id\":\"https:\/\/www.hww.ca\/fr\/a-propos\/faune-et-flore-du-pays-remercie-les-medias-2\/#primaryimage\"},\"thumbnailUrl\":\"https:\/\/www.hww.ca\/wp-content\/uploads\/2024\/11\/tv-icon-white.png\",\"datePublished\":\"2024-11-01T00:26:03+00:00\",\"dateModified\":\"2024-12-16T21:26:49+00:00\",\"breadcrumb\":{\"@id\":\"https:\/\/www.hww.ca\/fr\/a-propos\/faune-et-flore-du-pays-remercie-les-medias-2\/#breadcrumb\"},\"inLanguage\":\"fr-FR\",\"potentialAction\":[{\"@type\":\"ReadAction\",\"target\":[\"https:\/\/www.hww.ca\/fr\/a-propos\/faune-et-flore-du-pays-remercie-les-medias-2\/\"]}]},{\"@type\":\"ImageObject\",\"inLanguage\":\"fr-FR\",\"@id\":\"https:\/\/www.hww.ca\/fr\/a-propos\/faune-et-flore-du-pays-remercie-les-medias-2\/#primaryimage\",\"url\":\"https:\/\/www.hww.ca\/wp-content\/uploads\/2024\/11\/tv-icon-white.png\",\"contentUrl\":\"https:\/\/www.hww.ca\/wp-content\/uploads\/2024\/11\/tv-icon-white.png\",\"width\":400,\"height\":256},{\"@type\":\"BreadcrumbList\",\"@id\":\"https:\/\/www.hww.ca\/fr\/a-propos\/faune-et-flore-du-pays-remercie-les-medias-2\/#breadcrumb\",\"itemListElement\":[{\"@type\":\"ListItem\",\"position\":1,\"name\":\"accueil\",\"item\":\"https:\/\/www.hww.ca\/fr\/\"},{\"@type\":\"ListItem\",\"position\":2,\"name\":\"\u00c0 propos\",\"item\":\"https:\/\/www.hww.ca\/fr\/a-propos\/\"},{\"@type\":\"ListItem\",\"position\":3,\"name\":\"Faune et flore du pays remercie les m\u00e9dias\"}]},{\"@type\":\"WebSite\",\"@id\":\"https:\/\/www.hww.ca\/fr\/#website\",\"url\":\"https:\/\/www.hww.ca\/fr\/\",\"name\":\"Faune et Flore du Pays\",\"description\":\"\",\"potentialAction\":[{\"@type\":\"SearchAction\",\"target\":{\"@type\":\"EntryPoint\",\"urlTemplate\":\"https:\/\/www.hww.ca\/fr\/?s={search_term_string}\"},\"query-input\":{\"@type\":\"PropertyValueSpecification\",\"valueRequired\":true,\"valueName\":\"search_term_string\"}}],\"inLanguage\":\"fr-FR\"}]}<\/script>\n<!-- \/ Yoast SEO plugin. -->","yoast_head_json":{"title":"Faune et flore du pays remercie les m\u00e9dias - Faune et Flore du Pays","robots":{"index":"index","follow":"follow","max-snippet":"max-snippet:-1","max-image-preview":"max-image-preview:large","max-video-preview":"max-video-preview:-1"},"canonical":"https:\/\/www.hww.ca\/fr\/a-propos\/faune-et-flore-du-pays-remercie-les-medias-2\/","og_locale":"fr_FR","og_type":"article","og_title":"Faune et flore du pays remercie les m\u00e9dias - Faune et Flore du Pays","og_description":"Faune et flore du pays est reconnaissant envers les stations de t\u00e9l\u00e9visions partout au Canada qui ont mis nos vid\u00e9os \u00e0 l\u2019antenne depuis 1963. Ces stations ont jou\u00e9 un r\u00f4le important en amenant nos esp\u00e8ces sauvages \u00e9tonnantes directement dans les maisons des Canadiennes et des Canadiens! Nous aimerions remercier les stations suivantes qui nous ont [&hellip;]","og_url":"https:\/\/www.hww.ca\/fr\/a-propos\/faune-et-flore-du-pays-remercie-les-medias-2\/","og_site_name":"Faune et Flore du Pays","article_modified_time":"2024-12-16T21:26:49+00:00","og_image":[{"width":400,"height":256,"url":"https:\/\/www.hww.ca\/wp-content\/uploads\/2024\/11\/tv-icon-white.png","type":"image\/png"}],"twitter_card":"summary_large_image","twitter_misc":{"Est. reading time":"1 minute"},"schema":{"@context":"https:\/\/schema.org","@graph":[{"@type":"WebPage","@id":"https:\/\/www.hww.ca\/fr\/a-propos\/faune-et-flore-du-pays-remercie-les-medias-2\/","url":"https:\/\/www.hww.ca\/fr\/a-propos\/faune-et-flore-du-pays-remercie-les-medias-2\/","name":"Faune et flore du pays remercie les m\u00e9dias - Faune et Flore du Pays","isPartOf":{"@id":"https:\/\/www.hww.ca\/fr\/#website"},"primaryImageOfPage":{"@id":"https:\/\/www.hww.ca\/fr\/a-propos\/faune-et-flore-du-pays-remercie-les-medias-2\/#primaryimage"},"image":{"@id":"https:\/\/www.hww.ca\/fr\/a-propos\/faune-et-flore-du-pays-remercie-les-medias-2\/#primaryimage"},"thumbnailUrl":"https:\/\/www.hww.ca\/wp-content\/uploads\/2024\/11\/tv-icon-white.png","datePublished":"2024-11-01T00:26:03+00:00","dateModified":"2024-12-16T21:26:49+00:00","breadcrumb":{"@id":"https:\/\/www.hww.ca\/fr\/a-propos\/faune-et-flore-du-pays-remercie-les-medias-2\/#breadcrumb"},"inLanguage":"fr-FR","potentialAction":[{"@type":"ReadAction","target":["https:\/\/www.hww.ca\/fr\/a-propos\/faune-et-flore-du-pays-remercie-les-medias-2\/"]}]},{"@type":"ImageObject","inLanguage":"fr-FR","@id":"https:\/\/www.hww.ca\/fr\/a-propos\/faune-et-flore-du-pays-remercie-les-medias-2\/#primaryimage","url":"https:\/\/www.hww.ca\/wp-content\/uploads\/2024\/11\/tv-icon-white.png","contentUrl":"https:\/\/www.hww.ca\/wp-content\/uploads\/2024\/11\/tv-icon-white.png","width":400,"height":256},{"@type":"BreadcrumbList","@id":"https:\/\/www.hww.ca\/fr\/a-propos\/faune-et-flore-du-pays-remercie-les-medias-2\/#breadcrumb","itemListElement":[{"@type":"ListItem","position":1,"name":"accueil","item":"https:\/\/www.hww.ca\/fr\/"},{"@type":"ListItem","position":2,"name":"\u00c0 propos","item":"https:\/\/www.hww.ca\/fr\/a-propos\/"},{"@type":"ListItem","position":3,"name":"Faune et flore du pays remercie les m\u00e9dias"}]},{"@type":"WebSite","@id":"https:\/\/www.hww.ca\/fr\/#website","url":"https:\/\/www.hww.ca\/fr\/","name":"Faune et Flore du Pays","description":"","potentialAction":[{"@type":"SearchAction","target":{"@type":"EntryPoint","urlTemplate":"https:\/\/www.hww.ca\/fr\/?s={search_term_string}"},"query-input":{"@type":"PropertyValueSpecification","valueRequired":true,"valueName":"search_term_string"}}],"inLanguage":"fr-FR"}]}},"_links":{"self":[{"href":"https:\/\/www.hww.ca\/fr\/wp-json\/wp\/v2\/pages\/1989","targetHints":{"allow":["GET"]}}],"collection":[{"href":"https:\/\/www.hww.ca\/fr\/wp-json\/wp\/v2\/pages"}],"about":[{"href":"https:\/\/www.hww.ca\/fr\/wp-json\/wp\/v2\/types\/page"}],"author":[{"embeddable":true,"href":"https:\/\/www.hww.ca\/fr\/wp-json\/wp\/v2\/users\/1"}],"replies":[{"embeddable":true,"href":"https:\/\/www.hww.ca\/fr\/wp-json\/wp\/v2\/comments?post=1989"}],"version-history":[{"count":5,"href":"https:\/\/www.hww.ca\/fr\/wp-json\/wp\/v2\/pages\/1989\/revisions"}],"predecessor-version":[{"id":10565,"href":"https:\/\/www.hww.ca\/fr\/wp-json\/wp\/v2\/pages\/1989\/revisions\/10565"}],"up":[{"embeddable":true,"href":"https:\/\/www.hww.ca\/fr\/wp-json\/wp\/v2\/pages\/1980"}],"wp:featuredmedia":[{"embeddable":true,"href":"https:\/\/www.hww.ca\/fr\/wp-json\/wp\/v2\/media\/135"}],"wp:attachment":[{"href":"https:\/\/www.hww.ca\/fr\/wp-json\/wp\/v2\/media?parent=1989"}],"curies":[{"name":"wp","href":"https:\/\/api.w.org\/{rel}","templated":true}]}}