{"id":1972,"date":"2024-11-12T00:25:04","date_gmt":"2024-11-12T00:25:04","guid":{"rendered":"https:\/\/www.hww.ca\/?page_id=1972"},"modified":"2024-12-16T21:25:31","modified_gmt":"2024-12-16T21:25:31","slug":"educateurs","status":"publish","type":"page","link":"https:\/\/www.hww.ca\/fr\/educateurs\/","title":{"rendered":"\u00c9ducateurs"},"content":{"rendered":"\n<p><strong>Bienvenue aux \u00e9ducateurs!<\/strong>\u00a0La F\u00e9d\u00e9ration canadienne de la faune, un des partenaires de Faune et flore du pays, a d\u00e9velopp\u00e9 de nombreux plans de le\u00e7on et de programmes con\u00e7us pour informer les jeunes sur d&#8217;importants concepts en conservation, tels que la biodiversit\u00e9, la durabilit\u00e9, la conservation des \u00e9cosyst\u00e8mes et le r\u00e9tablissement des esp\u00e8ces en p\u00e9ril. Par ces plans de le\u00e7on, les participants en comprendront plus sur l&#8217;impact de l&#8217;activit\u00e9 humaine sur l&#8217;environnement et d\u00e9couvriront des mani\u00e8res de conserver la faune canadienne. Que vous soyez un enseignant du primaire ou du secondaire, un \u00e9ducateur dans\u00a0un milieu non formel, ou encore que vous soyez \u00e0 la recherche d&#8217;information et de nouvelles activit\u00e9s sur la faune, vous trouverez des ressources irrempla\u00e7ables sur le site Internet de la\u00a0<a href=\"http:\/\/cwf-fcf.org\/fr\/explorer\/education\/\" target=\"_blank\" rel=\"noreferrer noopener\">FCF<\/a>!<\/p>\n\n\n\n<p><\/p>\n","protected":false},"excerpt":{"rendered":"<p>Bienvenue aux \u00e9ducateurs!\u00a0La F\u00e9d\u00e9ration canadienne de la faune, un des partenaires de Faune et flore du pays, a d\u00e9velopp\u00e9 de nombreux plans de le\u00e7on et de programmes con\u00e7us pour informer les jeunes sur d&#8217;importants concepts en conservation, tels que la biodiversit\u00e9, la durabilit\u00e9, la conservation des \u00e9cosyst\u00e8mes et le r\u00e9tablissement des esp\u00e8ces en p\u00e9ril. Par [&hellip;]<\/p>\n","protected":false},"author":1,"featured_media":0,"parent":0,"menu_order":0,"comment_status":"closed","ping_status":"closed","template":"","meta":{"_acf_changed":false,"_relevanssi_hide_post":"","_relevanssi_hide_content":"","_relevanssi_pin_for_all":"","_relevanssi_pin_keywords":"","_relevanssi_unpin_keywords":"","_relevanssi_related_keywords":"","_relevanssi_related_include_ids":"","_relevanssi_related_exclude_ids":"","_relevanssi_related_no_append":"","_relevanssi_related_not_related":"","_relevanssi_related_posts":"2153,10125,2144,2146","_relevanssi_noindex_reason":"","footnotes":""},"class_list":["post-1972","page","type-page","status-publish","hentry"],"acf":[],"yoast_head":"<!-- This site is optimized with the Yoast SEO plugin v24.0 - https:\/\/yoast.com\/wordpress\/plugins\/seo\/ -->\n<title>\u00c9ducateurs - Faune et Flore du Pays<\/title>\n<meta name=\"robots\" content=\"index, follow, max-snippet:-1, max-image-preview:large, max-video-preview:-1\" \/>\n<link rel=\"canonical\" href=\"https:\/\/www.hww.ca\/fr\/educateurs\/\" \/>\n<meta property=\"og:locale\" content=\"fr_FR\" \/>\n<meta property=\"og:type\" content=\"article\" \/>\n<meta property=\"og:title\" content=\"\u00c9ducateurs - Faune et Flore du Pays\" \/>\n<meta property=\"og:description\" content=\"Bienvenue aux \u00e9ducateurs!\u00a0La F\u00e9d\u00e9ration canadienne de la faune, un des partenaires de Faune et flore du pays, a d\u00e9velopp\u00e9 de nombreux plans de le\u00e7on et de programmes con\u00e7us pour informer les jeunes sur d&#8217;importants concepts en conservation, tels que la biodiversit\u00e9, la durabilit\u00e9, la conservation des \u00e9cosyst\u00e8mes et le r\u00e9tablissement des esp\u00e8ces en p\u00e9ril. Par [&hellip;]\" \/>\n<meta property=\"og:url\" content=\"https:\/\/www.hww.ca\/fr\/educateurs\/\" \/>\n<meta property=\"og:site_name\" content=\"Faune et Flore du Pays\" \/>\n<meta property=\"article:modified_time\" content=\"2024-12-16T21:25:31+00:00\" \/>\n<meta name=\"twitter:card\" content=\"summary_large_image\" \/>\n<meta name=\"twitter:label1\" content=\"Est. reading time\" \/>\n\t<meta name=\"twitter:data1\" content=\"1 minute\" \/>\n<script type=\"application\/ld+json\" class=\"yoast-schema-graph\">{\"@context\":\"https:\/\/schema.org\",\"@graph\":[{\"@type\":\"WebPage\",\"@id\":\"https:\/\/www.hww.ca\/fr\/educateurs\/\",\"url\":\"https:\/\/www.hww.ca\/fr\/educateurs\/\",\"name\":\"\u00c9ducateurs - Faune et Flore du Pays\",\"isPartOf\":{\"@id\":\"https:\/\/www.hww.ca\/fr\/#website\"},\"datePublished\":\"2024-11-12T00:25:04+00:00\",\"dateModified\":\"2024-12-16T21:25:31+00:00\",\"breadcrumb\":{\"@id\":\"https:\/\/www.hww.ca\/fr\/educateurs\/#breadcrumb\"},\"inLanguage\":\"fr-FR\",\"potentialAction\":[{\"@type\":\"ReadAction\",\"target\":[\"https:\/\/www.hww.ca\/fr\/educateurs\/\"]}]},{\"@type\":\"BreadcrumbList\",\"@id\":\"https:\/\/www.hww.ca\/fr\/educateurs\/#breadcrumb\",\"itemListElement\":[{\"@type\":\"ListItem\",\"position\":1,\"name\":\"accueil\",\"item\":\"https:\/\/www.hww.ca\/fr\/\"},{\"@type\":\"ListItem\",\"position\":2,\"name\":\"\u00c9ducateurs\"}]},{\"@type\":\"WebSite\",\"@id\":\"https:\/\/www.hww.ca\/fr\/#website\",\"url\":\"https:\/\/www.hww.ca\/fr\/\",\"name\":\"Faune et Flore du Pays\",\"description\":\"\",\"potentialAction\":[{\"@type\":\"SearchAction\",\"target\":{\"@type\":\"EntryPoint\",\"urlTemplate\":\"https:\/\/www.hww.ca\/fr\/?s={search_term_string}\"},\"query-input\":{\"@type\":\"PropertyValueSpecification\",\"valueRequired\":true,\"valueName\":\"search_term_string\"}}],\"inLanguage\":\"fr-FR\"}]}<\/script>\n<!-- \/ Yoast SEO plugin. -->","yoast_head_json":{"title":"\u00c9ducateurs - Faune et Flore du Pays","robots":{"index":"index","follow":"follow","max-snippet":"max-snippet:-1","max-image-preview":"max-image-preview:large","max-video-preview":"max-video-preview:-1"},"canonical":"https:\/\/www.hww.ca\/fr\/educateurs\/","og_locale":"fr_FR","og_type":"article","og_title":"\u00c9ducateurs - Faune et Flore du Pays","og_description":"Bienvenue aux \u00e9ducateurs!\u00a0La F\u00e9d\u00e9ration canadienne de la faune, un des partenaires de Faune et flore du pays, a d\u00e9velopp\u00e9 de nombreux plans de le\u00e7on et de programmes con\u00e7us pour informer les jeunes sur d&#8217;importants concepts en conservation, tels que la biodiversit\u00e9, la durabilit\u00e9, la conservation des \u00e9cosyst\u00e8mes et le r\u00e9tablissement des esp\u00e8ces en p\u00e9ril. Par [&hellip;]","og_url":"https:\/\/www.hww.ca\/fr\/educateurs\/","og_site_name":"Faune et Flore du Pays","article_modified_time":"2024-12-16T21:25:31+00:00","twitter_card":"summary_large_image","twitter_misc":{"Est. reading time":"1 minute"},"schema":{"@context":"https:\/\/schema.org","@graph":[{"@type":"WebPage","@id":"https:\/\/www.hww.ca\/fr\/educateurs\/","url":"https:\/\/www.hww.ca\/fr\/educateurs\/","name":"\u00c9ducateurs - Faune et Flore du Pays","isPartOf":{"@id":"https:\/\/www.hww.ca\/fr\/#website"},"datePublished":"2024-11-12T00:25:04+00:00","dateModified":"2024-12-16T21:25:31+00:00","breadcrumb":{"@id":"https:\/\/www.hww.ca\/fr\/educateurs\/#breadcrumb"},"inLanguage":"fr-FR","potentialAction":[{"@type":"ReadAction","target":["https:\/\/www.hww.ca\/fr\/educateurs\/"]}]},{"@type":"BreadcrumbList","@id":"https:\/\/www.hww.ca\/fr\/educateurs\/#breadcrumb","itemListElement":[{"@type":"ListItem","position":1,"name":"accueil","item":"https:\/\/www.hww.ca\/fr\/"},{"@type":"ListItem","position":2,"name":"\u00c9ducateurs"}]},{"@type":"WebSite","@id":"https:\/\/www.hww.ca\/fr\/#website","url":"https:\/\/www.hww.ca\/fr\/","name":"Faune et Flore du Pays","description":"","potentialAction":[{"@type":"SearchAction","target":{"@type":"EntryPoint","urlTemplate":"https:\/\/www.hww.ca\/fr\/?s={search_term_string}"},"query-input":{"@type":"PropertyValueSpecification","valueRequired":true,"valueName":"search_term_string"}}],"inLanguage":"fr-FR"}]}},"_links":{"self":[{"href":"https:\/\/www.hww.ca\/fr\/wp-json\/wp\/v2\/pages\/1972","targetHints":{"allow":["GET"]}}],"collection":[{"href":"https:\/\/www.hww.ca\/fr\/wp-json\/wp\/v2\/pages"}],"about":[{"href":"https:\/\/www.hww.ca\/fr\/wp-json\/wp\/v2\/types\/page"}],"author":[{"embeddable":true,"href":"https:\/\/www.hww.ca\/fr\/wp-json\/wp\/v2\/users\/1"}],"replies":[{"embeddable":true,"href":"https:\/\/www.hww.ca\/fr\/wp-json\/wp\/v2\/comments?post=1972"}],"version-history":[{"count":3,"href":"https:\/\/www.hww.ca\/fr\/wp-json\/wp\/v2\/pages\/1972\/revisions"}],"predecessor-version":[{"id":10563,"href":"https:\/\/www.hww.ca\/fr\/wp-json\/wp\/v2\/pages\/1972\/revisions\/10563"}],"wp:attachment":[{"href":"https:\/\/www.hww.ca\/fr\/wp-json\/wp\/v2\/media?parent=1972"}],"curies":[{"name":"wp","href":"https:\/\/api.w.org\/{rel}","templated":true}]}}