{"id":10726,"date":"2025-02-21T10:01:55","date_gmt":"2025-02-21T15:01:55","guid":{"rendered":"https:\/\/www.hww.ca\/?page_id=10726"},"modified":"2025-03-21T14:02:30","modified_gmt":"2025-03-21T18:02:30","slug":"naturellement-canadien-apprenez-en-plus-sur-cet-oiseau-et-telechargez-la-sonnerie-de-telephone","status":"publish","type":"page","link":"https:\/\/www.hww.ca\/fr\/a-propos\/naturellement-canadien-apprenez-en-plus-sur-cet-oiseau-et-telechargez-la-sonnerie-de-telephone\/","title":{"rendered":"Naturellement canadien: Apprenez-en plus sur cet oiseau et t\u00e9l\u00e9chargez la sonnerie de t\u00e9l\u00e9phone \u2013>"},"content":{"rendered":"\n<h1 class=\"wp-block-heading\"><\/h1>\n\n\n\n<figure class=\"wp-block-image\"><img loading=\"lazy\" decoding=\"async\" width=\"300\" height=\"169\" src=\"https:\/\/www.hww.ca\/wp-content\/uploads\/2025\/02\/hww-cnd-fr-300x169.png\" alt=\"\" class=\"wp-image-10681\" srcset=\"https:\/\/www.hww.ca\/wp-content\/uploads\/2025\/02\/hww-cnd-fr-300x169.png 300w, https:\/\/www.hww.ca\/wp-content\/uploads\/2025\/02\/hww-cnd-fr-1024x576.png 1024w, https:\/\/www.hww.ca\/wp-content\/uploads\/2025\/02\/hww-cnd-fr-768x432.png 768w, https:\/\/www.hww.ca\/wp-content\/uploads\/2025\/02\/hww-cnd-fr.png 1430w\" sizes=\"auto, (max-width: 300px) 100vw, 300px\" \/><\/figure>\n\n\n\n<p>Depuis 1963, Faune et flore du pays vous apporte les esp\u00e8ces sauvages canadiennes les plus embl\u00e9matiques directement chez vous avec sa m\u00e9lodie inoubliable et sa narration calme. Du huard \u00e0 l\u2019orignal, nous faisons partie des moments les plus nostalgiques au Canada.<\/p>\n\n\n\n<p>Vous voulez d\u00e9clarer votre amour pour nos esp\u00e8ces sauvages et notre pays? T\u00e9l\u00e9chargez notre sonnerie pour t\u00e9l\u00e9phones juste ici&nbsp;:<\/p>\n\n\n\n<div class=\"wp-block-buttons is-layout-flex wp-block-buttons-is-layout-flex\">\n<div class=\"wp-block-button\"><a class=\"wp-block-button__link wp-element-button\" href=\"https:\/\/www.hww.ca\/wp-content\/uploads\/2025\/02\/flute_mixdown.mp3\">T\u00e9l\u00e9chargez pour Android<\/a><\/div>\n\n\n\n<div class=\"wp-block-button\"><a class=\"wp-block-button__link wp-element-button\">T\u00e9l\u00e9chargez pour iOS<\/a><\/div>\n\n\n\n<div class=\"wp-block-button\"><a class=\"wp-block-button__link wp-element-button\" href=\"https:\/\/www.hww.ca\/fr\/faune\/oiseaux\/les-plongeons\/\">Les plongeons<\/a><\/div>\n<\/div>\n\n\n\n<p>Comme toujours, si vous avez un projet vid\u00e9o et que vous voulez utiliser notre musique signature, veuillez nous \u00e9crire et nous d\u00e9crire votre projet et nous pouvons vous envoyer le fichier musical! Envoyez votre mot \u00e0 info@hww.ca<\/p>\n","protected":false},"excerpt":{"rendered":"<p>Depuis 1963, Faune et flore du pays vous apporte les esp\u00e8ces sauvages canadiennes les plus embl\u00e9matiques directement chez vous avec sa m\u00e9lodie inoubliable et sa narration calme. Du huard \u00e0 l\u2019orignal, nous faisons partie des moments les plus nostalgiques au Canada. Vous voulez d\u00e9clarer votre amour pour nos esp\u00e8ces sauvages et notre pays? T\u00e9l\u00e9chargez notre [&hellip;]<\/p>\n","protected":false},"author":6,"featured_media":10664,"parent":1980,"menu_order":0,"comment_status":"closed","ping_status":"closed","template":"","meta":{"_acf_changed":false,"_relevanssi_hide_post":"","_relevanssi_hide_content":"","_relevanssi_pin_for_all":"","_relevanssi_pin_keywords":"","_relevanssi_unpin_keywords":"","_relevanssi_related_keywords":"","_relevanssi_related_include_ids":"","_relevanssi_related_exclude_ids":"","_relevanssi_related_no_append":"","_relevanssi_related_not_related":"","_relevanssi_related_posts":"2146,2153,10125,2144","_relevanssi_noindex_reason":"","footnotes":""},"class_list":["post-10726","page","type-page","status-publish","has-post-thumbnail","hentry"],"acf":[],"yoast_head":"<!-- This site is optimized with the Yoast SEO plugin v24.0 - https:\/\/yoast.com\/wordpress\/plugins\/seo\/ -->\n<title>Naturellement canadien: Apprenez-en plus sur cet oiseau et t\u00e9l\u00e9chargez la sonnerie de t\u00e9l\u00e9phone \u2013&gt; - Faune et Flore du Pays<\/title>\n<meta name=\"robots\" content=\"index, follow, max-snippet:-1, max-image-preview:large, max-video-preview:-1\" \/>\n<link rel=\"canonical\" href=\"https:\/\/www.hww.ca\/fr\/a-propos\/naturellement-canadien-apprenez-en-plus-sur-cet-oiseau-et-telechargez-la-sonnerie-de-telephone\/\" \/>\n<meta property=\"og:locale\" content=\"fr_FR\" \/>\n<meta property=\"og:type\" content=\"article\" \/>\n<meta property=\"og:title\" content=\"Naturellement canadien: Apprenez-en plus sur cet oiseau et t\u00e9l\u00e9chargez la sonnerie de t\u00e9l\u00e9phone \u2013&gt; - Faune et Flore du Pays\" \/>\n<meta property=\"og:description\" content=\"Depuis 1963, Faune et flore du pays vous apporte les esp\u00e8ces sauvages canadiennes les plus embl\u00e9matiques directement chez vous avec sa m\u00e9lodie inoubliable et sa narration calme. Du huard \u00e0 l\u2019orignal, nous faisons partie des moments les plus nostalgiques au Canada. Vous voulez d\u00e9clarer votre amour pour nos esp\u00e8ces sauvages et notre pays? T\u00e9l\u00e9chargez notre [&hellip;]\" \/>\n<meta property=\"og:url\" content=\"https:\/\/www.hww.ca\/fr\/a-propos\/naturellement-canadien-apprenez-en-plus-sur-cet-oiseau-et-telechargez-la-sonnerie-de-telephone\/\" \/>\n<meta property=\"og:site_name\" content=\"Faune et Flore du Pays\" \/>\n<meta property=\"article:modified_time\" content=\"2025-03-21T18:02:30+00:00\" \/>\n<meta property=\"og:image\" content=\"https:\/\/www.hww.ca\/wp-content\/uploads\/2025\/02\/hww-cnd-en.png\" \/>\n\t<meta property=\"og:image:width\" content=\"1430\" \/>\n\t<meta property=\"og:image:height\" content=\"804\" \/>\n\t<meta property=\"og:image:type\" content=\"image\/png\" \/>\n<meta name=\"twitter:card\" content=\"summary_large_image\" \/>\n<meta name=\"twitter:label1\" content=\"Est. reading time\" \/>\n\t<meta name=\"twitter:data1\" content=\"1 minute\" \/>\n<script type=\"application\/ld+json\" class=\"yoast-schema-graph\">{\"@context\":\"https:\/\/schema.org\",\"@graph\":[{\"@type\":\"WebPage\",\"@id\":\"https:\/\/www.hww.ca\/fr\/a-propos\/naturellement-canadien-apprenez-en-plus-sur-cet-oiseau-et-telechargez-la-sonnerie-de-telephone\/\",\"url\":\"https:\/\/www.hww.ca\/fr\/a-propos\/naturellement-canadien-apprenez-en-plus-sur-cet-oiseau-et-telechargez-la-sonnerie-de-telephone\/\",\"name\":\"Naturellement canadien: Apprenez-en plus sur cet oiseau et t\u00e9l\u00e9chargez la sonnerie de t\u00e9l\u00e9phone \u2013> - Faune et Flore du Pays\",\"isPartOf\":{\"@id\":\"https:\/\/www.hww.ca\/fr\/#website\"},\"primaryImageOfPage\":{\"@id\":\"https:\/\/www.hww.ca\/fr\/a-propos\/naturellement-canadien-apprenez-en-plus-sur-cet-oiseau-et-telechargez-la-sonnerie-de-telephone\/#primaryimage\"},\"image\":{\"@id\":\"https:\/\/www.hww.ca\/fr\/a-propos\/naturellement-canadien-apprenez-en-plus-sur-cet-oiseau-et-telechargez-la-sonnerie-de-telephone\/#primaryimage\"},\"thumbnailUrl\":\"https:\/\/www.hww.ca\/wp-content\/uploads\/2025\/02\/hww-cnd-en.png\",\"datePublished\":\"2025-02-21T15:01:55+00:00\",\"dateModified\":\"2025-03-21T18:02:30+00:00\",\"breadcrumb\":{\"@id\":\"https:\/\/www.hww.ca\/fr\/a-propos\/naturellement-canadien-apprenez-en-plus-sur-cet-oiseau-et-telechargez-la-sonnerie-de-telephone\/#breadcrumb\"},\"inLanguage\":\"fr-FR\",\"potentialAction\":[{\"@type\":\"ReadAction\",\"target\":[\"https:\/\/www.hww.ca\/fr\/a-propos\/naturellement-canadien-apprenez-en-plus-sur-cet-oiseau-et-telechargez-la-sonnerie-de-telephone\/\"]}]},{\"@type\":\"ImageObject\",\"inLanguage\":\"fr-FR\",\"@id\":\"https:\/\/www.hww.ca\/fr\/a-propos\/naturellement-canadien-apprenez-en-plus-sur-cet-oiseau-et-telechargez-la-sonnerie-de-telephone\/#primaryimage\",\"url\":\"https:\/\/www.hww.ca\/wp-content\/uploads\/2025\/02\/hww-cnd-en.png\",\"contentUrl\":\"https:\/\/www.hww.ca\/wp-content\/uploads\/2025\/02\/hww-cnd-en.png\",\"width\":1430,\"height\":804,\"caption\":\"Hinterland Who's Who has been wildly Canadian since 1963.\"},{\"@type\":\"BreadcrumbList\",\"@id\":\"https:\/\/www.hww.ca\/fr\/a-propos\/naturellement-canadien-apprenez-en-plus-sur-cet-oiseau-et-telechargez-la-sonnerie-de-telephone\/#breadcrumb\",\"itemListElement\":[{\"@type\":\"ListItem\",\"position\":1,\"name\":\"accueil\",\"item\":\"https:\/\/www.hww.ca\/fr\/\"},{\"@type\":\"ListItem\",\"position\":2,\"name\":\"Faune\",\"item\":\"https:\/\/www.hww.ca\/fr\/faune\/\"},{\"@type\":\"ListItem\",\"position\":3,\"name\":\"Les oiseaux\",\"item\":\"https:\/\/www.hww.ca\/fr\/wildlife\/birds\/\"},{\"@type\":\"ListItem\",\"position\":4,\"name\":\"Naturellement canadien: Apprenez-en plus sur cet oiseau et t\u00e9l\u00e9chargez la sonnerie de t\u00e9l\u00e9phone \u2013>\"}]},{\"@type\":\"WebSite\",\"@id\":\"https:\/\/www.hww.ca\/fr\/#website\",\"url\":\"https:\/\/www.hww.ca\/fr\/\",\"name\":\"Faune et Flore du Pays\",\"description\":\"\",\"potentialAction\":[{\"@type\":\"SearchAction\",\"target\":{\"@type\":\"EntryPoint\",\"urlTemplate\":\"https:\/\/www.hww.ca\/fr\/?s={search_term_string}\"},\"query-input\":{\"@type\":\"PropertyValueSpecification\",\"valueRequired\":true,\"valueName\":\"search_term_string\"}}],\"inLanguage\":\"fr-FR\"}]}<\/script>\n<!-- \/ Yoast SEO plugin. -->","yoast_head_json":{"title":"Naturellement canadien: Apprenez-en plus sur cet oiseau et t\u00e9l\u00e9chargez la sonnerie de t\u00e9l\u00e9phone \u2013> - Faune et Flore du Pays","robots":{"index":"index","follow":"follow","max-snippet":"max-snippet:-1","max-image-preview":"max-image-preview:large","max-video-preview":"max-video-preview:-1"},"canonical":"https:\/\/www.hww.ca\/fr\/a-propos\/naturellement-canadien-apprenez-en-plus-sur-cet-oiseau-et-telechargez-la-sonnerie-de-telephone\/","og_locale":"fr_FR","og_type":"article","og_title":"Naturellement canadien: Apprenez-en plus sur cet oiseau et t\u00e9l\u00e9chargez la sonnerie de t\u00e9l\u00e9phone \u2013> - Faune et Flore du Pays","og_description":"Depuis 1963, Faune et flore du pays vous apporte les esp\u00e8ces sauvages canadiennes les plus embl\u00e9matiques directement chez vous avec sa m\u00e9lodie inoubliable et sa narration calme. Du huard \u00e0 l\u2019orignal, nous faisons partie des moments les plus nostalgiques au Canada. Vous voulez d\u00e9clarer votre amour pour nos esp\u00e8ces sauvages et notre pays? T\u00e9l\u00e9chargez notre [&hellip;]","og_url":"https:\/\/www.hww.ca\/fr\/a-propos\/naturellement-canadien-apprenez-en-plus-sur-cet-oiseau-et-telechargez-la-sonnerie-de-telephone\/","og_site_name":"Faune et Flore du Pays","article_modified_time":"2025-03-21T18:02:30+00:00","og_image":[{"width":1430,"height":804,"url":"https:\/\/www.hww.ca\/wp-content\/uploads\/2025\/02\/hww-cnd-en.png","type":"image\/png"}],"twitter_card":"summary_large_image","twitter_misc":{"Est. reading time":"1 minute"},"schema":{"@context":"https:\/\/schema.org","@graph":[{"@type":"WebPage","@id":"https:\/\/www.hww.ca\/fr\/a-propos\/naturellement-canadien-apprenez-en-plus-sur-cet-oiseau-et-telechargez-la-sonnerie-de-telephone\/","url":"https:\/\/www.hww.ca\/fr\/a-propos\/naturellement-canadien-apprenez-en-plus-sur-cet-oiseau-et-telechargez-la-sonnerie-de-telephone\/","name":"Naturellement canadien: Apprenez-en plus sur cet oiseau et t\u00e9l\u00e9chargez la sonnerie de t\u00e9l\u00e9phone \u2013> - Faune et Flore du Pays","isPartOf":{"@id":"https:\/\/www.hww.ca\/fr\/#website"},"primaryImageOfPage":{"@id":"https:\/\/www.hww.ca\/fr\/a-propos\/naturellement-canadien-apprenez-en-plus-sur-cet-oiseau-et-telechargez-la-sonnerie-de-telephone\/#primaryimage"},"image":{"@id":"https:\/\/www.hww.ca\/fr\/a-propos\/naturellement-canadien-apprenez-en-plus-sur-cet-oiseau-et-telechargez-la-sonnerie-de-telephone\/#primaryimage"},"thumbnailUrl":"https:\/\/www.hww.ca\/wp-content\/uploads\/2025\/02\/hww-cnd-en.png","datePublished":"2025-02-21T15:01:55+00:00","dateModified":"2025-03-21T18:02:30+00:00","breadcrumb":{"@id":"https:\/\/www.hww.ca\/fr\/a-propos\/naturellement-canadien-apprenez-en-plus-sur-cet-oiseau-et-telechargez-la-sonnerie-de-telephone\/#breadcrumb"},"inLanguage":"fr-FR","potentialAction":[{"@type":"ReadAction","target":["https:\/\/www.hww.ca\/fr\/a-propos\/naturellement-canadien-apprenez-en-plus-sur-cet-oiseau-et-telechargez-la-sonnerie-de-telephone\/"]}]},{"@type":"ImageObject","inLanguage":"fr-FR","@id":"https:\/\/www.hww.ca\/fr\/a-propos\/naturellement-canadien-apprenez-en-plus-sur-cet-oiseau-et-telechargez-la-sonnerie-de-telephone\/#primaryimage","url":"https:\/\/www.hww.ca\/wp-content\/uploads\/2025\/02\/hww-cnd-en.png","contentUrl":"https:\/\/www.hww.ca\/wp-content\/uploads\/2025\/02\/hww-cnd-en.png","width":1430,"height":804,"caption":"Hinterland Who's Who has been wildly Canadian since 1963."},{"@type":"BreadcrumbList","@id":"https:\/\/www.hww.ca\/fr\/a-propos\/naturellement-canadien-apprenez-en-plus-sur-cet-oiseau-et-telechargez-la-sonnerie-de-telephone\/#breadcrumb","itemListElement":[{"@type":"ListItem","position":1,"name":"accueil","item":"https:\/\/www.hww.ca\/fr\/"},{"@type":"ListItem","position":2,"name":"Faune","item":"https:\/\/www.hww.ca\/fr\/faune\/"},{"@type":"ListItem","position":3,"name":"Les oiseaux","item":"https:\/\/www.hww.ca\/fr\/wildlife\/birds\/"},{"@type":"ListItem","position":4,"name":"Naturellement canadien: Apprenez-en plus sur cet oiseau et t\u00e9l\u00e9chargez la sonnerie de t\u00e9l\u00e9phone \u2013>"}]},{"@type":"WebSite","@id":"https:\/\/www.hww.ca\/fr\/#website","url":"https:\/\/www.hww.ca\/fr\/","name":"Faune et Flore du Pays","description":"","potentialAction":[{"@type":"SearchAction","target":{"@type":"EntryPoint","urlTemplate":"https:\/\/www.hww.ca\/fr\/?s={search_term_string}"},"query-input":{"@type":"PropertyValueSpecification","valueRequired":true,"valueName":"search_term_string"}}],"inLanguage":"fr-FR"}]}},"_links":{"self":[{"href":"https:\/\/www.hww.ca\/fr\/wp-json\/wp\/v2\/pages\/10726","targetHints":{"allow":["GET"]}}],"collection":[{"href":"https:\/\/www.hww.ca\/fr\/wp-json\/wp\/v2\/pages"}],"about":[{"href":"https:\/\/www.hww.ca\/fr\/wp-json\/wp\/v2\/types\/page"}],"author":[{"embeddable":true,"href":"https:\/\/www.hww.ca\/fr\/wp-json\/wp\/v2\/users\/6"}],"replies":[{"embeddable":true,"href":"https:\/\/www.hww.ca\/fr\/wp-json\/wp\/v2\/comments?post=10726"}],"version-history":[{"count":1,"href":"https:\/\/www.hww.ca\/fr\/wp-json\/wp\/v2\/pages\/10726\/revisions"}],"predecessor-version":[{"id":10727,"href":"https:\/\/www.hww.ca\/fr\/wp-json\/wp\/v2\/pages\/10726\/revisions\/10727"}],"up":[{"embeddable":true,"href":"https:\/\/www.hww.ca\/fr\/wp-json\/wp\/v2\/pages\/1980"}],"wp:featuredmedia":[{"embeddable":true,"href":"https:\/\/www.hww.ca\/fr\/wp-json\/wp\/v2\/media\/10664"}],"wp:attachment":[{"href":"https:\/\/www.hww.ca\/fr\/wp-json\/wp\/v2\/media?parent=10726"}],"curies":[{"name":"wp","href":"https:\/\/api.w.org\/{rel}","templated":true}]}}