{"id":10427,"date":"2024-12-06T18:35:44","date_gmt":"2024-12-06T18:35:44","guid":{"rendered":"https:\/\/www.hww.ca\/?page_id=10427"},"modified":"2024-12-16T21:32:22","modified_gmt":"2024-12-16T21:32:22","slug":"appli","status":"publish","type":"page","link":"https:\/\/www.hww.ca\/fr\/les-curieux-de-nature\/appli\/","title":{"rendered":"Appli"},"content":{"rendered":"\n<div class=\"wp-block-columns is-layout-flex wp-container-core-columns-is-layout-9d6595d7 wp-block-columns-is-layout-flex\">\n<div class=\"wp-block-column is-layout-flow wp-block-column-is-layout-flow\" style=\"flex-basis:33.33%\"><div class=\"wp-block-image\">\n<figure class=\"aligncenter size-full\"><img loading=\"lazy\" decoding=\"async\" width=\"216\" height=\"178\" src=\"https:\/\/www.hww.ca\/wp-content\/uploads\/2024\/12\/cards-fr.png\" alt=\"\" class=\"wp-image-10439\"\/><\/figure>\n<\/div><\/div>\n\n\n\n<div class=\"wp-block-column is-layout-flow wp-block-column-is-layout-flow\" style=\"flex-basis:66.66%\">\n<p>Tu aimes apprendre en t\u2019amusant? Tu es super int\u00e9ress\u00e9(e) par les esp\u00e8ces sauvages? Notre nouvelle appli est pour toi! Tu y trouveras plein de vid\u00e9os, jeux et activit\u00e9s sur la faune du Canada! Demande \u00e0 un(e) adulte de t\u2019aider \u00e0 la t\u00e9l\u00e9charger sur un t\u00e9l\u00e9phone intelligent ou une tablette! C\u2019est gratuit!<\/p>\n<\/div>\n<\/div>\n\n\n<div class=\"wp-block-image\">\n<figure class=\"aligncenter\"><a href=\"https:\/\/play.google.com\/store\/apps\/details?id=com.hwwapp\"><img decoding=\"async\" src=\"https:\/\/developer.android.com\/images\/brand\/en_generic_rgb_wo_45.png\" alt=\"Get it on Google Play\"\/><\/a><\/figure>\n<\/div>\n\n\n<p class=\"has-text-align-center has-small-font-size\">Google Play et le logo de Google Play sont des marques de commerce de Google LLC<\/p>\n\n\n\n<figure class=\"wp-block-embed aligncenter is-type-video is-provider-youtube wp-block-embed-youtube wp-embed-aspect-16-9 wp-has-aspect-ratio\"><div class=\"wp-block-embed__wrapper\">\n<iframe loading=\"lazy\" title=\"Les Curieux de nature, une appli gratuite!\" width=\"640\" height=\"360\" src=\"https:\/\/www.youtube.com\/embed\/8DpT7XeCFAo?feature=oembed\" frameborder=\"0\" allow=\"accelerometer; autoplay; clipboard-write; encrypted-media; gyroscope; picture-in-picture; web-share\" referrerpolicy=\"strict-origin-when-cross-origin\" allowfullscreen><\/iframe>\n<\/div><\/figure>\n","protected":false},"excerpt":{"rendered":"<p>Tu aimes apprendre en t\u2019amusant? Tu es super int\u00e9ress\u00e9(e) par les esp\u00e8ces sauvages? Notre nouvelle appli est pour toi! Tu y trouveras plein de vid\u00e9os, jeux et activit\u00e9s sur la faune du Canada! Demande \u00e0 un(e) adulte de t\u2019aider \u00e0 la t\u00e9l\u00e9charger sur un t\u00e9l\u00e9phone intelligent ou une tablette! C\u2019est gratuit! Google Play et le [&hellip;]<\/p>\n","protected":false},"author":1,"featured_media":0,"parent":2302,"menu_order":0,"comment_status":"closed","ping_status":"closed","template":"tmpl-wild-gang-app.php","meta":{"_acf_changed":false,"_relevanssi_hide_post":"","_relevanssi_hide_content":"","_relevanssi_pin_for_all":"","_relevanssi_pin_keywords":"","_relevanssi_unpin_keywords":"","_relevanssi_related_keywords":"","_relevanssi_related_include_ids":"","_relevanssi_related_exclude_ids":"","_relevanssi_related_no_append":"","_relevanssi_related_not_related":"","_relevanssi_related_posts":"2144,10125,2146,2153","_relevanssi_noindex_reason":"","footnotes":""},"class_list":["post-10427","page","type-page","status-publish","hentry"],"acf":[],"yoast_head":"<!-- This site is optimized with the Yoast SEO plugin v24.0 - https:\/\/yoast.com\/wordpress\/plugins\/seo\/ -->\n<title>Appli - Faune et Flore du Pays<\/title>\n<meta name=\"robots\" content=\"index, follow, max-snippet:-1, max-image-preview:large, max-video-preview:-1\" \/>\n<link rel=\"canonical\" href=\"https:\/\/www.hww.ca\/fr\/les-curieux-de-nature\/appli\/\" \/>\n<meta property=\"og:locale\" content=\"fr_FR\" \/>\n<meta property=\"og:type\" content=\"article\" \/>\n<meta property=\"og:title\" content=\"Appli - Faune et Flore du Pays\" \/>\n<meta property=\"og:description\" content=\"Tu aimes apprendre en t\u2019amusant? Tu es super int\u00e9ress\u00e9(e) par les esp\u00e8ces sauvages? Notre nouvelle appli est pour toi! Tu y trouveras plein de vid\u00e9os, jeux et activit\u00e9s sur la faune du Canada! Demande \u00e0 un(e) adulte de t\u2019aider \u00e0 la t\u00e9l\u00e9charger sur un t\u00e9l\u00e9phone intelligent ou une tablette! C\u2019est gratuit! Google Play et le [&hellip;]\" \/>\n<meta property=\"og:url\" content=\"https:\/\/www.hww.ca\/fr\/les-curieux-de-nature\/appli\/\" \/>\n<meta property=\"og:site_name\" content=\"Faune et Flore du Pays\" \/>\n<meta property=\"article:modified_time\" content=\"2024-12-16T21:32:22+00:00\" \/>\n<meta property=\"og:image\" content=\"https:\/\/www.hww.ca\/wp-content\/uploads\/2024\/12\/cards-fr.png\" \/>\n\t<meta property=\"og:image:width\" content=\"216\" \/>\n\t<meta property=\"og:image:height\" content=\"178\" \/>\n\t<meta property=\"og:image:type\" content=\"image\/png\" \/>\n<meta name=\"twitter:card\" content=\"summary_large_image\" \/>\n<meta name=\"twitter:label1\" content=\"Est. reading time\" \/>\n\t<meta name=\"twitter:data1\" content=\"1 minute\" \/>\n<script type=\"application\/ld+json\" class=\"yoast-schema-graph\">{\"@context\":\"https:\/\/schema.org\",\"@graph\":[{\"@type\":\"WebPage\",\"@id\":\"https:\/\/www.hww.ca\/fr\/les-curieux-de-nature\/appli\/\",\"url\":\"https:\/\/www.hww.ca\/fr\/les-curieux-de-nature\/appli\/\",\"name\":\"Appli - Faune et Flore du Pays\",\"isPartOf\":{\"@id\":\"https:\/\/www.hww.ca\/fr\/#website\"},\"primaryImageOfPage\":{\"@id\":\"https:\/\/www.hww.ca\/fr\/les-curieux-de-nature\/appli\/#primaryimage\"},\"image\":{\"@id\":\"https:\/\/www.hww.ca\/fr\/les-curieux-de-nature\/appli\/#primaryimage\"},\"thumbnailUrl\":\"https:\/\/www.hww.ca\/wp-content\/uploads\/2024\/12\/cards-fr.png\",\"datePublished\":\"2024-12-06T18:35:44+00:00\",\"dateModified\":\"2024-12-16T21:32:22+00:00\",\"breadcrumb\":{\"@id\":\"https:\/\/www.hww.ca\/fr\/les-curieux-de-nature\/appli\/#breadcrumb\"},\"inLanguage\":\"fr-FR\",\"potentialAction\":[{\"@type\":\"ReadAction\",\"target\":[\"https:\/\/www.hww.ca\/fr\/les-curieux-de-nature\/appli\/\"]}]},{\"@type\":\"ImageObject\",\"inLanguage\":\"fr-FR\",\"@id\":\"https:\/\/www.hww.ca\/fr\/les-curieux-de-nature\/appli\/#primaryimage\",\"url\":\"https:\/\/www.hww.ca\/wp-content\/uploads\/2024\/12\/cards-fr.png\",\"contentUrl\":\"https:\/\/www.hww.ca\/wp-content\/uploads\/2024\/12\/cards-fr.png\"},{\"@type\":\"BreadcrumbList\",\"@id\":\"https:\/\/www.hww.ca\/fr\/les-curieux-de-nature\/appli\/#breadcrumb\",\"itemListElement\":[{\"@type\":\"ListItem\",\"position\":1,\"name\":\"accueil\",\"item\":\"https:\/\/www.hww.ca\/fr\/\"},{\"@type\":\"ListItem\",\"position\":2,\"name\":\"Les curieux de nature\",\"item\":\"https:\/\/www.hww.ca\/fr\/les-curieux-de-nature\/\"},{\"@type\":\"ListItem\",\"position\":3,\"name\":\"Appli\"}]},{\"@type\":\"WebSite\",\"@id\":\"https:\/\/www.hww.ca\/fr\/#website\",\"url\":\"https:\/\/www.hww.ca\/fr\/\",\"name\":\"Faune et Flore du Pays\",\"description\":\"\",\"potentialAction\":[{\"@type\":\"SearchAction\",\"target\":{\"@type\":\"EntryPoint\",\"urlTemplate\":\"https:\/\/www.hww.ca\/fr\/?s={search_term_string}\"},\"query-input\":{\"@type\":\"PropertyValueSpecification\",\"valueRequired\":true,\"valueName\":\"search_term_string\"}}],\"inLanguage\":\"fr-FR\"}]}<\/script>\n<!-- \/ Yoast SEO plugin. -->","yoast_head_json":{"title":"Appli - Faune et Flore du Pays","robots":{"index":"index","follow":"follow","max-snippet":"max-snippet:-1","max-image-preview":"max-image-preview:large","max-video-preview":"max-video-preview:-1"},"canonical":"https:\/\/www.hww.ca\/fr\/les-curieux-de-nature\/appli\/","og_locale":"fr_FR","og_type":"article","og_title":"Appli - Faune et Flore du Pays","og_description":"Tu aimes apprendre en t\u2019amusant? Tu es super int\u00e9ress\u00e9(e) par les esp\u00e8ces sauvages? Notre nouvelle appli est pour toi! Tu y trouveras plein de vid\u00e9os, jeux et activit\u00e9s sur la faune du Canada! Demande \u00e0 un(e) adulte de t\u2019aider \u00e0 la t\u00e9l\u00e9charger sur un t\u00e9l\u00e9phone intelligent ou une tablette! C\u2019est gratuit! Google Play et le [&hellip;]","og_url":"https:\/\/www.hww.ca\/fr\/les-curieux-de-nature\/appli\/","og_site_name":"Faune et Flore du Pays","article_modified_time":"2024-12-16T21:32:22+00:00","og_image":[{"width":216,"height":178,"url":"https:\/\/www.hww.ca\/wp-content\/uploads\/2024\/12\/cards-fr.png","type":"image\/png"}],"twitter_card":"summary_large_image","twitter_misc":{"Est. reading time":"1 minute"},"schema":{"@context":"https:\/\/schema.org","@graph":[{"@type":"WebPage","@id":"https:\/\/www.hww.ca\/fr\/les-curieux-de-nature\/appli\/","url":"https:\/\/www.hww.ca\/fr\/les-curieux-de-nature\/appli\/","name":"Appli - Faune et Flore du Pays","isPartOf":{"@id":"https:\/\/www.hww.ca\/fr\/#website"},"primaryImageOfPage":{"@id":"https:\/\/www.hww.ca\/fr\/les-curieux-de-nature\/appli\/#primaryimage"},"image":{"@id":"https:\/\/www.hww.ca\/fr\/les-curieux-de-nature\/appli\/#primaryimage"},"thumbnailUrl":"https:\/\/www.hww.ca\/wp-content\/uploads\/2024\/12\/cards-fr.png","datePublished":"2024-12-06T18:35:44+00:00","dateModified":"2024-12-16T21:32:22+00:00","breadcrumb":{"@id":"https:\/\/www.hww.ca\/fr\/les-curieux-de-nature\/appli\/#breadcrumb"},"inLanguage":"fr-FR","potentialAction":[{"@type":"ReadAction","target":["https:\/\/www.hww.ca\/fr\/les-curieux-de-nature\/appli\/"]}]},{"@type":"ImageObject","inLanguage":"fr-FR","@id":"https:\/\/www.hww.ca\/fr\/les-curieux-de-nature\/appli\/#primaryimage","url":"https:\/\/www.hww.ca\/wp-content\/uploads\/2024\/12\/cards-fr.png","contentUrl":"https:\/\/www.hww.ca\/wp-content\/uploads\/2024\/12\/cards-fr.png"},{"@type":"BreadcrumbList","@id":"https:\/\/www.hww.ca\/fr\/les-curieux-de-nature\/appli\/#breadcrumb","itemListElement":[{"@type":"ListItem","position":1,"name":"accueil","item":"https:\/\/www.hww.ca\/fr\/"},{"@type":"ListItem","position":2,"name":"Les curieux de nature","item":"https:\/\/www.hww.ca\/fr\/les-curieux-de-nature\/"},{"@type":"ListItem","position":3,"name":"Appli"}]},{"@type":"WebSite","@id":"https:\/\/www.hww.ca\/fr\/#website","url":"https:\/\/www.hww.ca\/fr\/","name":"Faune et Flore du Pays","description":"","potentialAction":[{"@type":"SearchAction","target":{"@type":"EntryPoint","urlTemplate":"https:\/\/www.hww.ca\/fr\/?s={search_term_string}"},"query-input":{"@type":"PropertyValueSpecification","valueRequired":true,"valueName":"search_term_string"}}],"inLanguage":"fr-FR"}]}},"_links":{"self":[{"href":"https:\/\/www.hww.ca\/fr\/wp-json\/wp\/v2\/pages\/10427","targetHints":{"allow":["GET"]}}],"collection":[{"href":"https:\/\/www.hww.ca\/fr\/wp-json\/wp\/v2\/pages"}],"about":[{"href":"https:\/\/www.hww.ca\/fr\/wp-json\/wp\/v2\/types\/page"}],"author":[{"embeddable":true,"href":"https:\/\/www.hww.ca\/fr\/wp-json\/wp\/v2\/users\/1"}],"replies":[{"embeddable":true,"href":"https:\/\/www.hww.ca\/fr\/wp-json\/wp\/v2\/comments?post=10427"}],"version-history":[{"count":7,"href":"https:\/\/www.hww.ca\/fr\/wp-json\/wp\/v2\/pages\/10427\/revisions"}],"predecessor-version":[{"id":10574,"href":"https:\/\/www.hww.ca\/fr\/wp-json\/wp\/v2\/pages\/10427\/revisions\/10574"}],"up":[{"embeddable":true,"href":"https:\/\/www.hww.ca\/fr\/wp-json\/wp\/v2\/pages\/2302"}],"wp:attachment":[{"href":"https:\/\/www.hww.ca\/fr\/wp-json\/wp\/v2\/media?parent=10427"}],"curies":[{"name":"wp","href":"https:\/\/api.w.org\/{rel}","templated":true}]}}